{"id":1044,"date":"2015-06-02T10:43:09","date_gmt":"2015-06-02T08:43:09","guid":{"rendered":"https:\/\/www.mariotti.it\/de\/azienda\/"},"modified":"2021-10-05T11:58:37","modified_gmt":"2021-10-05T09:58:37","slug":"unternehmen","status":"publish","type":"page","link":"https:\/\/www.mariotti.it\/de\/unternehmen\/","title":{"rendered":"Unternehmen"},"content":{"rendered":"<h1>\u00dcber uns<\/h1>\n<p>Seit 1920 die Firma V. Mariotti S.r.l. entwickelt und herstellt L\u00f6sungen f\u00fcr die F\u00f6rdertechnik. Heute hat es sich spezialisiert und stellt die <strong>weltweit kleinsten, dreir\u00e4drigen Gabelstapler <\/strong>mit einer Tragf\u00e4higkeit von 400 bis 1600 kg her.<\/p>\n<p>Als Marktf\u00fchrer dieser Branche, <span id=\"result_box\" class=\"short_text\" lang=\"de\"><span class=\"hps\">es<\/span> <span class=\"hps\">ist einer der<\/span> <span class=\"hps\">Gro\u00dfunternehmen<\/span> <span class=\"hps\">auf dem Markt<\/span><\/span>, die in \u00fcber 40 L\u00e4ndern pr\u00e4sent ist und kann sich einer renommierten Kundschaft r\u00fchmen.<\/p>\n<p><b><\/b><strong>Ein qualifiziertes Expertenteam<\/strong> sorgt f\u00fcr kontinuierliche Verbesserungen die technische L\u00f6sungen und der Leistungen, um auf die zunehmenden Anfragen des Marktes zu beantworten.<\/p>\n<p><b>Forschung und Innovation <\/b>charakterisieren seit jeher das Unternehmen und machen es zu einer flexiblen Lieferant, um den Kundenanforderungen gerecht zu werden, insbesondere dann, wenn besondere F\u00f6rdertechnik-Erfordernisse bestehen. In diesen F\u00e4llen bietet Mariotti personalisierte L\u00f6sungen f\u00fcr spezielle Arbeitsumgebungen, deren Erfordernisse nicht mit Standard-Ger\u00e4te abgedeckt werden k\u00f6nnen. Unser Lieferprogramm verf\u00fcgt alternativ zu klassischen Gabelstaplern und Lagertechnik-Ger\u00e4te.<\/p>\n<p><b><\/b><strong>Um die h\u00f6chste Qualit\u00e4t zu erhalten<\/strong>, kombiniert die Produktion die modernste Technologie und Detailtreue, die nur durch den direkten Einsatz des Menschen gew\u00e4hrleistet wird.<\/p>\n<p>Die Grundfahrgestelle unserer Fahrzeuge werden ausschlie\u00dflich von uns konzipiert und vor Ort hergestellt &#8211; insbesondere Chassis, Hubmasten, Lenkung und Getriebe. Alle anderen Komponenten werden sorgf\u00e4ltig ausgew\u00e4hlt und jeder assemblierte Stapler wird getestet, um die h\u00f6chsten Anspr\u00fcche unserer Kundschaft wie Qualit\u00e4t und Zuverl\u00e4ssigkeit zu erf\u00fcllen.<\/p>\n<p>Mariotti ist ein nach <b><a href=\"https:\/\/www.mariotti.it\/wp-content\/uploads\/2018\/06\/2024-V-MARIOTTI-certificato-it-CQY.pdf\" target=\"_blank\" rel=\"noopener\">UNI EN ISO 9001<\/a>\u00a0<\/b>zertifiziertes Unternehmen f\u00fcr die Planung und Herstellung von Gabelstaplern und den Vertrieb von Ersatzteilen.<\/p>\n<h2>Unsere Geschichte<\/h2>\n<p>Eine fast hundertj\u00e4hrige Erfahrung im Einklang mit kontinuierlicher Innovation und Kundenorientiertheit haben es uns erm\u00f6glicht, ein komplettes Sortiment mit zuverl\u00e4ssigen Kompaktstaplern f\u00fcr kleine Tragf\u00e4higkeiten zu gew\u00e4hrleisten.<\/p>\n<p><ul class=\"accordion\" data-accordion role=\"tablist\"><li class=\"accordion-navigation\"><a href=\"#category0\" role=\"tab\"\n                    id=\"category0-heading\"\n                    aria-controls=\"category0\"\n                    class=\"even\">\n                    <span>+<\/span>&nbsp;1920 \u2013 1973 \/ Die Urspr\u00fcnge\n                <\/a>\n                <div id=\"category0\"\n                     class=\"row content \"\n                     role=\"tabpanel\"\n                     aria-labelledby=\"category0-heading\">\n                  Das Unternehmen wurde 1920 von Vasco Mariotti gegr\u00fcndet, der die Produktion von Transportkarre, Stapelkarre, Hubwagen, Anh\u00e4ngern und Verpackungsmaterialien f\u00fcr den italienischen Markt einleitete. 1973 wurde er vom heutigen Besitzer \u00fcbernommen, der die Konzeption derart spezialisierte, um auch bedarfsgerechte L\u00f6sungen im Bezug auf F\u00f6rdertechnik f\u00fcr einiger Kunden zu liefern.<\/div><\/li><li class=\"accordion-navigation\"><a href=\"#category1\" role=\"tab\"\n                    id=\"category1-heading\"\n                    aria-controls=\"category1\"\n                    class=\"odd\">\n                    <span>+<\/span>&nbsp;1973 &#8211; 1995 \/ Nach der Kompaktstapler\n                <\/a>\n                <div id=\"category1\"\n                     class=\"row content \"\n                     role=\"tabpanel\"\n                     aria-labelledby=\"category1-heading\">\n                  In der Zwischenzeit bereichert sich die Produktion mit Palettenhubwagen, Deichselstapler, Gegengewichtstapler mit geringer Tragf\u00e4higkeit, Frontstapler und Elektro-plattformwagen.\r\nIn der Mitte der 80er Jahre, ist das Engineering eines mehr und mehr spezifischen Reihe von Gabelstapler mit geringer Gr\u00f6\u00dfe und geringen Tragf\u00e4higkeit geboren. Im Jahr 1992 der erste Reihe abgeschlossen ist, nannte FCB, die Modelle von 600 bis 2000 kg Tragkraft enth\u00e4lt.<\/div><\/li><li class=\"accordion-navigation\"><a href=\"#category2\" role=\"tab\"\n                    id=\"category2-heading\"\n                    aria-controls=\"category2\"\n                    class=\"even\">\n                    <span>+<\/span>&nbsp;1995 \u2013 2000: Geburt der MYCROS-Reihe\n                <\/a>\n                <div id=\"category2\"\n                     class=\"row content \"\n                     role=\"tabpanel\"\n                     aria-labelledby=\"category2-heading\">\n                  In diesem Zeitraum entsteht der erste Stapler der Reihe MYCROS. Noch heute ist er das Aush\u00e4ngeschild von Mariotti und hat das FCB-Sortiment ersetzt. Der innovative Kompaktstapler von Mariotti wird auf den Markt gebracht und etabliert sich auch im Ausland: 1998 verzeichnet das Unternehmen au\u00dferhalb Italiens einen 45% Absatz.<\/div><\/li><li class=\"accordion-navigation\"><a href=\"#category3\" role=\"tab\"\n                    id=\"category3-heading\"\n                    aria-controls=\"category3\"\n                    class=\"odd\">\n                    <span>+<\/span>&nbsp;2000 \u2013 2005: Mariotti wird auf den US-Markt eingef\u00fchrt\n                <\/a>\n                <div id=\"category3\"\n                     class=\"row content \"\n                     role=\"tabpanel\"\n                     aria-labelledby=\"category3-heading\">\n                  <span id=\"result_box\" class=\"short_text\" lang=\"de\"><\/span>2000, wird der weltweit kleinste Sitz-Frontstapler vorgestellt. Der MYCROS 4 war 900 mm lang (L2). Mit diesem Produkt erobert Mariotti den amerikanischen Markt und nach einem Jahr deckt er bereits 15% des Exports ab. 2002 entsteht das Joint Venture zwischen Mariotti und einigen amerikaner Partnern mit dem Ziel, die eigene Pr\u00e4senz auf dem amerikanischen Markt zu festigen. 2004 entsteht das neue wesentliche und g\u00fcnstige Serie ME, welche die MYCROS-Reihe beitretet. 2006 vertreibt Mariotti dank besonderer Gesch\u00e4ftsvereinbarung seine Produkte nach den USA, Kanada und Mexiko.<\/div><\/li><li class=\"accordion-navigation\"><a href=\"#category4\" role=\"tab\"\n                    id=\"category4-heading\"\n                    aria-controls=\"category4\"\n                    class=\"even\">\n                    <span>+<\/span>&nbsp;2005 \u2013 2012: Einf\u00fchrung in der AC-Strom Technologie\n                <\/a>\n                <div id=\"category4\"\n                     class=\"row content \"\n                     role=\"tabpanel\"\n                     aria-labelledby=\"category4-heading\">\n                  Es waren Jahre der gro\u00dfen Design und Erneuerung-Erfolg. Nach einer dreij\u00e4hrigen technischen Forschung, entsteht die neue Reihe MYCROS AC: Hierf\u00fcr werden Wechselstrommotoren eingesetzt und f\u00fcr die erste Mal in der Welt kann der Kunde zwischen Vorderrad-, Hinterrad- oder Allradantrieb ausw\u00e4hlen (Staplers Abmessungen bleiben gleich). 2009 wird die Serie ME mit AC-Strom, einer elektronischen Hubsteuerung und einer neuen Zahnstangenlenkung ausgestattet. 2011 wird MYCROS 4-6 C (heute Mini 4-6) auf den Markt eingef\u00fchrt; es handelt sich um den weltweit kleinsten Sitz-Frontstapler.<\/div><\/li><li class=\"accordion-navigation\"><a href=\"#category5\" role=\"tab\"\n                    id=\"category5-heading\"\n                    aria-controls=\"category5\"\n                    class=\"odd\">\n                    <span>+<\/span>&nbsp;2012 bis heute: ein umfassendes Sortiment f\u00fcr den globalen Markt\n                <\/a>\n                <div id=\"category5\"\n                     class=\"row content \"\n                     role=\"tabpanel\"\n                     aria-labelledby=\"category5-heading\">\n                  Mit der Entwicklung des MX 16 Kompaktstaplers, der bei Tragf\u00e4higkeiten von bis zu 1600 Kg eingesetzt wird, wurde das Sortiment von Mariotti vervollst\u00e4ndigt und ist heute das umfassendste Sortiment f\u00fcr kleine Tragf\u00e4higkeiten, das auf dem Markt zu finden ist.\r\n\r\nWas die Entwicklung des Vertriebsnetzes von Mariotti betrifft, dehnt es sich st\u00e4ndig weiter aus und S\u00fcdamerika und Asien best\u00e4tigen sich als M\u00e4rkte mit dem h\u00f6chsten Prozentsatz.<\/div><\/li><\/ul><br \/>\n<div id=\"new-royalslider-24\" class=\"royalSlider new-royalslider-24 rsUni rsTwoAtOnce\" style=\"width:100%;height:400px;;\" data-rs-options='{&quot;template&quot;:&quot;default&quot;,&quot;image_generation&quot;:{&quot;imageWidth&quot;:&quot;&quot;,&quot;imageHeight&quot;:&quot;&quot;,&quot;thumbImageWidth&quot;:&quot;&quot;,&quot;thumbImageHeight&quot;:&quot;&quot;},&quot;thumbs&quot;:{&quot;thumbWidth&quot;:96,&quot;thumbHeight&quot;:72},&quot;fullscreen&quot;:{&quot;enabled&quot;:&quot;true&quot;},&quot;visibleNearby&quot;:{&quot;enabled&quot;:&quot;true&quot;,&quot;centerArea&quot;:0.5,&quot;center&quot;:&quot;false&quot;,&quot;breakpoint&quot;:500,&quot;breakpointCenterArea&quot;:1,&quot;navigateByCenterClick&quot;:&quot;true&quot;},&quot;video&quot;:{&quot;autoHideBlocks&quot;:&quot;true&quot;},&quot;block&quot;:{&quot;moveOffset&quot;:20,&quot;speed&quot;:400,&quot;delay&quot;:200},&quot;width&quot;:&quot;100%&quot;,&quot;height&quot;:&quot;400px&quot;,&quot;autoScaleSlider&quot;:&quot;true&quot;,&quot;autoScaleSliderWidth&quot;:2,&quot;autoScaleSliderHeight&quot;:1,&quot;slidesSpacing&quot;:0,&quot;imageScaleMode&quot;:&quot;fit&quot;,&quot;arrowsNavHideOnTouch&quot;:&quot;true&quot;,&quot;loop&quot;:&quot;true&quot;,&quot;numImagesToPreload&quot;:3,&quot;keyboardNavEnabled&quot;:&quot;true&quot;}'>\n<div class=\"rsContent\">\n  <img class=\"rsImg\" src=\"https:\/\/www.mariotti.it\/wp-content\/uploads\/2015\/10\/Mariotti-history-7.jpg\" data-rsBigImg=\"https:\/\/www.mariotti.it\/wp-content\/uploads\/2015\/10\/Mariotti-history-7.jpg\" alt=\"Mariotti-history-7\"\/>\n  \n  \n  \n<\/div>\n<div class=\"rsContent\">\n  <img class=\"rsImg\" src=\"https:\/\/www.mariotti.it\/wp-content\/uploads\/2015\/10\/Mariotti-history-4.jpg\" data-rsBigImg=\"https:\/\/www.mariotti.it\/wp-content\/uploads\/2015\/10\/Mariotti-history-4.jpg\" alt=\"Mariotti-history-4\"\/>\n  \n  \n  \n<\/div>\n<div class=\"rsContent\">\n  <img class=\"rsImg\" src=\"https:\/\/www.mariotti.it\/wp-content\/uploads\/2015\/10\/Mariotti-history-5.jpg\" data-rsBigImg=\"https:\/\/www.mariotti.it\/wp-content\/uploads\/2015\/10\/Mariotti-history-5.jpg\" alt=\"Mariotti-history-5\"\/>\n  \n  \n  \n<\/div>\n<div class=\"rsContent\">\n  <img class=\"rsImg\" src=\"https:\/\/www.mariotti.it\/wp-content\/uploads\/2015\/10\/Mariotti-history-2.jpg\" data-rsBigImg=\"https:\/\/www.mariotti.it\/wp-content\/uploads\/2015\/10\/Mariotti-history-2.jpg\" alt=\"Mariotti-history-2\"\/>\n  \n  \n  \n<\/div>\n<div class=\"rsContent\">\n  <img class=\"rsImg\" src=\"https:\/\/www.mariotti.it\/wp-content\/uploads\/2015\/10\/Mariotti-history-13.jpg\" data-rsBigImg=\"https:\/\/www.mariotti.it\/wp-content\/uploads\/2015\/10\/Mariotti-history-13.jpg\" alt=\"Mariotti-history-13\"\/>\n  \n  \n  \n<\/div>\n<div class=\"rsContent\">\n  <img class=\"rsImg\" src=\"https:\/\/www.mariotti.it\/wp-content\/uploads\/2015\/10\/Mariotti-history-12.jpg\" data-rsBigImg=\"https:\/\/www.mariotti.it\/wp-content\/uploads\/2015\/10\/Mariotti-history-12.jpg\" alt=\"Mariotti-history-12\"\/>\n  \n  \n  \n<\/div>\n<div class=\"rsContent\">\n  <img class=\"rsImg\" src=\"https:\/\/www.mariotti.it\/wp-content\/uploads\/2015\/10\/Mariotti-history-9.jpg\" data-rsBigImg=\"https:\/\/www.mariotti.it\/wp-content\/uploads\/2015\/10\/Mariotti-history-9.jpg\" alt=\"Mariotti-history-9\"\/>\n  \n  \n  \n<\/div>\n<div class=\"rsContent\">\n  <img class=\"rsImg\" src=\"https:\/\/www.mariotti.it\/wp-content\/uploads\/2015\/10\/Mariotti-history-10.jpg\" data-rsBigImg=\"https:\/\/www.mariotti.it\/wp-content\/uploads\/2015\/10\/Mariotti-history-10.jpg\" alt=\"Mariotti-history-10\"\/>\n  \n  \n  \n<\/div>\n<div class=\"rsContent\">\n  <img class=\"rsImg\" src=\"https:\/\/www.mariotti.it\/wp-content\/uploads\/2015\/10\/Mariotti-history-11.jpg\" data-rsBigImg=\"https:\/\/www.mariotti.it\/wp-content\/uploads\/2015\/10\/Mariotti-history-11.jpg\" alt=\"Mariotti-history-11\"\/>\n  \n  \n  \n<\/div>\n<div class=\"rsContent\">\n  <img class=\"rsImg\" src=\"https:\/\/www.mariotti.it\/wp-content\/uploads\/2015\/10\/Mariotti-history-14.jpg\" data-rsBigImg=\"https:\/\/www.mariotti.it\/wp-content\/uploads\/2015\/10\/Mariotti-history-14.jpg\" alt=\"Mariotti-history-14\"\/>\n  \n  \n  \n<\/div>\n<div class=\"rsContent\">\n  <img class=\"rsImg\" src=\"https:\/\/www.mariotti.it\/wp-content\/uploads\/2015\/10\/Mariotti-history-16.jpg\" data-rsBigImg=\"https:\/\/www.mariotti.it\/wp-content\/uploads\/2015\/10\/Mariotti-history-16.jpg\" alt=\"Mariotti-history-16\"\/>\n  \n  \n  \n<\/div>\n<div class=\"rsContent\">\n  <img class=\"rsImg\" src=\"https:\/\/www.mariotti.it\/wp-content\/uploads\/2015\/10\/Mariotti-history-19.jpg\" data-rsBigImg=\"https:\/\/www.mariotti.it\/wp-content\/uploads\/2015\/10\/Mariotti-history-19.jpg\" alt=\"Mariotti-history-19\"\/>\n  \n  \n  \n<\/div>\n<div class=\"rsContent\">\n  <img class=\"rsImg\" src=\"https:\/\/www.mariotti.it\/wp-content\/uploads\/2015\/10\/Mariotti-history-20.jpg\" data-rsBigImg=\"https:\/\/www.mariotti.it\/wp-content\/uploads\/2015\/10\/Mariotti-history-20.jpg\" alt=\"Mariotti-history-20\"\/>\n  \n  \n  \n<\/div>\n<div class=\"rsContent\">\n  <img class=\"rsImg\" src=\"https:\/\/www.mariotti.it\/wp-content\/uploads\/2015\/10\/Mariotti-history-21.jpg\" data-rsBigImg=\"https:\/\/www.mariotti.it\/wp-content\/uploads\/2015\/10\/Mariotti-history-21.jpg\" alt=\"Mariotti-history-21\"\/>\n  \n  \n  \n<\/div>\n<div class=\"rsContent\">\n  <img class=\"rsImg\" src=\"https:\/\/www.mariotti.it\/wp-content\/uploads\/2015\/10\/Mariotti-history-22.jpg\" data-rsBigImg=\"https:\/\/www.mariotti.it\/wp-content\/uploads\/2015\/10\/Mariotti-history-22.jpg\" alt=\"Mariotti-history-22\"\/>\n  \n  \n  \n<\/div>\n<div class=\"rsContent\">\n  <img class=\"rsImg\" src=\"https:\/\/www.mariotti.it\/wp-content\/uploads\/2015\/10\/Mariotti-history-26.jpg\" data-rsBigImg=\"https:\/\/www.mariotti.it\/wp-content\/uploads\/2015\/10\/Mariotti-history-26.jpg\" alt=\"Mariotti-history-26\"\/>\n  \n  \n  \n<\/div>\n<div class=\"rsContent\">\n  <img class=\"rsImg\" src=\"https:\/\/www.mariotti.it\/wp-content\/uploads\/2015\/10\/Mariotti-history-25.jpg\" data-rsBigImg=\"https:\/\/www.mariotti.it\/wp-content\/uploads\/2015\/10\/Mariotti-history-25.jpg\" alt=\"Mariotti-history-25\"\/>\n  \n  \n  \n<\/div>\n<div class=\"rsContent\">\n  <img class=\"rsImg\" src=\"https:\/\/www.mariotti.it\/wp-content\/uploads\/2015\/10\/Mariotti-history-27.jpg\" data-rsBigImg=\"https:\/\/www.mariotti.it\/wp-content\/uploads\/2015\/10\/Mariotti-history-27.jpg\" alt=\"Mariotti-history-27\"\/>\n  \n  \n  \n<\/div>\n<div class=\"rsContent\">\n  <img class=\"rsImg\" src=\"https:\/\/www.mariotti.it\/wp-content\/uploads\/2015\/10\/Mariotti-history-29.jpg\" data-rsBigImg=\"https:\/\/www.mariotti.it\/wp-content\/uploads\/2015\/10\/Mariotti-history-29.jpg\" alt=\"Mariotti-history-29\"\/>\n  \n  \n  \n<\/div>\n<div class=\"rsContent\">\n  <img class=\"rsImg\" src=\"https:\/\/www.mariotti.it\/wp-content\/uploads\/2015\/10\/Mariotti-history-32.jpg\" data-rsBigImg=\"https:\/\/www.mariotti.it\/wp-content\/uploads\/2015\/10\/Mariotti-history-32.jpg\" alt=\"Mariotti-history-32\"\/>\n  \n  \n  \n<\/div>\n<div class=\"rsContent\">\n  <img class=\"rsImg\" src=\"https:\/\/www.mariotti.it\/wp-content\/uploads\/2015\/10\/Mariotti-history-31.jpg\" data-rsBigImg=\"https:\/\/www.mariotti.it\/wp-content\/uploads\/2015\/10\/Mariotti-history-31.jpg\" alt=\"Mariotti-history-31\"\/>\n  \n  \n  \n<\/div>\n<div class=\"rsContent\">\n  <img class=\"rsImg\" src=\"https:\/\/www.mariotti.it\/wp-content\/uploads\/2015\/10\/Mariotti-history-38-forklift-Mycros-4.jpg\" data-rsBigImg=\"https:\/\/www.mariotti.it\/wp-content\/uploads\/2015\/10\/Mariotti-history-38-forklift-Mycros-4.jpg\" alt=\"Mariotti-history-38-forklift-Mycros-4\"\/>\n  \n  \n  \n<\/div>\n<div class=\"rsContent\">\n  <img class=\"rsImg\" src=\"https:\/\/www.mariotti.it\/wp-content\/uploads\/2015\/10\/Mariotti-history-39-forklift-Mycros-6-8C.jpg\" data-rsBigImg=\"https:\/\/www.mariotti.it\/wp-content\/uploads\/2015\/10\/Mariotti-history-39-forklift-Mycros-6-8C.jpg\" alt=\"Mariotti-history-39-forklift-Mycros-6-8C\"\/>\n  \n  \n  \n<\/div>\n<div class=\"rsContent\">\n  <img class=\"rsImg\" src=\"https:\/\/www.mariotti.it\/wp-content\/uploads\/2015\/10\/Mariotti-history-40-forklift-Mycros-8-10C-13C.jpg\" data-rsBigImg=\"https:\/\/www.mariotti.it\/wp-content\/uploads\/2015\/10\/Mariotti-history-40-forklift-Mycros-8-10C-13C.jpg\" alt=\"Mariotti-history-40-forklift-Mycros-8-10C-13C\"\/>\n  \n  \n  \n<\/div>\n<div class=\"rsContent\">\n  <img class=\"rsImg\" src=\"https:\/\/www.mariotti.it\/wp-content\/uploads\/2015\/10\/Mariotti-history-41-forklift-Mycros-10-13-15.jpg\" data-rsBigImg=\"https:\/\/www.mariotti.it\/wp-content\/uploads\/2015\/10\/Mariotti-history-41-forklift-Mycros-10-13-15.jpg\" alt=\"Mariotti-history-41-forklift-Mycros-10-13-15\"\/>\n  \n  \n  \n<\/div>\n<div class=\"rsContent\">\n  <img class=\"rsImg\" src=\"https:\/\/www.mariotti.it\/wp-content\/uploads\/2015\/10\/Mariotti-history-42-forklift-Mycros-17-20.jpg\" data-rsBigImg=\"https:\/\/www.mariotti.it\/wp-content\/uploads\/2015\/10\/Mariotti-history-42-forklift-Mycros-17-20.jpg\" alt=\"Mariotti-history-42-forklift-Mycros-17-20\"\/>\n  \n  \n  \n<\/div>\n<div class=\"rsContent\">\n  <img class=\"rsImg\" src=\"https:\/\/www.mariotti.it\/wp-content\/uploads\/2015\/10\/Mariotti-history-34.jpg\" data-rsBigImg=\"https:\/\/www.mariotti.it\/wp-content\/uploads\/2015\/10\/Mariotti-history-34.jpg\" alt=\"Mariotti-history-34\"\/>\n  \n  \n  \n<\/div>\n<div class=\"rsContent\">\n  <img class=\"rsImg\" src=\"https:\/\/www.mariotti.it\/wp-content\/uploads\/2015\/10\/Mariotti-history-35.jpg\" data-rsBigImg=\"https:\/\/www.mariotti.it\/wp-content\/uploads\/2015\/10\/Mariotti-history-35.jpg\" alt=\"Mariotti-history-35\"\/>\n  \n  \n  \n<\/div>\n<div class=\"rsContent\">\n  <img class=\"rsImg\" src=\"https:\/\/www.mariotti.it\/wp-content\/uploads\/2015\/10\/Mariotti-history-36.jpg\" data-rsBigImg=\"https:\/\/www.mariotti.it\/wp-content\/uploads\/2015\/10\/Mariotti-history-36.jpg\" alt=\"Mariotti-history-36\"\/>\n  \n  \n  \n<\/div>\n\n<\/div>\n<\/p>\n<h2>Vision und Zukunft<\/h2>\n<p>Unsere Mission besteht darin, F\u00f6rdertechnik- und Blockstapelung-Probleme in kleinen R\u00e4umen und Arbeitsumgebungen, die nicht f\u00fcr den Einsatz von Standard-Ger\u00e4te geeignet sind, zu l\u00f6sen, daf\u00fcr flie\u00dfen in unsere Flurf\u00f6rderzeuge Technologie, Pr\u00e4zision, Kompaktheit und Qualit\u00e4t ein.<\/p>\n<p>Wir stellen nicht nur Elektro-Kompaktstapler her, sondern erarbeiten L\u00f6sungen und Produkte, die an den Bed\u00fcrfnissen des Kunden orientiert sind, um diese fortw\u00e4hrend zu erf\u00fcllen. Hierf\u00fcr erh\u00f6hen wir einerseits das Leistungsangebot, die Sicherheit und den Komfort, andererseits minimieren wir Arbeitsst\u00f6rungen,\u00a0Maschinenstillst\u00e4nde und Produktionszeiten und -kosten.<\/p>\n<p>Mit dieser Philosophie werden wir unser Kompaktstapler-Reihe weiter\u00a0ausbauen und gleichzeitig einen immer effizienteren und personalisierten Kundendienst anbieten, damit bedarfsgerechte L\u00f6sungen angeboten werden k\u00f6nnen.<\/p>\n<p>Unsere Leitmotiv-Worten f\u00fcr die Zukunft:<strong>\u00a0Qualit\u00e4t, Dienstleistung, Kompaktheit, Zuverl\u00e4ssigkeit, Pr\u00e4zision, Design, Sicherheit, Vielseitigkeit.<\/strong><\/p>\n","protected":false},"excerpt":{"rendered":"<p>\u00dcber uns Seit 1920 die Firma V. Mariotti S.r.l. entwickelt und herstellt L\u00f6sungen f\u00fcr die F\u00f6rdertechnik. Heute hat es sich spezialisiert und stellt die weltweit kleinsten, dreir\u00e4drigen Gabelstapler mit einer Tragf\u00e4higkeit von 400 bis 1600 kg her. Als Marktf\u00fchrer dieser Branche, es ist einer der Gro\u00dfunternehmen auf dem Markt, die in \u00fcber 40 L\u00e4ndern pr\u00e4sent [&hellip;]<\/p>\n","protected":false},"author":1,"featured_media":0,"parent":0,"menu_order":0,"comment_status":"closed","ping_status":"closed","template":"page-sidebar-right.php","meta":[],"acf":[],"yoast_head":"<!-- This site is optimized with the Yoast SEO plugin v20.4 - https:\/\/yoast.com\/wordpress\/plugins\/seo\/ -->\n<title>Unternehmen | Mariotti<\/title>\n<meta name=\"robots\" content=\"index, follow, max-snippet:-1, max-image-preview:large, max-video-preview:-1\" \/>\n<link rel=\"canonical\" href=\"https:\/\/www.mariotti.it\/de\/unternehmen\/\" \/>\n<meta property=\"og:locale\" content=\"de_DE\" \/>\n<meta property=\"og:type\" content=\"article\" \/>\n<meta property=\"og:title\" content=\"Unternehmen | Mariotti\" \/>\n<meta property=\"og:description\" content=\"\u00dcber uns Seit 1920 die Firma V. Mariotti S.r.l. entwickelt und herstellt L\u00f6sungen f\u00fcr die F\u00f6rdertechnik. Heute hat es sich spezialisiert und stellt die weltweit kleinsten, dreir\u00e4drigen Gabelstapler mit einer Tragf\u00e4higkeit von 400 bis 1600 kg her. Als Marktf\u00fchrer dieser Branche, es ist einer der Gro\u00dfunternehmen auf dem Markt, die in \u00fcber 40 L\u00e4ndern pr\u00e4sent [&hellip;]\" \/>\n<meta property=\"og:url\" content=\"https:\/\/www.mariotti.it\/de\/unternehmen\/\" \/>\n<meta property=\"og:site_name\" content=\"Mariotti\" \/>\n<meta property=\"article:modified_time\" content=\"2021-10-05T09:58:37+00:00\" \/>\n<meta name=\"twitter:card\" content=\"summary_large_image\" \/>\n<meta name=\"twitter:label1\" content=\"Gesch\u00e4tzte Lesezeit\" \/>\n\t<meta name=\"twitter:data1\" content=\"2 Minuten\" \/>\n<script type=\"application\/ld+json\" class=\"yoast-schema-graph\">{\"@context\":\"https:\/\/schema.org\",\"@graph\":[{\"@type\":\"WebPage\",\"@id\":\"https:\/\/www.mariotti.it\/de\/unternehmen\/\",\"url\":\"https:\/\/www.mariotti.it\/de\/unternehmen\/\",\"name\":\"Unternehmen | Mariotti\",\"isPartOf\":{\"@id\":\"https:\/\/www.mariotti.it\/#website\"},\"datePublished\":\"2015-06-02T08:43:09+00:00\",\"dateModified\":\"2021-10-05T09:58:37+00:00\",\"breadcrumb\":{\"@id\":\"https:\/\/www.mariotti.it\/de\/unternehmen\/#breadcrumb\"},\"inLanguage\":\"de-DE\",\"potentialAction\":[{\"@type\":\"ReadAction\",\"target\":[\"https:\/\/www.mariotti.it\/de\/unternehmen\/\"]}]},{\"@type\":\"BreadcrumbList\",\"@id\":\"https:\/\/www.mariotti.it\/de\/unternehmen\/#breadcrumb\",\"itemListElement\":[{\"@type\":\"ListItem\",\"position\":1,\"name\":\"Home\",\"item\":\"https:\/\/www.mariotti.it\/de\/\"},{\"@type\":\"ListItem\",\"position\":2,\"name\":\"Unternehmen\"}]},{\"@type\":\"WebSite\",\"@id\":\"https:\/\/www.mariotti.it\/#website\",\"url\":\"https:\/\/www.mariotti.it\/\",\"name\":\"Mariotti\",\"description\":\"Compact Forklift Solutions\",\"potentialAction\":[{\"@type\":\"SearchAction\",\"target\":{\"@type\":\"EntryPoint\",\"urlTemplate\":\"https:\/\/www.mariotti.it\/?s={search_term_string}\"},\"query-input\":\"required name=search_term_string\"}],\"inLanguage\":\"de-DE\"}]}<\/script>\n<!-- \/ Yoast SEO plugin. -->","yoast_head_json":{"title":"Unternehmen | Mariotti","robots":{"index":"index","follow":"follow","max-snippet":"max-snippet:-1","max-image-preview":"max-image-preview:large","max-video-preview":"max-video-preview:-1"},"canonical":"https:\/\/www.mariotti.it\/de\/unternehmen\/","og_locale":"de_DE","og_type":"article","og_title":"Unternehmen | Mariotti","og_description":"\u00dcber uns Seit 1920 die Firma V. Mariotti S.r.l. entwickelt und herstellt L\u00f6sungen f\u00fcr die F\u00f6rdertechnik. Heute hat es sich spezialisiert und stellt die weltweit kleinsten, dreir\u00e4drigen Gabelstapler mit einer Tragf\u00e4higkeit von 400 bis 1600 kg her. Als Marktf\u00fchrer dieser Branche, es ist einer der Gro\u00dfunternehmen auf dem Markt, die in \u00fcber 40 L\u00e4ndern pr\u00e4sent [&hellip;]","og_url":"https:\/\/www.mariotti.it\/de\/unternehmen\/","og_site_name":"Mariotti","article_modified_time":"2021-10-05T09:58:37+00:00","twitter_card":"summary_large_image","twitter_misc":{"Gesch\u00e4tzte Lesezeit":"2 Minuten"},"schema":{"@context":"https:\/\/schema.org","@graph":[{"@type":"WebPage","@id":"https:\/\/www.mariotti.it\/de\/unternehmen\/","url":"https:\/\/www.mariotti.it\/de\/unternehmen\/","name":"Unternehmen | Mariotti","isPartOf":{"@id":"https:\/\/www.mariotti.it\/#website"},"datePublished":"2015-06-02T08:43:09+00:00","dateModified":"2021-10-05T09:58:37+00:00","breadcrumb":{"@id":"https:\/\/www.mariotti.it\/de\/unternehmen\/#breadcrumb"},"inLanguage":"de-DE","potentialAction":[{"@type":"ReadAction","target":["https:\/\/www.mariotti.it\/de\/unternehmen\/"]}]},{"@type":"BreadcrumbList","@id":"https:\/\/www.mariotti.it\/de\/unternehmen\/#breadcrumb","itemListElement":[{"@type":"ListItem","position":1,"name":"Home","item":"https:\/\/www.mariotti.it\/de\/"},{"@type":"ListItem","position":2,"name":"Unternehmen"}]},{"@type":"WebSite","@id":"https:\/\/www.mariotti.it\/#website","url":"https:\/\/www.mariotti.it\/","name":"Mariotti","description":"Compact Forklift Solutions","potentialAction":[{"@type":"SearchAction","target":{"@type":"EntryPoint","urlTemplate":"https:\/\/www.mariotti.it\/?s={search_term_string}"},"query-input":"required name=search_term_string"}],"inLanguage":"de-DE"}]}},"_links":{"self":[{"href":"https:\/\/www.mariotti.it\/de\/wp-json\/wp\/v2\/pages\/1044"}],"collection":[{"href":"https:\/\/www.mariotti.it\/de\/wp-json\/wp\/v2\/pages"}],"about":[{"href":"https:\/\/www.mariotti.it\/de\/wp-json\/wp\/v2\/types\/page"}],"author":[{"embeddable":true,"href":"https:\/\/www.mariotti.it\/de\/wp-json\/wp\/v2\/users\/1"}],"replies":[{"embeddable":true,"href":"https:\/\/www.mariotti.it\/de\/wp-json\/wp\/v2\/comments?post=1044"}],"version-history":[{"count":0,"href":"https:\/\/www.mariotti.it\/de\/wp-json\/wp\/v2\/pages\/1044\/revisions"}],"wp:attachment":[{"href":"https:\/\/www.mariotti.it\/de\/wp-json\/wp\/v2\/media?parent=1044"}],"curies":[{"name":"wp","href":"https:\/\/api.w.org\/{rel}","templated":true}]}}