{"id":1056,"date":"2015-07-23T15:58:44","date_gmt":"2015-07-23T13:58:44","guid":{"rendered":"https:\/\/www.mariotti.it\/de\/clienti\/"},"modified":"2018-06-29T12:45:57","modified_gmt":"2018-06-29T12:45:57","slug":"kunden-2","status":"publish","type":"page","link":"https:\/\/www.mariotti.it\/de\/kunden-2\/","title":{"rendered":"Kunden"},"content":{"rendered":"<h1>Unsere Kunden<\/h1>\n<p>Mariotti hat im Laufe der Jahre f\u00fcr <strong>viele namhafte Kunden F\u00f6rdertechnik-Probleme gel\u00f6st. Diese Kundschaft verlangt die h\u00f6chste Professionalit\u00e4t und Qualit\u00e4t<\/strong>, <span id=\"result_box\" class=\"short_text\" lang=\"de\"><span class=\"hps\">und dies<\/span> <span class=\"hps\">setzt sie<\/span> <span class=\"hps\">an der Spitze<\/span> <span class=\"hps\">in ihrem Branche.<\/span><\/span><br \/>\nKunden haben sich f\u00fcr Mariotti wegen der einzigartigen Eigenschaften seiner Ger\u00e4te entschieden, denn diese werden oft f\u00fcr spezielle und \u201ekundengerechte\u201c Bed\u00fcrfnisse eingesetzt, die von Standardmaschinen nicht erf\u00fcllt w\u00fcrden.<\/p>\n<h2 class=\"p1\">Einsatzbereiche<\/h2>\n<p class=\"p1\">Unsere Kompaktstaplern werden in Unternehmen und Industriebereiche benutzt, diese umfassen sowohl multinationale Konzerne als auch kleine Industrieunternehmen und umfassen eine Vielzahl von Sektoren.<\/p>\n","protected":false},"excerpt":{"rendered":"<p>Unsere Kunden Mariotti hat im Laufe der Jahre f\u00fcr viele namhafte Kunden F\u00f6rdertechnik-Probleme gel\u00f6st. Diese Kundschaft verlangt die h\u00f6chste Professionalit\u00e4t und Qualit\u00e4t, und dies setzt sie an der Spitze in ihrem Branche. Kunden haben sich f\u00fcr Mariotti wegen der einzigartigen Eigenschaften seiner Ger\u00e4te entschieden, denn diese werden oft f\u00fcr spezielle und \u201ekundengerechte\u201c Bed\u00fcrfnisse eingesetzt, die [&hellip;]<\/p>\n","protected":false},"author":2,"featured_media":0,"parent":0,"menu_order":0,"comment_status":"closed","ping_status":"closed","template":"page-clients.php","meta":[],"acf":[],"yoast_head":"<!-- This site is optimized with the Yoast SEO plugin v20.4 - https:\/\/yoast.com\/wordpress\/plugins\/seo\/ -->\n<title>Kunden | Mariotti<\/title>\n<meta name=\"robots\" content=\"index, follow, max-snippet:-1, max-image-preview:large, max-video-preview:-1\" \/>\n<link rel=\"canonical\" href=\"https:\/\/www.mariotti.it\/de\/kunden-2\/\" \/>\n<meta property=\"og:locale\" content=\"de_DE\" \/>\n<meta property=\"og:type\" content=\"article\" \/>\n<meta property=\"og:title\" content=\"Kunden | Mariotti\" \/>\n<meta property=\"og:description\" content=\"Unsere Kunden Mariotti hat im Laufe der Jahre f\u00fcr viele namhafte Kunden F\u00f6rdertechnik-Probleme gel\u00f6st. Diese Kundschaft verlangt die h\u00f6chste Professionalit\u00e4t und Qualit\u00e4t, und dies setzt sie an der Spitze in ihrem Branche. Kunden haben sich f\u00fcr Mariotti wegen der einzigartigen Eigenschaften seiner Ger\u00e4te entschieden, denn diese werden oft f\u00fcr spezielle und \u201ekundengerechte\u201c Bed\u00fcrfnisse eingesetzt, die [&hellip;]\" \/>\n<meta property=\"og:url\" content=\"https:\/\/www.mariotti.it\/de\/kunden-2\/\" \/>\n<meta property=\"og:site_name\" content=\"Mariotti\" \/>\n<meta property=\"article:modified_time\" content=\"2018-06-29T12:45:57+00:00\" \/>\n<meta name=\"twitter:card\" content=\"summary_large_image\" \/>\n<script type=\"application\/ld+json\" class=\"yoast-schema-graph\">{\"@context\":\"https:\/\/schema.org\",\"@graph\":[{\"@type\":\"WebPage\",\"@id\":\"https:\/\/www.mariotti.it\/de\/kunden-2\/\",\"url\":\"https:\/\/www.mariotti.it\/de\/kunden-2\/\",\"name\":\"Kunden | Mariotti\",\"isPartOf\":{\"@id\":\"https:\/\/www.mariotti.it\/#website\"},\"datePublished\":\"2015-07-23T13:58:44+00:00\",\"dateModified\":\"2018-06-29T12:45:57+00:00\",\"breadcrumb\":{\"@id\":\"https:\/\/www.mariotti.it\/de\/kunden-2\/#breadcrumb\"},\"inLanguage\":\"de-DE\",\"potentialAction\":[{\"@type\":\"ReadAction\",\"target\":[\"https:\/\/www.mariotti.it\/de\/kunden-2\/\"]}]},{\"@type\":\"BreadcrumbList\",\"@id\":\"https:\/\/www.mariotti.it\/de\/kunden-2\/#breadcrumb\",\"itemListElement\":[{\"@type\":\"ListItem\",\"position\":1,\"name\":\"Home\",\"item\":\"https:\/\/www.mariotti.it\/de\/\"},{\"@type\":\"ListItem\",\"position\":2,\"name\":\"Kunden\"}]},{\"@type\":\"WebSite\",\"@id\":\"https:\/\/www.mariotti.it\/#website\",\"url\":\"https:\/\/www.mariotti.it\/\",\"name\":\"Mariotti\",\"description\":\"Compact Forklift Solutions\",\"potentialAction\":[{\"@type\":\"SearchAction\",\"target\":{\"@type\":\"EntryPoint\",\"urlTemplate\":\"https:\/\/www.mariotti.it\/?s={search_term_string}\"},\"query-input\":\"required name=search_term_string\"}],\"inLanguage\":\"de-DE\"}]}<\/script>\n<!-- \/ Yoast SEO plugin. -->","yoast_head_json":{"title":"Kunden | Mariotti","robots":{"index":"index","follow":"follow","max-snippet":"max-snippet:-1","max-image-preview":"max-image-preview:large","max-video-preview":"max-video-preview:-1"},"canonical":"https:\/\/www.mariotti.it\/de\/kunden-2\/","og_locale":"de_DE","og_type":"article","og_title":"Kunden | Mariotti","og_description":"Unsere Kunden Mariotti hat im Laufe der Jahre f\u00fcr viele namhafte Kunden F\u00f6rdertechnik-Probleme gel\u00f6st. Diese Kundschaft verlangt die h\u00f6chste Professionalit\u00e4t und Qualit\u00e4t, und dies setzt sie an der Spitze in ihrem Branche. Kunden haben sich f\u00fcr Mariotti wegen der einzigartigen Eigenschaften seiner Ger\u00e4te entschieden, denn diese werden oft f\u00fcr spezielle und \u201ekundengerechte\u201c Bed\u00fcrfnisse eingesetzt, die [&hellip;]","og_url":"https:\/\/www.mariotti.it\/de\/kunden-2\/","og_site_name":"Mariotti","article_modified_time":"2018-06-29T12:45:57+00:00","twitter_card":"summary_large_image","schema":{"@context":"https:\/\/schema.org","@graph":[{"@type":"WebPage","@id":"https:\/\/www.mariotti.it\/de\/kunden-2\/","url":"https:\/\/www.mariotti.it\/de\/kunden-2\/","name":"Kunden | Mariotti","isPartOf":{"@id":"https:\/\/www.mariotti.it\/#website"},"datePublished":"2015-07-23T13:58:44+00:00","dateModified":"2018-06-29T12:45:57+00:00","breadcrumb":{"@id":"https:\/\/www.mariotti.it\/de\/kunden-2\/#breadcrumb"},"inLanguage":"de-DE","potentialAction":[{"@type":"ReadAction","target":["https:\/\/www.mariotti.it\/de\/kunden-2\/"]}]},{"@type":"BreadcrumbList","@id":"https:\/\/www.mariotti.it\/de\/kunden-2\/#breadcrumb","itemListElement":[{"@type":"ListItem","position":1,"name":"Home","item":"https:\/\/www.mariotti.it\/de\/"},{"@type":"ListItem","position":2,"name":"Kunden"}]},{"@type":"WebSite","@id":"https:\/\/www.mariotti.it\/#website","url":"https:\/\/www.mariotti.it\/","name":"Mariotti","description":"Compact Forklift Solutions","potentialAction":[{"@type":"SearchAction","target":{"@type":"EntryPoint","urlTemplate":"https:\/\/www.mariotti.it\/?s={search_term_string}"},"query-input":"required name=search_term_string"}],"inLanguage":"de-DE"}]}},"_links":{"self":[{"href":"https:\/\/www.mariotti.it\/de\/wp-json\/wp\/v2\/pages\/1056"}],"collection":[{"href":"https:\/\/www.mariotti.it\/de\/wp-json\/wp\/v2\/pages"}],"about":[{"href":"https:\/\/www.mariotti.it\/de\/wp-json\/wp\/v2\/types\/page"}],"author":[{"embeddable":true,"href":"https:\/\/www.mariotti.it\/de\/wp-json\/wp\/v2\/users\/2"}],"replies":[{"embeddable":true,"href":"https:\/\/www.mariotti.it\/de\/wp-json\/wp\/v2\/comments?post=1056"}],"version-history":[{"count":0,"href":"https:\/\/www.mariotti.it\/de\/wp-json\/wp\/v2\/pages\/1056\/revisions"}],"wp:attachment":[{"href":"https:\/\/www.mariotti.it\/de\/wp-json\/wp\/v2\/media?parent=1056"}],"curies":[{"name":"wp","href":"https:\/\/api.w.org\/{rel}","templated":true}]}}