{"id":1116,"date":"2015-07-06T16:23:53","date_gmt":"2015-07-06T14:23:53","guid":{"rendered":"https:\/\/www.mariotti.it\/de\/macchine-speciali\/"},"modified":"2017-01-03T17:46:02","modified_gmt":"2017-01-03T17:46:02","slug":"sonderbauten","status":"publish","type":"page","link":"https:\/\/www.mariotti.it\/de\/sonderbauten\/","title":{"rendered":"Sonderbauten"},"content":{"rendered":"<h1>Sonderbauten<\/h1>\n<p>Die Firma Mariotti ist seit jeher in der Entwicklung <strong>ma\u00dfgeschneiderter L\u00f6sungen\u00a0spezialisiert<\/strong>, sowohl durch die Personalisierung des eigenen Kompaktstapler-Reihe, als auch die Planung und Herstellung von Sonderger\u00e4te, um den spezifischen Lagertechnik-Anfragen seiner Kunden befriedigen.<\/p>\n<h2>Personalisierung der serienm\u00e4\u00dfig Gabelstapler<\/h2>\n<p>Ausgehend von einem Modell unseres Sortiments, k\u00f6nnen wir auf Anfrage angepasste und personalisierte Gabelstapler liefern. Die am h\u00e4ufigsten nachgefragten Ausf\u00fchrungen sind:<\/p>\n<p><ul class=\"accordion\" data-accordion role=\"tablist\"><li class=\"accordion-navigation\"><a href=\"#category0\" role=\"tab\"\n                    id=\"category0-heading\"\n                    aria-controls=\"category0\"\n                    class=\"even\">\n                    <span>+<\/span>&nbsp;Anpassung des Chassis und der Hubmast\n                <\/a>\n                <div id=\"category0\"\n                     class=\"row content \"\n                     role=\"tabpanel\"\n                     aria-labelledby=\"category0-heading\">\n                  <ul>\r\n\t<li>\u00c4nderung oder Entfernung des Schutzdaches<\/li>\r\n\t<li>\u00c4nderung der H\u00f6he und Breite des Gabeltr\u00e4gers<\/li>\r\n\t<li>Reduzierung der H\u00f6he des Hubmasts und des Schutzdaches<\/li>\r\n\t<li>Erh\u00f6hung der maximalen Hubh\u00f6he<\/li>\r\n\t<li>Verbreitung der Vorderachse zur Verbesserung der Stabilit\u00e4t und Gewichtsverteilung<\/li>\r\n\t<li>Weitere \u00c4nderungen der Ger\u00e4t-Ausf\u00fchrung, um der Stapler bedarfsgerecht anzupassen<\/li>\r\n<\/ul><\/div><\/li><li class=\"accordion-navigation\"><a href=\"#category1\" role=\"tab\"\n                    id=\"category1-heading\"\n                    aria-controls=\"category1\"\n                    class=\"odd\">\n                    <span>+<\/span>&nbsp;Sonderzubeh\u00f6r\n                <\/a>\n                <div id=\"category1\"\n                     class=\"row content \"\n                     role=\"tabpanel\"\n                     aria-labelledby=\"category1-heading\">\n                  <ul>\r\n\t<li>Ma\u00dfgeschneiderten Gabeln oder Klappbare Gabeln<\/li>\r\n\t<li>Klammern in jeder Form und Gr\u00f6\u00dfe<\/li>\r\n\t<li>Tragdorn<\/li>\r\n\t<li>Fertigung von ma\u00dfgeschneiderter Zubeh\u00f6r<\/li>\r\n<\/ul><\/div><\/li><li class=\"accordion-navigation\"><a href=\"#category2\" role=\"tab\"\n                    id=\"category2-heading\"\n                    aria-controls=\"category2\"\n                    class=\"even\">\n                    <span>+<\/span>&nbsp;Sonderausstattung\n                <\/a>\n                <div id=\"category2\"\n                     class=\"row content \"\n                     role=\"tabpanel\"\n                     aria-labelledby=\"category2-heading\">\n                  <ul>\r\n\t<li>K\u00fchlhausausstattung (-20\u00b0C)<\/li>\r\n\t<li>Explosionsschutz f\u00fcr die ATEX-Richt Anforderungen\u00a0(verschiedene Konfigurationen)<\/li>\r\n\t<li>Rostschutz und Schutz gegen salzhaltiger-Bereich (verschiedene Konfigurationen)<\/li>\r\n\t<li>Personalisierte Lackierung<\/li>\r\n<\/ul><\/div><\/li><\/ul><br \/>\n<div id=\"new-royalslider-15\" class=\"royalSlider new-royalslider-15 rsUni rsTwoAtOnce\" style=\"width:100%;height:400px;;\" data-rs-options='{&quot;template&quot;:&quot;default&quot;,&quot;image_generation&quot;:{&quot;imageWidth&quot;:&quot;&quot;,&quot;imageHeight&quot;:&quot;&quot;,&quot;thumbImageWidth&quot;:&quot;&quot;,&quot;thumbImageHeight&quot;:&quot;&quot;},&quot;thumbs&quot;:{&quot;thumbWidth&quot;:96,&quot;thumbHeight&quot;:72},&quot;fullscreen&quot;:{&quot;enabled&quot;:&quot;true&quot;},&quot;visibleNearby&quot;:{&quot;enabled&quot;:&quot;true&quot;,&quot;centerArea&quot;:0.5,&quot;center&quot;:&quot;false&quot;,&quot;breakpoint&quot;:500,&quot;breakpointCenterArea&quot;:1,&quot;navigateByCenterClick&quot;:&quot;true&quot;},&quot;video&quot;:{&quot;autoHideBlocks&quot;:&quot;true&quot;},&quot;block&quot;:{&quot;moveOffset&quot;:20,&quot;speed&quot;:400,&quot;delay&quot;:200},&quot;width&quot;:&quot;100%&quot;,&quot;height&quot;:&quot;400px&quot;,&quot;autoScaleSlider&quot;:&quot;true&quot;,&quot;autoScaleSliderWidth&quot;:2,&quot;autoScaleSliderHeight&quot;:1,&quot;slidesSpacing&quot;:0,&quot;imageScaleMode&quot;:&quot;fit&quot;,&quot;arrowsNavHideOnTouch&quot;:&quot;true&quot;,&quot;loop&quot;:&quot;true&quot;,&quot;numImagesToPreload&quot;:3,&quot;keyboardNavEnabled&quot;:&quot;true&quot;}'>\n<div class=\"rsContent\">\n  <img class=\"rsImg\" src=\"https:\/\/www.mariotti.it\/wp-content\/uploads\/2015\/10\/Mariotti-Mycros-Special-1.jpg\" data-rsBigImg=\"https:\/\/www.mariotti.it\/wp-content\/uploads\/2015\/10\/Mariotti-Mycros-Special-1.jpg\" alt=\"Mariotti-Mycros-Special-1\"\/>\n  \n  \n  \n<\/div>\n<div class=\"rsContent\">\n  <img class=\"rsImg\" src=\"https:\/\/www.mariotti.it\/wp-content\/uploads\/2015\/10\/Mariotti-Mycros-Special-4.jpg\" data-rsBigImg=\"https:\/\/www.mariotti.it\/wp-content\/uploads\/2015\/10\/Mariotti-Mycros-Special-4.jpg\" alt=\"Mariotti-Mycros-Special-4\"\/>\n  \n  \n  \n<\/div>\n<div class=\"rsContent\">\n  <img class=\"rsImg\" src=\"https:\/\/www.mariotti.it\/wp-content\/uploads\/2015\/10\/Mariotti-Mycros-Special-2.jpg\" data-rsBigImg=\"https:\/\/www.mariotti.it\/wp-content\/uploads\/2015\/10\/Mariotti-Mycros-Special-2.jpg\" alt=\"Mariotti-Mycros-Special-2\"\/>\n  \n  \n  \n<\/div>\n<div class=\"rsContent\">\n  <img class=\"rsImg\" src=\"https:\/\/www.mariotti.it\/wp-content\/uploads\/2015\/10\/Mariotti-ME-low-roof.jpg\" data-rsBigImg=\"https:\/\/www.mariotti.it\/wp-content\/uploads\/2015\/10\/Mariotti-ME-low-roof.jpg\" alt=\"Mariotti-ME-low-roof\"\/>\n  \n  \n  \n<\/div>\n<div class=\"rsContent\">\n  <img class=\"rsImg\" src=\"https:\/\/www.mariotti.it\/wp-content\/uploads\/2015\/10\/Mariotti-ME-grabber-barrel.jpg\" data-rsBigImg=\"https:\/\/www.mariotti.it\/wp-content\/uploads\/2015\/10\/Mariotti-ME-grabber-barrel.jpg\" alt=\"Mariotti-ME-grabber-barrel\"\/>\n  \n  \n  \n<\/div>\n<div class=\"rsContent\">\n  <img class=\"rsImg\" src=\"https:\/\/www.mariotti.it\/wp-content\/uploads\/2015\/08\/Mariotti_Special_4.jpg\" data-rsBigImg=\"https:\/\/www.mariotti.it\/wp-content\/uploads\/2015\/08\/Mariotti_Special_4.jpg\" alt=\"Mariotti_Special_4\"\/>\n  \n  \n  \n<\/div>\n<div class=\"rsContent\">\n  <img class=\"rsImg\" src=\"https:\/\/www.mariotti.it\/wp-content\/uploads\/2015\/08\/Mariotti_Special_3.jpg\" data-rsBigImg=\"https:\/\/www.mariotti.it\/wp-content\/uploads\/2015\/08\/Mariotti_Special_3.jpg\" alt=\"Mariotti_Special_3\"\/>\n  \n  \n  \n<\/div>\n<div class=\"rsContent\">\n  <img class=\"rsImg\" src=\"https:\/\/www.mariotti.it\/wp-content\/uploads\/2015\/08\/Mariotti_Special_5.jpg\" data-rsBigImg=\"https:\/\/www.mariotti.it\/wp-content\/uploads\/2015\/08\/Mariotti_Special_5.jpg\" alt=\"Mariotti_Special_5\"\/>\n  \n  \n  \n<\/div>\n<div class=\"rsContent\">\n  <img class=\"rsImg\" src=\"https:\/\/www.mariotti.it\/wp-content\/uploads\/2015\/10\/Mariotti-Mycros-low-roof.jpg\" data-rsBigImg=\"https:\/\/www.mariotti.it\/wp-content\/uploads\/2015\/10\/Mariotti-Mycros-low-roof.jpg\" alt=\"Mariotti-Mycros-low-roof\"\/>\n  \n  \n  \n<\/div>\n<div class=\"rsContent\">\n  <img class=\"rsImg\" src=\"https:\/\/www.mariotti.it\/wp-content\/uploads\/2015\/10\/Mariotti-Mycros-blue.jpg\" data-rsBigImg=\"https:\/\/www.mariotti.it\/wp-content\/uploads\/2015\/10\/Mariotti-Mycros-blue.jpg\" alt=\"Mariotti-Mycros-blue\"\/>\n  \n  \n  \n<\/div>\n<div class=\"rsContent\">\n  <img class=\"rsImg\" src=\"https:\/\/www.mariotti.it\/wp-content\/uploads\/2015\/10\/Mariotti-mini-grabber-special.jpg\" data-rsBigImg=\"https:\/\/www.mariotti.it\/wp-content\/uploads\/2015\/10\/Mariotti-mini-grabber-special.jpg\" alt=\"Mariotti-mini-grabber-special\"\/>\n  \n  \n  \n<\/div>\n<div class=\"rsContent\">\n  <img class=\"rsImg\" src=\"https:\/\/www.mariotti.it\/wp-content\/uploads\/2015\/10\/Mariotti-ME-position-light.jpg\" data-rsBigImg=\"https:\/\/www.mariotti.it\/wp-content\/uploads\/2015\/10\/Mariotti-ME-position-light.jpg\" alt=\"Mariotti-ME-position-light\"\/>\n  \n  \n  \n<\/div>\n<div class=\"rsContent\">\n  <img class=\"rsImg\" src=\"https:\/\/www.mariotti.it\/wp-content\/uploads\/2015\/10\/Mariotti-MX-grabber-barrel.jpg\" data-rsBigImg=\"https:\/\/www.mariotti.it\/wp-content\/uploads\/2015\/10\/Mariotti-MX-grabber-barrel.jpg\" alt=\"Mariotti-MX-grabber-barrel\"\/>\n  \n  \n  \n<\/div>\n\n<\/div>\n<\/p>\n<h2>Planung und Herstellung von Sonderger\u00e4te<\/h2>\n<p>Wenn den Anforderungen des Kunden nicht mit einem standardm\u00e4\u00dfigen Ger\u00e4t, jederzeit auf dem Markt verf\u00fcgbaren entsprochen werden kann, auch nicht durch der Anpassung eines Modells unseres Sortiments, k\u00f6nnen wir ein Sonderger\u00e4t planen und herstellen.<\/p>\n<p>Die Fertigung von Sonderger\u00e4te ist ein traditioneller Gesch\u00e4ftsbereich unseres Unternehmens, das sich nicht auf Frontstapler beschr\u00e4nkt, sondern sich auf alle Arten von Flurf\u00f6rderzeugen erstreckt: von Schlepper mit gro\u00dfer Tragf\u00e4higkeit bis zum kleinen Lagertechnik-Ger\u00e4te mit besonderer Leistungsf\u00e4higkeit.<\/p>\n<div id=\"new-royalslider-16\" class=\"royalSlider new-royalslider-16 rsUni rsTwoAtOnce\" style=\"width:100%;height:400px;;\" data-rs-options='{&quot;template&quot;:&quot;default&quot;,&quot;image_generation&quot;:{&quot;imageWidth&quot;:&quot;&quot;,&quot;imageHeight&quot;:&quot;&quot;,&quot;thumbImageWidth&quot;:&quot;&quot;,&quot;thumbImageHeight&quot;:&quot;&quot;},&quot;thumbs&quot;:{&quot;thumbWidth&quot;:96,&quot;thumbHeight&quot;:72},&quot;fullscreen&quot;:{&quot;enabled&quot;:&quot;true&quot;},&quot;visibleNearby&quot;:{&quot;enabled&quot;:&quot;true&quot;,&quot;centerArea&quot;:0.5,&quot;center&quot;:&quot;false&quot;,&quot;breakpoint&quot;:500,&quot;breakpointCenterArea&quot;:1,&quot;navigateByCenterClick&quot;:&quot;true&quot;},&quot;video&quot;:{&quot;autoHideBlocks&quot;:&quot;true&quot;},&quot;block&quot;:{&quot;moveOffset&quot;:20,&quot;speed&quot;:400,&quot;delay&quot;:200},&quot;width&quot;:&quot;100%&quot;,&quot;height&quot;:&quot;400px&quot;,&quot;autoScaleSlider&quot;:&quot;true&quot;,&quot;autoScaleSliderWidth&quot;:2,&quot;autoScaleSliderHeight&quot;:1,&quot;slidesSpacing&quot;:0,&quot;imageScaleMode&quot;:&quot;fill&quot;,&quot;arrowsNavHideOnTouch&quot;:&quot;true&quot;,&quot;loop&quot;:&quot;true&quot;,&quot;numImagesToPreload&quot;:3,&quot;keyboardNavEnabled&quot;:&quot;true&quot;}'>\n<div class=\"rsContent\">\n  <img class=\"rsImg\" src=\"https:\/\/www.mariotti.it\/wp-content\/uploads\/2015\/08\/Mariotti_Special_1.jpg\" data-rsBigImg=\"https:\/\/www.mariotti.it\/wp-content\/uploads\/2015\/08\/Mariotti_Special_1.jpg\" alt=\"Mariotti_Special_1\"\/>\n  \n  \n  \n<\/div>\n<div class=\"rsContent\">\n  <img class=\"rsImg\" src=\"https:\/\/www.mariotti.it\/wp-content\/uploads\/2015\/08\/Mariotti_Special_2.jpg\" data-rsBigImg=\"https:\/\/www.mariotti.it\/wp-content\/uploads\/2015\/08\/Mariotti_Special_2.jpg\" alt=\"Mariotti_Special_2\"\/>\n  \n  \n  \n<\/div>\n<div class=\"rsContent\">\n  <img class=\"rsImg\" src=\"https:\/\/www.mariotti.it\/wp-content\/uploads\/2015\/10\/Mariotti-Special-11.jpg\" data-rsBigImg=\"https:\/\/www.mariotti.it\/wp-content\/uploads\/2015\/10\/Mariotti-Special-11.jpg\" alt=\"Mariotti-Special-1\"\/>\n  \n  \n  \n<\/div>\n<div class=\"rsContent\">\n  <img class=\"rsImg\" src=\"https:\/\/www.mariotti.it\/wp-content\/uploads\/2015\/10\/Mariotti-Special-2.jpg\" data-rsBigImg=\"https:\/\/www.mariotti.it\/wp-content\/uploads\/2015\/10\/Mariotti-Special-2.jpg\" alt=\"Mariotti-Special-2\"\/>\n  \n  \n  \n<\/div>\n<div class=\"rsContent\">\n  <img class=\"rsImg\" src=\"https:\/\/www.mariotti.it\/wp-content\/uploads\/2015\/10\/Mariotti-special-multi.jpg\" data-rsBigImg=\"https:\/\/www.mariotti.it\/wp-content\/uploads\/2015\/10\/Mariotti-special-multi.jpg\" alt=\"Mariotti-special-multi\"\/>\n  \n  \n  \n<\/div>\n<div class=\"rsContent\">\n  <img class=\"rsImg\" src=\"https:\/\/www.mariotti.it\/wp-content\/uploads\/2015\/10\/Mariotti-Special-4.jpg\" data-rsBigImg=\"https:\/\/www.mariotti.it\/wp-content\/uploads\/2015\/10\/Mariotti-Special-4.jpg\" alt=\"Mariotti-Special-4\"\/>\n  \n  \n  \n<\/div>\n\n<\/div>\n\n<hr \/>\n<p>Wenn Sie einen besonderen Bedarf haben oder daran interessiert sind, mehr Details \u00fcber die Kompaktstapler-Anpassung oder Sonderger\u00e4te zu erhalten, die wir Ihnen bieten k\u00f6nnen, z\u00f6gern Sie nicht, mit uns Kontakt nehmen.<\/p>\n","protected":false},"excerpt":{"rendered":"<p>Sonderbauten Die Firma Mariotti ist seit jeher in der Entwicklung ma\u00dfgeschneiderter L\u00f6sungen\u00a0spezialisiert, sowohl durch die Personalisierung des eigenen Kompaktstapler-Reihe, als auch die Planung und Herstellung von Sonderger\u00e4te, um den spezifischen Lagertechnik-Anfragen seiner Kunden befriedigen. Personalisierung der serienm\u00e4\u00dfig Gabelstapler Ausgehend von einem Modell unseres Sortiments, k\u00f6nnen wir auf Anfrage angepasste und personalisierte Gabelstapler liefern. Die am [&hellip;]<\/p>\n","protected":false},"author":1,"featured_media":0,"parent":0,"menu_order":0,"comment_status":"closed","ping_status":"closed","template":"page-sidebar-right.php","meta":[],"acf":[],"yoast_head":"<!-- This site is optimized with the Yoast SEO plugin v20.4 - https:\/\/yoast.com\/wordpress\/plugins\/seo\/ -->\n<title>Sonderbauten | Mariotti<\/title>\n<meta name=\"robots\" content=\"index, follow, max-snippet:-1, max-image-preview:large, max-video-preview:-1\" \/>\n<link rel=\"canonical\" href=\"https:\/\/www.mariotti.it\/de\/sonderbauten\/\" \/>\n<meta property=\"og:locale\" content=\"de_DE\" \/>\n<meta property=\"og:type\" content=\"article\" \/>\n<meta property=\"og:title\" content=\"Sonderbauten | Mariotti\" \/>\n<meta property=\"og:description\" content=\"Sonderbauten Die Firma Mariotti ist seit jeher in der Entwicklung ma\u00dfgeschneiderter L\u00f6sungen\u00a0spezialisiert, sowohl durch die Personalisierung des eigenen Kompaktstapler-Reihe, als auch die Planung und Herstellung von Sonderger\u00e4te, um den spezifischen Lagertechnik-Anfragen seiner Kunden befriedigen. Personalisierung der serienm\u00e4\u00dfig Gabelstapler Ausgehend von einem Modell unseres Sortiments, k\u00f6nnen wir auf Anfrage angepasste und personalisierte Gabelstapler liefern. Die am [&hellip;]\" \/>\n<meta property=\"og:url\" content=\"https:\/\/www.mariotti.it\/de\/sonderbauten\/\" \/>\n<meta property=\"og:site_name\" content=\"Mariotti\" \/>\n<meta property=\"article:modified_time\" content=\"2017-01-03T17:46:02+00:00\" \/>\n<meta name=\"twitter:card\" content=\"summary_large_image\" \/>\n<meta name=\"twitter:label1\" content=\"Gesch\u00e4tzte Lesezeit\" \/>\n\t<meta name=\"twitter:data1\" content=\"1 Minute\" \/>\n<script type=\"application\/ld+json\" class=\"yoast-schema-graph\">{\"@context\":\"https:\/\/schema.org\",\"@graph\":[{\"@type\":\"WebPage\",\"@id\":\"https:\/\/www.mariotti.it\/de\/sonderbauten\/\",\"url\":\"https:\/\/www.mariotti.it\/de\/sonderbauten\/\",\"name\":\"Sonderbauten | Mariotti\",\"isPartOf\":{\"@id\":\"https:\/\/www.mariotti.it\/#website\"},\"datePublished\":\"2015-07-06T14:23:53+00:00\",\"dateModified\":\"2017-01-03T17:46:02+00:00\",\"breadcrumb\":{\"@id\":\"https:\/\/www.mariotti.it\/de\/sonderbauten\/#breadcrumb\"},\"inLanguage\":\"de-DE\",\"potentialAction\":[{\"@type\":\"ReadAction\",\"target\":[\"https:\/\/www.mariotti.it\/de\/sonderbauten\/\"]}]},{\"@type\":\"BreadcrumbList\",\"@id\":\"https:\/\/www.mariotti.it\/de\/sonderbauten\/#breadcrumb\",\"itemListElement\":[{\"@type\":\"ListItem\",\"position\":1,\"name\":\"Home\",\"item\":\"https:\/\/www.mariotti.it\/de\/\"},{\"@type\":\"ListItem\",\"position\":2,\"name\":\"Sonderbauten\"}]},{\"@type\":\"WebSite\",\"@id\":\"https:\/\/www.mariotti.it\/#website\",\"url\":\"https:\/\/www.mariotti.it\/\",\"name\":\"Mariotti\",\"description\":\"Compact Forklift Solutions\",\"potentialAction\":[{\"@type\":\"SearchAction\",\"target\":{\"@type\":\"EntryPoint\",\"urlTemplate\":\"https:\/\/www.mariotti.it\/?s={search_term_string}\"},\"query-input\":\"required name=search_term_string\"}],\"inLanguage\":\"de-DE\"}]}<\/script>\n<!-- \/ Yoast SEO plugin. -->","yoast_head_json":{"title":"Sonderbauten | Mariotti","robots":{"index":"index","follow":"follow","max-snippet":"max-snippet:-1","max-image-preview":"max-image-preview:large","max-video-preview":"max-video-preview:-1"},"canonical":"https:\/\/www.mariotti.it\/de\/sonderbauten\/","og_locale":"de_DE","og_type":"article","og_title":"Sonderbauten | Mariotti","og_description":"Sonderbauten Die Firma Mariotti ist seit jeher in der Entwicklung ma\u00dfgeschneiderter L\u00f6sungen\u00a0spezialisiert, sowohl durch die Personalisierung des eigenen Kompaktstapler-Reihe, als auch die Planung und Herstellung von Sonderger\u00e4te, um den spezifischen Lagertechnik-Anfragen seiner Kunden befriedigen. Personalisierung der serienm\u00e4\u00dfig Gabelstapler Ausgehend von einem Modell unseres Sortiments, k\u00f6nnen wir auf Anfrage angepasste und personalisierte Gabelstapler liefern. Die am [&hellip;]","og_url":"https:\/\/www.mariotti.it\/de\/sonderbauten\/","og_site_name":"Mariotti","article_modified_time":"2017-01-03T17:46:02+00:00","twitter_card":"summary_large_image","twitter_misc":{"Gesch\u00e4tzte Lesezeit":"1 Minute"},"schema":{"@context":"https:\/\/schema.org","@graph":[{"@type":"WebPage","@id":"https:\/\/www.mariotti.it\/de\/sonderbauten\/","url":"https:\/\/www.mariotti.it\/de\/sonderbauten\/","name":"Sonderbauten | Mariotti","isPartOf":{"@id":"https:\/\/www.mariotti.it\/#website"},"datePublished":"2015-07-06T14:23:53+00:00","dateModified":"2017-01-03T17:46:02+00:00","breadcrumb":{"@id":"https:\/\/www.mariotti.it\/de\/sonderbauten\/#breadcrumb"},"inLanguage":"de-DE","potentialAction":[{"@type":"ReadAction","target":["https:\/\/www.mariotti.it\/de\/sonderbauten\/"]}]},{"@type":"BreadcrumbList","@id":"https:\/\/www.mariotti.it\/de\/sonderbauten\/#breadcrumb","itemListElement":[{"@type":"ListItem","position":1,"name":"Home","item":"https:\/\/www.mariotti.it\/de\/"},{"@type":"ListItem","position":2,"name":"Sonderbauten"}]},{"@type":"WebSite","@id":"https:\/\/www.mariotti.it\/#website","url":"https:\/\/www.mariotti.it\/","name":"Mariotti","description":"Compact Forklift Solutions","potentialAction":[{"@type":"SearchAction","target":{"@type":"EntryPoint","urlTemplate":"https:\/\/www.mariotti.it\/?s={search_term_string}"},"query-input":"required name=search_term_string"}],"inLanguage":"de-DE"}]}},"_links":{"self":[{"href":"https:\/\/www.mariotti.it\/de\/wp-json\/wp\/v2\/pages\/1116"}],"collection":[{"href":"https:\/\/www.mariotti.it\/de\/wp-json\/wp\/v2\/pages"}],"about":[{"href":"https:\/\/www.mariotti.it\/de\/wp-json\/wp\/v2\/types\/page"}],"author":[{"embeddable":true,"href":"https:\/\/www.mariotti.it\/de\/wp-json\/wp\/v2\/users\/1"}],"replies":[{"embeddable":true,"href":"https:\/\/www.mariotti.it\/de\/wp-json\/wp\/v2\/comments?post=1116"}],"version-history":[{"count":0,"href":"https:\/\/www.mariotti.it\/de\/wp-json\/wp\/v2\/pages\/1116\/revisions"}],"wp:attachment":[{"href":"https:\/\/www.mariotti.it\/de\/wp-json\/wp\/v2\/media?parent=1116"}],"curies":[{"name":"wp","href":"https:\/\/api.w.org\/{rel}","templated":true}]}}