{"id":1143,"date":"2015-07-06T14:00:00","date_gmt":"2015-07-06T12:00:00","guid":{"rendered":"https:\/\/www.mariotti.it\/de\/la-gamma-prodotti\/"},"modified":"2022-05-30T12:17:34","modified_gmt":"2022-05-30T10:17:34","slug":"serienmaessige-baureihen-2","status":"publish","type":"page","link":"https:\/\/www.mariotti.it\/de\/serienmaessige-baureihen-2\/","title":{"rendered":"Produkte"},"content":{"rendered":"<h1>UNSERE GER\u00c4TEAUSWAHL<\/h1>\n<p>Die Palette an dreir\u00e4drigen Mariotti Elektro-Gegengewichtsstapler ist die weltweit robusteste und umfassendste Serie f\u00fcr geringe Tragf\u00e4higkeiten von 400 bis 1600 kg. Dessen St\u00e4rke liegt in den geringen Abmessungen, die den Betrieb auch in begrenzten Bereichen erlauben, wo f\u00fcr gew\u00f6hnlich kein Gabelstapler eingesetzt werden kann.<\/p>\n<p>Sie wurden f\u00fcr Benutzungen mit starken Beanspruchungen hergestellt. Hierf\u00fcr wurde die modernste Technologie, hochwertige Materialien und die Arbeit von Fachkr\u00e4ften eingesetzt. die Staplern von Mariotti werden Ihnen f\u00fcr Be- und Entladung, Handling und Stapelung, als auch f\u00fcr Transport in Produktionsbereichen, Innen- und Au\u00dfenbereichen zur Seite stehen.<\/p>\n<p>Kompaktheit, Vielseitigkeit und Leistung werden Sie \u00fcberraschen und jeder Ihrer Anforderungen erf\u00fcllen.<br \/>\nSicherheit f\u00fcr Fahrer und Last, Geschwindigkeit und Arbeitskomfort, reduzierte Wartungsarbeiten und Energiekonsum werden sich auf Effizienz, Produktivit\u00e4t und Zeit- und Geldersparnis auswirken.<\/p>\n<p><a href=\"https:\/\/www.mariotti.it\/de\/kontakte\/\">Kontaktieren<\/a> Sie uns f\u00fcr weitere Informationen.<\/p>\n","protected":false},"excerpt":{"rendered":"<p>UNSERE GER\u00c4TEAUSWAHL Die Palette an dreir\u00e4drigen Mariotti Elektro-Gegengewichtsstapler ist die weltweit robusteste und umfassendste Serie f\u00fcr geringe Tragf\u00e4higkeiten von 400 bis 1600 kg. Dessen St\u00e4rke liegt in den geringen Abmessungen, die den Betrieb auch in begrenzten Bereichen erlauben, wo f\u00fcr gew\u00f6hnlich kein Gabelstapler eingesetzt werden kann. Sie wurden f\u00fcr Benutzungen mit starken Beanspruchungen hergestellt. Hierf\u00fcr [&hellip;]<\/p>\n","protected":false},"author":1,"featured_media":0,"parent":0,"menu_order":0,"comment_status":"closed","ping_status":"closed","template":"products-page.php","meta":[],"acf":[],"yoast_head":"<!-- This site is optimized with the Yoast SEO plugin v20.4 - https:\/\/yoast.com\/wordpress\/plugins\/seo\/ -->\n<title>Produkte | Mariotti<\/title>\n<meta name=\"robots\" content=\"index, follow, max-snippet:-1, max-image-preview:large, max-video-preview:-1\" \/>\n<link rel=\"canonical\" href=\"https:\/\/www.mariotti.it\/de\/serienmaessige-baureihen-2\/\" \/>\n<meta property=\"og:locale\" content=\"de_DE\" \/>\n<meta property=\"og:type\" content=\"article\" \/>\n<meta property=\"og:title\" content=\"Produkte | Mariotti\" \/>\n<meta property=\"og:description\" content=\"UNSERE GER\u00c4TEAUSWAHL Die Palette an dreir\u00e4drigen Mariotti Elektro-Gegengewichtsstapler ist die weltweit robusteste und umfassendste Serie f\u00fcr geringe Tragf\u00e4higkeiten von 400 bis 1600 kg. Dessen St\u00e4rke liegt in den geringen Abmessungen, die den Betrieb auch in begrenzten Bereichen erlauben, wo f\u00fcr gew\u00f6hnlich kein Gabelstapler eingesetzt werden kann. Sie wurden f\u00fcr Benutzungen mit starken Beanspruchungen hergestellt. Hierf\u00fcr [&hellip;]\" \/>\n<meta property=\"og:url\" content=\"https:\/\/www.mariotti.it\/de\/serienmaessige-baureihen-2\/\" \/>\n<meta property=\"og:site_name\" content=\"Mariotti\" \/>\n<meta property=\"article:modified_time\" content=\"2022-05-30T10:17:34+00:00\" \/>\n<meta name=\"twitter:card\" content=\"summary_large_image\" \/>\n<meta name=\"twitter:label1\" content=\"Gesch\u00e4tzte Lesezeit\" \/>\n\t<meta name=\"twitter:data1\" content=\"1 Minute\" \/>\n<script type=\"application\/ld+json\" class=\"yoast-schema-graph\">{\"@context\":\"https:\/\/schema.org\",\"@graph\":[{\"@type\":\"WebPage\",\"@id\":\"https:\/\/www.mariotti.it\/de\/serienmaessige-baureihen-2\/\",\"url\":\"https:\/\/www.mariotti.it\/de\/serienmaessige-baureihen-2\/\",\"name\":\"Produkte | Mariotti\",\"isPartOf\":{\"@id\":\"https:\/\/www.mariotti.it\/#website\"},\"datePublished\":\"2015-07-06T12:00:00+00:00\",\"dateModified\":\"2022-05-30T10:17:34+00:00\",\"breadcrumb\":{\"@id\":\"https:\/\/www.mariotti.it\/de\/serienmaessige-baureihen-2\/#breadcrumb\"},\"inLanguage\":\"de-DE\",\"potentialAction\":[{\"@type\":\"ReadAction\",\"target\":[\"https:\/\/www.mariotti.it\/de\/serienmaessige-baureihen-2\/\"]}]},{\"@type\":\"BreadcrumbList\",\"@id\":\"https:\/\/www.mariotti.it\/de\/serienmaessige-baureihen-2\/#breadcrumb\",\"itemListElement\":[{\"@type\":\"ListItem\",\"position\":1,\"name\":\"Home\",\"item\":\"https:\/\/www.mariotti.it\/de\/\"},{\"@type\":\"ListItem\",\"position\":2,\"name\":\"Produkte\"}]},{\"@type\":\"WebSite\",\"@id\":\"https:\/\/www.mariotti.it\/#website\",\"url\":\"https:\/\/www.mariotti.it\/\",\"name\":\"Mariotti\",\"description\":\"Compact Forklift Solutions\",\"potentialAction\":[{\"@type\":\"SearchAction\",\"target\":{\"@type\":\"EntryPoint\",\"urlTemplate\":\"https:\/\/www.mariotti.it\/?s={search_term_string}\"},\"query-input\":\"required name=search_term_string\"}],\"inLanguage\":\"de-DE\"}]}<\/script>\n<!-- \/ Yoast SEO plugin. -->","yoast_head_json":{"title":"Produkte | Mariotti","robots":{"index":"index","follow":"follow","max-snippet":"max-snippet:-1","max-image-preview":"max-image-preview:large","max-video-preview":"max-video-preview:-1"},"canonical":"https:\/\/www.mariotti.it\/de\/serienmaessige-baureihen-2\/","og_locale":"de_DE","og_type":"article","og_title":"Produkte | Mariotti","og_description":"UNSERE GER\u00c4TEAUSWAHL Die Palette an dreir\u00e4drigen Mariotti Elektro-Gegengewichtsstapler ist die weltweit robusteste und umfassendste Serie f\u00fcr geringe Tragf\u00e4higkeiten von 400 bis 1600 kg. Dessen St\u00e4rke liegt in den geringen Abmessungen, die den Betrieb auch in begrenzten Bereichen erlauben, wo f\u00fcr gew\u00f6hnlich kein Gabelstapler eingesetzt werden kann. Sie wurden f\u00fcr Benutzungen mit starken Beanspruchungen hergestellt. Hierf\u00fcr [&hellip;]","og_url":"https:\/\/www.mariotti.it\/de\/serienmaessige-baureihen-2\/","og_site_name":"Mariotti","article_modified_time":"2022-05-30T10:17:34+00:00","twitter_card":"summary_large_image","twitter_misc":{"Gesch\u00e4tzte Lesezeit":"1 Minute"},"schema":{"@context":"https:\/\/schema.org","@graph":[{"@type":"WebPage","@id":"https:\/\/www.mariotti.it\/de\/serienmaessige-baureihen-2\/","url":"https:\/\/www.mariotti.it\/de\/serienmaessige-baureihen-2\/","name":"Produkte | Mariotti","isPartOf":{"@id":"https:\/\/www.mariotti.it\/#website"},"datePublished":"2015-07-06T12:00:00+00:00","dateModified":"2022-05-30T10:17:34+00:00","breadcrumb":{"@id":"https:\/\/www.mariotti.it\/de\/serienmaessige-baureihen-2\/#breadcrumb"},"inLanguage":"de-DE","potentialAction":[{"@type":"ReadAction","target":["https:\/\/www.mariotti.it\/de\/serienmaessige-baureihen-2\/"]}]},{"@type":"BreadcrumbList","@id":"https:\/\/www.mariotti.it\/de\/serienmaessige-baureihen-2\/#breadcrumb","itemListElement":[{"@type":"ListItem","position":1,"name":"Home","item":"https:\/\/www.mariotti.it\/de\/"},{"@type":"ListItem","position":2,"name":"Produkte"}]},{"@type":"WebSite","@id":"https:\/\/www.mariotti.it\/#website","url":"https:\/\/www.mariotti.it\/","name":"Mariotti","description":"Compact Forklift Solutions","potentialAction":[{"@type":"SearchAction","target":{"@type":"EntryPoint","urlTemplate":"https:\/\/www.mariotti.it\/?s={search_term_string}"},"query-input":"required name=search_term_string"}],"inLanguage":"de-DE"}]}},"_links":{"self":[{"href":"https:\/\/www.mariotti.it\/de\/wp-json\/wp\/v2\/pages\/1143"}],"collection":[{"href":"https:\/\/www.mariotti.it\/de\/wp-json\/wp\/v2\/pages"}],"about":[{"href":"https:\/\/www.mariotti.it\/de\/wp-json\/wp\/v2\/types\/page"}],"author":[{"embeddable":true,"href":"https:\/\/www.mariotti.it\/de\/wp-json\/wp\/v2\/users\/1"}],"replies":[{"embeddable":true,"href":"https:\/\/www.mariotti.it\/de\/wp-json\/wp\/v2\/comments?post=1143"}],"version-history":[{"count":0,"href":"https:\/\/www.mariotti.it\/de\/wp-json\/wp\/v2\/pages\/1143\/revisions"}],"wp:attachment":[{"href":"https:\/\/www.mariotti.it\/de\/wp-json\/wp\/v2\/media?parent=1143"}],"curies":[{"name":"wp","href":"https:\/\/api.w.org\/{rel}","templated":true}]}}