{"id":1179,"date":"2015-06-04T16:17:39","date_gmt":"2015-06-04T14:17:39","guid":{"rendered":"https:\/\/www.mariotti.it\/de\/servizi\/"},"modified":"2023-10-11T14:17:47","modified_gmt":"2023-10-11T12:17:47","slug":"dienstleistungen","status":"publish","type":"page","link":"https:\/\/www.mariotti.it\/de\/dienstleistungen\/","title":{"rendered":"Dienstleistungen"},"content":{"rendered":"<h1>Die Dienstleistungen<\/h1>\n<p>Unser Unternehmen produziert nicht nur Kompaktstaplern, sondern<strong> plant und herstellt L\u00f6sungen und Produkte, die von den Kundenbed\u00fcrfnissen inspiriert sind<\/strong>. Aus diesem Grund sind unserem Dienstleistungen sehr wichtig.<\/p>\n<h2>Beratung<\/h2>\n<p>Die Erfahrung, die in einer fast <strong>hundertj\u00e4hrigen T\u00e4tigkeit erworben wurde, steht zu Ihrer Verf\u00fcgung<\/strong>, um Ihnen zu helfen, jedes Ihrer F\u00f6rdertechnik-Probleme anzugehen und zu l\u00f6sen, insbesondere wenn Sie in speziellen Arbeitsumgebungen und engen R\u00e4umen arbeiten m\u00fcssen..<\/p>\n<p>Ein kompetentes Team steht zur Verf\u00fcgung und Ihre Bed\u00fcrfnisse bewerten k\u00f6nnen, um sie in Bezug auf aus Technik und Kosten beraten, und das passendste Ger\u00e4t ausw\u00e4hlen zu k\u00f6nnen. Das Team wird auch in der Lage sein, spezielle ma\u00dfgeschneiderte L\u00f6sungen f\u00fcr Sie zu entwickeln, die sich hinsichtlich des Betriebseffizienz, Arbeitszeiten und Kosten als g\u00fcnstig erweisen.<\/p>\n<p>Zahlreiche renommierte Unternehmen haben sich der Kompetenz unseres Beratungsservices anvertraut haben, um das F\u00f6rdertechnik und Stapelung zu optimieren.<\/p>\n<h2>Kundendienst und Ersatzteile<\/h2>\n<p>Kundendienst erfolgt in enger Zusammenarbeit mit unseren \u00f6rtlichen H\u00e4ndlern, die ausgew\u00e4hlt wurden, um den besten Service zu bieten. Von uns<span id=\"result_box\" class=\"short_text\" lang=\"de\"><span class=\"hps\">er<\/span> <span class=\"hps\">Firmensitz<\/span><\/span> k\u00f6nnen wir der Stapler im Remote-Modus direkt kontrollieren, um Diagnosen durchzuf\u00fchren, eventuelle Fehler festzustellen oder Einstellungen der Maschine zu \u00e4ndern. Wir sind daher in der Lage, in den F\u00e4llen, die dies notwendig machen, Service-Eingriffe zu erleichtern und technische Beratung zu bieten.<\/p>\n<p>Auch wenn unsere Ger\u00e4te sehr kompakt sind, wurden sie mit Bedacht konzipiert, um den Zugang zu jeder Komponente zu erleichtern, wodurch Aufbau- und Abbau-Zeiten reduziert werden. Alle unsere Staplern sind mit hochwertigen Bauteilen hergestellt und werden w\u00e4hrend der Montagephase \u00fcbergepr\u00fcft. Die Wirksamkeit dieses Systems zeigt sich auch durch die reduzierte Anzahl von geforderten Eingriffen und den geringen Maschinenausfallzeiten, sogar im Falle von Defekt.<\/p>\n<p>Die sorgf\u00e4ltige Wahl der Komponenten <span id=\"result_box\" class=\"\" lang=\"de\"><span class=\"hps\">erm\u00f6glicht<\/span> <span class=\"hps\">Austausch des defekten<\/span> <span class=\"hps\">Teils<\/span> <span class=\"hps\">nur<\/span>, nicht die komplette <span class=\"hps\">Block<\/span> <span class=\"hps\">vom Fehler betroffenen<\/span><\/span>. Das erlaubt oft eine betr\u00e4chtliche zeitliche Ersparnis f\u00fcr den Kunden als auch in Bezug auf die Umwelt, weil weniger Abfall entsteht.<\/p>\n<p>Unsere Ersatzteile befinden sich im Lager bei unseren Verteilern, um die Wartezeit des Kunden zu verringern. Falls ein Ersatzteil beim Verteiler des Zielgebiets nicht vorr\u00e4tig sein sollte, wird es von unserem Kundendienst noch am gleichen Tag geschickt.<\/p>\n<p>Mariotti ist ein nach <b><a href=\"\/wp-content\/uploads\/2018\/06\/2023-V.-MARIOTTI-certificato-it-CQY.pdf\" target=\"_blank\" rel=\"noopener\">UNI EN ISO 9001<\/a> <\/b>zertifiziertes Unternehmen f\u00fcr die Planung und Herstellung von Gabelstaplern und den Vertrieb von Ersatzteilen.<\/p>\n","protected":false},"excerpt":{"rendered":"<p>Die Dienstleistungen Unser Unternehmen produziert nicht nur Kompaktstaplern, sondern plant und herstellt L\u00f6sungen und Produkte, die von den Kundenbed\u00fcrfnissen inspiriert sind. Aus diesem Grund sind unserem Dienstleistungen sehr wichtig. Beratung Die Erfahrung, die in einer fast hundertj\u00e4hrigen T\u00e4tigkeit erworben wurde, steht zu Ihrer Verf\u00fcgung, um Ihnen zu helfen, jedes Ihrer F\u00f6rdertechnik-Probleme anzugehen und zu l\u00f6sen, [&hellip;]<\/p>\n","protected":false},"author":1,"featured_media":0,"parent":0,"menu_order":0,"comment_status":"closed","ping_status":"closed","template":"page-sidebar-right.php","meta":[],"acf":[],"yoast_head":"<!-- This site is optimized with the Yoast SEO plugin v20.4 - https:\/\/yoast.com\/wordpress\/plugins\/seo\/ -->\n<title>Dienstleistungen | Mariotti<\/title>\n<meta name=\"robots\" content=\"index, follow, max-snippet:-1, max-image-preview:large, max-video-preview:-1\" \/>\n<link rel=\"canonical\" href=\"https:\/\/www.mariotti.it\/de\/dienstleistungen\/\" \/>\n<meta property=\"og:locale\" content=\"de_DE\" \/>\n<meta property=\"og:type\" content=\"article\" \/>\n<meta property=\"og:title\" content=\"Dienstleistungen | Mariotti\" \/>\n<meta property=\"og:description\" content=\"Die Dienstleistungen Unser Unternehmen produziert nicht nur Kompaktstaplern, sondern plant und herstellt L\u00f6sungen und Produkte, die von den Kundenbed\u00fcrfnissen inspiriert sind. Aus diesem Grund sind unserem Dienstleistungen sehr wichtig. Beratung Die Erfahrung, die in einer fast hundertj\u00e4hrigen T\u00e4tigkeit erworben wurde, steht zu Ihrer Verf\u00fcgung, um Ihnen zu helfen, jedes Ihrer F\u00f6rdertechnik-Probleme anzugehen und zu l\u00f6sen, [&hellip;]\" \/>\n<meta property=\"og:url\" content=\"https:\/\/www.mariotti.it\/de\/dienstleistungen\/\" \/>\n<meta property=\"og:site_name\" content=\"Mariotti\" \/>\n<meta property=\"article:modified_time\" content=\"2023-10-11T12:17:47+00:00\" \/>\n<meta name=\"twitter:card\" content=\"summary_large_image\" \/>\n<meta name=\"twitter:label1\" content=\"Gesch\u00e4tzte Lesezeit\" \/>\n\t<meta name=\"twitter:data1\" content=\"2 Minuten\" \/>\n<script type=\"application\/ld+json\" class=\"yoast-schema-graph\">{\"@context\":\"https:\/\/schema.org\",\"@graph\":[{\"@type\":\"WebPage\",\"@id\":\"https:\/\/www.mariotti.it\/de\/dienstleistungen\/\",\"url\":\"https:\/\/www.mariotti.it\/de\/dienstleistungen\/\",\"name\":\"Dienstleistungen | Mariotti\",\"isPartOf\":{\"@id\":\"https:\/\/www.mariotti.it\/#website\"},\"datePublished\":\"2015-06-04T14:17:39+00:00\",\"dateModified\":\"2023-10-11T12:17:47+00:00\",\"breadcrumb\":{\"@id\":\"https:\/\/www.mariotti.it\/de\/dienstleistungen\/#breadcrumb\"},\"inLanguage\":\"de-DE\",\"potentialAction\":[{\"@type\":\"ReadAction\",\"target\":[\"https:\/\/www.mariotti.it\/de\/dienstleistungen\/\"]}]},{\"@type\":\"BreadcrumbList\",\"@id\":\"https:\/\/www.mariotti.it\/de\/dienstleistungen\/#breadcrumb\",\"itemListElement\":[{\"@type\":\"ListItem\",\"position\":1,\"name\":\"Home\",\"item\":\"https:\/\/www.mariotti.it\/de\/\"},{\"@type\":\"ListItem\",\"position\":2,\"name\":\"Dienstleistungen\"}]},{\"@type\":\"WebSite\",\"@id\":\"https:\/\/www.mariotti.it\/#website\",\"url\":\"https:\/\/www.mariotti.it\/\",\"name\":\"Mariotti\",\"description\":\"Compact Forklift Solutions\",\"potentialAction\":[{\"@type\":\"SearchAction\",\"target\":{\"@type\":\"EntryPoint\",\"urlTemplate\":\"https:\/\/www.mariotti.it\/?s={search_term_string}\"},\"query-input\":\"required name=search_term_string\"}],\"inLanguage\":\"de-DE\"}]}<\/script>\n<!-- \/ Yoast SEO plugin. -->","yoast_head_json":{"title":"Dienstleistungen | Mariotti","robots":{"index":"index","follow":"follow","max-snippet":"max-snippet:-1","max-image-preview":"max-image-preview:large","max-video-preview":"max-video-preview:-1"},"canonical":"https:\/\/www.mariotti.it\/de\/dienstleistungen\/","og_locale":"de_DE","og_type":"article","og_title":"Dienstleistungen | Mariotti","og_description":"Die Dienstleistungen Unser Unternehmen produziert nicht nur Kompaktstaplern, sondern plant und herstellt L\u00f6sungen und Produkte, die von den Kundenbed\u00fcrfnissen inspiriert sind. Aus diesem Grund sind unserem Dienstleistungen sehr wichtig. Beratung Die Erfahrung, die in einer fast hundertj\u00e4hrigen T\u00e4tigkeit erworben wurde, steht zu Ihrer Verf\u00fcgung, um Ihnen zu helfen, jedes Ihrer F\u00f6rdertechnik-Probleme anzugehen und zu l\u00f6sen, [&hellip;]","og_url":"https:\/\/www.mariotti.it\/de\/dienstleistungen\/","og_site_name":"Mariotti","article_modified_time":"2023-10-11T12:17:47+00:00","twitter_card":"summary_large_image","twitter_misc":{"Gesch\u00e4tzte Lesezeit":"2 Minuten"},"schema":{"@context":"https:\/\/schema.org","@graph":[{"@type":"WebPage","@id":"https:\/\/www.mariotti.it\/de\/dienstleistungen\/","url":"https:\/\/www.mariotti.it\/de\/dienstleistungen\/","name":"Dienstleistungen | Mariotti","isPartOf":{"@id":"https:\/\/www.mariotti.it\/#website"},"datePublished":"2015-06-04T14:17:39+00:00","dateModified":"2023-10-11T12:17:47+00:00","breadcrumb":{"@id":"https:\/\/www.mariotti.it\/de\/dienstleistungen\/#breadcrumb"},"inLanguage":"de-DE","potentialAction":[{"@type":"ReadAction","target":["https:\/\/www.mariotti.it\/de\/dienstleistungen\/"]}]},{"@type":"BreadcrumbList","@id":"https:\/\/www.mariotti.it\/de\/dienstleistungen\/#breadcrumb","itemListElement":[{"@type":"ListItem","position":1,"name":"Home","item":"https:\/\/www.mariotti.it\/de\/"},{"@type":"ListItem","position":2,"name":"Dienstleistungen"}]},{"@type":"WebSite","@id":"https:\/\/www.mariotti.it\/#website","url":"https:\/\/www.mariotti.it\/","name":"Mariotti","description":"Compact Forklift Solutions","potentialAction":[{"@type":"SearchAction","target":{"@type":"EntryPoint","urlTemplate":"https:\/\/www.mariotti.it\/?s={search_term_string}"},"query-input":"required name=search_term_string"}],"inLanguage":"de-DE"}]}},"_links":{"self":[{"href":"https:\/\/www.mariotti.it\/de\/wp-json\/wp\/v2\/pages\/1179"}],"collection":[{"href":"https:\/\/www.mariotti.it\/de\/wp-json\/wp\/v2\/pages"}],"about":[{"href":"https:\/\/www.mariotti.it\/de\/wp-json\/wp\/v2\/types\/page"}],"author":[{"embeddable":true,"href":"https:\/\/www.mariotti.it\/de\/wp-json\/wp\/v2\/users\/1"}],"replies":[{"embeddable":true,"href":"https:\/\/www.mariotti.it\/de\/wp-json\/wp\/v2\/comments?post=1179"}],"version-history":[{"count":0,"href":"https:\/\/www.mariotti.it\/de\/wp-json\/wp\/v2\/pages\/1179\/revisions"}],"wp:attachment":[{"href":"https:\/\/www.mariotti.it\/de\/wp-json\/wp\/v2\/media?parent=1179"}],"curies":[{"name":"wp","href":"https:\/\/api.w.org\/{rel}","templated":true}]}}