{"id":1191,"date":"2015-06-02T09:45:04","date_gmt":"2015-06-02T07:45:04","guid":{"rendered":"https:\/\/www.mariotti.it\/de\/vantaggi\/"},"modified":"2021-01-06T23:24:06","modified_gmt":"2021-01-06T21:24:06","slug":"vorteile","status":"publish","type":"page","link":"https:\/\/www.mariotti.it\/de\/vorteile\/","title":{"rendered":"Vorteile"},"content":{"rendered":"<h1>Warum man sich f\u00fcr Mariotti entscheiden sollte?<\/h1>\n<p>Wir produzieren das <strong>Sortiment der weltweit kleinsten Frontstapler<\/strong>: die beste F\u00f6rdertechnik-L\u00f6sung mit einer Tragf\u00e4higkeit von 400 bis 1600 kg.<\/p>\n<h2>Einzigartige Eigenschaften<\/h2>\n<p>Die Staplern von Mariotti sind durch Kompaktheit und Qualit\u00e4t charakterisiert. Dank solcher Eigenschaften k\u00f6nnen sie in besonderen Situationen genutzt werden, sie garantieren auch immer die maximale Sicherheit und den h\u00f6chsten Komfort <span id=\"result_box\" class=\"\" lang=\"de\"><span class=\"hps\">als Alternative zu<\/span> <span class=\"hps\">klassischen<\/span> <\/span>Lagertechnik-Ger\u00e4te.<\/p>\n<ul class=\"accordion\" data-accordion role=\"tablist\"><li class=\"accordion-navigation\"><a href=\"#caratteristiche-uniche0\" role=\"tab\"\n                    id=\"caratteristiche-uniche0-heading\"\n                    aria-controls=\"caratteristiche-uniche0\"\n                    class=\"even\">\n                    <span>+<\/span>&nbsp;Die kleinsten und wendigsten Gabelstaplern\n                <\/a>\n                <div id=\"caratteristiche-uniche0\"\n                     class=\"row content \"\n                     role=\"tabpanel\"\n                     aria-labelledby=\"caratteristiche-uniche0-heading\">\n                  Die Daten sind explizite: eine reduzierte Breite ab 805 mm, eine Bauh\u00f6he von weniger als 2000 mm, eine L\u00e4nge L2 von1095 bis 1615 mm, Hydrolenkung, Variablem Radstand und integrierter Seitenschieber serienm\u00e4\u00dfig auf alle unseren Ger\u00e4te.<\/div><\/li><li class=\"accordion-navigation\"><a href=\"#caratteristiche-uniche1\" role=\"tab\"\n                    id=\"caratteristiche-uniche1-heading\"\n                    aria-controls=\"caratteristiche-uniche1\"\n                    class=\"odd\">\n                    <span>+<\/span>&nbsp;Vielseitig\n                <\/a>\n                <div id=\"caratteristiche-uniche1\"\n                     class=\"row content \"\n                     role=\"tabpanel\"\n                     aria-labelledby=\"caratteristiche-uniche1-heading\">\n                  Die Elektrogabelstaplern von Mariotti sind f\u00fcr die Mehrzwecknutzung geeignet und erlauben sowohl das Be- und Entladen von LKWs, Anh\u00e4ngern und Containern, Flurf\u00f6rderung und Blockstapelung, als auch Durchfahrt und Transport durch Produktions- und Verarbeitungsbereiche. Sehr oft deckt das Flurf\u00f6rderzeug von Mariotti mehrere Funktionen mit einer erheblichen Geld- und Zeitersparnis ab.<\/div><\/li><li class=\"accordion-navigation\"><a href=\"#caratteristiche-uniche2\" role=\"tab\"\n                    id=\"caratteristiche-uniche2-heading\"\n                    aria-controls=\"caratteristiche-uniche2\"\n                    class=\"even\">\n                    <span>+<\/span>&nbsp;Besonders leistungsf\u00e4hig\n                <\/a>\n                <div id=\"caratteristiche-uniche2\"\n                     class=\"row content \"\n                     role=\"tabpanel\"\n                     aria-labelledby=\"caratteristiche-uniche2-heading\">\n                  Die Mycros-Reihe verf\u00fcgt \u00fcber effiziente und leistungsstarke Wechselstrommotoren (AC), und man kann zwischen drei Antrieb-Typ w\u00e4hlen: Heckantrieb (1 Rad), Frontantrieb \/2 R\u00e4der) oder Allradantrieb (3 R\u00e4der).<\/div><\/li><li class=\"accordion-navigation\"><a href=\"#caratteristiche-uniche3\" role=\"tab\"\n                    id=\"caratteristiche-uniche3-heading\"\n                    aria-controls=\"caratteristiche-uniche3\"\n                    class=\"odd\">\n                    <span>+<\/span>&nbsp;Akkurat\n                <\/a>\n                <div id=\"caratteristiche-uniche3\"\n                     class=\"row content \"\n                     role=\"tabpanel\"\n                     aria-labelledby=\"caratteristiche-uniche3-heading\">\n                  Die Zahnstangenlenkung, die Mariotti als erster bei Elektrogabelstapler dieser Gr\u00f6\u00dfe eingef\u00fchrt hat, ist kompakt, zuverl\u00e4ssig und gew\u00e4hrleistet die h\u00f6chste Fahrpr\u00e4zision. Gabeln, Klammern und andere Zubeh\u00f6ren, die auf spezifische Kundenbed\u00fcrfnisse hergestellt werden, machen unsere Elektrogabelstapler zum idealen Werkzeug in den Situationen, in denen eine besondere Aufmerksamkeit und Genauigkeit gefordert sind.<\/div><\/li><li class=\"accordion-navigation\"><a href=\"#caratteristiche-uniche4\" role=\"tab\"\n                    id=\"caratteristiche-uniche4-heading\"\n                    aria-controls=\"caratteristiche-uniche4\"\n                    class=\"even\">\n                    <span>+<\/span>&nbsp;Leicht Eigengewicht bei Bedarf\n                <\/a>\n                <div id=\"caratteristiche-uniche4\"\n                     class=\"row content \"\n                     role=\"tabpanel\"\n                     aria-labelledby=\"caratteristiche-uniche4-heading\">\n                  Ein Leichtgewicht zu sein, ist in manchen Situationen von ganz besonderem Vorteil, zum Beispiel, wenn man auf industrielle Zwischengeschoss oder Lastenaufz\u00fcgen operiert. Mariotti liefert L\u00f6sungen, welche die Tragf\u00e4higkeit und das Gewicht des Staplers optimieren, um in der spezifischen Situation optimal zu arbeiten.<\/div><\/li><li class=\"accordion-navigation\"><a href=\"#caratteristiche-uniche5\" role=\"tab\"\n                    id=\"caratteristiche-uniche5-heading\"\n                    aria-controls=\"caratteristiche-uniche5\"\n                    class=\"odd\">\n                    <span>+<\/span>&nbsp;Nachhaltigkeit\n                <\/a>\n                <div id=\"caratteristiche-uniche5\"\n                     class=\"row content \"\n                     role=\"tabpanel\"\n                     aria-labelledby=\"caratteristiche-uniche5-heading\">\n                  Null-Emissionen f\u00fcr Arbeitnehmer und Arbeitsumgebung dank eines Elektromotors, der mit einer einzigen Batterieladung eine achtst\u00fcndige Arbeitsschicht \u00fcbersteht. Seine Leistung stimmt hierbei mit der eines Dieselmotors oder eines Treibgasmotors \u00fcberein. Au\u00dferdem sind unsere Elektrogabelstaplern mit elektrischer Bremse mit Energier\u00fcckgewinnung und einige Modelle mit einem Economy-Fahrmodus ausgestattet.<\/div><\/li><li class=\"accordion-navigation\"><a href=\"#caratteristiche-uniche6\" role=\"tab\"\n                    id=\"caratteristiche-uniche6-heading\"\n                    aria-controls=\"caratteristiche-uniche6\"\n                    class=\"even\">\n                    <span>+<\/span>&nbsp;Bedarfsgerecht angepasst\n                <\/a>\n                <div id=\"caratteristiche-uniche6\"\n                     class=\"row content \"\n                     role=\"tabpanel\"\n                     aria-labelledby=\"caratteristiche-uniche6-heading\">\n                  Jedes serienm\u00e4\u00dfige Ger\u00e4t kann Ihren Bed\u00fcrfnissen angepasst werden: von der Modifizierung des Chassis oder der Hubmasts bis zur Herstellung kundenspezifischer Gabeln und Zubeh\u00f6r. Im Abschnitt <a href=\"https:\/\/www.mariotti.it\/de\/spezialmaschinen\/\">Sonderbauten<\/a> erfahren Sie mehr dar\u00fcber.<\/div><\/li><\/ul>\n<figure><a href=\"https:\/\/www.mariotti.it\/wp-content\/uploads\/2015\/06\/mariotti-advantages.png\"><img loading=\"lazy\" class=\"alignnone wp-image-2709 size-full\" src=\"https:\/\/www.mariotti.it\/wp-content\/uploads\/2015\/06\/mariotti-advantages.png\" alt=\"\" width=\"770\" height=\"270\" srcset=\"https:\/\/www.mariotti.it\/wp-content\/uploads\/2015\/06\/mariotti-advantages.png 770w, https:\/\/www.mariotti.it\/wp-content\/uploads\/2015\/06\/mariotti-advantages-300x105.png 300w\" sizes=\"(max-width: 770px) 100vw, 770px\" \/><\/a><\/figure>\n<h2>Wendig<\/h2>\n<p>Die Staplern von Mariotti sind ganz leicht zu handhaben und k\u00f6nnen im Innen- als auch im Au\u00dfenbereich, in engen Bereichen und dort, wo h\u00f6chste Pr\u00e4zision und Zuverl\u00e4ssigkeit ben\u00f6tigt werden, eingesetzt werden.<\/p>\n<ul class=\"accordion\" data-accordion role=\"tablist\"><li class=\"accordion-navigation\"><a href=\"#agilita0\" role=\"tab\"\n                    id=\"agilita0-heading\"\n                    aria-controls=\"agilita0\"\n                    class=\"even\">\n                    <span>+<\/span>&nbsp;T\u00fcren, Tore, enge Durchg\u00e4nge\n                <\/a>\n                <div id=\"agilita0\"\n                     class=\"row content \"\n                     role=\"tabpanel\"\n                     aria-labelledby=\"agilita0-heading\">\n                  Aufgrund der reduzierten Breite (ab 805 mm) k\u00f6nnen unsere Kompaktstaplern auch unvorstellbar enge Durchg\u00e4nge befahren und sich innerhalb von Arbeitsbereichen zwischen Werkzeugmaschinen und Materialien mit einer besonderen Wendigkeit bewegen.<\/div><\/li><li class=\"accordion-navigation\"><a href=\"#agilita1\" role=\"tab\"\n                    id=\"agilita1-heading\"\n                    aria-controls=\"agilita1\"\n                    class=\"odd\">\n                    <span>+<\/span>&nbsp;Schmalen Arbeitsg\u00e4ngen\n                <\/a>\n                <div id=\"agilita1\"\n                     class=\"row content \"\n                     role=\"tabpanel\"\n                     aria-labelledby=\"agilita1-heading\">\n                  Die kompakten Gabelstaplern von Mariotti erlauben das Stapelung der Ware auf Europaletten in Arbeitsg\u00e4nge mit einer Breite ab 2500 mm. Einige unserer Kunden haben dank unserer Ger\u00e4te ihre Arbeitsg\u00e4nge reduziert und den Lagerbereich vergr\u00f6\u00dfert.<\/div><\/li><li class=\"accordion-navigation\"><a href=\"#agilita2\" role=\"tab\"\n                    id=\"agilita2-heading\"\n                    aria-controls=\"agilita2\"\n                    class=\"even\">\n                    <span>+<\/span>&nbsp;Rampen\n                <\/a>\n                <div id=\"agilita2\"\n                     class=\"row content \"\n                     role=\"tabpanel\"\n                     aria-labelledby=\"agilita2-heading\">\n                  Das sichere Arbeiten auf Rampen und Steigungen mit einem Gef\u00e4lle bis 25% kann gew\u00e4hrleistet werden, weil die M\u00f6glichkeit gegeben ist, Allradantrieb zu w\u00e4hlen, und Dank die Leistung unserer Motoren.<\/div><\/li><li class=\"accordion-navigation\"><a href=\"#agilita3\" role=\"tab\"\n                    id=\"agilita3-heading\"\n                    aria-controls=\"agilita3\"\n                    class=\"odd\">\n                    <span>+<\/span>&nbsp;Ladebordwand, Lastenaufz\u00fcge, Industrielle Zwischengeschoss\n                <\/a>\n                <div id=\"agilita3\"\n                     class=\"row content \"\n                     role=\"tabpanel\"\n                     aria-labelledby=\"agilita3-heading\">\n                  Es gibt nur wenige Gabelstaplern, die in Ladebordwand, auf Lastenaufz\u00fcgen oder Industrielle Zwischengeschoss eingesetzt werden k\u00f6nnen. Mariotti kann <span id=\"result_box\" class=\"short_text\" lang=\"de\"><span class=\"hps\">ma\u00dfgeschneiderte <\/span><\/span>L\u00f6sungen bieten, die Sicherheit und Effizienz kombinieren, um in solchen Situationen mit der notwendigen Leichtigkeit zu arbeiten.<\/div><\/li><li class=\"accordion-navigation\"><a href=\"#agilita4\" role=\"tab\"\n                    id=\"agilita4-heading\"\n                    aria-controls=\"agilita4\"\n                    class=\"even\">\n                    <span>+<\/span>&nbsp;K\u00fchlhaus, unterirdischer Lagerung, Tresorr\u00e4ume\n                <\/a>\n                <div id=\"agilita4\"\n                     class=\"row content \"\n                     role=\"tabpanel\"\n                     aria-labelledby=\"agilita4-heading\">\n                  Auch dort, wo die Decke besonders niedrig ist, sind alle unsere Ger\u00e4te dank ihrer geringen Bauh\u00f6he (weniger als 2000 mm) in den meisten F\u00e4llen passend, ohne dass Chassis oder Hubmasten angepasst werden m\u00fcssen. Man kann auch K\u00fchlhaus (-20\u00b0 C), Explosionsschutz und Korrosionsschutz Ausstattungen bestellen. Die Ger\u00e4te k\u00f6nnen auch ausgef\u00fchrt werden, um die Hygienestandards von der Lebensmittelindustrie zu erf\u00fcllen.<\/div><\/li><li class=\"accordion-navigation\"><a href=\"#agilita5\" role=\"tab\"\n                    id=\"agilita5-heading\"\n                    aria-controls=\"agilita5\"\n                    class=\"odd\">\n                    <span>+<\/span>&nbsp;Empfindliche B\u00f6den\n                <\/a>\n                <div id=\"agilita5\"\n                     class=\"row content \"\n                     role=\"tabpanel\"\n                     aria-labelledby=\"agilita5-heading\">\n                  Die Ger\u00e4te von Mariotti k\u00f6nnen auch an Orten mit empfindlichen B\u00f6den, die einer besonderen Aufmerksamkeit ben\u00f6tigen, eingesetzt werden. Wie bei Theater und Museen. Sie k\u00f6nnen mit spurlosen R\u00e4dern versehen und in einer leichteren Ausf\u00fchrung geliefert werden.<\/div><\/li><li class=\"accordion-navigation\"><a href=\"#agilita6\" role=\"tab\"\n                    id=\"agilita6-heading\"\n                    aria-controls=\"agilita6\"\n                    class=\"even\">\n                    <span>+<\/span>&nbsp;Container, Wagons, Anh\u00e4nger\n                <\/a>\n                <div id=\"agilita6\"\n                     class=\"row content \"\n                     role=\"tabpanel\"\n                     aria-labelledby=\"agilita6-heading\">\n                  Abmessungen und Beweglichkeit machen die Mariotti Kompaktstaplern besonders geeignet f\u00fcr das Be- und Entladen von Waren auch dort, wo man ins Container, Anh\u00e4nger oder Eisenbahnwagons fahren muss.<\/div><\/li><\/ul>\n<figure><img loading=\"lazy\" class=\"alignnone wp-image-5517 size-full\" src=\"https:\/\/www.mariotti.it\/wp-content\/uploads\/2020\/10\/vantaggi-agilita\u0300-utilizzo.png\" alt=\"\" width=\"770\" height=\"270\" srcset=\"https:\/\/www.mariotti.it\/wp-content\/uploads\/2020\/10\/vantaggi-agilita\u0300-utilizzo.png 770w, https:\/\/www.mariotti.it\/wp-content\/uploads\/2020\/10\/vantaggi-agilita\u0300-utilizzo-300x105.png 300w, https:\/\/www.mariotti.it\/wp-content\/uploads\/2020\/10\/vantaggi-agilita\u0300-utilizzo-768x269.png 768w\" sizes=\"(max-width: 770px) 100vw, 770px\" \/><\/figure>\n<h2>Zeit- und Geldersparnis<\/h2>\n<p>Die Staplern von Mariotti gew\u00e4hrleisten erhebliche Einsparungen: Jedes Detail wurde studiert, um die Energieeffizienz zu maximieren und den Verbrauch zu reduzieren. Die erh\u00f6hte Zuverl\u00e4ssigkeit gew\u00e4hrleistet au\u00dferdem wenige Maschinenstopps und die Flexibilit\u00e4t des gleichen Ger\u00e4tes erlaubt mehrere Anspr\u00fcchen gleichzeitig zu entsprochen, wodurch Kosten f\u00fcr den Staplerflotte und Arbeitszeiten vermindert werden.<\/p>\n<ul class=\"accordion\" data-accordion role=\"tablist\"><li class=\"accordion-navigation\"><a href=\"#risparmio0\" role=\"tab\"\n                    id=\"risparmio0-heading\"\n                    aria-controls=\"risparmio0\"\n                    class=\"even\">\n                    <span>+<\/span>&nbsp;Gute Investition\n                <\/a>\n                <div id=\"risparmio0\"\n                     class=\"row content \"\n                     role=\"tabpanel\"\n                     aria-labelledby=\"risparmio0-heading\">\n                  Der Erwerb eines Mariotti Stapler wird dank einer sorgf\u00e4ltigen Planung g\u00e4nzlich von der Qualit\u00e4t des Produkts belohnt. Sie bieten: Sicherheit, Schnelligkeit und Arbeitskomfort, einfaches und angemessenes Eingreifen, aber auch reduzierter Wartung und Energieverbrauch. Leistungen vergleichbare zu Leistungen von Ger\u00e4te mit Dieselmotor oder eines Treibgasmotor, und einer achtst\u00fcndige Arbeitsschicht mit einer einzigen Batterieladung.<\/div><\/li><li class=\"accordion-navigation\"><a href=\"#risparmio1\" role=\"tab\"\n                    id=\"risparmio1-heading\"\n                    aria-controls=\"risparmio1\"\n                    class=\"odd\">\n                    <span>+<\/span>&nbsp;Geringer Energieverbrauch\n                <\/a>\n                <div id=\"risparmio1\"\n                     class=\"row content \"\n                     role=\"tabpanel\"\n                     aria-labelledby=\"risparmio1-heading\">\n                  Unsere Ger\u00e4te sind f\u00fcr die Reduzierung von Energieverbrauch und -verschwendung konzipiert: von der Zahnstangenlenkung, mit denen Mariotti als erster seine Ger\u00e4te dieser Abmessungen ausgestattet hat, bis zur elektrischen Bremse mit Energier\u00fcckgewinnung und dem Economy-Fahrmodus (nicht bei allen Modellen vorhanden).<\/div><\/li><li class=\"accordion-navigation\"><a href=\"#risparmio2\" role=\"tab\"\n                    id=\"risparmio2-heading\"\n                    aria-controls=\"risparmio2\"\n                    class=\"even\">\n                    <span>+<\/span>&nbsp;Platzsparend\n                <\/a>\n                <div id=\"risparmio2\"\n                     class=\"row content \"\n                     role=\"tabpanel\"\n                     aria-labelledby=\"risparmio2-heading\">\n                  Die kompakten Ma\u00dfe unserer Staplern erlauben sowohl Transitr\u00e4ume als auch Arbeitsg\u00e4nge (bis zu einer Breite von 2,5 m mit Europaletten) zu verringern und Lagerbereiche auszudehnen. Eine betr\u00e4chtliche Raumeinsparung bewirkt sehr oft eine erhebliche wirtschaftliche Ersparnis.<\/div><\/li><li class=\"accordion-navigation\"><a href=\"#risparmio3\" role=\"tab\"\n                    id=\"risparmio3-heading\"\n                    aria-controls=\"risparmio3\"\n                    class=\"odd\">\n                    <span>+<\/span>&nbsp;Kosten und Arbeitszeiten\n                <\/a>\n                <div id=\"risparmio3\"\n                     class=\"row content \"\n                     role=\"tabpanel\"\n                     aria-labelledby=\"risparmio3-heading\">\n                  Die Vielseitigkeit des Mariotti Kompaktstaplern erlaubt in vielen F\u00e4llen einen reibungslosen und schnellen Arbeitsablauf, Indoor- und Outdoort\u00e4tigkeiten und erm\u00f6glicht alle Arten von Be- und Entladung, Transport in engen Bereichen, Stapelung, wodurch die Durchgangszeiten von einer Maschine zur n\u00e4chsten verkurzt werden und die Staplerflotte reduziert wird.<\/div><\/li><\/ul>\n<figure><a href=\"https:\/\/www.mariotti.it\/wp-content\/uploads\/2015\/06\/vantaggi-risparmio.png\"><img loading=\"lazy\" width=\"196\" height=\"154\" class=\"alignnone size-full wp-image-623\" src=\"https:\/\/www.mariotti.it\/wp-content\/uploads\/2015\/06\/vantaggi-risparmio.png\" alt=\"vantaggi-risparmio\" \/><\/a><\/figure>\n","protected":false},"excerpt":{"rendered":"<p>Warum man sich f\u00fcr Mariotti entscheiden sollte? Wir produzieren das Sortiment der weltweit kleinsten Frontstapler: die beste F\u00f6rdertechnik-L\u00f6sung mit einer Tragf\u00e4higkeit von 400 bis 1600 kg. Einzigartige Eigenschaften Die Staplern von Mariotti sind durch Kompaktheit und Qualit\u00e4t charakterisiert. Dank solcher Eigenschaften k\u00f6nnen sie in besonderen Situationen genutzt werden, sie garantieren auch immer die maximale Sicherheit [&hellip;]<\/p>\n","protected":false},"author":1,"featured_media":0,"parent":0,"menu_order":0,"comment_status":"closed","ping_status":"closed","template":"page-sidebar-right.php","meta":[],"acf":[],"yoast_head":"<!-- This site is optimized with the Yoast SEO plugin v20.4 - https:\/\/yoast.com\/wordpress\/plugins\/seo\/ -->\n<title>Vorteile | Mariotti<\/title>\n<meta name=\"robots\" content=\"index, follow, max-snippet:-1, max-image-preview:large, max-video-preview:-1\" \/>\n<link rel=\"canonical\" href=\"https:\/\/www.mariotti.it\/de\/vorteile\/\" \/>\n<meta property=\"og:locale\" content=\"de_DE\" \/>\n<meta property=\"og:type\" content=\"article\" \/>\n<meta property=\"og:title\" content=\"Vorteile | Mariotti\" \/>\n<meta property=\"og:description\" content=\"Warum man sich f\u00fcr Mariotti entscheiden sollte? Wir produzieren das Sortiment der weltweit kleinsten Frontstapler: die beste F\u00f6rdertechnik-L\u00f6sung mit einer Tragf\u00e4higkeit von 400 bis 1600 kg. Einzigartige Eigenschaften Die Staplern von Mariotti sind durch Kompaktheit und Qualit\u00e4t charakterisiert. Dank solcher Eigenschaften k\u00f6nnen sie in besonderen Situationen genutzt werden, sie garantieren auch immer die maximale Sicherheit [&hellip;]\" \/>\n<meta property=\"og:url\" content=\"https:\/\/www.mariotti.it\/de\/vorteile\/\" \/>\n<meta property=\"og:site_name\" content=\"Mariotti\" \/>\n<meta property=\"article:modified_time\" content=\"2021-01-06T21:24:06+00:00\" \/>\n<meta property=\"og:image\" content=\"https:\/\/www.mariotti.it\/wp-content\/uploads\/2015\/06\/mariotti-advantages.png\" \/>\n<meta name=\"twitter:card\" content=\"summary_large_image\" \/>\n<meta name=\"twitter:label1\" content=\"Gesch\u00e4tzte Lesezeit\" \/>\n\t<meta name=\"twitter:data1\" content=\"1 Minute\" \/>\n<script type=\"application\/ld+json\" class=\"yoast-schema-graph\">{\"@context\":\"https:\/\/schema.org\",\"@graph\":[{\"@type\":\"WebPage\",\"@id\":\"https:\/\/www.mariotti.it\/de\/vorteile\/\",\"url\":\"https:\/\/www.mariotti.it\/de\/vorteile\/\",\"name\":\"Vorteile | Mariotti\",\"isPartOf\":{\"@id\":\"https:\/\/www.mariotti.it\/#website\"},\"datePublished\":\"2015-06-02T07:45:04+00:00\",\"dateModified\":\"2021-01-06T21:24:06+00:00\",\"breadcrumb\":{\"@id\":\"https:\/\/www.mariotti.it\/de\/vorteile\/#breadcrumb\"},\"inLanguage\":\"de-DE\",\"potentialAction\":[{\"@type\":\"ReadAction\",\"target\":[\"https:\/\/www.mariotti.it\/de\/vorteile\/\"]}]},{\"@type\":\"BreadcrumbList\",\"@id\":\"https:\/\/www.mariotti.it\/de\/vorteile\/#breadcrumb\",\"itemListElement\":[{\"@type\":\"ListItem\",\"position\":1,\"name\":\"Home\",\"item\":\"https:\/\/www.mariotti.it\/de\/\"},{\"@type\":\"ListItem\",\"position\":2,\"name\":\"Vorteile\"}]},{\"@type\":\"WebSite\",\"@id\":\"https:\/\/www.mariotti.it\/#website\",\"url\":\"https:\/\/www.mariotti.it\/\",\"name\":\"Mariotti\",\"description\":\"Compact Forklift Solutions\",\"potentialAction\":[{\"@type\":\"SearchAction\",\"target\":{\"@type\":\"EntryPoint\",\"urlTemplate\":\"https:\/\/www.mariotti.it\/?s={search_term_string}\"},\"query-input\":\"required name=search_term_string\"}],\"inLanguage\":\"de-DE\"}]}<\/script>\n<!-- \/ Yoast SEO plugin. -->","yoast_head_json":{"title":"Vorteile | Mariotti","robots":{"index":"index","follow":"follow","max-snippet":"max-snippet:-1","max-image-preview":"max-image-preview:large","max-video-preview":"max-video-preview:-1"},"canonical":"https:\/\/www.mariotti.it\/de\/vorteile\/","og_locale":"de_DE","og_type":"article","og_title":"Vorteile | Mariotti","og_description":"Warum man sich f\u00fcr Mariotti entscheiden sollte? Wir produzieren das Sortiment der weltweit kleinsten Frontstapler: die beste F\u00f6rdertechnik-L\u00f6sung mit einer Tragf\u00e4higkeit von 400 bis 1600 kg. Einzigartige Eigenschaften Die Staplern von Mariotti sind durch Kompaktheit und Qualit\u00e4t charakterisiert. Dank solcher Eigenschaften k\u00f6nnen sie in besonderen Situationen genutzt werden, sie garantieren auch immer die maximale Sicherheit [&hellip;]","og_url":"https:\/\/www.mariotti.it\/de\/vorteile\/","og_site_name":"Mariotti","article_modified_time":"2021-01-06T21:24:06+00:00","og_image":[{"url":"https:\/\/www.mariotti.it\/wp-content\/uploads\/2015\/06\/mariotti-advantages.png"}],"twitter_card":"summary_large_image","twitter_misc":{"Gesch\u00e4tzte Lesezeit":"1 Minute"},"schema":{"@context":"https:\/\/schema.org","@graph":[{"@type":"WebPage","@id":"https:\/\/www.mariotti.it\/de\/vorteile\/","url":"https:\/\/www.mariotti.it\/de\/vorteile\/","name":"Vorteile | Mariotti","isPartOf":{"@id":"https:\/\/www.mariotti.it\/#website"},"datePublished":"2015-06-02T07:45:04+00:00","dateModified":"2021-01-06T21:24:06+00:00","breadcrumb":{"@id":"https:\/\/www.mariotti.it\/de\/vorteile\/#breadcrumb"},"inLanguage":"de-DE","potentialAction":[{"@type":"ReadAction","target":["https:\/\/www.mariotti.it\/de\/vorteile\/"]}]},{"@type":"BreadcrumbList","@id":"https:\/\/www.mariotti.it\/de\/vorteile\/#breadcrumb","itemListElement":[{"@type":"ListItem","position":1,"name":"Home","item":"https:\/\/www.mariotti.it\/de\/"},{"@type":"ListItem","position":2,"name":"Vorteile"}]},{"@type":"WebSite","@id":"https:\/\/www.mariotti.it\/#website","url":"https:\/\/www.mariotti.it\/","name":"Mariotti","description":"Compact Forklift Solutions","potentialAction":[{"@type":"SearchAction","target":{"@type":"EntryPoint","urlTemplate":"https:\/\/www.mariotti.it\/?s={search_term_string}"},"query-input":"required name=search_term_string"}],"inLanguage":"de-DE"}]}},"_links":{"self":[{"href":"https:\/\/www.mariotti.it\/de\/wp-json\/wp\/v2\/pages\/1191"}],"collection":[{"href":"https:\/\/www.mariotti.it\/de\/wp-json\/wp\/v2\/pages"}],"about":[{"href":"https:\/\/www.mariotti.it\/de\/wp-json\/wp\/v2\/types\/page"}],"author":[{"embeddable":true,"href":"https:\/\/www.mariotti.it\/de\/wp-json\/wp\/v2\/users\/1"}],"replies":[{"embeddable":true,"href":"https:\/\/www.mariotti.it\/de\/wp-json\/wp\/v2\/comments?post=1191"}],"version-history":[{"count":0,"href":"https:\/\/www.mariotti.it\/de\/wp-json\/wp\/v2\/pages\/1191\/revisions"}],"wp:attachment":[{"href":"https:\/\/www.mariotti.it\/de\/wp-json\/wp\/v2\/media?parent=1191"}],"curies":[{"name":"wp","href":"https:\/\/api.w.org\/{rel}","templated":true}]}}