{"id":1047,"date":"2015-06-02T10:43:09","date_gmt":"2015-06-02T08:43:09","guid":{"rendered":"https:\/\/www.mariotti.it\/es\/azienda\/"},"modified":"2021-10-05T11:59:01","modified_gmt":"2021-10-05T09:59:01","slug":"empresa","status":"publish","type":"page","link":"https:\/\/www.mariotti.it\/es\/empresa\/","title":{"rendered":"Empresa"},"content":{"rendered":"<h1>Qui\u00e9n somos<\/h1>\n<p>Desde 1920, la empresa V. Mariotti dise\u00f1a\u00a0y ofrece soluciones para la manipulaci\u00f3n de mercanc\u00edas. A d\u00eda de hoy,\u00a0se ha especializado en la fabricaci\u00f3n\u00a0de las<strong> carretillas levadoras el\u00e9ctricas frontales m\u00e1s peque\u00f1as del mundo<\/strong> (de 3 ruedas con capacidad de carga de 400 a 1600 kg).<\/p>\n<p>Empresa l\u00edder en su sector y una de las m\u00e1s s\u00f3lidas compa\u00f1\u00edas en el mercado internacional, con presencia en 40 pa\u00edses y clientes de gran prestigio.<\/p>\n<p><b>Un personal capacitado y experto<\/b>\u00a0investiga\u00a0para ofrecer siempre las mejores soluciones y rendimiento y satisfacer as\u00ed la creciente demanda del mercado.<\/p>\n<p><b>Investigaci\u00f3n e\u00a0<\/b><strong>innovaci\u00f3n <\/strong>caracterizan Mariotti<strong>,<\/strong>\u00a0que, adem\u00e1s, ofrece siempre un alto grado de flexibilidad para adaptarse a las necesidades del cliente, sobre todo cuando se trata\u00a0de demandas espec\u00edficas de manipulaci\u00f3n de mercanc\u00edas. En estos casos, Mariotti puede ofrecer las soluciones m\u00e1s personalizadas para los entornos de trabajo en los que las necesidades no se ven cubiertas por maquinaria est\u00e1ndar. Nuestra gama es la alternativa perfecta tanto para carretillas para interiores como carretillas contrapesadas frontales cl\u00e1sicas.<\/p>\n<p><strong>La producci\u00f3n va dirigida a\u00a0alcanzar la m\u00e1xima calidad,\u00a0<\/strong>combinando la m\u00e1s moderna tecnolog\u00eda con la m\u00e1s cuidadosa atenci\u00f3n al detalle. Y esto solo se puede conseguir con la intervenci\u00f3n del hombre en el proceso.<\/p>\n<p>La estructura de nuestras carretillas se dise\u00f1a en nuestras instalaciones en particular el chassis, el m\u00e1stil, el equipo de direcci\u00f3n y la transmisi\u00f3n. Todos los dem\u00e1s componentes se seleccionan con extrema atenci\u00f3n y cada carretilla se monta y se prueba por nosotros, a fin de que los m\u00e1s altos est\u00e1ndares de fiabilidad y calidad de nuestros clientes sean satisfechos.<\/p>\n<p>Mariotti es una empresa certificada para el dise\u00f1o y la fabricaci\u00f3n de carretillas elevadoras y para la venta de recambios\u00a0<b>(<\/b><a href=\"https:\/\/www.mariotti.it\/wp-content\/uploads\/2018\/06\/2024-V-MARIOTTI-certificato-it-CQY.pdf\" target=\"_blank\" rel=\"noopener\"><b>UNI EN ISO 9001<\/b><\/a><b>).<\/b><\/p>\n<h2>Nuestra historia<\/h2>\n<p>Casi cien a\u00f1os de experiencia a su servicio y nuestro esp\u00edritu constante de innovaci\u00f3n y atenci\u00f3n al cliente hacen que, hoy en d\u00eda, les\u00a0ofrezcamos la gama m\u00e1s completa y fiable de carretillas elevadoras frontales de especial dise\u00f1o y muy reducida dimensi\u00f3n.<\/p>\n<p><ul class=\"accordion\" data-accordion role=\"tablist\"><li class=\"accordion-navigation\"><a href=\"#category0\" role=\"tab\"\n                    id=\"category0-heading\"\n                    aria-controls=\"category0\"\n                    class=\"even\">\n                    <span>+<\/span>&nbsp;1920 \u2013 1973 \/ Los or\u00edgenes\n                <\/a>\n                <div id=\"category0\"\n                     class=\"row content \"\n                     role=\"tabpanel\"\n                     aria-labelledby=\"category0-heading\">\n                  La empresa, fundada en 1920 por Vasco Mariotti, se dedic\u00f3 en un principio a la producci\u00f3n de carros manuales, apiladores manuales, remolques y maquinaria para el embalaje destinados al mercado italiano. En 1973, la empresa fue adquirida por los actuales propietarios, que especializaron la producci\u00f3n para adaptarse a las necesidades espec\u00edficas de manipulaci\u00f3n de mercanc\u00edas de algunos clientes.<\/div><\/li><li class=\"accordion-navigation\"><a href=\"#category1\" role=\"tab\"\n                    id=\"category1-heading\"\n                    aria-controls=\"category1\"\n                    class=\"odd\">\n                    <span>+<\/span>&nbsp;1973 &#8211; 1995 \/ Hacia las carretillas compactas\n                <\/a>\n                <div id=\"category1\"\n                     class=\"row content \"\n                     role=\"tabpanel\"\n                     aria-labelledby=\"category1-heading\">\n                  Con los nuevos directores, <span id=\"result_box\" class=\"short_text\" lang=\"es\"><span class=\"hps\">la producci\u00f3n<\/span> <span class=\"hps\">se ha expandida con <\/span><\/span>transpaletas, apiladores el\u00e9ctricos, maquinas contrapesadas de peque\u00f1as capacidades, carretillas elevadoras frontales y\u00a0veh\u00edculos el\u00e9ctricos de plataforma.\r\nA <span id=\"result_box\" class=\"short_text\" lang=\"es\"><span class=\"hps\">mediados de los<\/span> <span class=\"hps\">a\u00f1os 80<\/span><\/span>, empieza el dise\u00f1o de una gama de maquinas frontales cada vez m\u00e1s espec\u00edficas de tama\u00f1o reducido y peque\u00f1as capacidades. En 1992 se completa la primera gama, llamada FCB, que incluye modelos de 600 a 2.000 kg.<\/div><\/li><li class=\"accordion-navigation\"><a href=\"#category2\" role=\"tab\"\n                    id=\"category2-heading\"\n                    aria-controls=\"category2\"\n                    class=\"even\">\n                    <span>+<\/span>&nbsp;1995 \u2013 2000 \/ Nacimiento de la Serie MYCROS\n                <\/a>\n                <div id=\"category2\"\n                     class=\"row content \"\n                     role=\"tabpanel\"\n                     aria-labelledby=\"category2-heading\">\n                  Nace la primera carretilla de la serie MYCROS, que, a d\u00eda de hoy,\u00a0sigue siendo el producto estrella de la gama Mariotti, substituyendo a la gama FCB. Esta innovadora carretilla tuvo muy buena acogida en el mercado, y crecieron tambi\u00e9n las exportaciones: en 1998, Mariotti registraba un 45 % de las ventas realizadas fuera de Italia.\r\n\r\n&nbsp;<\/div><\/li><li class=\"accordion-navigation\"><a href=\"#category3\" role=\"tab\"\n                    id=\"category3-heading\"\n                    aria-controls=\"category3\"\n                    class=\"odd\">\n                    <span>+<\/span>&nbsp;2000 \u2013 2005 \/ Desembarco en Estados Unidos\n                <\/a>\n                <div id=\"category3\"\n                     class=\"row content \"\n                     role=\"tabpanel\"\n                     aria-labelledby=\"category3-heading\">\n                  En el a\u00f1o 2000 se present\u00f3 la MYCROS 4, la carretilla frontal de conductor sentado m\u00e1s peque\u00f1a del mundo. Mide apenas 990 mm de longitud. Con\u00a0este producto, Mariotti inici\u00f3 su conquista del mercado estadounidense, que en solo un a\u00f1o represent\u00f3\u00a0el 15 % de las ventas de exportaci\u00f3n. En 2002, las relaciones con este pa\u00eds se consolidaron gracias a la creaci\u00f3n de una sociedad conjunta con un socio americano. En 2004, naci\u00f3 la Serie ME, esencial y pr\u00e1ctica, que se uni\u00f3 a la gama MYCROS. En 2006, gracias a una serie de\u00a0acuerdos comerciales, Mariotti empez\u00f3 a distribuir en Estados Unidos, Canad\u00e1 y M\u00e9xico.<\/div><\/li><li class=\"accordion-navigation\"><a href=\"#category4\" role=\"tab\"\n                    id=\"category4-heading\"\n                    aria-controls=\"category4\"\n                    class=\"even\">\n                    <span>+<\/span>&nbsp;2005 \u2013 2012 \/ La llegada de la tecnolog\u00eda CA\n                <\/a>\n                <div id=\"category4\"\n                     class=\"row content \"\n                     role=\"tabpanel\"\n                     aria-labelledby=\"category4-heading\">\n                  Fueron a\u00f1os de innovaci\u00f3n y de exito de dise\u00f1o. Tras 3 a\u00f1os de estudio t\u00e9cnico, naci\u00f3 la nueva serie MYCROS AC: se empezaron a usar\u00a0motores de corriente alterna y, por primera vez en carretillas \u00a0de estas caracter\u00edsticas, se ofrec\u00eda al cliente la posibilidad de elegir entre tracci\u00f3n delantera, trasera o integral (sin variaci\u00f3n de tama\u00f1o del chassis). En 2009, la Serie ME tambi\u00e9n empez\u00f3 a funcionar con corriente alterna adem\u00e1s fue dotada de un sistema de control electr\u00f3nico de elevaci\u00f3n, as\u00ed como de un nuevo sistema de direcci\u00f3n asistida de cremallera.\r\nEn 2011 se lanz\u00f3 la serie MYCROS 4-6C (hoy Mini 4-6) que se convirti\u00f3 en la carretilla elevadora frontal m\u00e1s peque\u00f1a del mundo.<\/div><\/li><li class=\"accordion-navigation\"><a href=\"#category5\" role=\"tab\"\n                    id=\"category5-heading\"\n                    aria-controls=\"category5\"\n                    class=\"odd\">\n                    <span>+<\/span>&nbsp;2012 \u2013 hasta hoy\/ Una gama completa para el mercado internacional\n                <\/a>\n                <div id=\"category5\"\n                     class=\"row content \"\n                     role=\"tabpanel\"\n                     aria-labelledby=\"category5-heading\">\n                  En estos \u00faltimos a\u00f1os, con el nacimiento\u00a0de la carretilla MX 16, adaptada a necesidades de manipulaci\u00f3n de mercanc\u00edas de hasta 1600 kg, se ha completado la renovaci\u00f3n de la gama Mariotti, que hoy en d\u00eda se considera la m\u00e1s completa del mercado a nivel de peque\u00f1as capacidades.\r\n\r\nAm\u00e9rica del Sur y Asia se afirman como los mercados con el porcentaje de desarrollo m\u00e1s elevado y Mariotti aumenta, a\u00f1o tras a\u00f1o, su red de distribuci\u00f3n.<\/div><\/li><\/ul><br \/>\n<div id=\"new-royalslider-24\" class=\"royalSlider new-royalslider-24 rsUni rsTwoAtOnce\" style=\"width:100%;height:400px;;\" data-rs-options='{&quot;template&quot;:&quot;default&quot;,&quot;image_generation&quot;:{&quot;imageWidth&quot;:&quot;&quot;,&quot;imageHeight&quot;:&quot;&quot;,&quot;thumbImageWidth&quot;:&quot;&quot;,&quot;thumbImageHeight&quot;:&quot;&quot;},&quot;thumbs&quot;:{&quot;thumbWidth&quot;:96,&quot;thumbHeight&quot;:72},&quot;fullscreen&quot;:{&quot;enabled&quot;:&quot;true&quot;},&quot;visibleNearby&quot;:{&quot;enabled&quot;:&quot;true&quot;,&quot;centerArea&quot;:0.5,&quot;center&quot;:&quot;false&quot;,&quot;breakpoint&quot;:500,&quot;breakpointCenterArea&quot;:1,&quot;navigateByCenterClick&quot;:&quot;true&quot;},&quot;video&quot;:{&quot;autoHideBlocks&quot;:&quot;true&quot;},&quot;block&quot;:{&quot;moveOffset&quot;:20,&quot;speed&quot;:400,&quot;delay&quot;:200},&quot;width&quot;:&quot;100%&quot;,&quot;height&quot;:&quot;400px&quot;,&quot;autoScaleSlider&quot;:&quot;true&quot;,&quot;autoScaleSliderWidth&quot;:2,&quot;autoScaleSliderHeight&quot;:1,&quot;slidesSpacing&quot;:0,&quot;imageScaleMode&quot;:&quot;fit&quot;,&quot;arrowsNavHideOnTouch&quot;:&quot;true&quot;,&quot;loop&quot;:&quot;true&quot;,&quot;numImagesToPreload&quot;:3,&quot;keyboardNavEnabled&quot;:&quot;true&quot;}'>\n<div class=\"rsContent\">\n  <img class=\"rsImg\" src=\"https:\/\/www.mariotti.it\/wp-content\/uploads\/2015\/10\/Mariotti-history-7.jpg\" data-rsBigImg=\"https:\/\/www.mariotti.it\/wp-content\/uploads\/2015\/10\/Mariotti-history-7.jpg\" alt=\"Mariotti-history-7\"\/>\n  \n  \n  \n<\/div>\n<div class=\"rsContent\">\n  <img class=\"rsImg\" src=\"https:\/\/www.mariotti.it\/wp-content\/uploads\/2015\/10\/Mariotti-history-4.jpg\" data-rsBigImg=\"https:\/\/www.mariotti.it\/wp-content\/uploads\/2015\/10\/Mariotti-history-4.jpg\" alt=\"Mariotti-history-4\"\/>\n  \n  \n  \n<\/div>\n<div class=\"rsContent\">\n  <img class=\"rsImg\" src=\"https:\/\/www.mariotti.it\/wp-content\/uploads\/2015\/10\/Mariotti-history-5.jpg\" data-rsBigImg=\"https:\/\/www.mariotti.it\/wp-content\/uploads\/2015\/10\/Mariotti-history-5.jpg\" alt=\"Mariotti-history-5\"\/>\n  \n  \n  \n<\/div>\n<div class=\"rsContent\">\n  <img class=\"rsImg\" src=\"https:\/\/www.mariotti.it\/wp-content\/uploads\/2015\/10\/Mariotti-history-2.jpg\" data-rsBigImg=\"https:\/\/www.mariotti.it\/wp-content\/uploads\/2015\/10\/Mariotti-history-2.jpg\" alt=\"Mariotti-history-2\"\/>\n  \n  \n  \n<\/div>\n<div class=\"rsContent\">\n  <img class=\"rsImg\" src=\"https:\/\/www.mariotti.it\/wp-content\/uploads\/2015\/10\/Mariotti-history-13.jpg\" data-rsBigImg=\"https:\/\/www.mariotti.it\/wp-content\/uploads\/2015\/10\/Mariotti-history-13.jpg\" alt=\"Mariotti-history-13\"\/>\n  \n  \n  \n<\/div>\n<div class=\"rsContent\">\n  <img class=\"rsImg\" src=\"https:\/\/www.mariotti.it\/wp-content\/uploads\/2015\/10\/Mariotti-history-12.jpg\" data-rsBigImg=\"https:\/\/www.mariotti.it\/wp-content\/uploads\/2015\/10\/Mariotti-history-12.jpg\" alt=\"Mariotti-history-12\"\/>\n  \n  \n  \n<\/div>\n<div class=\"rsContent\">\n  <img class=\"rsImg\" src=\"https:\/\/www.mariotti.it\/wp-content\/uploads\/2015\/10\/Mariotti-history-9.jpg\" data-rsBigImg=\"https:\/\/www.mariotti.it\/wp-content\/uploads\/2015\/10\/Mariotti-history-9.jpg\" alt=\"Mariotti-history-9\"\/>\n  \n  \n  \n<\/div>\n<div class=\"rsContent\">\n  <img class=\"rsImg\" src=\"https:\/\/www.mariotti.it\/wp-content\/uploads\/2015\/10\/Mariotti-history-10.jpg\" data-rsBigImg=\"https:\/\/www.mariotti.it\/wp-content\/uploads\/2015\/10\/Mariotti-history-10.jpg\" alt=\"Mariotti-history-10\"\/>\n  \n  \n  \n<\/div>\n<div class=\"rsContent\">\n  <img class=\"rsImg\" src=\"https:\/\/www.mariotti.it\/wp-content\/uploads\/2015\/10\/Mariotti-history-11.jpg\" data-rsBigImg=\"https:\/\/www.mariotti.it\/wp-content\/uploads\/2015\/10\/Mariotti-history-11.jpg\" alt=\"Mariotti-history-11\"\/>\n  \n  \n  \n<\/div>\n<div class=\"rsContent\">\n  <img class=\"rsImg\" src=\"https:\/\/www.mariotti.it\/wp-content\/uploads\/2015\/10\/Mariotti-history-14.jpg\" data-rsBigImg=\"https:\/\/www.mariotti.it\/wp-content\/uploads\/2015\/10\/Mariotti-history-14.jpg\" alt=\"Mariotti-history-14\"\/>\n  \n  \n  \n<\/div>\n<div class=\"rsContent\">\n  <img class=\"rsImg\" src=\"https:\/\/www.mariotti.it\/wp-content\/uploads\/2015\/10\/Mariotti-history-16.jpg\" data-rsBigImg=\"https:\/\/www.mariotti.it\/wp-content\/uploads\/2015\/10\/Mariotti-history-16.jpg\" alt=\"Mariotti-history-16\"\/>\n  \n  \n  \n<\/div>\n<div class=\"rsContent\">\n  <img class=\"rsImg\" src=\"https:\/\/www.mariotti.it\/wp-content\/uploads\/2015\/10\/Mariotti-history-19.jpg\" data-rsBigImg=\"https:\/\/www.mariotti.it\/wp-content\/uploads\/2015\/10\/Mariotti-history-19.jpg\" alt=\"Mariotti-history-19\"\/>\n  \n  \n  \n<\/div>\n<div class=\"rsContent\">\n  <img class=\"rsImg\" src=\"https:\/\/www.mariotti.it\/wp-content\/uploads\/2015\/10\/Mariotti-history-20.jpg\" data-rsBigImg=\"https:\/\/www.mariotti.it\/wp-content\/uploads\/2015\/10\/Mariotti-history-20.jpg\" alt=\"Mariotti-history-20\"\/>\n  \n  \n  \n<\/div>\n<div class=\"rsContent\">\n  <img class=\"rsImg\" src=\"https:\/\/www.mariotti.it\/wp-content\/uploads\/2015\/10\/Mariotti-history-21.jpg\" data-rsBigImg=\"https:\/\/www.mariotti.it\/wp-content\/uploads\/2015\/10\/Mariotti-history-21.jpg\" alt=\"Mariotti-history-21\"\/>\n  \n  \n  \n<\/div>\n<div class=\"rsContent\">\n  <img class=\"rsImg\" src=\"https:\/\/www.mariotti.it\/wp-content\/uploads\/2015\/10\/Mariotti-history-22.jpg\" data-rsBigImg=\"https:\/\/www.mariotti.it\/wp-content\/uploads\/2015\/10\/Mariotti-history-22.jpg\" alt=\"Mariotti-history-22\"\/>\n  \n  \n  \n<\/div>\n<div class=\"rsContent\">\n  <img class=\"rsImg\" src=\"https:\/\/www.mariotti.it\/wp-content\/uploads\/2015\/10\/Mariotti-history-26.jpg\" data-rsBigImg=\"https:\/\/www.mariotti.it\/wp-content\/uploads\/2015\/10\/Mariotti-history-26.jpg\" alt=\"Mariotti-history-26\"\/>\n  \n  \n  \n<\/div>\n<div class=\"rsContent\">\n  <img class=\"rsImg\" src=\"https:\/\/www.mariotti.it\/wp-content\/uploads\/2015\/10\/Mariotti-history-25.jpg\" data-rsBigImg=\"https:\/\/www.mariotti.it\/wp-content\/uploads\/2015\/10\/Mariotti-history-25.jpg\" alt=\"Mariotti-history-25\"\/>\n  \n  \n  \n<\/div>\n<div class=\"rsContent\">\n  <img class=\"rsImg\" src=\"https:\/\/www.mariotti.it\/wp-content\/uploads\/2015\/10\/Mariotti-history-27.jpg\" data-rsBigImg=\"https:\/\/www.mariotti.it\/wp-content\/uploads\/2015\/10\/Mariotti-history-27.jpg\" alt=\"Mariotti-history-27\"\/>\n  \n  \n  \n<\/div>\n<div class=\"rsContent\">\n  <img class=\"rsImg\" src=\"https:\/\/www.mariotti.it\/wp-content\/uploads\/2015\/10\/Mariotti-history-29.jpg\" data-rsBigImg=\"https:\/\/www.mariotti.it\/wp-content\/uploads\/2015\/10\/Mariotti-history-29.jpg\" alt=\"Mariotti-history-29\"\/>\n  \n  \n  \n<\/div>\n<div class=\"rsContent\">\n  <img class=\"rsImg\" src=\"https:\/\/www.mariotti.it\/wp-content\/uploads\/2015\/10\/Mariotti-history-32.jpg\" data-rsBigImg=\"https:\/\/www.mariotti.it\/wp-content\/uploads\/2015\/10\/Mariotti-history-32.jpg\" alt=\"Mariotti-history-32\"\/>\n  \n  \n  \n<\/div>\n<div class=\"rsContent\">\n  <img class=\"rsImg\" src=\"https:\/\/www.mariotti.it\/wp-content\/uploads\/2015\/10\/Mariotti-history-31.jpg\" data-rsBigImg=\"https:\/\/www.mariotti.it\/wp-content\/uploads\/2015\/10\/Mariotti-history-31.jpg\" alt=\"Mariotti-history-31\"\/>\n  \n  \n  \n<\/div>\n<div class=\"rsContent\">\n  <img class=\"rsImg\" src=\"https:\/\/www.mariotti.it\/wp-content\/uploads\/2015\/10\/Mariotti-history-38-forklift-Mycros-4.jpg\" data-rsBigImg=\"https:\/\/www.mariotti.it\/wp-content\/uploads\/2015\/10\/Mariotti-history-38-forklift-Mycros-4.jpg\" alt=\"Mariotti-history-38-forklift-Mycros-4\"\/>\n  \n  \n  \n<\/div>\n<div class=\"rsContent\">\n  <img class=\"rsImg\" src=\"https:\/\/www.mariotti.it\/wp-content\/uploads\/2015\/10\/Mariotti-history-39-forklift-Mycros-6-8C.jpg\" data-rsBigImg=\"https:\/\/www.mariotti.it\/wp-content\/uploads\/2015\/10\/Mariotti-history-39-forklift-Mycros-6-8C.jpg\" alt=\"Mariotti-history-39-forklift-Mycros-6-8C\"\/>\n  \n  \n  \n<\/div>\n<div class=\"rsContent\">\n  <img class=\"rsImg\" src=\"https:\/\/www.mariotti.it\/wp-content\/uploads\/2015\/10\/Mariotti-history-40-forklift-Mycros-8-10C-13C.jpg\" data-rsBigImg=\"https:\/\/www.mariotti.it\/wp-content\/uploads\/2015\/10\/Mariotti-history-40-forklift-Mycros-8-10C-13C.jpg\" alt=\"Mariotti-history-40-forklift-Mycros-8-10C-13C\"\/>\n  \n  \n  \n<\/div>\n<div class=\"rsContent\">\n  <img class=\"rsImg\" src=\"https:\/\/www.mariotti.it\/wp-content\/uploads\/2015\/10\/Mariotti-history-41-forklift-Mycros-10-13-15.jpg\" data-rsBigImg=\"https:\/\/www.mariotti.it\/wp-content\/uploads\/2015\/10\/Mariotti-history-41-forklift-Mycros-10-13-15.jpg\" alt=\"Mariotti-history-41-forklift-Mycros-10-13-15\"\/>\n  \n  \n  \n<\/div>\n<div class=\"rsContent\">\n  <img class=\"rsImg\" src=\"https:\/\/www.mariotti.it\/wp-content\/uploads\/2015\/10\/Mariotti-history-42-forklift-Mycros-17-20.jpg\" data-rsBigImg=\"https:\/\/www.mariotti.it\/wp-content\/uploads\/2015\/10\/Mariotti-history-42-forklift-Mycros-17-20.jpg\" alt=\"Mariotti-history-42-forklift-Mycros-17-20\"\/>\n  \n  \n  \n<\/div>\n<div class=\"rsContent\">\n  <img class=\"rsImg\" src=\"https:\/\/www.mariotti.it\/wp-content\/uploads\/2015\/10\/Mariotti-history-34.jpg\" data-rsBigImg=\"https:\/\/www.mariotti.it\/wp-content\/uploads\/2015\/10\/Mariotti-history-34.jpg\" alt=\"Mariotti-history-34\"\/>\n  \n  \n  \n<\/div>\n<div class=\"rsContent\">\n  <img class=\"rsImg\" src=\"https:\/\/www.mariotti.it\/wp-content\/uploads\/2015\/10\/Mariotti-history-35.jpg\" data-rsBigImg=\"https:\/\/www.mariotti.it\/wp-content\/uploads\/2015\/10\/Mariotti-history-35.jpg\" alt=\"Mariotti-history-35\"\/>\n  \n  \n  \n<\/div>\n<div class=\"rsContent\">\n  <img class=\"rsImg\" src=\"https:\/\/www.mariotti.it\/wp-content\/uploads\/2015\/10\/Mariotti-history-36.jpg\" data-rsBigImg=\"https:\/\/www.mariotti.it\/wp-content\/uploads\/2015\/10\/Mariotti-history-36.jpg\" alt=\"Mariotti-history-36\"\/>\n  \n  \n  \n<\/div>\n\n<\/div>\n<\/p>\n<h2>Visi\u00f3n y futuro<\/h2>\n<p>Nuestra misi\u00f3n es ofrecerle las <strong>mejores soluciones a sus problemas de manipulaci\u00f3n de mercanc\u00edas en espacios reducidos<\/strong> y entornos de trabajo no aptos para maquinaria est\u00e1ndar. Para ello, englobamos\u00a0en una sola carretilla toda la tecnolog\u00eda, precisi\u00f3n, compacidad y calidad.<\/p>\n<p>Nuestro objetivo no es solo fabricar\u00a0carretillas elevadoras el\u00e9ctricas, sino investigar, inspir\u00e1ndonos en las necesidades del cliente, para ofrecerle las mejores soluciones que, por un lado, cuenten con\u00a0las mejores prestaciones y la m\u00e1xima seguridad y confort, y, por el otro lado, minimicen las inconvenientes en el trabajo y los paros, ahorrando as\u00ed en tiempo y en costos de operaci\u00f3n.<\/p>\n<p>Ci\u00f1\u00e9ndonos a\u00a0esta filosof\u00eda, seguiremos desarrollando nuestra oferta de carretillas el\u00e9ctricas, ofreciendo al cliente un servicio eficaz y personalizado, a fin de poderle garantizar soluciones a la medida de sus necesidades espec\u00edficas.<\/p>\n<p>Nuestras palabras clave para el futuro son: <strong>calidad, servicio, compacidad, fiabilidad, precisi\u00f3n, dise\u00f1o, seguridad y versatilidad.\u00a0<\/strong><\/p>\n","protected":false},"excerpt":{"rendered":"<p>Qui\u00e9n somos Desde 1920, la empresa V. Mariotti dise\u00f1a\u00a0y ofrece soluciones para la manipulaci\u00f3n de mercanc\u00edas. A d\u00eda de hoy,\u00a0se ha especializado en la fabricaci\u00f3n\u00a0de las carretillas levadoras el\u00e9ctricas frontales m\u00e1s peque\u00f1as del mundo (de 3 ruedas con capacidad de carga de 400 a 1600 kg). Empresa l\u00edder en su sector y una de las [&hellip;]<\/p>\n","protected":false},"author":1,"featured_media":0,"parent":0,"menu_order":0,"comment_status":"closed","ping_status":"closed","template":"page-sidebar-right.php","meta":[],"acf":[],"yoast_head":"<!-- This site is optimized with the Yoast SEO plugin v20.4 - https:\/\/yoast.com\/wordpress\/plugins\/seo\/ -->\n<title>Empresa | Mariotti<\/title>\n<meta name=\"robots\" content=\"index, follow, max-snippet:-1, max-image-preview:large, max-video-preview:-1\" \/>\n<link rel=\"canonical\" href=\"https:\/\/www.mariotti.it\/es\/empresa\/\" \/>\n<meta property=\"og:locale\" content=\"es_ES\" \/>\n<meta property=\"og:type\" content=\"article\" \/>\n<meta property=\"og:title\" content=\"Empresa | Mariotti\" \/>\n<meta property=\"og:description\" content=\"Qui\u00e9n somos Desde 1920, la empresa V. Mariotti dise\u00f1a\u00a0y ofrece soluciones para la manipulaci\u00f3n de mercanc\u00edas. A d\u00eda de hoy,\u00a0se ha especializado en la fabricaci\u00f3n\u00a0de las carretillas levadoras el\u00e9ctricas frontales m\u00e1s peque\u00f1as del mundo (de 3 ruedas con capacidad de carga de 400 a 1600 kg). Empresa l\u00edder en su sector y una de las [&hellip;]\" \/>\n<meta property=\"og:url\" content=\"https:\/\/www.mariotti.it\/es\/empresa\/\" \/>\n<meta property=\"og:site_name\" content=\"Mariotti\" \/>\n<meta property=\"article:modified_time\" content=\"2021-10-05T09:59:01+00:00\" \/>\n<meta name=\"twitter:card\" content=\"summary_large_image\" \/>\n<meta name=\"twitter:label1\" content=\"Tiempo de lectura\" \/>\n\t<meta name=\"twitter:data1\" content=\"3 minutos\" \/>\n<script type=\"application\/ld+json\" class=\"yoast-schema-graph\">{\"@context\":\"https:\/\/schema.org\",\"@graph\":[{\"@type\":\"WebPage\",\"@id\":\"https:\/\/www.mariotti.it\/es\/empresa\/\",\"url\":\"https:\/\/www.mariotti.it\/es\/empresa\/\",\"name\":\"Empresa | Mariotti\",\"isPartOf\":{\"@id\":\"https:\/\/www.mariotti.it\/#website\"},\"datePublished\":\"2015-06-02T08:43:09+00:00\",\"dateModified\":\"2021-10-05T09:59:01+00:00\",\"breadcrumb\":{\"@id\":\"https:\/\/www.mariotti.it\/es\/empresa\/#breadcrumb\"},\"inLanguage\":\"es\",\"potentialAction\":[{\"@type\":\"ReadAction\",\"target\":[\"https:\/\/www.mariotti.it\/es\/empresa\/\"]}]},{\"@type\":\"BreadcrumbList\",\"@id\":\"https:\/\/www.mariotti.it\/es\/empresa\/#breadcrumb\",\"itemListElement\":[{\"@type\":\"ListItem\",\"position\":1,\"name\":\"Home\",\"item\":\"https:\/\/www.mariotti.it\/es\/\"},{\"@type\":\"ListItem\",\"position\":2,\"name\":\"Empresa\"}]},{\"@type\":\"WebSite\",\"@id\":\"https:\/\/www.mariotti.it\/#website\",\"url\":\"https:\/\/www.mariotti.it\/\",\"name\":\"Mariotti\",\"description\":\"Compact Forklift Solutions\",\"potentialAction\":[{\"@type\":\"SearchAction\",\"target\":{\"@type\":\"EntryPoint\",\"urlTemplate\":\"https:\/\/www.mariotti.it\/?s={search_term_string}\"},\"query-input\":\"required name=search_term_string\"}],\"inLanguage\":\"es\"}]}<\/script>\n<!-- \/ Yoast SEO plugin. -->","yoast_head_json":{"title":"Empresa | Mariotti","robots":{"index":"index","follow":"follow","max-snippet":"max-snippet:-1","max-image-preview":"max-image-preview:large","max-video-preview":"max-video-preview:-1"},"canonical":"https:\/\/www.mariotti.it\/es\/empresa\/","og_locale":"es_ES","og_type":"article","og_title":"Empresa | Mariotti","og_description":"Qui\u00e9n somos Desde 1920, la empresa V. Mariotti dise\u00f1a\u00a0y ofrece soluciones para la manipulaci\u00f3n de mercanc\u00edas. A d\u00eda de hoy,\u00a0se ha especializado en la fabricaci\u00f3n\u00a0de las carretillas levadoras el\u00e9ctricas frontales m\u00e1s peque\u00f1as del mundo (de 3 ruedas con capacidad de carga de 400 a 1600 kg). Empresa l\u00edder en su sector y una de las [&hellip;]","og_url":"https:\/\/www.mariotti.it\/es\/empresa\/","og_site_name":"Mariotti","article_modified_time":"2021-10-05T09:59:01+00:00","twitter_card":"summary_large_image","twitter_misc":{"Tiempo de lectura":"3 minutos"},"schema":{"@context":"https:\/\/schema.org","@graph":[{"@type":"WebPage","@id":"https:\/\/www.mariotti.it\/es\/empresa\/","url":"https:\/\/www.mariotti.it\/es\/empresa\/","name":"Empresa | Mariotti","isPartOf":{"@id":"https:\/\/www.mariotti.it\/#website"},"datePublished":"2015-06-02T08:43:09+00:00","dateModified":"2021-10-05T09:59:01+00:00","breadcrumb":{"@id":"https:\/\/www.mariotti.it\/es\/empresa\/#breadcrumb"},"inLanguage":"es","potentialAction":[{"@type":"ReadAction","target":["https:\/\/www.mariotti.it\/es\/empresa\/"]}]},{"@type":"BreadcrumbList","@id":"https:\/\/www.mariotti.it\/es\/empresa\/#breadcrumb","itemListElement":[{"@type":"ListItem","position":1,"name":"Home","item":"https:\/\/www.mariotti.it\/es\/"},{"@type":"ListItem","position":2,"name":"Empresa"}]},{"@type":"WebSite","@id":"https:\/\/www.mariotti.it\/#website","url":"https:\/\/www.mariotti.it\/","name":"Mariotti","description":"Compact Forklift Solutions","potentialAction":[{"@type":"SearchAction","target":{"@type":"EntryPoint","urlTemplate":"https:\/\/www.mariotti.it\/?s={search_term_string}"},"query-input":"required name=search_term_string"}],"inLanguage":"es"}]}},"_links":{"self":[{"href":"https:\/\/www.mariotti.it\/es\/wp-json\/wp\/v2\/pages\/1047"}],"collection":[{"href":"https:\/\/www.mariotti.it\/es\/wp-json\/wp\/v2\/pages"}],"about":[{"href":"https:\/\/www.mariotti.it\/es\/wp-json\/wp\/v2\/types\/page"}],"author":[{"embeddable":true,"href":"https:\/\/www.mariotti.it\/es\/wp-json\/wp\/v2\/users\/1"}],"replies":[{"embeddable":true,"href":"https:\/\/www.mariotti.it\/es\/wp-json\/wp\/v2\/comments?post=1047"}],"version-history":[{"count":0,"href":"https:\/\/www.mariotti.it\/es\/wp-json\/wp\/v2\/pages\/1047\/revisions"}],"wp:attachment":[{"href":"https:\/\/www.mariotti.it\/es\/wp-json\/wp\/v2\/media?parent=1047"}],"curies":[{"name":"wp","href":"https:\/\/api.w.org\/{rel}","templated":true}]}}