{"id":1059,"date":"2015-07-23T15:58:44","date_gmt":"2015-07-23T13:58:44","guid":{"rendered":"https:\/\/www.mariotti.it\/es\/clienti\/"},"modified":"2018-06-29T12:44:28","modified_gmt":"2018-06-29T12:44:28","slug":"clientes-2","status":"publish","type":"page","link":"https:\/\/www.mariotti.it\/es\/clientes-2\/","title":{"rendered":"Clientes"},"content":{"rendered":"<h1>Nuestros clientes<\/h1>\n<p>Mariotti lleva a\u00f1os resolviendo problemas de manipulaci\u00f3n de mercanc\u00edas para muchos clientes de prestigio que<strong>\u00a0exigen\u00a0la m\u00e1xima profesionalidad y calidad, <\/strong>eso les coloca a la vanguardia en su sector.\u00a0P<span id=\"result_box\" class=\"short_text\" lang=\"es\"><span class=\"hps\">or esta raz\u00f3n han<\/span><\/span> escogido a Mariotti: por sus caracter\u00edsticas \u00fanicas, y, en muchas ocasiones, por sus necesidades espec\u00edficas y a medida, que no se ve\u00edan cubiertas por\u00a0maquinaria est\u00e1ndar.<\/p>\n<h2>Sectores de uso<\/h2>\n<p>Nuestras carretillas se utilizan en empresas y industrias de diferentes tama\u00f1os:\u00a0desde multinacionales a PYME, y estamos presentes en diferentes sectores:<\/p>\n","protected":false},"excerpt":{"rendered":"<p>Nuestros clientes Mariotti lleva a\u00f1os resolviendo problemas de manipulaci\u00f3n de mercanc\u00edas para muchos clientes de prestigio que\u00a0exigen\u00a0la m\u00e1xima profesionalidad y calidad, eso les coloca a la vanguardia en su sector.\u00a0Por esta raz\u00f3n han escogido a Mariotti: por sus caracter\u00edsticas \u00fanicas, y, en muchas ocasiones, por sus necesidades espec\u00edficas y a medida, que no se ve\u00edan [&hellip;]<\/p>\n","protected":false},"author":2,"featured_media":0,"parent":0,"menu_order":0,"comment_status":"closed","ping_status":"closed","template":"page-clients.php","meta":[],"acf":[],"yoast_head":"<!-- This site is optimized with the Yoast SEO plugin v20.4 - https:\/\/yoast.com\/wordpress\/plugins\/seo\/ -->\n<title>Clientes | Mariotti<\/title>\n<meta name=\"robots\" content=\"index, follow, max-snippet:-1, max-image-preview:large, max-video-preview:-1\" \/>\n<link rel=\"canonical\" href=\"https:\/\/www.mariotti.it\/es\/clientes-2\/\" \/>\n<meta property=\"og:locale\" content=\"es_ES\" \/>\n<meta property=\"og:type\" content=\"article\" \/>\n<meta property=\"og:title\" content=\"Clientes | Mariotti\" \/>\n<meta property=\"og:description\" content=\"Nuestros clientes Mariotti lleva a\u00f1os resolviendo problemas de manipulaci\u00f3n de mercanc\u00edas para muchos clientes de prestigio que\u00a0exigen\u00a0la m\u00e1xima profesionalidad y calidad, eso les coloca a la vanguardia en su sector.\u00a0Por esta raz\u00f3n han escogido a Mariotti: por sus caracter\u00edsticas \u00fanicas, y, en muchas ocasiones, por sus necesidades espec\u00edficas y a medida, que no se ve\u00edan [&hellip;]\" \/>\n<meta property=\"og:url\" content=\"https:\/\/www.mariotti.it\/es\/clientes-2\/\" \/>\n<meta property=\"og:site_name\" content=\"Mariotti\" \/>\n<meta property=\"article:modified_time\" content=\"2018-06-29T12:44:28+00:00\" \/>\n<meta name=\"twitter:card\" content=\"summary_large_image\" \/>\n<script type=\"application\/ld+json\" class=\"yoast-schema-graph\">{\"@context\":\"https:\/\/schema.org\",\"@graph\":[{\"@type\":\"WebPage\",\"@id\":\"https:\/\/www.mariotti.it\/es\/clientes-2\/\",\"url\":\"https:\/\/www.mariotti.it\/es\/clientes-2\/\",\"name\":\"Clientes | Mariotti\",\"isPartOf\":{\"@id\":\"https:\/\/www.mariotti.it\/#website\"},\"datePublished\":\"2015-07-23T13:58:44+00:00\",\"dateModified\":\"2018-06-29T12:44:28+00:00\",\"breadcrumb\":{\"@id\":\"https:\/\/www.mariotti.it\/es\/clientes-2\/#breadcrumb\"},\"inLanguage\":\"es\",\"potentialAction\":[{\"@type\":\"ReadAction\",\"target\":[\"https:\/\/www.mariotti.it\/es\/clientes-2\/\"]}]},{\"@type\":\"BreadcrumbList\",\"@id\":\"https:\/\/www.mariotti.it\/es\/clientes-2\/#breadcrumb\",\"itemListElement\":[{\"@type\":\"ListItem\",\"position\":1,\"name\":\"Home\",\"item\":\"https:\/\/www.mariotti.it\/es\/\"},{\"@type\":\"ListItem\",\"position\":2,\"name\":\"Clientes\"}]},{\"@type\":\"WebSite\",\"@id\":\"https:\/\/www.mariotti.it\/#website\",\"url\":\"https:\/\/www.mariotti.it\/\",\"name\":\"Mariotti\",\"description\":\"Compact Forklift Solutions\",\"potentialAction\":[{\"@type\":\"SearchAction\",\"target\":{\"@type\":\"EntryPoint\",\"urlTemplate\":\"https:\/\/www.mariotti.it\/?s={search_term_string}\"},\"query-input\":\"required name=search_term_string\"}],\"inLanguage\":\"es\"}]}<\/script>\n<!-- \/ Yoast SEO plugin. -->","yoast_head_json":{"title":"Clientes | Mariotti","robots":{"index":"index","follow":"follow","max-snippet":"max-snippet:-1","max-image-preview":"max-image-preview:large","max-video-preview":"max-video-preview:-1"},"canonical":"https:\/\/www.mariotti.it\/es\/clientes-2\/","og_locale":"es_ES","og_type":"article","og_title":"Clientes | Mariotti","og_description":"Nuestros clientes Mariotti lleva a\u00f1os resolviendo problemas de manipulaci\u00f3n de mercanc\u00edas para muchos clientes de prestigio que\u00a0exigen\u00a0la m\u00e1xima profesionalidad y calidad, eso les coloca a la vanguardia en su sector.\u00a0Por esta raz\u00f3n han escogido a Mariotti: por sus caracter\u00edsticas \u00fanicas, y, en muchas ocasiones, por sus necesidades espec\u00edficas y a medida, que no se ve\u00edan [&hellip;]","og_url":"https:\/\/www.mariotti.it\/es\/clientes-2\/","og_site_name":"Mariotti","article_modified_time":"2018-06-29T12:44:28+00:00","twitter_card":"summary_large_image","schema":{"@context":"https:\/\/schema.org","@graph":[{"@type":"WebPage","@id":"https:\/\/www.mariotti.it\/es\/clientes-2\/","url":"https:\/\/www.mariotti.it\/es\/clientes-2\/","name":"Clientes | Mariotti","isPartOf":{"@id":"https:\/\/www.mariotti.it\/#website"},"datePublished":"2015-07-23T13:58:44+00:00","dateModified":"2018-06-29T12:44:28+00:00","breadcrumb":{"@id":"https:\/\/www.mariotti.it\/es\/clientes-2\/#breadcrumb"},"inLanguage":"es","potentialAction":[{"@type":"ReadAction","target":["https:\/\/www.mariotti.it\/es\/clientes-2\/"]}]},{"@type":"BreadcrumbList","@id":"https:\/\/www.mariotti.it\/es\/clientes-2\/#breadcrumb","itemListElement":[{"@type":"ListItem","position":1,"name":"Home","item":"https:\/\/www.mariotti.it\/es\/"},{"@type":"ListItem","position":2,"name":"Clientes"}]},{"@type":"WebSite","@id":"https:\/\/www.mariotti.it\/#website","url":"https:\/\/www.mariotti.it\/","name":"Mariotti","description":"Compact Forklift Solutions","potentialAction":[{"@type":"SearchAction","target":{"@type":"EntryPoint","urlTemplate":"https:\/\/www.mariotti.it\/?s={search_term_string}"},"query-input":"required name=search_term_string"}],"inLanguage":"es"}]}},"_links":{"self":[{"href":"https:\/\/www.mariotti.it\/es\/wp-json\/wp\/v2\/pages\/1059"}],"collection":[{"href":"https:\/\/www.mariotti.it\/es\/wp-json\/wp\/v2\/pages"}],"about":[{"href":"https:\/\/www.mariotti.it\/es\/wp-json\/wp\/v2\/types\/page"}],"author":[{"embeddable":true,"href":"https:\/\/www.mariotti.it\/es\/wp-json\/wp\/v2\/users\/2"}],"replies":[{"embeddable":true,"href":"https:\/\/www.mariotti.it\/es\/wp-json\/wp\/v2\/comments?post=1059"}],"version-history":[{"count":0,"href":"https:\/\/www.mariotti.it\/es\/wp-json\/wp\/v2\/pages\/1059\/revisions"}],"wp:attachment":[{"href":"https:\/\/www.mariotti.it\/es\/wp-json\/wp\/v2\/media?parent=1059"}],"curies":[{"name":"wp","href":"https:\/\/api.w.org\/{rel}","templated":true}]}}