{"id":1119,"date":"2015-07-06T16:23:53","date_gmt":"2015-07-06T14:23:53","guid":{"rendered":"https:\/\/www.mariotti.it\/es\/macchine-speciali\/"},"modified":"2016-01-18T16:40:41","modified_gmt":"2016-01-18T16:40:41","slug":"maquinas-especiales","status":"publish","type":"page","link":"https:\/\/www.mariotti.it\/es\/maquinas-especiales\/","title":{"rendered":"M\u00e1quinas Especiales"},"content":{"rendered":"<h1>M\u00e1quinas Especiales<\/h1>\n<p>Desde sus inicios, Mariotti se ha especializado en la realizaci\u00f3n de soluciones a la medida,<br \/>\nofreciendo tanto la personalizaci\u00f3n de su gama de serie, como el dise\u00f1o y la producci\u00f3n de<br \/>\nm\u00e1quinas especiales destinadas a dar respuesta a las necesidades m\u00e1s espec\u00edficas de manipulaci\u00f3n de mercanc\u00edas de sus clientes.<\/p>\n<h2>Personalizaci\u00f3n de las carretillas elevadoras de serie<\/h2>\n<p>Ofrecemos diferentes tipos de modificaciones y personalizaciones aplicables a cualquier<br \/>\nmodelo de nuestra gama. Las m\u00e1s frecuentes son:<\/p>\n<p><ul class=\"accordion\" data-accordion role=\"tablist\"><li class=\"accordion-navigation\"><a href=\"#category0\" role=\"tab\"\n                    id=\"category0-heading\"\n                    aria-controls=\"category0\"\n                    class=\"even\">\n                    <span>+<\/span>&nbsp;Modificaciones del chasis y del m\u00e1stil\n                <\/a>\n                <div id=\"category0\"\n                     class=\"row content \"\n                     role=\"tabpanel\"\n                     aria-labelledby=\"category0-heading\">\n                  <ul>\r\n\t<li>modificaci\u00f3n o remoci\u00f3n del techo protector<\/li>\r\n\t<li>modificaci\u00f3n del ancho y de la altura del tablero porta-horquillas<\/li>\r\n\t<li>reducci\u00f3n de la altura del m\u00e1stil y del techo protector<\/li>\r\n\t<li>aumento de la altura m\u00e1xima de elevaci\u00f3n<\/li>\r\n\t<li>ampliaci\u00f3n del eje delantero para mejorar la estabilidad y la distribuci\u00f3n del peso<\/li>\r\n\t<li>otras modificaciones o ajustes a la estructura para adaptarla a necesidades espec\u00edficas<\/li>\r\n<\/ul><\/div><\/li><li class=\"accordion-navigation\"><a href=\"#category1\" role=\"tab\"\n                    id=\"category1-heading\"\n                    aria-controls=\"category1\"\n                    class=\"odd\">\n                    <span>+<\/span>&nbsp;Implementos especiales\n                <\/a>\n                <div id=\"category1\"\n                     class=\"row content \"\n                     role=\"tabpanel\"\n                     aria-labelledby=\"category1-heading\">\n                  <ul>\r\n\t<li>horquillas a la medida y horquillas plegables<\/li>\r\n\t<li>pinzas de diferentes formas y medidas<\/li>\r\n\t<li>espolones<\/li>\r\n\t<li>dise\u00f1o de implementos espec\u00edficos a la medida<\/li>\r\n<\/ul><\/div><\/li><li class=\"accordion-navigation\"><a href=\"#category2\" role=\"tab\"\n                    id=\"category2-heading\"\n                    aria-controls=\"category2\"\n                    class=\"even\">\n                    <span>+<\/span>&nbsp;Acondicionamientos especiales\n                <\/a>\n                <div id=\"category2\"\n                     class=\"row content \"\n                     role=\"tabpanel\"\n                     aria-labelledby=\"category2-heading\">\n                  <ul>\r\n\t<li>c\u00e1mara frigor\u00edfica\u00a0(-20\u00b0C)<\/li>\r\n\t<li>antideflagrante para zona ATEX (varias configuraciones)<\/li>\r\n\t<li>anticorrosivos y entornos salinos (varias configuraciones)<\/li>\r\n\t<li>pintura personalizada<\/li>\r\n<\/ul><\/div><\/li><\/ul><br \/>\n<div id=\"new-royalslider-15\" class=\"royalSlider new-royalslider-15 rsUni rsTwoAtOnce\" style=\"width:100%;height:400px;;\" data-rs-options='{&quot;template&quot;:&quot;default&quot;,&quot;image_generation&quot;:{&quot;imageWidth&quot;:&quot;&quot;,&quot;imageHeight&quot;:&quot;&quot;,&quot;thumbImageWidth&quot;:&quot;&quot;,&quot;thumbImageHeight&quot;:&quot;&quot;},&quot;thumbs&quot;:{&quot;thumbWidth&quot;:96,&quot;thumbHeight&quot;:72},&quot;fullscreen&quot;:{&quot;enabled&quot;:&quot;true&quot;},&quot;visibleNearby&quot;:{&quot;enabled&quot;:&quot;true&quot;,&quot;centerArea&quot;:0.5,&quot;center&quot;:&quot;false&quot;,&quot;breakpoint&quot;:500,&quot;breakpointCenterArea&quot;:1,&quot;navigateByCenterClick&quot;:&quot;true&quot;},&quot;video&quot;:{&quot;autoHideBlocks&quot;:&quot;true&quot;},&quot;block&quot;:{&quot;moveOffset&quot;:20,&quot;speed&quot;:400,&quot;delay&quot;:200},&quot;width&quot;:&quot;100%&quot;,&quot;height&quot;:&quot;400px&quot;,&quot;autoScaleSlider&quot;:&quot;true&quot;,&quot;autoScaleSliderWidth&quot;:2,&quot;autoScaleSliderHeight&quot;:1,&quot;slidesSpacing&quot;:0,&quot;imageScaleMode&quot;:&quot;fit&quot;,&quot;arrowsNavHideOnTouch&quot;:&quot;true&quot;,&quot;loop&quot;:&quot;true&quot;,&quot;numImagesToPreload&quot;:3,&quot;keyboardNavEnabled&quot;:&quot;true&quot;}'>\n<div class=\"rsContent\">\n  <img class=\"rsImg\" src=\"https:\/\/www.mariotti.it\/wp-content\/uploads\/2015\/10\/Mariotti-Mycros-Special-1.jpg\" data-rsBigImg=\"https:\/\/www.mariotti.it\/wp-content\/uploads\/2015\/10\/Mariotti-Mycros-Special-1.jpg\" alt=\"Mariotti-Mycros-Special-1\"\/>\n  \n  \n  \n<\/div>\n<div class=\"rsContent\">\n  <img class=\"rsImg\" src=\"https:\/\/www.mariotti.it\/wp-content\/uploads\/2015\/10\/Mariotti-Mycros-Special-4.jpg\" data-rsBigImg=\"https:\/\/www.mariotti.it\/wp-content\/uploads\/2015\/10\/Mariotti-Mycros-Special-4.jpg\" alt=\"Mariotti-Mycros-Special-4\"\/>\n  \n  \n  \n<\/div>\n<div class=\"rsContent\">\n  <img class=\"rsImg\" src=\"https:\/\/www.mariotti.it\/wp-content\/uploads\/2015\/10\/Mariotti-Mycros-Special-2.jpg\" data-rsBigImg=\"https:\/\/www.mariotti.it\/wp-content\/uploads\/2015\/10\/Mariotti-Mycros-Special-2.jpg\" alt=\"Mariotti-Mycros-Special-2\"\/>\n  \n  \n  \n<\/div>\n<div class=\"rsContent\">\n  <img class=\"rsImg\" src=\"https:\/\/www.mariotti.it\/wp-content\/uploads\/2015\/10\/Mariotti-ME-low-roof.jpg\" data-rsBigImg=\"https:\/\/www.mariotti.it\/wp-content\/uploads\/2015\/10\/Mariotti-ME-low-roof.jpg\" alt=\"Mariotti-ME-low-roof\"\/>\n  \n  \n  \n<\/div>\n<div class=\"rsContent\">\n  <img class=\"rsImg\" src=\"https:\/\/www.mariotti.it\/wp-content\/uploads\/2015\/10\/Mariotti-ME-grabber-barrel.jpg\" data-rsBigImg=\"https:\/\/www.mariotti.it\/wp-content\/uploads\/2015\/10\/Mariotti-ME-grabber-barrel.jpg\" alt=\"Mariotti-ME-grabber-barrel\"\/>\n  \n  \n  \n<\/div>\n<div class=\"rsContent\">\n  <img class=\"rsImg\" src=\"https:\/\/www.mariotti.it\/wp-content\/uploads\/2015\/08\/Mariotti_Special_4.jpg\" data-rsBigImg=\"https:\/\/www.mariotti.it\/wp-content\/uploads\/2015\/08\/Mariotti_Special_4.jpg\" alt=\"Mariotti_Special_4\"\/>\n  \n  \n  \n<\/div>\n<div class=\"rsContent\">\n  <img class=\"rsImg\" src=\"https:\/\/www.mariotti.it\/wp-content\/uploads\/2015\/08\/Mariotti_Special_3.jpg\" data-rsBigImg=\"https:\/\/www.mariotti.it\/wp-content\/uploads\/2015\/08\/Mariotti_Special_3.jpg\" alt=\"Mariotti_Special_3\"\/>\n  \n  \n  \n<\/div>\n<div class=\"rsContent\">\n  <img class=\"rsImg\" src=\"https:\/\/www.mariotti.it\/wp-content\/uploads\/2015\/08\/Mariotti_Special_5.jpg\" data-rsBigImg=\"https:\/\/www.mariotti.it\/wp-content\/uploads\/2015\/08\/Mariotti_Special_5.jpg\" alt=\"Mariotti_Special_5\"\/>\n  \n  \n  \n<\/div>\n<div class=\"rsContent\">\n  <img class=\"rsImg\" src=\"https:\/\/www.mariotti.it\/wp-content\/uploads\/2015\/10\/Mariotti-Mycros-low-roof.jpg\" data-rsBigImg=\"https:\/\/www.mariotti.it\/wp-content\/uploads\/2015\/10\/Mariotti-Mycros-low-roof.jpg\" alt=\"Mariotti-Mycros-low-roof\"\/>\n  \n  \n  \n<\/div>\n<div class=\"rsContent\">\n  <img class=\"rsImg\" src=\"https:\/\/www.mariotti.it\/wp-content\/uploads\/2015\/10\/Mariotti-Mycros-blue.jpg\" data-rsBigImg=\"https:\/\/www.mariotti.it\/wp-content\/uploads\/2015\/10\/Mariotti-Mycros-blue.jpg\" alt=\"Mariotti-Mycros-blue\"\/>\n  \n  \n  \n<\/div>\n<div class=\"rsContent\">\n  <img class=\"rsImg\" src=\"https:\/\/www.mariotti.it\/wp-content\/uploads\/2015\/10\/Mariotti-mini-grabber-special.jpg\" data-rsBigImg=\"https:\/\/www.mariotti.it\/wp-content\/uploads\/2015\/10\/Mariotti-mini-grabber-special.jpg\" alt=\"Mariotti-mini-grabber-special\"\/>\n  \n  \n  \n<\/div>\n<div class=\"rsContent\">\n  <img class=\"rsImg\" src=\"https:\/\/www.mariotti.it\/wp-content\/uploads\/2015\/10\/Mariotti-ME-position-light.jpg\" data-rsBigImg=\"https:\/\/www.mariotti.it\/wp-content\/uploads\/2015\/10\/Mariotti-ME-position-light.jpg\" alt=\"Mariotti-ME-position-light\"\/>\n  \n  \n  \n<\/div>\n<div class=\"rsContent\">\n  <img class=\"rsImg\" src=\"https:\/\/www.mariotti.it\/wp-content\/uploads\/2015\/10\/Mariotti-MX-grabber-barrel.jpg\" data-rsBigImg=\"https:\/\/www.mariotti.it\/wp-content\/uploads\/2015\/10\/Mariotti-MX-grabber-barrel.jpg\" alt=\"Mariotti-MX-grabber-barrel\"\/>\n  \n  \n  \n<\/div>\n\n<\/div>\n<\/p>\n<h2>Producci\u00f3n y dise\u00f1o de m\u00e1quinas especiales ex-novo<\/h2>\n<p>Cuando las necesidades del cliente no se ven cubiertas por las carretillas est\u00e1ndar<br \/>\ndisponibles en el mercado, ni tampoco aplicando modificaciones y personalizaciones a un<br \/>\nmodelo de nuestra gama, Mariotti ofrece la opci\u00f3n de estudiar, dise\u00f1ar y fabricar una maquina<br \/>\na la medida.<br \/>\nLa producci\u00f3n de m\u00e1quinas especiales constituye una actividad hist\u00f3rica de nuestra<br \/>\nempresa que no se limita tan solo a las carretillas elevadoras frontales, sino que se<br \/>\nextiende a todas las tipolog\u00edas de equipos de manipulaci\u00f3n de materiales:<br \/>\ndesde el tractor de arrastre de cargas pesadas, hasta el peque\u00f1o equipo de interior con<br \/>\ndesempe\u00f1os espec\u00edficos.<\/p>\n<div id=\"new-royalslider-16\" class=\"royalSlider new-royalslider-16 rsUni rsTwoAtOnce\" style=\"width:100%;height:400px;;\" data-rs-options='{&quot;template&quot;:&quot;default&quot;,&quot;image_generation&quot;:{&quot;imageWidth&quot;:&quot;&quot;,&quot;imageHeight&quot;:&quot;&quot;,&quot;thumbImageWidth&quot;:&quot;&quot;,&quot;thumbImageHeight&quot;:&quot;&quot;},&quot;thumbs&quot;:{&quot;thumbWidth&quot;:96,&quot;thumbHeight&quot;:72},&quot;fullscreen&quot;:{&quot;enabled&quot;:&quot;true&quot;},&quot;visibleNearby&quot;:{&quot;enabled&quot;:&quot;true&quot;,&quot;centerArea&quot;:0.5,&quot;center&quot;:&quot;false&quot;,&quot;breakpoint&quot;:500,&quot;breakpointCenterArea&quot;:1,&quot;navigateByCenterClick&quot;:&quot;true&quot;},&quot;video&quot;:{&quot;autoHideBlocks&quot;:&quot;true&quot;},&quot;block&quot;:{&quot;moveOffset&quot;:20,&quot;speed&quot;:400,&quot;delay&quot;:200},&quot;width&quot;:&quot;100%&quot;,&quot;height&quot;:&quot;400px&quot;,&quot;autoScaleSlider&quot;:&quot;true&quot;,&quot;autoScaleSliderWidth&quot;:2,&quot;autoScaleSliderHeight&quot;:1,&quot;slidesSpacing&quot;:0,&quot;imageScaleMode&quot;:&quot;fill&quot;,&quot;arrowsNavHideOnTouch&quot;:&quot;true&quot;,&quot;loop&quot;:&quot;true&quot;,&quot;numImagesToPreload&quot;:3,&quot;keyboardNavEnabled&quot;:&quot;true&quot;}'>\n<div class=\"rsContent\">\n  <img class=\"rsImg\" src=\"https:\/\/www.mariotti.it\/wp-content\/uploads\/2015\/08\/Mariotti_Special_1.jpg\" data-rsBigImg=\"https:\/\/www.mariotti.it\/wp-content\/uploads\/2015\/08\/Mariotti_Special_1.jpg\" alt=\"Mariotti_Special_1\"\/>\n  \n  \n  \n<\/div>\n<div class=\"rsContent\">\n  <img class=\"rsImg\" src=\"https:\/\/www.mariotti.it\/wp-content\/uploads\/2015\/08\/Mariotti_Special_2.jpg\" data-rsBigImg=\"https:\/\/www.mariotti.it\/wp-content\/uploads\/2015\/08\/Mariotti_Special_2.jpg\" alt=\"Mariotti_Special_2\"\/>\n  \n  \n  \n<\/div>\n<div class=\"rsContent\">\n  <img class=\"rsImg\" src=\"https:\/\/www.mariotti.it\/wp-content\/uploads\/2015\/10\/Mariotti-Special-11.jpg\" data-rsBigImg=\"https:\/\/www.mariotti.it\/wp-content\/uploads\/2015\/10\/Mariotti-Special-11.jpg\" alt=\"Mariotti-Special-1\"\/>\n  \n  \n  \n<\/div>\n<div class=\"rsContent\">\n  <img class=\"rsImg\" src=\"https:\/\/www.mariotti.it\/wp-content\/uploads\/2015\/10\/Mariotti-Special-2.jpg\" data-rsBigImg=\"https:\/\/www.mariotti.it\/wp-content\/uploads\/2015\/10\/Mariotti-Special-2.jpg\" alt=\"Mariotti-Special-2\"\/>\n  \n  \n  \n<\/div>\n<div class=\"rsContent\">\n  <img class=\"rsImg\" src=\"https:\/\/www.mariotti.it\/wp-content\/uploads\/2015\/10\/Mariotti-special-multi.jpg\" data-rsBigImg=\"https:\/\/www.mariotti.it\/wp-content\/uploads\/2015\/10\/Mariotti-special-multi.jpg\" alt=\"Mariotti-special-multi\"\/>\n  \n  \n  \n<\/div>\n<div class=\"rsContent\">\n  <img class=\"rsImg\" src=\"https:\/\/www.mariotti.it\/wp-content\/uploads\/2015\/10\/Mariotti-Special-4.jpg\" data-rsBigImg=\"https:\/\/www.mariotti.it\/wp-content\/uploads\/2015\/10\/Mariotti-Special-4.jpg\" alt=\"Mariotti-Special-4\"\/>\n  \n  \n  \n<\/div>\n\n<\/div>\n\n<hr \/>\n<p>Si tiene una necesidad especial o est\u00e1 interesado en conocer m\u00e1s detalles sobre la<br \/>\npersonalizaci\u00f3n de nuestras carretillas o sobre las m\u00e1quinas especiales que podemos ofrecerle, no dude en contactar con nosotros.<\/p>\n","protected":false},"excerpt":{"rendered":"<p>M\u00e1quinas Especiales Desde sus inicios, Mariotti se ha especializado en la realizaci\u00f3n de soluciones a la medida, ofreciendo tanto la personalizaci\u00f3n de su gama de serie, como el dise\u00f1o y la producci\u00f3n de m\u00e1quinas especiales destinadas a dar respuesta a las necesidades m\u00e1s espec\u00edficas de manipulaci\u00f3n de mercanc\u00edas de sus clientes. Personalizaci\u00f3n de las carretillas [&hellip;]<\/p>\n","protected":false},"author":1,"featured_media":0,"parent":0,"menu_order":0,"comment_status":"closed","ping_status":"closed","template":"page-sidebar-right.php","meta":[],"acf":[],"yoast_head":"<!-- This site is optimized with the Yoast SEO plugin v20.4 - https:\/\/yoast.com\/wordpress\/plugins\/seo\/ -->\n<title>M\u00e1quinas Especiales | Mariotti<\/title>\n<meta name=\"robots\" content=\"index, follow, max-snippet:-1, max-image-preview:large, max-video-preview:-1\" \/>\n<link rel=\"canonical\" href=\"https:\/\/www.mariotti.it\/es\/maquinas-especiales\/\" \/>\n<meta property=\"og:locale\" content=\"es_ES\" \/>\n<meta property=\"og:type\" content=\"article\" \/>\n<meta property=\"og:title\" content=\"M\u00e1quinas Especiales | Mariotti\" \/>\n<meta property=\"og:description\" content=\"M\u00e1quinas Especiales Desde sus inicios, Mariotti se ha especializado en la realizaci\u00f3n de soluciones a la medida, ofreciendo tanto la personalizaci\u00f3n de su gama de serie, como el dise\u00f1o y la producci\u00f3n de m\u00e1quinas especiales destinadas a dar respuesta a las necesidades m\u00e1s espec\u00edficas de manipulaci\u00f3n de mercanc\u00edas de sus clientes. Personalizaci\u00f3n de las carretillas [&hellip;]\" \/>\n<meta property=\"og:url\" content=\"https:\/\/www.mariotti.it\/es\/maquinas-especiales\/\" \/>\n<meta property=\"og:site_name\" content=\"Mariotti\" \/>\n<meta property=\"article:modified_time\" content=\"2016-01-18T16:40:41+00:00\" \/>\n<meta name=\"twitter:card\" content=\"summary_large_image\" \/>\n<meta name=\"twitter:label1\" content=\"Tiempo de lectura\" \/>\n\t<meta name=\"twitter:data1\" content=\"1 minuto\" \/>\n<script type=\"application\/ld+json\" class=\"yoast-schema-graph\">{\"@context\":\"https:\/\/schema.org\",\"@graph\":[{\"@type\":\"WebPage\",\"@id\":\"https:\/\/www.mariotti.it\/es\/maquinas-especiales\/\",\"url\":\"https:\/\/www.mariotti.it\/es\/maquinas-especiales\/\",\"name\":\"M\u00e1quinas Especiales | Mariotti\",\"isPartOf\":{\"@id\":\"https:\/\/www.mariotti.it\/#website\"},\"datePublished\":\"2015-07-06T14:23:53+00:00\",\"dateModified\":\"2016-01-18T16:40:41+00:00\",\"breadcrumb\":{\"@id\":\"https:\/\/www.mariotti.it\/es\/maquinas-especiales\/#breadcrumb\"},\"inLanguage\":\"es\",\"potentialAction\":[{\"@type\":\"ReadAction\",\"target\":[\"https:\/\/www.mariotti.it\/es\/maquinas-especiales\/\"]}]},{\"@type\":\"BreadcrumbList\",\"@id\":\"https:\/\/www.mariotti.it\/es\/maquinas-especiales\/#breadcrumb\",\"itemListElement\":[{\"@type\":\"ListItem\",\"position\":1,\"name\":\"Home\",\"item\":\"https:\/\/www.mariotti.it\/es\/\"},{\"@type\":\"ListItem\",\"position\":2,\"name\":\"M\u00e1quinas Especiales\"}]},{\"@type\":\"WebSite\",\"@id\":\"https:\/\/www.mariotti.it\/#website\",\"url\":\"https:\/\/www.mariotti.it\/\",\"name\":\"Mariotti\",\"description\":\"Compact Forklift Solutions\",\"potentialAction\":[{\"@type\":\"SearchAction\",\"target\":{\"@type\":\"EntryPoint\",\"urlTemplate\":\"https:\/\/www.mariotti.it\/?s={search_term_string}\"},\"query-input\":\"required name=search_term_string\"}],\"inLanguage\":\"es\"}]}<\/script>\n<!-- \/ Yoast SEO plugin. -->","yoast_head_json":{"title":"M\u00e1quinas Especiales | Mariotti","robots":{"index":"index","follow":"follow","max-snippet":"max-snippet:-1","max-image-preview":"max-image-preview:large","max-video-preview":"max-video-preview:-1"},"canonical":"https:\/\/www.mariotti.it\/es\/maquinas-especiales\/","og_locale":"es_ES","og_type":"article","og_title":"M\u00e1quinas Especiales | Mariotti","og_description":"M\u00e1quinas Especiales Desde sus inicios, Mariotti se ha especializado en la realizaci\u00f3n de soluciones a la medida, ofreciendo tanto la personalizaci\u00f3n de su gama de serie, como el dise\u00f1o y la producci\u00f3n de m\u00e1quinas especiales destinadas a dar respuesta a las necesidades m\u00e1s espec\u00edficas de manipulaci\u00f3n de mercanc\u00edas de sus clientes. Personalizaci\u00f3n de las carretillas [&hellip;]","og_url":"https:\/\/www.mariotti.it\/es\/maquinas-especiales\/","og_site_name":"Mariotti","article_modified_time":"2016-01-18T16:40:41+00:00","twitter_card":"summary_large_image","twitter_misc":{"Tiempo de lectura":"1 minuto"},"schema":{"@context":"https:\/\/schema.org","@graph":[{"@type":"WebPage","@id":"https:\/\/www.mariotti.it\/es\/maquinas-especiales\/","url":"https:\/\/www.mariotti.it\/es\/maquinas-especiales\/","name":"M\u00e1quinas Especiales | Mariotti","isPartOf":{"@id":"https:\/\/www.mariotti.it\/#website"},"datePublished":"2015-07-06T14:23:53+00:00","dateModified":"2016-01-18T16:40:41+00:00","breadcrumb":{"@id":"https:\/\/www.mariotti.it\/es\/maquinas-especiales\/#breadcrumb"},"inLanguage":"es","potentialAction":[{"@type":"ReadAction","target":["https:\/\/www.mariotti.it\/es\/maquinas-especiales\/"]}]},{"@type":"BreadcrumbList","@id":"https:\/\/www.mariotti.it\/es\/maquinas-especiales\/#breadcrumb","itemListElement":[{"@type":"ListItem","position":1,"name":"Home","item":"https:\/\/www.mariotti.it\/es\/"},{"@type":"ListItem","position":2,"name":"M\u00e1quinas Especiales"}]},{"@type":"WebSite","@id":"https:\/\/www.mariotti.it\/#website","url":"https:\/\/www.mariotti.it\/","name":"Mariotti","description":"Compact Forklift Solutions","potentialAction":[{"@type":"SearchAction","target":{"@type":"EntryPoint","urlTemplate":"https:\/\/www.mariotti.it\/?s={search_term_string}"},"query-input":"required name=search_term_string"}],"inLanguage":"es"}]}},"_links":{"self":[{"href":"https:\/\/www.mariotti.it\/es\/wp-json\/wp\/v2\/pages\/1119"}],"collection":[{"href":"https:\/\/www.mariotti.it\/es\/wp-json\/wp\/v2\/pages"}],"about":[{"href":"https:\/\/www.mariotti.it\/es\/wp-json\/wp\/v2\/types\/page"}],"author":[{"embeddable":true,"href":"https:\/\/www.mariotti.it\/es\/wp-json\/wp\/v2\/users\/1"}],"replies":[{"embeddable":true,"href":"https:\/\/www.mariotti.it\/es\/wp-json\/wp\/v2\/comments?post=1119"}],"version-history":[{"count":0,"href":"https:\/\/www.mariotti.it\/es\/wp-json\/wp\/v2\/pages\/1119\/revisions"}],"wp:attachment":[{"href":"https:\/\/www.mariotti.it\/es\/wp-json\/wp\/v2\/media?parent=1119"}],"curies":[{"name":"wp","href":"https:\/\/api.w.org\/{rel}","templated":true}]}}