{"id":1134,"date":"2015-08-06T13:18:40","date_gmt":"2015-08-06T11:18:40","guid":{"rendered":"https:\/\/www.mariotti.it\/es\/privacy-policy\/"},"modified":"2021-10-06T10:41:30","modified_gmt":"2021-10-06T08:41:30","slug":"privacy-policy","status":"publish","type":"page","link":"https:\/\/www.mariotti.it\/es\/privacy-policy\/","title":{"rendered":"Note legali e informativa sulla privacy"},"content":{"rendered":"<h1>COPYRIGHT<\/h1>\n<p>I contenuti (testi, immagini, filmati, grafica, marchi, loghi\u2026) e il sito web (dominio, layout e architettura dell\u2019informazione) sono di propriet\u00e0 o nella disponibilit\u00e0 di V. Mariotti s.r.l. e sono protetti dalla normativa sulla propriet\u00e0 intellettuale, sul diritto d\u2019autore e sulla propriet\u00e0 industriale e brevettuale. Tutti i diritti sono riservati in via esclusiva a V. Mariotti S.r.l.. La riproduzione senza l\u2019autorizzazione \u00e8 vietata.<\/p>\n<h1>PRIVACY &#8211; Informativa ex art. 13 del Regolamento Europeo n. 2016\/679 (General Data Protection Regulation \u2013 GDPR)<\/h1>\n<p>V. MARIOTTI S.r.l., con sede in Via Pietro Micca 14\/16 &#8211; Grugliasco (To), P. IVA 00981460017 in qualit\u00e0 di Titolare del trattamento Vi informa ai sensi dell&#8217;art. 13 Regolamento UE n. 2016\/679 \u201cGDPR\u201d che i Vostri dati saranno trattati con le modalit\u00e0 e per le finalit\u00e0 seguenti:<\/p>\n<h1>1. Modalit\u00e0 del trattamento<\/h1>\n<p>I dati personali da Voi comunicati verranno trattati dal Titolare principalmente su supporto informatico e per via telematica ed occasionalmente in forma cartacea.<\/p>\n<h1>2. Finalit\u00e0 del trattamento<\/h1>\n<p>I Vostri dati personali sono trattati senza il Vostro preventivo consenso espresso in conformit\u00e0 con quanto prescritto dall&#8217;art. 6 comma 1 lett. b) del GDPR per le seguenti finalit\u00e0:<\/p>\n<ul>\n<li>elaborazione ed evasione delle richieste di informazioni pervenute dal sito web<\/li>\n<\/ul>\n<h1>3. Conservazione<\/h1>\n<p>I dati personali conferiti saranno conservati per il tempo necessario all&#8217;evasione della richiesta. A fronte della richiesta (nel caso abbia esito negativo) i dati saranno comunque tenuti per non oltre 10 anni, senza effettuarvi operazioni dirette.<\/p>\n<h1>4. Accesso ai dati personali<\/h1>\n<p>I Vostri dati potranno essere resi accessibili per le finalit\u00e0 di cui sopra:<\/p>\n<ul>\n<li>a dipendenti e collaboratori del Titolare, nella loro qualit\u00e0 di soggetti designati<\/li>\n<li>a eventuali altri soggetti (interni o esterni) individuati dal titolare per l&#8217;attuazione delle finalit\u00e0 di cui alla presente informativa<\/li>\n<\/ul>\n<h1>5. Comunicazione dei dati<\/h1>\n<p>I dati personali cos\u00ec raccolti non saranno diffusi, ceduti o scambiati in alcun modo con soggetti terzi.<\/p>\n<h1>6. Trasferimento dati<\/h1>\n<p>La gestione e la conservazione dei dati personali avverr\u00e0 su server ubicati all&#8217;interno dell&#8217;Unione Europea. I dati non saranno oggetto di trasferimento al di fuori dell&#8217;Unione Europea. Resta in ogni caso inteso che il Titolare, ove si rendesse necessario, avr\u00e0 facolt\u00e0 di spostare l&#8217;ubicazione dei server in Italia e\/o Unione Europea e\/o Paesi extra-UE. In tal caso, il Titolare assicura sin d&#8217;ora che il trasferimento dei dati extra-UE avverr\u00e0 in conformit\u00e0 alle disposizioni di legge applicabili stipulando, se necessario, accordi che garantiscano un livello di protezione adeguato e\/o adottando le clausole contrattuali standard previste dalla Commissione Europea.<\/p>\n<h1>7. Natura del conferimento dei dati e conseguenze del rifiuto<\/h1>\n<p>Il conferimento dei dati \u00e8 obbligatorio per l&#8217;evasione della richiesta pervenuta.<\/p>\n<h1>8. Diritti dell&#8217;interessato<\/h1>\n<p>Nella sua qualit\u00e0 di soggetto interessato ha il diritto di ottenere dal titolare del trattamento la conferma che sia o meno in corso un trattamento di dati personali che lo riguardano e in tal caso, di ottenere l\u2019accesso e le informazioni sui dati personali che la riguardano ai sensi dell&#8217;art.15.<\/p>\n<h1>9. Modalit\u00e0 di esercizio dei diritti<\/h1>\n<p>Potrete in qualsiasi momento esercitare i vostri diritti contattando il titolare:<\/p>\n<ul>\n<li>Tramite Raccomandata: V. MARIOTTI S.r.l. &#8211; Via Pietro Micca 14\/16 &#8211; Grugliasco (To)<\/li>\n<li>Tramite e-mail: amministrazione@mariotti.it &#8211; vmariotti@pec.it<\/li>\n<li>Tramite Telefono: 011781683<\/li>\n<\/ul>\n<h1>10. Titolare, responsabile e incaricati<\/h1>\n<p>Il Titolare del trattamento \u00e8 V. MARIOTTI S.r.l. &#8211; Via Pietro Micca 14\/16 &#8211; Grugliasco (To). P.Iva 00981460017, C.F. 00981460017. L\u2019elenco aggiornato dei responsabili del trattamento, ove nominati, \u00e8 custodito presso la sede del Titolare del trattamento.<\/p>\n","protected":false},"excerpt":{"rendered":"<p>COPYRIGHT I contenuti (testi, immagini, filmati, grafica, marchi, loghi\u2026) e il sito web (dominio, layout e architettura dell\u2019informazione) sono di propriet\u00e0 o nella disponibilit\u00e0 di V. Mariotti s.r.l. e sono protetti dalla normativa sulla propriet\u00e0 intellettuale, sul diritto d\u2019autore e sulla propriet\u00e0 industriale e brevettuale. Tutti i diritti sono riservati in via esclusiva a V. [&hellip;]<\/p>\n","protected":false},"author":2,"featured_media":0,"parent":0,"menu_order":0,"comment_status":"closed","ping_status":"closed","template":"","meta":[],"acf":[],"yoast_head":"<!-- This site is optimized with the Yoast SEO plugin v20.4 - https:\/\/yoast.com\/wordpress\/plugins\/seo\/ -->\n<title>Note legali e informativa sulla privacy | Mariotti<\/title>\n<meta name=\"description\" content=\"Copyright e informativa su privacy e trattamento dei dati personali degli utenti e visitatori del sito www.mariotti.it, ai sensi del Regolamento Europeo n. 2016\/679 (General Data Protection Regulation \u2013 GDPR).\" \/>\n<meta name=\"robots\" content=\"index, follow, max-snippet:-1, max-image-preview:large, max-video-preview:-1\" \/>\n<link rel=\"canonical\" href=\"https:\/\/www.mariotti.it\/es\/privacy-policy\/\" \/>\n<meta property=\"og:locale\" content=\"es_ES\" \/>\n<meta property=\"og:type\" content=\"article\" \/>\n<meta property=\"og:title\" content=\"Note legali e informativa sulla privacy | Mariotti\" \/>\n<meta property=\"og:description\" content=\"Copyright e informativa su privacy e trattamento dei dati personali degli utenti e visitatori del sito www.mariotti.it, ai sensi del Regolamento Europeo n. 2016\/679 (General Data Protection Regulation \u2013 GDPR).\" \/>\n<meta property=\"og:url\" content=\"https:\/\/www.mariotti.it\/es\/privacy-policy\/\" \/>\n<meta property=\"og:site_name\" content=\"Mariotti\" \/>\n<meta property=\"article:modified_time\" content=\"2021-10-06T08:41:30+00:00\" \/>\n<meta name=\"twitter:card\" content=\"summary_large_image\" \/>\n<meta name=\"twitter:label1\" content=\"Tiempo de lectura\" \/>\n\t<meta name=\"twitter:data1\" content=\"3 minutos\" \/>\n<script type=\"application\/ld+json\" class=\"yoast-schema-graph\">{\"@context\":\"https:\/\/schema.org\",\"@graph\":[{\"@type\":\"WebPage\",\"@id\":\"https:\/\/www.mariotti.it\/es\/privacy-policy\/\",\"url\":\"https:\/\/www.mariotti.it\/es\/privacy-policy\/\",\"name\":\"Note legali e informativa sulla privacy | Mariotti\",\"isPartOf\":{\"@id\":\"https:\/\/www.mariotti.it\/#website\"},\"datePublished\":\"2015-08-06T11:18:40+00:00\",\"dateModified\":\"2021-10-06T08:41:30+00:00\",\"description\":\"Copyright e informativa su privacy e trattamento dei dati personali degli utenti e visitatori del sito www.mariotti.it, ai sensi del Regolamento Europeo n. 2016\/679 (General Data Protection Regulation \u2013 GDPR).\",\"breadcrumb\":{\"@id\":\"https:\/\/www.mariotti.it\/es\/privacy-policy\/#breadcrumb\"},\"inLanguage\":\"es\",\"potentialAction\":[{\"@type\":\"ReadAction\",\"target\":[\"https:\/\/www.mariotti.it\/es\/privacy-policy\/\"]}]},{\"@type\":\"BreadcrumbList\",\"@id\":\"https:\/\/www.mariotti.it\/es\/privacy-policy\/#breadcrumb\",\"itemListElement\":[{\"@type\":\"ListItem\",\"position\":1,\"name\":\"Home\",\"item\":\"https:\/\/www.mariotti.it\/es\/\"},{\"@type\":\"ListItem\",\"position\":2,\"name\":\"Note legali e informativa sulla privacy\"}]},{\"@type\":\"WebSite\",\"@id\":\"https:\/\/www.mariotti.it\/#website\",\"url\":\"https:\/\/www.mariotti.it\/\",\"name\":\"Mariotti\",\"description\":\"Compact Forklift Solutions\",\"potentialAction\":[{\"@type\":\"SearchAction\",\"target\":{\"@type\":\"EntryPoint\",\"urlTemplate\":\"https:\/\/www.mariotti.it\/?s={search_term_string}\"},\"query-input\":\"required name=search_term_string\"}],\"inLanguage\":\"es\"}]}<\/script>\n<!-- \/ Yoast SEO plugin. -->","yoast_head_json":{"title":"Note legali e informativa sulla privacy | Mariotti","description":"Copyright e informativa su privacy e trattamento dei dati personali degli utenti e visitatori del sito www.mariotti.it, ai sensi del Regolamento Europeo n. 2016\/679 (General Data Protection Regulation \u2013 GDPR).","robots":{"index":"index","follow":"follow","max-snippet":"max-snippet:-1","max-image-preview":"max-image-preview:large","max-video-preview":"max-video-preview:-1"},"canonical":"https:\/\/www.mariotti.it\/es\/privacy-policy\/","og_locale":"es_ES","og_type":"article","og_title":"Note legali e informativa sulla privacy | Mariotti","og_description":"Copyright e informativa su privacy e trattamento dei dati personali degli utenti e visitatori del sito www.mariotti.it, ai sensi del Regolamento Europeo n. 2016\/679 (General Data Protection Regulation \u2013 GDPR).","og_url":"https:\/\/www.mariotti.it\/es\/privacy-policy\/","og_site_name":"Mariotti","article_modified_time":"2021-10-06T08:41:30+00:00","twitter_card":"summary_large_image","twitter_misc":{"Tiempo de lectura":"3 minutos"},"schema":{"@context":"https:\/\/schema.org","@graph":[{"@type":"WebPage","@id":"https:\/\/www.mariotti.it\/es\/privacy-policy\/","url":"https:\/\/www.mariotti.it\/es\/privacy-policy\/","name":"Note legali e informativa sulla privacy | Mariotti","isPartOf":{"@id":"https:\/\/www.mariotti.it\/#website"},"datePublished":"2015-08-06T11:18:40+00:00","dateModified":"2021-10-06T08:41:30+00:00","description":"Copyright e informativa su privacy e trattamento dei dati personali degli utenti e visitatori del sito www.mariotti.it, ai sensi del Regolamento Europeo n. 2016\/679 (General Data Protection Regulation \u2013 GDPR).","breadcrumb":{"@id":"https:\/\/www.mariotti.it\/es\/privacy-policy\/#breadcrumb"},"inLanguage":"es","potentialAction":[{"@type":"ReadAction","target":["https:\/\/www.mariotti.it\/es\/privacy-policy\/"]}]},{"@type":"BreadcrumbList","@id":"https:\/\/www.mariotti.it\/es\/privacy-policy\/#breadcrumb","itemListElement":[{"@type":"ListItem","position":1,"name":"Home","item":"https:\/\/www.mariotti.it\/es\/"},{"@type":"ListItem","position":2,"name":"Note legali e informativa sulla privacy"}]},{"@type":"WebSite","@id":"https:\/\/www.mariotti.it\/#website","url":"https:\/\/www.mariotti.it\/","name":"Mariotti","description":"Compact Forklift Solutions","potentialAction":[{"@type":"SearchAction","target":{"@type":"EntryPoint","urlTemplate":"https:\/\/www.mariotti.it\/?s={search_term_string}"},"query-input":"required name=search_term_string"}],"inLanguage":"es"}]}},"_links":{"self":[{"href":"https:\/\/www.mariotti.it\/es\/wp-json\/wp\/v2\/pages\/1134"}],"collection":[{"href":"https:\/\/www.mariotti.it\/es\/wp-json\/wp\/v2\/pages"}],"about":[{"href":"https:\/\/www.mariotti.it\/es\/wp-json\/wp\/v2\/types\/page"}],"author":[{"embeddable":true,"href":"https:\/\/www.mariotti.it\/es\/wp-json\/wp\/v2\/users\/2"}],"replies":[{"embeddable":true,"href":"https:\/\/www.mariotti.it\/es\/wp-json\/wp\/v2\/comments?post=1134"}],"version-history":[{"count":0,"href":"https:\/\/www.mariotti.it\/es\/wp-json\/wp\/v2\/pages\/1134\/revisions"}],"wp:attachment":[{"href":"https:\/\/www.mariotti.it\/es\/wp-json\/wp\/v2\/media?parent=1134"}],"curies":[{"name":"wp","href":"https:\/\/api.w.org\/{rel}","templated":true}]}}