{"id":1146,"date":"2015-07-06T14:00:00","date_gmt":"2015-07-06T12:00:00","guid":{"rendered":"https:\/\/www.mariotti.it\/es\/la-gamma-prodotti\/"},"modified":"2022-05-30T12:18:46","modified_gmt":"2022-05-30T10:18:46","slug":"carretillas-serie-2","status":"publish","type":"page","link":"https:\/\/www.mariotti.it\/es\/carretillas-serie-2\/","title":{"rendered":"Productos"},"content":{"rendered":"<h1>NUESTRAS CARRETILLAS DE SERIE<\/h1>\n<p>Las carretillas contrapesadas el\u00e9ctricas Mariotti de 3 ruedas constituyen\u00a0la gama m\u00e1s fiable y completa del mundo para\u00a0cargas ligeras (de 400 a 1600 kg). Su principal punto fuerte es su peque\u00f1o tama\u00f1o, que permite que estas carretillas operen en espacios reducidos donde normalmente no es posible trabajar con carretillas elevadoras frontales.<\/p>\n<p>Dise\u00f1adas para un utilizo intensivo y siempre con la m\u00e1xima calidad de tecnolog\u00eda y mano de obra, las Mariotti siempre estar\u00e1n a su disposici\u00f3n en las operaciones de carga y descarga, manipulaci\u00f3n y apilamiento de mercancias, as\u00ed como en el tr\u00e1nsito en \u00e1reas de producci\u00f3n y el transporte en interiores y exteriores.<\/p>\n<p>Su compacidad, versatilidad y redimiento le sorprender\u00e1n y satisfar\u00e1n sus mayores exigencias.<br \/>\nSeguridad para el carretillero y la carga, rapidez y confort en el trabajo, ahorro en costes de manutenci\u00f3n y consumo. Todo ello se traduce en eficiencia, productividad y ahorro de tiempo y dinero.<\/p>\n<p><a href=\"https:\/\/www.mariotti.it\/es\/contacto\/\">Cont\u00e1ctenos<\/a> para m\u00e1s informaci\u00f3n.<\/p>\n","protected":false},"excerpt":{"rendered":"<p>NUESTRAS CARRETILLAS DE SERIE Las carretillas contrapesadas el\u00e9ctricas Mariotti de 3 ruedas constituyen\u00a0la gama m\u00e1s fiable y completa del mundo para\u00a0cargas ligeras (de 400 a 1600 kg). Su principal punto fuerte es su peque\u00f1o tama\u00f1o, que permite que estas carretillas operen en espacios reducidos donde normalmente no es posible trabajar con carretillas elevadoras frontales. Dise\u00f1adas [&hellip;]<\/p>\n","protected":false},"author":1,"featured_media":0,"parent":0,"menu_order":0,"comment_status":"closed","ping_status":"closed","template":"products-page.php","meta":[],"acf":[],"yoast_head":"<!-- This site is optimized with the Yoast SEO plugin v20.4 - https:\/\/yoast.com\/wordpress\/plugins\/seo\/ -->\n<title>Productos | Mariotti<\/title>\n<meta name=\"robots\" content=\"index, follow, max-snippet:-1, max-image-preview:large, max-video-preview:-1\" \/>\n<link rel=\"canonical\" href=\"https:\/\/www.mariotti.it\/es\/carretillas-serie-2\/\" \/>\n<meta property=\"og:locale\" content=\"es_ES\" \/>\n<meta property=\"og:type\" content=\"article\" \/>\n<meta property=\"og:title\" content=\"Productos | Mariotti\" \/>\n<meta property=\"og:description\" content=\"NUESTRAS CARRETILLAS DE SERIE Las carretillas contrapesadas el\u00e9ctricas Mariotti de 3 ruedas constituyen\u00a0la gama m\u00e1s fiable y completa del mundo para\u00a0cargas ligeras (de 400 a 1600 kg). Su principal punto fuerte es su peque\u00f1o tama\u00f1o, que permite que estas carretillas operen en espacios reducidos donde normalmente no es posible trabajar con carretillas elevadoras frontales. Dise\u00f1adas [&hellip;]\" \/>\n<meta property=\"og:url\" content=\"https:\/\/www.mariotti.it\/es\/carretillas-serie-2\/\" \/>\n<meta property=\"og:site_name\" content=\"Mariotti\" \/>\n<meta property=\"article:modified_time\" content=\"2022-05-30T10:18:46+00:00\" \/>\n<meta name=\"twitter:card\" content=\"summary_large_image\" \/>\n<meta name=\"twitter:label1\" content=\"Tiempo de lectura\" \/>\n\t<meta name=\"twitter:data1\" content=\"1 minuto\" \/>\n<script type=\"application\/ld+json\" class=\"yoast-schema-graph\">{\"@context\":\"https:\/\/schema.org\",\"@graph\":[{\"@type\":\"WebPage\",\"@id\":\"https:\/\/www.mariotti.it\/es\/carretillas-serie-2\/\",\"url\":\"https:\/\/www.mariotti.it\/es\/carretillas-serie-2\/\",\"name\":\"Productos | Mariotti\",\"isPartOf\":{\"@id\":\"https:\/\/www.mariotti.it\/#website\"},\"datePublished\":\"2015-07-06T12:00:00+00:00\",\"dateModified\":\"2022-05-30T10:18:46+00:00\",\"breadcrumb\":{\"@id\":\"https:\/\/www.mariotti.it\/es\/carretillas-serie-2\/#breadcrumb\"},\"inLanguage\":\"es\",\"potentialAction\":[{\"@type\":\"ReadAction\",\"target\":[\"https:\/\/www.mariotti.it\/es\/carretillas-serie-2\/\"]}]},{\"@type\":\"BreadcrumbList\",\"@id\":\"https:\/\/www.mariotti.it\/es\/carretillas-serie-2\/#breadcrumb\",\"itemListElement\":[{\"@type\":\"ListItem\",\"position\":1,\"name\":\"Home\",\"item\":\"https:\/\/www.mariotti.it\/es\/\"},{\"@type\":\"ListItem\",\"position\":2,\"name\":\"Productos\"}]},{\"@type\":\"WebSite\",\"@id\":\"https:\/\/www.mariotti.it\/#website\",\"url\":\"https:\/\/www.mariotti.it\/\",\"name\":\"Mariotti\",\"description\":\"Compact Forklift Solutions\",\"potentialAction\":[{\"@type\":\"SearchAction\",\"target\":{\"@type\":\"EntryPoint\",\"urlTemplate\":\"https:\/\/www.mariotti.it\/?s={search_term_string}\"},\"query-input\":\"required name=search_term_string\"}],\"inLanguage\":\"es\"}]}<\/script>\n<!-- \/ Yoast SEO plugin. -->","yoast_head_json":{"title":"Productos | Mariotti","robots":{"index":"index","follow":"follow","max-snippet":"max-snippet:-1","max-image-preview":"max-image-preview:large","max-video-preview":"max-video-preview:-1"},"canonical":"https:\/\/www.mariotti.it\/es\/carretillas-serie-2\/","og_locale":"es_ES","og_type":"article","og_title":"Productos | Mariotti","og_description":"NUESTRAS CARRETILLAS DE SERIE Las carretillas contrapesadas el\u00e9ctricas Mariotti de 3 ruedas constituyen\u00a0la gama m\u00e1s fiable y completa del mundo para\u00a0cargas ligeras (de 400 a 1600 kg). Su principal punto fuerte es su peque\u00f1o tama\u00f1o, que permite que estas carretillas operen en espacios reducidos donde normalmente no es posible trabajar con carretillas elevadoras frontales. Dise\u00f1adas [&hellip;]","og_url":"https:\/\/www.mariotti.it\/es\/carretillas-serie-2\/","og_site_name":"Mariotti","article_modified_time":"2022-05-30T10:18:46+00:00","twitter_card":"summary_large_image","twitter_misc":{"Tiempo de lectura":"1 minuto"},"schema":{"@context":"https:\/\/schema.org","@graph":[{"@type":"WebPage","@id":"https:\/\/www.mariotti.it\/es\/carretillas-serie-2\/","url":"https:\/\/www.mariotti.it\/es\/carretillas-serie-2\/","name":"Productos | Mariotti","isPartOf":{"@id":"https:\/\/www.mariotti.it\/#website"},"datePublished":"2015-07-06T12:00:00+00:00","dateModified":"2022-05-30T10:18:46+00:00","breadcrumb":{"@id":"https:\/\/www.mariotti.it\/es\/carretillas-serie-2\/#breadcrumb"},"inLanguage":"es","potentialAction":[{"@type":"ReadAction","target":["https:\/\/www.mariotti.it\/es\/carretillas-serie-2\/"]}]},{"@type":"BreadcrumbList","@id":"https:\/\/www.mariotti.it\/es\/carretillas-serie-2\/#breadcrumb","itemListElement":[{"@type":"ListItem","position":1,"name":"Home","item":"https:\/\/www.mariotti.it\/es\/"},{"@type":"ListItem","position":2,"name":"Productos"}]},{"@type":"WebSite","@id":"https:\/\/www.mariotti.it\/#website","url":"https:\/\/www.mariotti.it\/","name":"Mariotti","description":"Compact Forklift Solutions","potentialAction":[{"@type":"SearchAction","target":{"@type":"EntryPoint","urlTemplate":"https:\/\/www.mariotti.it\/?s={search_term_string}"},"query-input":"required name=search_term_string"}],"inLanguage":"es"}]}},"_links":{"self":[{"href":"https:\/\/www.mariotti.it\/es\/wp-json\/wp\/v2\/pages\/1146"}],"collection":[{"href":"https:\/\/www.mariotti.it\/es\/wp-json\/wp\/v2\/pages"}],"about":[{"href":"https:\/\/www.mariotti.it\/es\/wp-json\/wp\/v2\/types\/page"}],"author":[{"embeddable":true,"href":"https:\/\/www.mariotti.it\/es\/wp-json\/wp\/v2\/users\/1"}],"replies":[{"embeddable":true,"href":"https:\/\/www.mariotti.it\/es\/wp-json\/wp\/v2\/comments?post=1146"}],"version-history":[{"count":0,"href":"https:\/\/www.mariotti.it\/es\/wp-json\/wp\/v2\/pages\/1146\/revisions"}],"wp:attachment":[{"href":"https:\/\/www.mariotti.it\/es\/wp-json\/wp\/v2\/media?parent=1146"}],"curies":[{"name":"wp","href":"https:\/\/api.w.org\/{rel}","templated":true}]}}