{"id":1170,"date":"2015-07-06T16:35:29","date_gmt":"2015-07-06T14:35:29","guid":{"rendered":"https:\/\/www.mariotti.it\/es\/rete-vendita\/"},"modified":"2018-09-11T09:53:20","modified_gmt":"2018-09-11T09:53:20","slug":"red-distribucion","status":"publish","type":"page","link":"https:\/\/www.mariotti.it\/es\/red-distribucion\/","title":{"rendered":"Red de distribuci\u00f3n"},"content":{"rendered":"<h1>RED DE DISTRIBUCI\u00d3N Y POST-VENTA<\/h1>\n<p>Nuestra empresa se encuentra presente en muchos pa\u00edses del mundo gracias a una red de distribuci\u00f3n siempre en expansi\u00f3n que garantiza a nuestros clientes un \u00f3ptimo servicio comercial y un eficaz servicio post-venta.<\/p>\n<p>Esta red es compuesta de una selecci\u00f3n de distribuidores por \u00e1rea geogr\u00e1fica (que desempe\u00f1an la funci\u00f3n de centro de distribuci\u00f3n de recambios en su zona de actuaci\u00f3n) y de un vasto n\u00famero de concesionarios repartidos en el territorio.<\/p>\n<p>Mariotti est\u00e1 presente en los siguientes pa\u00edses:<\/p>\n<p>Alemania, Argentina, Austria, Azerbaiy\u00e1n, B\u00e9lgica, Canada, Chile, China, Corea del Sur, Croacia, Dinamarca, Eslovenia, Espa\u00f1a, Estados Unidos, Finlandia, Francia, Grecia, Indonesia, Israel, Italia, L\u00edbano, Luxemburgo, Malasia, Malta, Nueva Zelanda, Holanda, Panam\u00e1, Portugal,\u00a0Reino Unido, Rep\u00fablica Checa, Ruman\u00eda, Rusia, Singapur, Suecia, Sud\u00e1frica, Suiza, Taiwan, Turqu\u00eda.<\/p>\n<p><strong>Rellene el formulario a la derecha de la pantalla para conocer el concesionario m\u00e1s cercano a usted.<\/strong><\/p>\n","protected":false},"excerpt":{"rendered":"<p>RED DE DISTRIBUCI\u00d3N Y POST-VENTA Nuestra empresa se encuentra presente en muchos pa\u00edses del mundo gracias a una red de distribuci\u00f3n siempre en expansi\u00f3n que garantiza a nuestros clientes un \u00f3ptimo servicio comercial y un eficaz servicio post-venta. Esta red es compuesta de una selecci\u00f3n de distribuidores por \u00e1rea geogr\u00e1fica (que desempe\u00f1an la funci\u00f3n de [&hellip;]<\/p>\n","protected":false},"author":1,"featured_media":0,"parent":0,"menu_order":0,"comment_status":"closed","ping_status":"closed","template":"page-half.php","meta":[],"acf":[],"yoast_head":"<!-- This site is optimized with the Yoast SEO plugin v20.4 - https:\/\/yoast.com\/wordpress\/plugins\/seo\/ -->\n<title>Red de distribuci\u00f3n | Mariotti<\/title>\n<meta name=\"robots\" content=\"index, follow, max-snippet:-1, max-image-preview:large, max-video-preview:-1\" \/>\n<link rel=\"canonical\" href=\"https:\/\/www.mariotti.it\/es\/red-distribucion\/\" \/>\n<meta property=\"og:locale\" content=\"es_ES\" \/>\n<meta property=\"og:type\" content=\"article\" \/>\n<meta property=\"og:title\" content=\"Red de distribuci\u00f3n | Mariotti\" \/>\n<meta property=\"og:description\" content=\"RED DE DISTRIBUCI\u00d3N Y POST-VENTA Nuestra empresa se encuentra presente en muchos pa\u00edses del mundo gracias a una red de distribuci\u00f3n siempre en expansi\u00f3n que garantiza a nuestros clientes un \u00f3ptimo servicio comercial y un eficaz servicio post-venta. Esta red es compuesta de una selecci\u00f3n de distribuidores por \u00e1rea geogr\u00e1fica (que desempe\u00f1an la funci\u00f3n de [&hellip;]\" \/>\n<meta property=\"og:url\" content=\"https:\/\/www.mariotti.it\/es\/red-distribucion\/\" \/>\n<meta property=\"og:site_name\" content=\"Mariotti\" \/>\n<meta property=\"article:modified_time\" content=\"2018-09-11T09:53:20+00:00\" \/>\n<meta name=\"twitter:card\" content=\"summary_large_image\" \/>\n<meta name=\"twitter:label1\" content=\"Tiempo de lectura\" \/>\n\t<meta name=\"twitter:data1\" content=\"1 minuto\" \/>\n<script type=\"application\/ld+json\" class=\"yoast-schema-graph\">{\"@context\":\"https:\/\/schema.org\",\"@graph\":[{\"@type\":\"WebPage\",\"@id\":\"https:\/\/www.mariotti.it\/es\/red-distribucion\/\",\"url\":\"https:\/\/www.mariotti.it\/es\/red-distribucion\/\",\"name\":\"Red de distribuci\u00f3n | Mariotti\",\"isPartOf\":{\"@id\":\"https:\/\/www.mariotti.it\/#website\"},\"datePublished\":\"2015-07-06T14:35:29+00:00\",\"dateModified\":\"2018-09-11T09:53:20+00:00\",\"breadcrumb\":{\"@id\":\"https:\/\/www.mariotti.it\/es\/red-distribucion\/#breadcrumb\"},\"inLanguage\":\"es\",\"potentialAction\":[{\"@type\":\"ReadAction\",\"target\":[\"https:\/\/www.mariotti.it\/es\/red-distribucion\/\"]}]},{\"@type\":\"BreadcrumbList\",\"@id\":\"https:\/\/www.mariotti.it\/es\/red-distribucion\/#breadcrumb\",\"itemListElement\":[{\"@type\":\"ListItem\",\"position\":1,\"name\":\"Home\",\"item\":\"https:\/\/www.mariotti.it\/es\/\"},{\"@type\":\"ListItem\",\"position\":2,\"name\":\"Red de distribuci\u00f3n\"}]},{\"@type\":\"WebSite\",\"@id\":\"https:\/\/www.mariotti.it\/#website\",\"url\":\"https:\/\/www.mariotti.it\/\",\"name\":\"Mariotti\",\"description\":\"Compact Forklift Solutions\",\"potentialAction\":[{\"@type\":\"SearchAction\",\"target\":{\"@type\":\"EntryPoint\",\"urlTemplate\":\"https:\/\/www.mariotti.it\/?s={search_term_string}\"},\"query-input\":\"required name=search_term_string\"}],\"inLanguage\":\"es\"}]}<\/script>\n<!-- \/ Yoast SEO plugin. -->","yoast_head_json":{"title":"Red de distribuci\u00f3n | Mariotti","robots":{"index":"index","follow":"follow","max-snippet":"max-snippet:-1","max-image-preview":"max-image-preview:large","max-video-preview":"max-video-preview:-1"},"canonical":"https:\/\/www.mariotti.it\/es\/red-distribucion\/","og_locale":"es_ES","og_type":"article","og_title":"Red de distribuci\u00f3n | Mariotti","og_description":"RED DE DISTRIBUCI\u00d3N Y POST-VENTA Nuestra empresa se encuentra presente en muchos pa\u00edses del mundo gracias a una red de distribuci\u00f3n siempre en expansi\u00f3n que garantiza a nuestros clientes un \u00f3ptimo servicio comercial y un eficaz servicio post-venta. Esta red es compuesta de una selecci\u00f3n de distribuidores por \u00e1rea geogr\u00e1fica (que desempe\u00f1an la funci\u00f3n de [&hellip;]","og_url":"https:\/\/www.mariotti.it\/es\/red-distribucion\/","og_site_name":"Mariotti","article_modified_time":"2018-09-11T09:53:20+00:00","twitter_card":"summary_large_image","twitter_misc":{"Tiempo de lectura":"1 minuto"},"schema":{"@context":"https:\/\/schema.org","@graph":[{"@type":"WebPage","@id":"https:\/\/www.mariotti.it\/es\/red-distribucion\/","url":"https:\/\/www.mariotti.it\/es\/red-distribucion\/","name":"Red de distribuci\u00f3n | Mariotti","isPartOf":{"@id":"https:\/\/www.mariotti.it\/#website"},"datePublished":"2015-07-06T14:35:29+00:00","dateModified":"2018-09-11T09:53:20+00:00","breadcrumb":{"@id":"https:\/\/www.mariotti.it\/es\/red-distribucion\/#breadcrumb"},"inLanguage":"es","potentialAction":[{"@type":"ReadAction","target":["https:\/\/www.mariotti.it\/es\/red-distribucion\/"]}]},{"@type":"BreadcrumbList","@id":"https:\/\/www.mariotti.it\/es\/red-distribucion\/#breadcrumb","itemListElement":[{"@type":"ListItem","position":1,"name":"Home","item":"https:\/\/www.mariotti.it\/es\/"},{"@type":"ListItem","position":2,"name":"Red de distribuci\u00f3n"}]},{"@type":"WebSite","@id":"https:\/\/www.mariotti.it\/#website","url":"https:\/\/www.mariotti.it\/","name":"Mariotti","description":"Compact Forklift Solutions","potentialAction":[{"@type":"SearchAction","target":{"@type":"EntryPoint","urlTemplate":"https:\/\/www.mariotti.it\/?s={search_term_string}"},"query-input":"required name=search_term_string"}],"inLanguage":"es"}]}},"_links":{"self":[{"href":"https:\/\/www.mariotti.it\/es\/wp-json\/wp\/v2\/pages\/1170"}],"collection":[{"href":"https:\/\/www.mariotti.it\/es\/wp-json\/wp\/v2\/pages"}],"about":[{"href":"https:\/\/www.mariotti.it\/es\/wp-json\/wp\/v2\/types\/page"}],"author":[{"embeddable":true,"href":"https:\/\/www.mariotti.it\/es\/wp-json\/wp\/v2\/users\/1"}],"replies":[{"embeddable":true,"href":"https:\/\/www.mariotti.it\/es\/wp-json\/wp\/v2\/comments?post=1170"}],"version-history":[{"count":0,"href":"https:\/\/www.mariotti.it\/es\/wp-json\/wp\/v2\/pages\/1170\/revisions"}],"wp:attachment":[{"href":"https:\/\/www.mariotti.it\/es\/wp-json\/wp\/v2\/media?parent=1170"}],"curies":[{"name":"wp","href":"https:\/\/api.w.org\/{rel}","templated":true}]}}