{"id":1182,"date":"2015-06-04T16:17:39","date_gmt":"2015-06-04T14:17:39","guid":{"rendered":"https:\/\/www.mariotti.it\/es\/servizi\/"},"modified":"2023-10-11T14:19:20","modified_gmt":"2023-10-11T12:19:20","slug":"servicios","status":"publish","type":"page","link":"https:\/\/www.mariotti.it\/es\/servicios\/","title":{"rendered":"Servicios"},"content":{"rendered":"<h1>Los servicios<\/h1>\n<p>Nuestra empresa no solo se dedica a la fabricaci\u00f3n de carretillas elevadoras, sino que, adem\u00e1s, elabora y dise\u00f1a soluciones y equipos inspirados en las necesidades de nuestros clientes. Por esta raz\u00f3n, el sector de los servicios tiene para nosotros una importancia fundamental.<\/p>\n<h2>Consulta<\/h2>\n<p>La experiencia acumulada durante casi <strong>cien a\u00f1os de actividad se pone a su servicio<\/strong> para ayudarle a resolver sus problemas de manipulaci\u00f3n de mercanc\u00edas, sobre todo cuando se trate de trabajar en entornos de trabajo especiales y en espacios reducidos.<\/p>\n<p>Un personal competente sabr\u00e1 escucharle y valorar sus demandas, y <span id=\"result_box\" class=\"short_text\" lang=\"es\"><span class=\"hps\">le dirigir\u00e1<\/span><\/span> <span id=\"result_box\" class=\"short_text\" lang=\"es\"><span class=\"hps\">desde un punto<\/span> <span class=\"hps\">de vista<\/span><\/span> t\u00e9cnico-comercial al equipo que m\u00e1s se adapte. Estudiar\u00e1 su caso y le propondr\u00e1 una soluci\u00f3n a su medida y que le aporte beneficios operacionales y ahorro de tiempo y costes.<\/p>\n<p>Muchas son las empresas que ya conf\u00edan en nuestro servicio para optimizar las operaciones de manipulaci\u00f3n y apilamiento de materiales.<\/p>\n<h2>Asistencia post-venta y recambios<\/h2>\n<p>La asistencia se gestiona mediante\u00a0una estrecha colaboraci\u00f3n con nuestros concesionarios locales, adecuadamente seleccionados para garantizarle\u00a0el mejor servicio al cliente. \u00a0Desde la sede, podemos monitorizar en remoto las carretillas en casa del concesionario para realizar un diagn\u00f3stico, verificar las anomal\u00edas y modificar los parametros de la m\u00e1quina. De este modo, facilitamos y guiamos las operaciones de asistencia en todos aquellos casos que lo requieran.<\/p>\n<p>A pesar de su compacidad, nuestras carretillas se han dise\u00f1ado con total cuidado y atenci\u00f3n a fin de facilitar\u00a0el acceso a las piezas, acelerando\u00a0as\u00ed los tiempos de montaje y desmontaje. Todas nuestras carretillas se fabrican con componentes de primera calidad, testados y controlados durante la fase de montaje. La eficacia de este sistema es demostrado por el reducido n\u00famero de intervenciones necesarios, y el escaso tiempo de paro de la m\u00e1quina incluso cuando ocurre un problema.<\/p>\n<p>Adem\u00e1s, la cuidadosa selecci\u00f3n de las piezas permite que se substituya solo la pieza defectuosa y que no sea necesario que se cambie el equipo completo afectado por el problema. Esto se traduce en un ahorro significativo para el cliente, y en un gesto respetuoso con el medio ambiente a nivel de producci\u00f3n de residuos.<\/p>\n<p>Nuestros distribuidores tienen recambios en stock a fin de ahorrar el m\u00e1ximo tiempo posible al cliente. En caso de que el distribuidor no disponga de un recambio en cuesti\u00f3n, este se manda desde nuestro servicio post-venta el mismo d\u00eda.<\/p>\n<p>Mariotti es una empresa certificada para el dise\u00f1o y la fabricaci\u00f3n de carretillas elevadoras y para la venta de recambios <b>(<\/b><a href=\"\/wp-content\/uploads\/2018\/06\/2023-V.-MARIOTTI-certificato-it-CQY.pdf\" target=\"_blank\" rel=\"noopener\"><b>UNI EN ISO 9001<\/b><\/a><b>).<\/b><\/p>\n","protected":false},"excerpt":{"rendered":"<p>Los servicios Nuestra empresa no solo se dedica a la fabricaci\u00f3n de carretillas elevadoras, sino que, adem\u00e1s, elabora y dise\u00f1a soluciones y equipos inspirados en las necesidades de nuestros clientes. Por esta raz\u00f3n, el sector de los servicios tiene para nosotros una importancia fundamental. Consulta La experiencia acumulada durante casi cien a\u00f1os de actividad se [&hellip;]<\/p>\n","protected":false},"author":1,"featured_media":0,"parent":0,"menu_order":0,"comment_status":"closed","ping_status":"closed","template":"page-sidebar-right.php","meta":[],"acf":[],"yoast_head":"<!-- This site is optimized with the Yoast SEO plugin v20.4 - https:\/\/yoast.com\/wordpress\/plugins\/seo\/ -->\n<title>Servicios | Mariotti<\/title>\n<meta name=\"robots\" content=\"index, follow, max-snippet:-1, max-image-preview:large, max-video-preview:-1\" \/>\n<link rel=\"canonical\" href=\"https:\/\/www.mariotti.it\/es\/servicios\/\" \/>\n<meta property=\"og:locale\" content=\"es_ES\" \/>\n<meta property=\"og:type\" content=\"article\" \/>\n<meta property=\"og:title\" content=\"Servicios | Mariotti\" \/>\n<meta property=\"og:description\" content=\"Los servicios Nuestra empresa no solo se dedica a la fabricaci\u00f3n de carretillas elevadoras, sino que, adem\u00e1s, elabora y dise\u00f1a soluciones y equipos inspirados en las necesidades de nuestros clientes. Por esta raz\u00f3n, el sector de los servicios tiene para nosotros una importancia fundamental. Consulta La experiencia acumulada durante casi cien a\u00f1os de actividad se [&hellip;]\" \/>\n<meta property=\"og:url\" content=\"https:\/\/www.mariotti.it\/es\/servicios\/\" \/>\n<meta property=\"og:site_name\" content=\"Mariotti\" \/>\n<meta property=\"article:modified_time\" content=\"2023-10-11T12:19:20+00:00\" \/>\n<meta name=\"twitter:card\" content=\"summary_large_image\" \/>\n<meta name=\"twitter:label1\" content=\"Tiempo de lectura\" \/>\n\t<meta name=\"twitter:data1\" content=\"2 minutos\" \/>\n<script type=\"application\/ld+json\" class=\"yoast-schema-graph\">{\"@context\":\"https:\/\/schema.org\",\"@graph\":[{\"@type\":\"WebPage\",\"@id\":\"https:\/\/www.mariotti.it\/es\/servicios\/\",\"url\":\"https:\/\/www.mariotti.it\/es\/servicios\/\",\"name\":\"Servicios | Mariotti\",\"isPartOf\":{\"@id\":\"https:\/\/www.mariotti.it\/#website\"},\"datePublished\":\"2015-06-04T14:17:39+00:00\",\"dateModified\":\"2023-10-11T12:19:20+00:00\",\"breadcrumb\":{\"@id\":\"https:\/\/www.mariotti.it\/es\/servicios\/#breadcrumb\"},\"inLanguage\":\"es\",\"potentialAction\":[{\"@type\":\"ReadAction\",\"target\":[\"https:\/\/www.mariotti.it\/es\/servicios\/\"]}]},{\"@type\":\"BreadcrumbList\",\"@id\":\"https:\/\/www.mariotti.it\/es\/servicios\/#breadcrumb\",\"itemListElement\":[{\"@type\":\"ListItem\",\"position\":1,\"name\":\"Home\",\"item\":\"https:\/\/www.mariotti.it\/es\/\"},{\"@type\":\"ListItem\",\"position\":2,\"name\":\"Servicios\"}]},{\"@type\":\"WebSite\",\"@id\":\"https:\/\/www.mariotti.it\/#website\",\"url\":\"https:\/\/www.mariotti.it\/\",\"name\":\"Mariotti\",\"description\":\"Compact Forklift Solutions\",\"potentialAction\":[{\"@type\":\"SearchAction\",\"target\":{\"@type\":\"EntryPoint\",\"urlTemplate\":\"https:\/\/www.mariotti.it\/?s={search_term_string}\"},\"query-input\":\"required name=search_term_string\"}],\"inLanguage\":\"es\"}]}<\/script>\n<!-- \/ Yoast SEO plugin. -->","yoast_head_json":{"title":"Servicios | Mariotti","robots":{"index":"index","follow":"follow","max-snippet":"max-snippet:-1","max-image-preview":"max-image-preview:large","max-video-preview":"max-video-preview:-1"},"canonical":"https:\/\/www.mariotti.it\/es\/servicios\/","og_locale":"es_ES","og_type":"article","og_title":"Servicios | Mariotti","og_description":"Los servicios Nuestra empresa no solo se dedica a la fabricaci\u00f3n de carretillas elevadoras, sino que, adem\u00e1s, elabora y dise\u00f1a soluciones y equipos inspirados en las necesidades de nuestros clientes. Por esta raz\u00f3n, el sector de los servicios tiene para nosotros una importancia fundamental. Consulta La experiencia acumulada durante casi cien a\u00f1os de actividad se [&hellip;]","og_url":"https:\/\/www.mariotti.it\/es\/servicios\/","og_site_name":"Mariotti","article_modified_time":"2023-10-11T12:19:20+00:00","twitter_card":"summary_large_image","twitter_misc":{"Tiempo de lectura":"2 minutos"},"schema":{"@context":"https:\/\/schema.org","@graph":[{"@type":"WebPage","@id":"https:\/\/www.mariotti.it\/es\/servicios\/","url":"https:\/\/www.mariotti.it\/es\/servicios\/","name":"Servicios | Mariotti","isPartOf":{"@id":"https:\/\/www.mariotti.it\/#website"},"datePublished":"2015-06-04T14:17:39+00:00","dateModified":"2023-10-11T12:19:20+00:00","breadcrumb":{"@id":"https:\/\/www.mariotti.it\/es\/servicios\/#breadcrumb"},"inLanguage":"es","potentialAction":[{"@type":"ReadAction","target":["https:\/\/www.mariotti.it\/es\/servicios\/"]}]},{"@type":"BreadcrumbList","@id":"https:\/\/www.mariotti.it\/es\/servicios\/#breadcrumb","itemListElement":[{"@type":"ListItem","position":1,"name":"Home","item":"https:\/\/www.mariotti.it\/es\/"},{"@type":"ListItem","position":2,"name":"Servicios"}]},{"@type":"WebSite","@id":"https:\/\/www.mariotti.it\/#website","url":"https:\/\/www.mariotti.it\/","name":"Mariotti","description":"Compact Forklift Solutions","potentialAction":[{"@type":"SearchAction","target":{"@type":"EntryPoint","urlTemplate":"https:\/\/www.mariotti.it\/?s={search_term_string}"},"query-input":"required name=search_term_string"}],"inLanguage":"es"}]}},"_links":{"self":[{"href":"https:\/\/www.mariotti.it\/es\/wp-json\/wp\/v2\/pages\/1182"}],"collection":[{"href":"https:\/\/www.mariotti.it\/es\/wp-json\/wp\/v2\/pages"}],"about":[{"href":"https:\/\/www.mariotti.it\/es\/wp-json\/wp\/v2\/types\/page"}],"author":[{"embeddable":true,"href":"https:\/\/www.mariotti.it\/es\/wp-json\/wp\/v2\/users\/1"}],"replies":[{"embeddable":true,"href":"https:\/\/www.mariotti.it\/es\/wp-json\/wp\/v2\/comments?post=1182"}],"version-history":[{"count":0,"href":"https:\/\/www.mariotti.it\/es\/wp-json\/wp\/v2\/pages\/1182\/revisions"}],"wp:attachment":[{"href":"https:\/\/www.mariotti.it\/es\/wp-json\/wp\/v2\/media?parent=1182"}],"curies":[{"name":"wp","href":"https:\/\/api.w.org\/{rel}","templated":true}]}}