{"id":1194,"date":"2015-06-02T09:45:04","date_gmt":"2015-06-02T07:45:04","guid":{"rendered":"https:\/\/www.mariotti.it\/es\/vantaggi\/"},"modified":"2021-01-06T23:25:02","modified_gmt":"2021-01-06T21:25:02","slug":"ventajas","status":"publish","type":"page","link":"https:\/\/www.mariotti.it\/es\/ventajas\/","title":{"rendered":"Ventajas"},"content":{"rendered":"<h1>Las ventajas de escoger Mariotti<\/h1>\n<p>Fabricamos la <strong>gama de carretillas elevadoras el\u00e9ctricas m\u00e1s peque\u00f1as del mundo<\/strong>: la mejor soluci\u00f3n para la manipulaci\u00f3n de cargas entre 400 y 1600 kg.<\/p>\n<h2>Caracter\u00edsticas \u00fanicas<\/h2>\n<p>Las carretillas el\u00e9ctricas Mariotti son \u00fanicas por su compacidad y calidad, caracter\u00edsticas que permiten su uso en entornos especiales siempre con la m\u00e1xima seguridad y confort, incluso como alternativa a una transpaleta manual o el\u00e9ctrica, a un apilador o a una carretilla de interior.<\/p>\n<ul class=\"accordion\" data-accordion role=\"tablist\"><li class=\"accordion-navigation\"><a href=\"#caratteristiche-uniche0\" role=\"tab\"\n                    id=\"caratteristiche-uniche0-heading\"\n                    aria-controls=\"caratteristiche-uniche0\"\n                    class=\"even\">\n                    <span>+<\/span>&nbsp;Las m\u00e1s reducidas y maniobrables\n                <\/a>\n                <div id=\"caratteristiche-uniche0\"\n                     class=\"row content \"\n                     role=\"tabpanel\"\n                     aria-labelledby=\"caratteristiche-uniche0-heading\">\n                  <span id=\"result_box\" class=\"short_text\" lang=\"es\"><span class=\"hps\">Los datos<\/span> <span class=\"hps\">son expl\u00edcitos<\/span><\/span>: ancho reducido hasta 805 mm, <span id=\"result_box\" class=\"short_text\" lang=\"es\"><span class=\"hps\">altura inferior a<\/span><\/span> 2000 m, longitud L2 de 1095 mm hasta 1615 mm, direcci\u00f3n asistida, batalla regulable y desplazador lateral integrado de serie en toda la gama.<\/div><\/li><li class=\"accordion-navigation\"><a href=\"#caratteristiche-uniche1\" role=\"tab\"\n                    id=\"caratteristiche-uniche1-heading\"\n                    aria-controls=\"caratteristiche-uniche1\"\n                    class=\"odd\">\n                    <span>+<\/span>&nbsp;Multifuncionales\n                <\/a>\n                <div id=\"caratteristiche-uniche1\"\n                     class=\"row content \"\n                     role=\"tabpanel\"\n                     aria-labelledby=\"caratteristiche-uniche1-heading\">\n                  Adaptadas a un uso polivalente, las carretillas\u00a0el\u00e9ctricas Mariotti permiten cargar y descargar mercancias desde camiones, remolques y contenedores, de manipular y apilar en almacenes, as\u00ed como transportar y transitar dentro de las \u00e1reas de producci\u00f3n y transformaci\u00f3n. La carretilla Mariotti puede desempe\u00f1ar\u00a0m\u00faltiples\u00a0funciones, garantizando un ahorro considerable de tiempo y dinero.<\/div><\/li><li class=\"accordion-navigation\"><a href=\"#caratteristiche-uniche2\" role=\"tab\"\n                    id=\"caratteristiche-uniche2-heading\"\n                    aria-controls=\"caratteristiche-uniche2\"\n                    class=\"even\">\n                    <span>+<\/span>&nbsp;Potentes\n                <\/a>\n                <div id=\"caratteristiche-uniche2\"\n                     class=\"row content \"\n                     role=\"tabpanel\"\n                     aria-labelledby=\"caratteristiche-uniche2-heading\">\n                  Motores de corriente alterna (AC) eficientes y potentes y posibilidad de elegir, en la serie Mycros, la tracci\u00f3n m\u00e1s adecuada a sus necesidades: trasera (1 rueda), delantera (2 ruedas) o integral (3 ruedas).<\/div><\/li><li class=\"accordion-navigation\"><a href=\"#caratteristiche-uniche3\" role=\"tab\"\n                    id=\"caratteristiche-uniche3-heading\"\n                    aria-controls=\"caratteristiche-uniche3\"\n                    class=\"odd\">\n                    <span>+<\/span>&nbsp;Precisas\n                <\/a>\n                <div id=\"caratteristiche-uniche3\"\n                     class=\"row content \"\n                     role=\"tabpanel\"\n                     aria-labelledby=\"caratteristiche-uniche3-heading\">\n                  La direcci\u00f3n a cremallera, que Mariotti ha incluido por primera vez en carretillas el\u00e9ctricas de estas dimensiones, es compacta, fiable y garantiza la m\u00e1xima precisi\u00f3n en la conducci\u00f3n. Las horquillas, pinzas y otros implementos dise\u00f1ados a medida de las necesidades de nuestros clientes convierten nuestras carretillas el\u00e9ctricas en el equipo ideal para todos aquellos entornos que requieren de una particular precisi\u00f3n.<\/div><\/li><li class=\"accordion-navigation\"><a href=\"#caratteristiche-uniche4\" role=\"tab\"\n                    id=\"caratteristiche-uniche4-heading\"\n                    aria-controls=\"caratteristiche-uniche4\"\n                    class=\"even\">\n                    <span>+<\/span>&nbsp;Livianas cuando se requiere\n                <\/a>\n                <div id=\"caratteristiche-uniche4\"\n                     class=\"row content \"\n                     role=\"tabpanel\"\n                     aria-labelledby=\"caratteristiche-uniche4-heading\">\n                  La ligereza, en ciertas situaciones, puede representar\u00a0un importante punto a favor. Por ejemplo, cuando se trabaja sobre entreplantas industriales o montacargas. Mariotti puede proveer soluciones que combinan capacidad y peso total de la carretilla para trabajar con\u00a0las mejores condiciones en cada situaci\u00f3n.<\/div><\/li><li class=\"accordion-navigation\"><a href=\"#caratteristiche-uniche5\" role=\"tab\"\n                    id=\"caratteristiche-uniche5-heading\"\n                    aria-controls=\"caratteristiche-uniche5\"\n                    class=\"odd\">\n                    <span>+<\/span>&nbsp;Ecol\u00f3gicas\n                <\/a>\n                <div id=\"caratteristiche-uniche5\"\n                     class=\"row content \"\n                     role=\"tabpanel\"\n                     aria-labelledby=\"caratteristiche-uniche5-heading\">\n                  Emisiones cero para el personal y el entorno de trabajo gracias a su motor el\u00e9ctrico capaz con una sola carga de bater\u00eda de aguantar\u00a0un turno de trabajo de 8 horas con un rendimiento comparable al de las carretillas t\u00e9rmicas. Adem\u00e1s, nuestras carretillas est\u00e1n dotadas de sistema de frenado el\u00e9ctrico con recuperaci\u00f3n de energ\u00eda. Algunos modelos llevan una modalidad de conducci\u00f3n economica.<\/div><\/li><li class=\"accordion-navigation\"><a href=\"#caratteristiche-uniche6\" role=\"tab\"\n                    id=\"caratteristiche-uniche6-heading\"\n                    aria-controls=\"caratteristiche-uniche6\"\n                    class=\"even\">\n                    <span>+<\/span>&nbsp;Hechas a la medida\n                <\/a>\n                <div id=\"caratteristiche-uniche6\"\n                     class=\"row content \"\n                     role=\"tabpanel\"\n                     aria-labelledby=\"caratteristiche-uniche6-heading\">\n                  Cada carretilla de serie puede ser personalizada seg\u00fan sus necesidades, desde modificaciones en el chasis y el m\u00e1stil hasta la instalaci\u00f3n a medida de horquillas o otros implementos especiales. Para m\u00e1s informaci\u00f3n, visite nuestra secci\u00f3n\u00a0<a href=\"https:\/\/www.mariotti.it\/es\/maquinas-especiales\/\">m\u00e1quinas especiales<\/a>.<\/div><\/li><\/ul>\n<figure><a href=\"https:\/\/www.mariotti.it\/wp-content\/uploads\/2015\/06\/mariotti-advantages.png\"><img loading=\"lazy\" class=\"alignnone wp-image-2711 size-full\" src=\"https:\/\/www.mariotti.it\/wp-content\/uploads\/2015\/06\/mariotti-advantages.png\" alt=\"\" width=\"770\" height=\"270\" srcset=\"https:\/\/www.mariotti.it\/wp-content\/uploads\/2015\/06\/mariotti-advantages.png 770w, https:\/\/www.mariotti.it\/wp-content\/uploads\/2015\/06\/mariotti-advantages-300x105.png 300w\" sizes=\"(max-width: 770px) 100vw, 770px\" \/><\/a><\/figure>\n<h2>Maniobrable<\/h2>\n<p>Las carretillas Mariotti tienen un car\u00e1cter\u00a0vers\u00e1til y pueden ser utilizadas en interior o en exterior, en espacios reducidos o en entornos que requieran la m\u00e1xima precisi\u00f3n y fiabilidad.<\/p>\n<ul class=\"accordion\" data-accordion role=\"tablist\"><li class=\"accordion-navigation\"><a href=\"#agilita0\" role=\"tab\"\n                    id=\"agilita0-heading\"\n                    aria-controls=\"agilita0\"\n                    class=\"even\">\n                    <span>+<\/span>&nbsp;Puertas, cancelas y pasos estrechos\n                <\/a>\n                <div id=\"agilita0\"\n                     class=\"row content \"\n                     role=\"tabpanel\"\n                     aria-labelledby=\"agilita0-heading\">\n                  Gracias a su ancho reducido (hasta un m\u00ednimo de 805 mm), nuestras carretillas pueden pasar por espacios casi inimaginables y moverse con agilidad en entornos angostos dentro de\u00a0las \u00e1reas de producci\u00f3n y de transformaci\u00f3n, entre m\u00e1quinas-herramienta y materiales.<\/div><\/li><li class=\"accordion-navigation\"><a href=\"#agilita1\" role=\"tab\"\n                    id=\"agilita1-heading\"\n                    aria-controls=\"agilita1\"\n                    class=\"odd\">\n                    <span>+<\/span>&nbsp;Pasillos estrechos\n                <\/a>\n                <div id=\"agilita1\"\n                     class=\"row content \"\n                     role=\"tabpanel\"\n                     aria-labelledby=\"agilita1-heading\">\n                  La compacidad de las carretillas Mariotti permite de apilar las mercanc\u00edas en pasillos de trabajo de hasta 2500 mm de ancho con un euro-pallet. Algunos de nuestros clientes han conseguido reducir las dimensiones\u00a0de los\u00a0pasillos y aumentar as\u00ed el espacio de almacenamiento gracias a nuestras carretillas.<\/div><\/li><li class=\"accordion-navigation\"><a href=\"#agilita2\" role=\"tab\"\n                    id=\"agilita2-heading\"\n                    aria-controls=\"agilita2\"\n                    class=\"even\">\n                    <span>+<\/span>&nbsp;Rampas\n                <\/a>\n                <div id=\"agilita2\"\n                     class=\"row content \"\n                     role=\"tabpanel\"\n                     aria-labelledby=\"agilita2-heading\">\n                  La posibilidad de elegir una tracci\u00f3n integral y la potencia de nuestros motores permiten que se pueda trabajar c\u00f3modamente en rampas y desniveles con una pendiente de hasta 25 %.<\/div><\/li><li class=\"accordion-navigation\"><a href=\"#agilita3\" role=\"tab\"\n                    id=\"agilita3-heading\"\n                    aria-controls=\"agilita3\"\n                    class=\"odd\">\n                    <span>+<\/span>&nbsp;Plataformas elevadoras, asensores de carga, entreplantas\n                <\/a>\n                <div id=\"agilita3\"\n                     class=\"row content \"\n                     role=\"tabpanel\"\n                     aria-labelledby=\"agilita3-heading\">\n                  Pocas son las carretillas contrapesadas que pueden trabajar sobre la plataforma elevadora de un cami\u00f3n, en un asensor de carga o sobre una entreplanta industrial. Mariotti puede proveer soluciones a la medida que combinan\u00a0<span id=\"result_box\" class=\"short_text\" lang=\"es\"><span class=\"hps\">seguridad y eficiencia<\/span><\/span> con la <span id=\"result_box\" class=\"short_text\" lang=\"es\"><span class=\"hps\">ligereza <\/span><\/span>adecuada para trabajar en este tipo de entorno.<\/div><\/li><li class=\"accordion-navigation\"><a href=\"#agilita4\" role=\"tab\"\n                    id=\"agilita4-heading\"\n                    aria-controls=\"agilita4\"\n                    class=\"even\">\n                    <span>+<\/span>&nbsp;C\u00e1maras frigor\u00edficas, bodegas, c\u00e1mara acorazada\n                <\/a>\n                <div id=\"agilita4\"\n                     class=\"row content \"\n                     role=\"tabpanel\"\n                     aria-labelledby=\"agilita4-heading\">\n                  <span id=\"result_box\" class=\"short_text\" lang=\"es\"><\/span>Incluso donde el techo es muy bajo, nuestras carretillas podr\u00e1n trabajar sin necesidad de hacer modificaciones al chasis y al m\u00e1stil ya que cuentan con una altura reducida inferior a los 2000 mm. Adem\u00e1s, podr\u00e1n ser acondicionadas para adaptarse a este tipo de entornos: acondicionamiento especial para c\u00e1maras frigor\u00edficas (-20 \u00baC), antideflagrante, anticorrosi\u00f3n y tambien acondicionamiento para respetar los est\u00e1ndares de higiene requeridos en el sector alimentario.<\/div><\/li><li class=\"accordion-navigation\"><a href=\"#agilita5\" role=\"tab\"\n                    id=\"agilita5-heading\"\n                    aria-controls=\"agilita5\"\n                    class=\"odd\">\n                    <span>+<\/span>&nbsp;Pavimento delicado\n                <\/a>\n                <div id=\"agilita5\"\n                     class=\"row content \"\n                     role=\"tabpanel\"\n                     aria-labelledby=\"agilita5-heading\">\n                  Las carretillas Mariotti pueden ser utilizadas tambi\u00e9n en entornos con un pavimento que requiere de un cuidado especial, como teatros o museos. Adem\u00e1s, se pueden equipar con ruedas antihuellas y customizar <span id=\"result_box\" class=\"short_text\" lang=\"es\"><span class=\"hps\">para distribuir su peso.<\/span><\/span><\/div><\/li><li class=\"accordion-navigation\"><a href=\"#agilita6\" role=\"tab\"\n                    id=\"agilita6-heading\"\n                    aria-controls=\"agilita6\"\n                    class=\"even\">\n                    <span>+<\/span>&nbsp;Contenedores, vagones y camiones\n                <\/a>\n                <div id=\"agilita6\"\n                     class=\"row content \"\n                     role=\"tabpanel\"\n                     aria-labelledby=\"agilita6-heading\">\n                  Por sus dimensiones y su maniobrabilidad, las carretillas Mariotti son perfectas para la manipulaci\u00f3n de mercanc\u00edas en el interior de contenedores, remolques o vagones de tren.<\/div><\/li><\/ul>\n<figure><img loading=\"lazy\" class=\"alignnone wp-image-5519 size-full\" src=\"https:\/\/www.mariotti.it\/wp-content\/uploads\/2020\/10\/vantaggi-agilita\u0300-utilizzo.png\" alt=\"\" width=\"770\" height=\"270\" srcset=\"https:\/\/www.mariotti.it\/wp-content\/uploads\/2020\/10\/vantaggi-agilita\u0300-utilizzo.png 770w, https:\/\/www.mariotti.it\/wp-content\/uploads\/2020\/10\/vantaggi-agilita\u0300-utilizzo-300x105.png 300w, https:\/\/www.mariotti.it\/wp-content\/uploads\/2020\/10\/vantaggi-agilita\u0300-utilizzo-768x269.png 768w\" sizes=\"(max-width: 770px) 100vw, 770px\" \/><\/figure>\n<h2>Ahorro de tiempo y dinero<\/h2>\n<p>El uso de una carretilla el\u00e9ctrica Mariotti garantiza un ahorro\u00a0significativo: estudiamos cada <span class=\"hvr\">caracter\u00edstica<\/span> para maximizar la eficiencia energ\u00e9tica y reducir el consumo. Adem\u00e1s, su\u00a0elevada fiabilidad garantiza una reducci\u00f3n de los paros de la maquinaria y su versatilidad permite el uso de la misma carretilla para m\u00faltiples funciones, reduciendo as\u00ed los gastos del parque de maquinaria y los gastos operativos.<\/p>\n<ul class=\"accordion\" data-accordion role=\"tablist\"><li class=\"accordion-navigation\"><a href=\"#risparmio0\" role=\"tab\"\n                    id=\"risparmio0-heading\"\n                    aria-controls=\"risparmio0\"\n                    class=\"even\">\n                    <span>+<\/span>&nbsp;Buena inversi\u00f3n\n                <\/a>\n                <div id=\"risparmio0\"\n                     class=\"row content \"\n                     role=\"tabpanel\"\n                     aria-labelledby=\"risparmio0-heading\">\n                  El coste de una carretilla Mariotti se ve totalmente compensado por la calidad del producto que, gracias a su esmerado\u00a0dise\u00f1o, le garantizar\u00e1 seguridad, rapidez y confort en el trabajo, as\u00ed como comodidad en cuanto a\u00a0intervenci\u00f3n y servicio. Adem\u00e1s, los costes de consumo y mantenimiento son reducidos y el rendimiento es parecido al de una carretillas t\u00e9rmicas. La bater\u00eda aguanta\u00a0un turno de 8 horas con una sola carga.<\/div><\/li><li class=\"accordion-navigation\"><a href=\"#risparmio1\" role=\"tab\"\n                    id=\"risparmio1-heading\"\n                    aria-controls=\"risparmio1\"\n                    class=\"odd\">\n                    <span>+<\/span>&nbsp;Ahorro de energ\u00eda\n                <\/a>\n                <div id=\"risparmio1\"\n                     class=\"row content \"\n                     role=\"tabpanel\"\n                     aria-labelledby=\"risparmio1-heading\">\n                  El dise\u00f1o de nuestras carretillas est\u00e1 especialmente pensado para reducir el consumo y el gasto energ\u00e9tico: direcci\u00f3n a cremallera que Mariotti ha introducido por primera vez en carretillas de estas dimensiones, sistema de frenado el\u00e9ctrico con recuperaci\u00f3n de energ\u00eda y posibilidad de elegir la modalidad de conducci\u00f3n economica (disponible en Algunos modelos).<\/div><\/li><li class=\"accordion-navigation\"><a href=\"#risparmio2\" role=\"tab\"\n                    id=\"risparmio2-heading\"\n                    aria-controls=\"risparmio2\"\n                    class=\"even\">\n                    <span>+<\/span>&nbsp;Ahorro de espacio\n                <\/a>\n                <div id=\"risparmio2\"\n                     class=\"row content \"\n                     role=\"tabpanel\"\n                     aria-labelledby=\"risparmio2-heading\">\n                  La compacidad de nuestras carretillas hace posible que se reduzcan los espacios de tr\u00e1nsito y los pasillos de trabajo (hasta 2500 mm de ancho con un euro-pallet) y que aumenta el espacio dedicado al almacenaje de mercanc\u00edas. Un ahorro de espacio considerable que, en muchas ocasiones, se traduce en un significativo ahorro a nivel econ\u00f3mico.<\/div><\/li><li class=\"accordion-navigation\"><a href=\"#risparmio3\" role=\"tab\"\n                    id=\"risparmio3-heading\"\n                    aria-controls=\"risparmio3\"\n                    class=\"odd\">\n                    <span>+<\/span>&nbsp;Gastos y tiempos de operaci\u00f3n\n                <\/a>\n                <div id=\"risparmio3\"\n                     class=\"row content \"\n                     role=\"tabpanel\"\n                     aria-labelledby=\"risparmio3-heading\">\n                  La versatilidad de Mariotti hace que las operaciones del utilizador se tornen m\u00e1s fluida y r\u00e1pida, tanto en el interior como en el exterior. Garantiza adem\u00e1s todas las funciones de carga y descarga, de transporte y de apilamiento de mercanc\u00edas incluso en entornos angostos . Esta versatilidad elimina el tiempo de cambio de una m\u00e1quina a otra y permite reducir el parque de maquinaria.<\/div><\/li><\/ul>\n<figure><a href=\"https:\/\/www.mariotti.it\/wp-content\/uploads\/2015\/06\/vantaggi-risparmio.png\"><img loading=\"lazy\" width=\"196\" height=\"154\" class=\"alignnone size-full wp-image-624\" src=\"https:\/\/www.mariotti.it\/wp-content\/uploads\/2015\/06\/vantaggi-risparmio.png\" alt=\"vantaggi-risparmio\" \/><\/a><\/figure>\n","protected":false},"excerpt":{"rendered":"<p>Las ventajas de escoger Mariotti Fabricamos la gama de carretillas elevadoras el\u00e9ctricas m\u00e1s peque\u00f1as del mundo: la mejor soluci\u00f3n para la manipulaci\u00f3n de cargas entre 400 y 1600 kg. Caracter\u00edsticas \u00fanicas Las carretillas el\u00e9ctricas Mariotti son \u00fanicas por su compacidad y calidad, caracter\u00edsticas que permiten su uso en entornos especiales siempre con la m\u00e1xima seguridad [&hellip;]<\/p>\n","protected":false},"author":1,"featured_media":0,"parent":0,"menu_order":0,"comment_status":"closed","ping_status":"closed","template":"page-sidebar-right.php","meta":[],"acf":[],"yoast_head":"<!-- This site is optimized with the Yoast SEO plugin v20.4 - https:\/\/yoast.com\/wordpress\/plugins\/seo\/ -->\n<title>Ventajas | Mariotti<\/title>\n<meta name=\"robots\" content=\"index, follow, max-snippet:-1, max-image-preview:large, max-video-preview:-1\" \/>\n<link rel=\"canonical\" href=\"https:\/\/www.mariotti.it\/es\/ventajas\/\" \/>\n<meta property=\"og:locale\" content=\"es_ES\" \/>\n<meta property=\"og:type\" content=\"article\" \/>\n<meta property=\"og:title\" content=\"Ventajas | Mariotti\" \/>\n<meta property=\"og:description\" content=\"Las ventajas de escoger Mariotti Fabricamos la gama de carretillas elevadoras el\u00e9ctricas m\u00e1s peque\u00f1as del mundo: la mejor soluci\u00f3n para la manipulaci\u00f3n de cargas entre 400 y 1600 kg. Caracter\u00edsticas \u00fanicas Las carretillas el\u00e9ctricas Mariotti son \u00fanicas por su compacidad y calidad, caracter\u00edsticas que permiten su uso en entornos especiales siempre con la m\u00e1xima seguridad [&hellip;]\" \/>\n<meta property=\"og:url\" content=\"https:\/\/www.mariotti.it\/es\/ventajas\/\" \/>\n<meta property=\"og:site_name\" content=\"Mariotti\" \/>\n<meta property=\"article:modified_time\" content=\"2021-01-06T21:25:02+00:00\" \/>\n<meta property=\"og:image\" content=\"https:\/\/www.mariotti.it\/wp-content\/uploads\/2015\/06\/mariotti-advantages.png\" \/>\n<meta name=\"twitter:card\" content=\"summary_large_image\" \/>\n<meta name=\"twitter:label1\" content=\"Tiempo de lectura\" \/>\n\t<meta name=\"twitter:data1\" content=\"1 minuto\" \/>\n<script type=\"application\/ld+json\" class=\"yoast-schema-graph\">{\"@context\":\"https:\/\/schema.org\",\"@graph\":[{\"@type\":\"WebPage\",\"@id\":\"https:\/\/www.mariotti.it\/es\/ventajas\/\",\"url\":\"https:\/\/www.mariotti.it\/es\/ventajas\/\",\"name\":\"Ventajas | Mariotti\",\"isPartOf\":{\"@id\":\"https:\/\/www.mariotti.it\/#website\"},\"datePublished\":\"2015-06-02T07:45:04+00:00\",\"dateModified\":\"2021-01-06T21:25:02+00:00\",\"breadcrumb\":{\"@id\":\"https:\/\/www.mariotti.it\/es\/ventajas\/#breadcrumb\"},\"inLanguage\":\"es\",\"potentialAction\":[{\"@type\":\"ReadAction\",\"target\":[\"https:\/\/www.mariotti.it\/es\/ventajas\/\"]}]},{\"@type\":\"BreadcrumbList\",\"@id\":\"https:\/\/www.mariotti.it\/es\/ventajas\/#breadcrumb\",\"itemListElement\":[{\"@type\":\"ListItem\",\"position\":1,\"name\":\"Home\",\"item\":\"https:\/\/www.mariotti.it\/es\/\"},{\"@type\":\"ListItem\",\"position\":2,\"name\":\"Ventajas\"}]},{\"@type\":\"WebSite\",\"@id\":\"https:\/\/www.mariotti.it\/#website\",\"url\":\"https:\/\/www.mariotti.it\/\",\"name\":\"Mariotti\",\"description\":\"Compact Forklift Solutions\",\"potentialAction\":[{\"@type\":\"SearchAction\",\"target\":{\"@type\":\"EntryPoint\",\"urlTemplate\":\"https:\/\/www.mariotti.it\/?s={search_term_string}\"},\"query-input\":\"required name=search_term_string\"}],\"inLanguage\":\"es\"}]}<\/script>\n<!-- \/ Yoast SEO plugin. -->","yoast_head_json":{"title":"Ventajas | Mariotti","robots":{"index":"index","follow":"follow","max-snippet":"max-snippet:-1","max-image-preview":"max-image-preview:large","max-video-preview":"max-video-preview:-1"},"canonical":"https:\/\/www.mariotti.it\/es\/ventajas\/","og_locale":"es_ES","og_type":"article","og_title":"Ventajas | Mariotti","og_description":"Las ventajas de escoger Mariotti Fabricamos la gama de carretillas elevadoras el\u00e9ctricas m\u00e1s peque\u00f1as del mundo: la mejor soluci\u00f3n para la manipulaci\u00f3n de cargas entre 400 y 1600 kg. Caracter\u00edsticas \u00fanicas Las carretillas el\u00e9ctricas Mariotti son \u00fanicas por su compacidad y calidad, caracter\u00edsticas que permiten su uso en entornos especiales siempre con la m\u00e1xima seguridad [&hellip;]","og_url":"https:\/\/www.mariotti.it\/es\/ventajas\/","og_site_name":"Mariotti","article_modified_time":"2021-01-06T21:25:02+00:00","og_image":[{"url":"https:\/\/www.mariotti.it\/wp-content\/uploads\/2015\/06\/mariotti-advantages.png"}],"twitter_card":"summary_large_image","twitter_misc":{"Tiempo de lectura":"1 minuto"},"schema":{"@context":"https:\/\/schema.org","@graph":[{"@type":"WebPage","@id":"https:\/\/www.mariotti.it\/es\/ventajas\/","url":"https:\/\/www.mariotti.it\/es\/ventajas\/","name":"Ventajas | Mariotti","isPartOf":{"@id":"https:\/\/www.mariotti.it\/#website"},"datePublished":"2015-06-02T07:45:04+00:00","dateModified":"2021-01-06T21:25:02+00:00","breadcrumb":{"@id":"https:\/\/www.mariotti.it\/es\/ventajas\/#breadcrumb"},"inLanguage":"es","potentialAction":[{"@type":"ReadAction","target":["https:\/\/www.mariotti.it\/es\/ventajas\/"]}]},{"@type":"BreadcrumbList","@id":"https:\/\/www.mariotti.it\/es\/ventajas\/#breadcrumb","itemListElement":[{"@type":"ListItem","position":1,"name":"Home","item":"https:\/\/www.mariotti.it\/es\/"},{"@type":"ListItem","position":2,"name":"Ventajas"}]},{"@type":"WebSite","@id":"https:\/\/www.mariotti.it\/#website","url":"https:\/\/www.mariotti.it\/","name":"Mariotti","description":"Compact Forklift Solutions","potentialAction":[{"@type":"SearchAction","target":{"@type":"EntryPoint","urlTemplate":"https:\/\/www.mariotti.it\/?s={search_term_string}"},"query-input":"required name=search_term_string"}],"inLanguage":"es"}]}},"_links":{"self":[{"href":"https:\/\/www.mariotti.it\/es\/wp-json\/wp\/v2\/pages\/1194"}],"collection":[{"href":"https:\/\/www.mariotti.it\/es\/wp-json\/wp\/v2\/pages"}],"about":[{"href":"https:\/\/www.mariotti.it\/es\/wp-json\/wp\/v2\/types\/page"}],"author":[{"embeddable":true,"href":"https:\/\/www.mariotti.it\/es\/wp-json\/wp\/v2\/users\/1"}],"replies":[{"embeddable":true,"href":"https:\/\/www.mariotti.it\/es\/wp-json\/wp\/v2\/comments?post=1194"}],"version-history":[{"count":0,"href":"https:\/\/www.mariotti.it\/es\/wp-json\/wp\/v2\/pages\/1194\/revisions"}],"wp:attachment":[{"href":"https:\/\/www.mariotti.it\/es\/wp-json\/wp\/v2\/media?parent=1194"}],"curies":[{"name":"wp","href":"https:\/\/api.w.org\/{rel}","templated":true}]}}