{"id":4771,"date":"2019-02-11T12:39:19","date_gmt":"2019-02-11T10:39:19","guid":{"rendered":"https:\/\/www.mariotti.it\/batterie-agli-ioni-di-litio\/"},"modified":"2019-04-16T10:34:59","modified_gmt":"2019-04-16T10:34:59","slug":"batterie-agli-ioni-di-litio","status":"publish","type":"page","link":"https:\/\/www.mariotti.it\/es\/batterie-agli-ioni-di-litio\/","title":{"rendered":"Bater\u00edas de Iones de Litio"},"content":{"rendered":"<h1>DESCUBRE LAS VENTAJAS<\/h1>\n<p>Las bater\u00edas de Iones de Litio son una soluci\u00f3n energ\u00e9tica a la vanguardia, que pueden ofrecer grandes ventajas, para optimizar la utilizaci\u00f3n de nuestras carretillas. Estamos orgullosos de haber introducido la posibilidad de escoger y montar las bater\u00edas de Iones de Litio en la mayor\u00eda de nuestras carretillas. En algunos ambientes de trabajo las ventajas de \u00e9sta soluci\u00f3n  &#8211; que encontrar\u00e9is resumidas en \u00e9sta p\u00e1gina &#8211; pueden marcar la diferencia. La posibilidad de elecci\u00f3n, adem\u00e1s, coincide con la personalizaci\u00f3n cada vez mejor de nuestras carretillas seg\u00fan las necesidades de nuestros clientes.<\/p>\n<figure><img class=\" aligncenter\" style=\"max-width: 150px\" src=\"https:\/\/www.mariotti.it\/wp-content\/uploads\/2019\/01\/ESEC-MARIOTTI-LiION_icon-e1548924023903.png\" \/><\/figure>\n<p>&nbsp;<\/p>\n<hr>\n","protected":false},"excerpt":{"rendered":"<p>DESCUBRE LAS VENTAJAS Las bater\u00edas de Iones de Litio son una soluci\u00f3n energ\u00e9tica a la vanguardia, que pueden ofrecer grandes ventajas, para optimizar la utilizaci\u00f3n de nuestras carretillas. Estamos orgullosos de haber introducido la posibilidad de escoger y montar las bater\u00edas de Iones de Litio en la mayor\u00eda de nuestras carretillas. En algunos ambientes de [&hellip;]<\/p>\n","protected":false},"author":1,"featured_media":0,"parent":0,"menu_order":0,"comment_status":"closed","ping_status":"closed","template":"page-batteries.php","meta":[],"acf":[],"yoast_head":"<!-- This site is optimized with the Yoast SEO plugin v20.4 - https:\/\/yoast.com\/wordpress\/plugins\/seo\/ -->\n<title>Bater\u00edas de Iones de Litio | Mariotti<\/title>\n<meta name=\"robots\" content=\"index, follow, max-snippet:-1, max-image-preview:large, max-video-preview:-1\" \/>\n<link rel=\"canonical\" href=\"https:\/\/www.mariotti.it\/es\/batterie-agli-ioni-di-litio\/\" \/>\n<meta property=\"og:locale\" content=\"es_ES\" \/>\n<meta property=\"og:type\" content=\"article\" \/>\n<meta property=\"og:title\" content=\"Bater\u00edas de Iones de Litio | Mariotti\" \/>\n<meta property=\"og:description\" content=\"DESCUBRE LAS VENTAJAS Las bater\u00edas de Iones de Litio son una soluci\u00f3n energ\u00e9tica a la vanguardia, que pueden ofrecer grandes ventajas, para optimizar la utilizaci\u00f3n de nuestras carretillas. Estamos orgullosos de haber introducido la posibilidad de escoger y montar las bater\u00edas de Iones de Litio en la mayor\u00eda de nuestras carretillas. En algunos ambientes de [&hellip;]\" \/>\n<meta property=\"og:url\" content=\"https:\/\/www.mariotti.it\/es\/batterie-agli-ioni-di-litio\/\" \/>\n<meta property=\"og:site_name\" content=\"Mariotti\" \/>\n<meta property=\"article:modified_time\" content=\"2019-04-16T10:34:59+00:00\" \/>\n<meta property=\"og:image\" content=\"https:\/\/www.mariotti.it\/wp-content\/uploads\/2019\/01\/ESEC-MARIOTTI-LiION_icon-e1548924023903.png\" \/>\n<meta name=\"twitter:card\" content=\"summary_large_image\" \/>\n<meta name=\"twitter:label1\" content=\"Tiempo de lectura\" \/>\n\t<meta name=\"twitter:data1\" content=\"1 minuto\" \/>\n<script type=\"application\/ld+json\" class=\"yoast-schema-graph\">{\"@context\":\"https:\/\/schema.org\",\"@graph\":[{\"@type\":\"WebPage\",\"@id\":\"https:\/\/www.mariotti.it\/es\/batterie-agli-ioni-di-litio\/\",\"url\":\"https:\/\/www.mariotti.it\/es\/batterie-agli-ioni-di-litio\/\",\"name\":\"Bater\u00edas de Iones de Litio | Mariotti\",\"isPartOf\":{\"@id\":\"https:\/\/www.mariotti.it\/#website\"},\"datePublished\":\"2019-02-11T10:39:19+00:00\",\"dateModified\":\"2019-04-16T10:34:59+00:00\",\"breadcrumb\":{\"@id\":\"https:\/\/www.mariotti.it\/es\/batterie-agli-ioni-di-litio\/#breadcrumb\"},\"inLanguage\":\"es\",\"potentialAction\":[{\"@type\":\"ReadAction\",\"target\":[\"https:\/\/www.mariotti.it\/es\/batterie-agli-ioni-di-litio\/\"]}]},{\"@type\":\"BreadcrumbList\",\"@id\":\"https:\/\/www.mariotti.it\/es\/batterie-agli-ioni-di-litio\/#breadcrumb\",\"itemListElement\":[{\"@type\":\"ListItem\",\"position\":1,\"name\":\"Home\",\"item\":\"https:\/\/www.mariotti.it\/es\/\"},{\"@type\":\"ListItem\",\"position\":2,\"name\":\"Bater\u00edas de Iones de Litio\"}]},{\"@type\":\"WebSite\",\"@id\":\"https:\/\/www.mariotti.it\/#website\",\"url\":\"https:\/\/www.mariotti.it\/\",\"name\":\"Mariotti\",\"description\":\"Compact Forklift Solutions\",\"potentialAction\":[{\"@type\":\"SearchAction\",\"target\":{\"@type\":\"EntryPoint\",\"urlTemplate\":\"https:\/\/www.mariotti.it\/?s={search_term_string}\"},\"query-input\":\"required name=search_term_string\"}],\"inLanguage\":\"es\"}]}<\/script>\n<!-- \/ Yoast SEO plugin. -->","yoast_head_json":{"title":"Bater\u00edas de Iones de Litio | Mariotti","robots":{"index":"index","follow":"follow","max-snippet":"max-snippet:-1","max-image-preview":"max-image-preview:large","max-video-preview":"max-video-preview:-1"},"canonical":"https:\/\/www.mariotti.it\/es\/batterie-agli-ioni-di-litio\/","og_locale":"es_ES","og_type":"article","og_title":"Bater\u00edas de Iones de Litio | Mariotti","og_description":"DESCUBRE LAS VENTAJAS Las bater\u00edas de Iones de Litio son una soluci\u00f3n energ\u00e9tica a la vanguardia, que pueden ofrecer grandes ventajas, para optimizar la utilizaci\u00f3n de nuestras carretillas. Estamos orgullosos de haber introducido la posibilidad de escoger y montar las bater\u00edas de Iones de Litio en la mayor\u00eda de nuestras carretillas. En algunos ambientes de [&hellip;]","og_url":"https:\/\/www.mariotti.it\/es\/batterie-agli-ioni-di-litio\/","og_site_name":"Mariotti","article_modified_time":"2019-04-16T10:34:59+00:00","og_image":[{"url":"https:\/\/www.mariotti.it\/wp-content\/uploads\/2019\/01\/ESEC-MARIOTTI-LiION_icon-e1548924023903.png"}],"twitter_card":"summary_large_image","twitter_misc":{"Tiempo de lectura":"1 minuto"},"schema":{"@context":"https:\/\/schema.org","@graph":[{"@type":"WebPage","@id":"https:\/\/www.mariotti.it\/es\/batterie-agli-ioni-di-litio\/","url":"https:\/\/www.mariotti.it\/es\/batterie-agli-ioni-di-litio\/","name":"Bater\u00edas de Iones de Litio | Mariotti","isPartOf":{"@id":"https:\/\/www.mariotti.it\/#website"},"datePublished":"2019-02-11T10:39:19+00:00","dateModified":"2019-04-16T10:34:59+00:00","breadcrumb":{"@id":"https:\/\/www.mariotti.it\/es\/batterie-agli-ioni-di-litio\/#breadcrumb"},"inLanguage":"es","potentialAction":[{"@type":"ReadAction","target":["https:\/\/www.mariotti.it\/es\/batterie-agli-ioni-di-litio\/"]}]},{"@type":"BreadcrumbList","@id":"https:\/\/www.mariotti.it\/es\/batterie-agli-ioni-di-litio\/#breadcrumb","itemListElement":[{"@type":"ListItem","position":1,"name":"Home","item":"https:\/\/www.mariotti.it\/es\/"},{"@type":"ListItem","position":2,"name":"Bater\u00edas de Iones de Litio"}]},{"@type":"WebSite","@id":"https:\/\/www.mariotti.it\/#website","url":"https:\/\/www.mariotti.it\/","name":"Mariotti","description":"Compact Forklift Solutions","potentialAction":[{"@type":"SearchAction","target":{"@type":"EntryPoint","urlTemplate":"https:\/\/www.mariotti.it\/?s={search_term_string}"},"query-input":"required name=search_term_string"}],"inLanguage":"es"}]}},"_links":{"self":[{"href":"https:\/\/www.mariotti.it\/es\/wp-json\/wp\/v2\/pages\/4771"}],"collection":[{"href":"https:\/\/www.mariotti.it\/es\/wp-json\/wp\/v2\/pages"}],"about":[{"href":"https:\/\/www.mariotti.it\/es\/wp-json\/wp\/v2\/types\/page"}],"author":[{"embeddable":true,"href":"https:\/\/www.mariotti.it\/es\/wp-json\/wp\/v2\/users\/1"}],"replies":[{"embeddable":true,"href":"https:\/\/www.mariotti.it\/es\/wp-json\/wp\/v2\/comments?post=4771"}],"version-history":[{"count":0,"href":"https:\/\/www.mariotti.it\/es\/wp-json\/wp\/v2\/pages\/4771\/revisions"}],"wp:attachment":[{"href":"https:\/\/www.mariotti.it\/es\/wp-json\/wp\/v2\/media?parent=4771"}],"curies":[{"name":"wp","href":"https:\/\/api.w.org\/{rel}","templated":true}]}}