{"id":1053,"date":"2015-07-23T15:58:44","date_gmt":"2015-07-23T13:58:44","guid":{"rendered":"https:\/\/www.mariotti.it\/fr\/clienti\/"},"modified":"2018-06-29T12:42:06","modified_gmt":"2018-06-29T12:42:06","slug":"clients-2","status":"publish","type":"page","link":"https:\/\/www.mariotti.it\/fr\/clients-2\/","title":{"rendered":"Clients"},"content":{"rendered":"<h1>Nos clients<\/h1>\n<p>Mariotti r\u00e9sout des probl\u00e8mes de manutention pour de <strong>nombreux clients prestigieux qui exigent un professionnalisme et une qualit\u00e9 optimale,<\/strong> ce qui les placent au premier rang dans leur domaine. Ils ont choisi Mariotti pour ses caract\u00e9ristiques uniques et bien souvent pour des exigences sp\u00e9cifiques et \u00absur mesure\u00a0\u00bb qu\u2019aucune machine standard ne pouvait satisfaire.<\/p>\n<h2>Les secteurs d&rsquo;utilisation<\/h2>\n<p>Nos chariots sont utilis\u00e9s dans des entreprises et des industries qui vont des grandes multinationales aux PME industrielles et qui appartiennent \u00e0 de nombreux secteurs.<\/p>\n","protected":false},"excerpt":{"rendered":"<p>Nos clients Mariotti r\u00e9sout des probl\u00e8mes de manutention pour de nombreux clients prestigieux qui exigent un professionnalisme et une qualit\u00e9 optimale, ce qui les placent au premier rang dans leur domaine. Ils ont choisi Mariotti pour ses caract\u00e9ristiques uniques et bien souvent pour des exigences sp\u00e9cifiques et \u00absur mesure\u00a0\u00bb qu\u2019aucune machine standard ne pouvait satisfaire. [&hellip;]<\/p>\n","protected":false},"author":2,"featured_media":0,"parent":0,"menu_order":0,"comment_status":"closed","ping_status":"closed","template":"page-clients.php","meta":[],"acf":[],"yoast_head":"<!-- This site is optimized with the Yoast SEO plugin v20.4 - https:\/\/yoast.com\/wordpress\/plugins\/seo\/ -->\n<title>Clients | Mariotti<\/title>\n<meta name=\"robots\" content=\"index, follow, max-snippet:-1, max-image-preview:large, max-video-preview:-1\" \/>\n<link rel=\"canonical\" href=\"https:\/\/www.mariotti.it\/fr\/clients-2\/\" \/>\n<meta property=\"og:locale\" content=\"fr_FR\" \/>\n<meta property=\"og:type\" content=\"article\" \/>\n<meta property=\"og:title\" content=\"Clients | Mariotti\" \/>\n<meta property=\"og:description\" content=\"Nos clients Mariotti r\u00e9sout des probl\u00e8mes de manutention pour de nombreux clients prestigieux qui exigent un professionnalisme et une qualit\u00e9 optimale, ce qui les placent au premier rang dans leur domaine. Ils ont choisi Mariotti pour ses caract\u00e9ristiques uniques et bien souvent pour des exigences sp\u00e9cifiques et \u00absur mesure\u00a0\u00bb qu\u2019aucune machine standard ne pouvait satisfaire. [&hellip;]\" \/>\n<meta property=\"og:url\" content=\"https:\/\/www.mariotti.it\/fr\/clients-2\/\" \/>\n<meta property=\"og:site_name\" content=\"Mariotti\" \/>\n<meta property=\"article:modified_time\" content=\"2018-06-29T12:42:06+00:00\" \/>\n<meta name=\"twitter:card\" content=\"summary_large_image\" \/>\n<script type=\"application\/ld+json\" class=\"yoast-schema-graph\">{\"@context\":\"https:\/\/schema.org\",\"@graph\":[{\"@type\":\"WebPage\",\"@id\":\"https:\/\/www.mariotti.it\/fr\/clients-2\/\",\"url\":\"https:\/\/www.mariotti.it\/fr\/clients-2\/\",\"name\":\"Clients | Mariotti\",\"isPartOf\":{\"@id\":\"https:\/\/www.mariotti.it\/#website\"},\"datePublished\":\"2015-07-23T13:58:44+00:00\",\"dateModified\":\"2018-06-29T12:42:06+00:00\",\"breadcrumb\":{\"@id\":\"https:\/\/www.mariotti.it\/fr\/clients-2\/#breadcrumb\"},\"inLanguage\":\"fr-FR\",\"potentialAction\":[{\"@type\":\"ReadAction\",\"target\":[\"https:\/\/www.mariotti.it\/fr\/clients-2\/\"]}]},{\"@type\":\"BreadcrumbList\",\"@id\":\"https:\/\/www.mariotti.it\/fr\/clients-2\/#breadcrumb\",\"itemListElement\":[{\"@type\":\"ListItem\",\"position\":1,\"name\":\"Home\",\"item\":\"https:\/\/www.mariotti.it\/fr\/\"},{\"@type\":\"ListItem\",\"position\":2,\"name\":\"Clients\"}]},{\"@type\":\"WebSite\",\"@id\":\"https:\/\/www.mariotti.it\/#website\",\"url\":\"https:\/\/www.mariotti.it\/\",\"name\":\"Mariotti\",\"description\":\"Compact Forklift Solutions\",\"potentialAction\":[{\"@type\":\"SearchAction\",\"target\":{\"@type\":\"EntryPoint\",\"urlTemplate\":\"https:\/\/www.mariotti.it\/?s={search_term_string}\"},\"query-input\":\"required name=search_term_string\"}],\"inLanguage\":\"fr-FR\"}]}<\/script>\n<!-- \/ Yoast SEO plugin. -->","yoast_head_json":{"title":"Clients | Mariotti","robots":{"index":"index","follow":"follow","max-snippet":"max-snippet:-1","max-image-preview":"max-image-preview:large","max-video-preview":"max-video-preview:-1"},"canonical":"https:\/\/www.mariotti.it\/fr\/clients-2\/","og_locale":"fr_FR","og_type":"article","og_title":"Clients | Mariotti","og_description":"Nos clients Mariotti r\u00e9sout des probl\u00e8mes de manutention pour de nombreux clients prestigieux qui exigent un professionnalisme et une qualit\u00e9 optimale, ce qui les placent au premier rang dans leur domaine. Ils ont choisi Mariotti pour ses caract\u00e9ristiques uniques et bien souvent pour des exigences sp\u00e9cifiques et \u00absur mesure\u00a0\u00bb qu\u2019aucune machine standard ne pouvait satisfaire. [&hellip;]","og_url":"https:\/\/www.mariotti.it\/fr\/clients-2\/","og_site_name":"Mariotti","article_modified_time":"2018-06-29T12:42:06+00:00","twitter_card":"summary_large_image","schema":{"@context":"https:\/\/schema.org","@graph":[{"@type":"WebPage","@id":"https:\/\/www.mariotti.it\/fr\/clients-2\/","url":"https:\/\/www.mariotti.it\/fr\/clients-2\/","name":"Clients | Mariotti","isPartOf":{"@id":"https:\/\/www.mariotti.it\/#website"},"datePublished":"2015-07-23T13:58:44+00:00","dateModified":"2018-06-29T12:42:06+00:00","breadcrumb":{"@id":"https:\/\/www.mariotti.it\/fr\/clients-2\/#breadcrumb"},"inLanguage":"fr-FR","potentialAction":[{"@type":"ReadAction","target":["https:\/\/www.mariotti.it\/fr\/clients-2\/"]}]},{"@type":"BreadcrumbList","@id":"https:\/\/www.mariotti.it\/fr\/clients-2\/#breadcrumb","itemListElement":[{"@type":"ListItem","position":1,"name":"Home","item":"https:\/\/www.mariotti.it\/fr\/"},{"@type":"ListItem","position":2,"name":"Clients"}]},{"@type":"WebSite","@id":"https:\/\/www.mariotti.it\/#website","url":"https:\/\/www.mariotti.it\/","name":"Mariotti","description":"Compact Forklift Solutions","potentialAction":[{"@type":"SearchAction","target":{"@type":"EntryPoint","urlTemplate":"https:\/\/www.mariotti.it\/?s={search_term_string}"},"query-input":"required name=search_term_string"}],"inLanguage":"fr-FR"}]}},"_links":{"self":[{"href":"https:\/\/www.mariotti.it\/fr\/wp-json\/wp\/v2\/pages\/1053"}],"collection":[{"href":"https:\/\/www.mariotti.it\/fr\/wp-json\/wp\/v2\/pages"}],"about":[{"href":"https:\/\/www.mariotti.it\/fr\/wp-json\/wp\/v2\/types\/page"}],"author":[{"embeddable":true,"href":"https:\/\/www.mariotti.it\/fr\/wp-json\/wp\/v2\/users\/2"}],"replies":[{"embeddable":true,"href":"https:\/\/www.mariotti.it\/fr\/wp-json\/wp\/v2\/comments?post=1053"}],"version-history":[{"count":0,"href":"https:\/\/www.mariotti.it\/fr\/wp-json\/wp\/v2\/pages\/1053\/revisions"}],"wp:attachment":[{"href":"https:\/\/www.mariotti.it\/fr\/wp-json\/wp\/v2\/media?parent=1053"}],"curies":[{"name":"wp","href":"https:\/\/api.w.org\/{rel}","templated":true}]}}