{"id":1065,"date":"2015-07-20T09:45:04","date_gmt":"2015-07-20T07:45:04","guid":{"rendered":"https:\/\/www.mariotti.it\/fr\/comparatore\/"},"modified":"2015-10-22T10:46:17","modified_gmt":"2015-10-22T10:46:17","slug":"comparer-les-modeles","status":"publish","type":"page","link":"https:\/\/www.mariotti.it\/fr\/comparer-les-modeles\/","title":{"rendered":"COMPARER LES MOD\u00c8LES DE S\u00c9RIE"},"content":{"rendered":"<h1>COMPARER LES MOD\u00c8LES DE S\u00c9RIE<\/h1>\n<p>Comparez les caract\u00e9ristiques techniques de la gamme des chariots \u00e9l\u00e9vateurs frontaux Mariotti pour choisir le meilleur et trouver le mod\u00e8le le plus adapt\u00e9 \u00e0 vous besoins particuliers.<\/p>\n<p>Pour vos besoins plus sp\u00e9cifiques, nous sommes en mesure de r\u00e9aliser des machines sur mesure\u00a0: visitez la section\u00a0<a href=\"\/contacts\/\">Machines Sp\u00e9ciales<\/a>.<br \/>\nEn cas de doute, ou pour obtenir des informations suppl\u00e9mentaires, <a href=\"\/?page_id=398\">n\u2019h\u00e9sitez pas de nous contacter<\/a>.<\/p>\n<hr \/>\n","protected":false},"excerpt":{"rendered":"<p>COMPARER LES MOD\u00c8LES DE S\u00c9RIE Comparez les caract\u00e9ristiques techniques de la gamme des chariots \u00e9l\u00e9vateurs frontaux Mariotti pour choisir le meilleur et trouver le mod\u00e8le le plus adapt\u00e9 \u00e0 vous besoins particuliers. Pour vos besoins plus sp\u00e9cifiques, nous sommes en mesure de r\u00e9aliser des machines sur mesure\u00a0: visitez la section\u00a0Machines Sp\u00e9ciales. En cas de doute, [&hellip;]<\/p>\n","protected":false},"author":1,"featured_media":0,"parent":0,"menu_order":0,"comment_status":"closed","ping_status":"closed","template":"page-compare.php","meta":[],"acf":[],"yoast_head":"<!-- This site is optimized with the Yoast SEO plugin v20.4 - https:\/\/yoast.com\/wordpress\/plugins\/seo\/ -->\n<title>COMPARER LES MOD\u00c8LES DE S\u00c9RIE | Mariotti<\/title>\n<meta name=\"robots\" content=\"index, follow, max-snippet:-1, max-image-preview:large, max-video-preview:-1\" \/>\n<link rel=\"canonical\" href=\"https:\/\/www.mariotti.it\/fr\/comparer-les-modeles\/\" \/>\n<meta property=\"og:locale\" content=\"fr_FR\" \/>\n<meta property=\"og:type\" content=\"article\" \/>\n<meta property=\"og:title\" content=\"COMPARER LES MOD\u00c8LES DE S\u00c9RIE | Mariotti\" \/>\n<meta property=\"og:description\" content=\"COMPARER LES MOD\u00c8LES DE S\u00c9RIE Comparez les caract\u00e9ristiques techniques de la gamme des chariots \u00e9l\u00e9vateurs frontaux Mariotti pour choisir le meilleur et trouver le mod\u00e8le le plus adapt\u00e9 \u00e0 vous besoins particuliers. Pour vos besoins plus sp\u00e9cifiques, nous sommes en mesure de r\u00e9aliser des machines sur mesure\u00a0: visitez la section\u00a0Machines Sp\u00e9ciales. En cas de doute, [&hellip;]\" \/>\n<meta property=\"og:url\" content=\"https:\/\/www.mariotti.it\/fr\/comparer-les-modeles\/\" \/>\n<meta property=\"og:site_name\" content=\"Mariotti\" \/>\n<meta property=\"article:modified_time\" content=\"2015-10-22T10:46:17+00:00\" \/>\n<meta name=\"twitter:card\" content=\"summary_large_image\" \/>\n<script type=\"application\/ld+json\" class=\"yoast-schema-graph\">{\"@context\":\"https:\/\/schema.org\",\"@graph\":[{\"@type\":\"WebPage\",\"@id\":\"https:\/\/www.mariotti.it\/fr\/comparer-les-modeles\/\",\"url\":\"https:\/\/www.mariotti.it\/fr\/comparer-les-modeles\/\",\"name\":\"COMPARER LES MOD\u00c8LES DE S\u00c9RIE | Mariotti\",\"isPartOf\":{\"@id\":\"https:\/\/www.mariotti.it\/#website\"},\"datePublished\":\"2015-07-20T07:45:04+00:00\",\"dateModified\":\"2015-10-22T10:46:17+00:00\",\"breadcrumb\":{\"@id\":\"https:\/\/www.mariotti.it\/fr\/comparer-les-modeles\/#breadcrumb\"},\"inLanguage\":\"fr-FR\",\"potentialAction\":[{\"@type\":\"ReadAction\",\"target\":[\"https:\/\/www.mariotti.it\/fr\/comparer-les-modeles\/\"]}]},{\"@type\":\"BreadcrumbList\",\"@id\":\"https:\/\/www.mariotti.it\/fr\/comparer-les-modeles\/#breadcrumb\",\"itemListElement\":[{\"@type\":\"ListItem\",\"position\":1,\"name\":\"Home\",\"item\":\"https:\/\/www.mariotti.it\/fr\/\"},{\"@type\":\"ListItem\",\"position\":2,\"name\":\"COMPARER LES MOD\u00c8LES DE S\u00c9RIE\"}]},{\"@type\":\"WebSite\",\"@id\":\"https:\/\/www.mariotti.it\/#website\",\"url\":\"https:\/\/www.mariotti.it\/\",\"name\":\"Mariotti\",\"description\":\"Compact Forklift Solutions\",\"potentialAction\":[{\"@type\":\"SearchAction\",\"target\":{\"@type\":\"EntryPoint\",\"urlTemplate\":\"https:\/\/www.mariotti.it\/?s={search_term_string}\"},\"query-input\":\"required name=search_term_string\"}],\"inLanguage\":\"fr-FR\"}]}<\/script>\n<!-- \/ Yoast SEO plugin. -->","yoast_head_json":{"title":"COMPARER LES MOD\u00c8LES DE S\u00c9RIE | Mariotti","robots":{"index":"index","follow":"follow","max-snippet":"max-snippet:-1","max-image-preview":"max-image-preview:large","max-video-preview":"max-video-preview:-1"},"canonical":"https:\/\/www.mariotti.it\/fr\/comparer-les-modeles\/","og_locale":"fr_FR","og_type":"article","og_title":"COMPARER LES MOD\u00c8LES DE S\u00c9RIE | Mariotti","og_description":"COMPARER LES MOD\u00c8LES DE S\u00c9RIE Comparez les caract\u00e9ristiques techniques de la gamme des chariots \u00e9l\u00e9vateurs frontaux Mariotti pour choisir le meilleur et trouver le mod\u00e8le le plus adapt\u00e9 \u00e0 vous besoins particuliers. Pour vos besoins plus sp\u00e9cifiques, nous sommes en mesure de r\u00e9aliser des machines sur mesure\u00a0: visitez la section\u00a0Machines Sp\u00e9ciales. En cas de doute, [&hellip;]","og_url":"https:\/\/www.mariotti.it\/fr\/comparer-les-modeles\/","og_site_name":"Mariotti","article_modified_time":"2015-10-22T10:46:17+00:00","twitter_card":"summary_large_image","schema":{"@context":"https:\/\/schema.org","@graph":[{"@type":"WebPage","@id":"https:\/\/www.mariotti.it\/fr\/comparer-les-modeles\/","url":"https:\/\/www.mariotti.it\/fr\/comparer-les-modeles\/","name":"COMPARER LES MOD\u00c8LES DE S\u00c9RIE | Mariotti","isPartOf":{"@id":"https:\/\/www.mariotti.it\/#website"},"datePublished":"2015-07-20T07:45:04+00:00","dateModified":"2015-10-22T10:46:17+00:00","breadcrumb":{"@id":"https:\/\/www.mariotti.it\/fr\/comparer-les-modeles\/#breadcrumb"},"inLanguage":"fr-FR","potentialAction":[{"@type":"ReadAction","target":["https:\/\/www.mariotti.it\/fr\/comparer-les-modeles\/"]}]},{"@type":"BreadcrumbList","@id":"https:\/\/www.mariotti.it\/fr\/comparer-les-modeles\/#breadcrumb","itemListElement":[{"@type":"ListItem","position":1,"name":"Home","item":"https:\/\/www.mariotti.it\/fr\/"},{"@type":"ListItem","position":2,"name":"COMPARER LES MOD\u00c8LES DE S\u00c9RIE"}]},{"@type":"WebSite","@id":"https:\/\/www.mariotti.it\/#website","url":"https:\/\/www.mariotti.it\/","name":"Mariotti","description":"Compact Forklift Solutions","potentialAction":[{"@type":"SearchAction","target":{"@type":"EntryPoint","urlTemplate":"https:\/\/www.mariotti.it\/?s={search_term_string}"},"query-input":"required name=search_term_string"}],"inLanguage":"fr-FR"}]}},"_links":{"self":[{"href":"https:\/\/www.mariotti.it\/fr\/wp-json\/wp\/v2\/pages\/1065"}],"collection":[{"href":"https:\/\/www.mariotti.it\/fr\/wp-json\/wp\/v2\/pages"}],"about":[{"href":"https:\/\/www.mariotti.it\/fr\/wp-json\/wp\/v2\/types\/page"}],"author":[{"embeddable":true,"href":"https:\/\/www.mariotti.it\/fr\/wp-json\/wp\/v2\/users\/1"}],"replies":[{"embeddable":true,"href":"https:\/\/www.mariotti.it\/fr\/wp-json\/wp\/v2\/comments?post=1065"}],"version-history":[{"count":0,"href":"https:\/\/www.mariotti.it\/fr\/wp-json\/wp\/v2\/pages\/1065\/revisions"}],"wp:attachment":[{"href":"https:\/\/www.mariotti.it\/fr\/wp-json\/wp\/v2\/media?parent=1065"}],"curies":[{"name":"wp","href":"https:\/\/api.w.org\/{rel}","templated":true}]}}