{"id":1113,"date":"2015-07-06T16:23:53","date_gmt":"2015-07-06T14:23:53","guid":{"rendered":"https:\/\/www.mariotti.it\/fr\/macchine-speciali\/"},"modified":"2015-11-30T13:06:59","modified_gmt":"2015-11-30T13:06:59","slug":"machines-speciales","status":"publish","type":"page","link":"https:\/\/www.mariotti.it\/fr\/machines-speciales\/","title":{"rendered":"Machines sp\u00e9ciales"},"content":{"rendered":"<h1>Les machines sp\u00e9ciales<\/h1>\n<p>La soci\u00e9t\u00e9 Mariotti est depuis toujours sp\u00e9cialis\u00e9e dans la r\u00e9alisation de solutions sur mesure, soit \u00e0 travers la personnalisation de sa gamme de chariots, soit en concevant et en produisant int\u00e9gralement des machines sp\u00e9ciales destin\u00e9es \u00e0 r\u00e9pondre aux n\u00e9cessit\u00e9s de manutention particuli\u00e8res et sp\u00e9cifiques de ses clients.<\/p>\n<h2>Personnalisation des chariots \u00e9l\u00e9vateurs de s\u00e9rie<\/h2>\n<p>\u00c0 partir d\u2019un mod\u00e8le de notre gamme, les modifications et les personnalisations que nous pouvons offrir sur demande sont nombreuses. Les plus fr\u00e9quentes sont :<\/p>\n<p><ul class=\"accordion\" data-accordion role=\"tablist\"><li class=\"accordion-navigation\"><a href=\"#category0\" role=\"tab\"\n                    id=\"category0-heading\"\n                    aria-controls=\"category0\"\n                    class=\"even\">\n                    <span>+<\/span>&nbsp;Modification du ch\u00e2ssis et du m\u00e2t\n                <\/a>\n                <div id=\"category0\"\n                     class=\"row content \"\n                     role=\"tabpanel\"\n                     aria-labelledby=\"category0-heading\">\n                  <ul>\r\n\t<li>Modification ou suppression du toit de protection.<\/li>\r\n\t<li>Modification du tablier porte-fourches en hauteur et largeur.<\/li>\r\n\t<li>Raccourcissement du m\u00e2t et du toit de protection en hauteur.<\/li>\r\n\t<li>Augmentation de la hauteur maximale de lev\u00e9e.<\/li>\r\n\t<li>\u00c9largissement de l\u2019essieu avant pour am\u00e9liorer la stabilit\u00e9 et la distribution du poids.<\/li>\r\n\t<li>Autres modifications ou retouches de la structure pour s\u2019adapter \u00e0 des exigences particuli\u00e8res.<\/li>\r\n<\/ul><\/div><\/li><li class=\"accordion-navigation\"><a href=\"#category1\" role=\"tab\"\n                    id=\"category1-heading\"\n                    aria-controls=\"category1\"\n                    class=\"odd\">\n                    <span>+<\/span>&nbsp;Accessoires sp\u00e9ciaux\n                <\/a>\n                <div id=\"category1\"\n                     class=\"row content \"\n                     role=\"tabpanel\"\n                     aria-labelledby=\"category1-heading\">\n                  <ul>\r\n\t<li>Fourche sur mesure et fourches rabattables.<\/li>\r\n\t<li>Pinces de toute forme et dimension.<\/li>\r\n\t<li>\u00c9perons.<\/li>\r\n\t<li>R\u00e9alisation d\u2019accessoires sp\u00e9cifiques sur mesure.<\/li>\r\n<\/ul><\/div><\/li><li class=\"accordion-navigation\"><a href=\"#category2\" role=\"tab\"\n                    id=\"category2-heading\"\n                    aria-controls=\"category2\"\n                    class=\"even\">\n                    <span>+<\/span>&nbsp;Pr\u00e9parations sp\u00e9ciales\n                <\/a>\n                <div id=\"category2\"\n                     class=\"row content \"\n                     role=\"tabpanel\"\n                     aria-labelledby=\"category2-heading\">\n                  <ul>\r\n\t<li>Chambre froide (-20\u00b0C).<\/li>\r\n\t<li>Zone ATEX (diff\u00e9rentes configurations anti-d\u00e9flagrantes).<\/li>\r\n\t<li>Environnement humides, corrosifs ou salins (diff\u00e9rentes configurations).<\/li>\r\n\t<li>Peinture personnalis\u00e9e.<\/li>\r\n<\/ul><\/div><\/li><\/ul><br \/>\n<div id=\"new-royalslider-15\" class=\"royalSlider new-royalslider-15 rsUni rsTwoAtOnce\" style=\"width:100%;height:400px;;\" data-rs-options='{&quot;template&quot;:&quot;default&quot;,&quot;image_generation&quot;:{&quot;imageWidth&quot;:&quot;&quot;,&quot;imageHeight&quot;:&quot;&quot;,&quot;thumbImageWidth&quot;:&quot;&quot;,&quot;thumbImageHeight&quot;:&quot;&quot;},&quot;thumbs&quot;:{&quot;thumbWidth&quot;:96,&quot;thumbHeight&quot;:72},&quot;fullscreen&quot;:{&quot;enabled&quot;:&quot;true&quot;},&quot;visibleNearby&quot;:{&quot;enabled&quot;:&quot;true&quot;,&quot;centerArea&quot;:0.5,&quot;center&quot;:&quot;false&quot;,&quot;breakpoint&quot;:500,&quot;breakpointCenterArea&quot;:1,&quot;navigateByCenterClick&quot;:&quot;true&quot;},&quot;video&quot;:{&quot;autoHideBlocks&quot;:&quot;true&quot;},&quot;block&quot;:{&quot;moveOffset&quot;:20,&quot;speed&quot;:400,&quot;delay&quot;:200},&quot;width&quot;:&quot;100%&quot;,&quot;height&quot;:&quot;400px&quot;,&quot;autoScaleSlider&quot;:&quot;true&quot;,&quot;autoScaleSliderWidth&quot;:2,&quot;autoScaleSliderHeight&quot;:1,&quot;slidesSpacing&quot;:0,&quot;imageScaleMode&quot;:&quot;fit&quot;,&quot;arrowsNavHideOnTouch&quot;:&quot;true&quot;,&quot;loop&quot;:&quot;true&quot;,&quot;numImagesToPreload&quot;:3,&quot;keyboardNavEnabled&quot;:&quot;true&quot;}'>\n<div class=\"rsContent\">\n  <img class=\"rsImg\" src=\"https:\/\/www.mariotti.it\/wp-content\/uploads\/2015\/10\/Mariotti-Mycros-Special-1.jpg\" data-rsBigImg=\"https:\/\/www.mariotti.it\/wp-content\/uploads\/2015\/10\/Mariotti-Mycros-Special-1.jpg\" alt=\"Mariotti-Mycros-Special-1\"\/>\n  \n  \n  \n<\/div>\n<div class=\"rsContent\">\n  <img class=\"rsImg\" src=\"https:\/\/www.mariotti.it\/wp-content\/uploads\/2015\/10\/Mariotti-Mycros-Special-4.jpg\" data-rsBigImg=\"https:\/\/www.mariotti.it\/wp-content\/uploads\/2015\/10\/Mariotti-Mycros-Special-4.jpg\" alt=\"Mariotti-Mycros-Special-4\"\/>\n  \n  \n  \n<\/div>\n<div class=\"rsContent\">\n  <img class=\"rsImg\" src=\"https:\/\/www.mariotti.it\/wp-content\/uploads\/2015\/10\/Mariotti-Mycros-Special-2.jpg\" data-rsBigImg=\"https:\/\/www.mariotti.it\/wp-content\/uploads\/2015\/10\/Mariotti-Mycros-Special-2.jpg\" alt=\"Mariotti-Mycros-Special-2\"\/>\n  \n  \n  \n<\/div>\n<div class=\"rsContent\">\n  <img class=\"rsImg\" src=\"https:\/\/www.mariotti.it\/wp-content\/uploads\/2015\/10\/Mariotti-ME-low-roof.jpg\" data-rsBigImg=\"https:\/\/www.mariotti.it\/wp-content\/uploads\/2015\/10\/Mariotti-ME-low-roof.jpg\" alt=\"Mariotti-ME-low-roof\"\/>\n  \n  \n  \n<\/div>\n<div class=\"rsContent\">\n  <img class=\"rsImg\" src=\"https:\/\/www.mariotti.it\/wp-content\/uploads\/2015\/10\/Mariotti-ME-grabber-barrel.jpg\" data-rsBigImg=\"https:\/\/www.mariotti.it\/wp-content\/uploads\/2015\/10\/Mariotti-ME-grabber-barrel.jpg\" alt=\"Mariotti-ME-grabber-barrel\"\/>\n  \n  \n  \n<\/div>\n<div class=\"rsContent\">\n  <img class=\"rsImg\" src=\"https:\/\/www.mariotti.it\/wp-content\/uploads\/2015\/08\/Mariotti_Special_4.jpg\" data-rsBigImg=\"https:\/\/www.mariotti.it\/wp-content\/uploads\/2015\/08\/Mariotti_Special_4.jpg\" alt=\"Mariotti_Special_4\"\/>\n  \n  \n  \n<\/div>\n<div class=\"rsContent\">\n  <img class=\"rsImg\" src=\"https:\/\/www.mariotti.it\/wp-content\/uploads\/2015\/08\/Mariotti_Special_3.jpg\" data-rsBigImg=\"https:\/\/www.mariotti.it\/wp-content\/uploads\/2015\/08\/Mariotti_Special_3.jpg\" alt=\"Mariotti_Special_3\"\/>\n  \n  \n  \n<\/div>\n<div class=\"rsContent\">\n  <img class=\"rsImg\" src=\"https:\/\/www.mariotti.it\/wp-content\/uploads\/2015\/08\/Mariotti_Special_5.jpg\" data-rsBigImg=\"https:\/\/www.mariotti.it\/wp-content\/uploads\/2015\/08\/Mariotti_Special_5.jpg\" alt=\"Mariotti_Special_5\"\/>\n  \n  \n  \n<\/div>\n<div class=\"rsContent\">\n  <img class=\"rsImg\" src=\"https:\/\/www.mariotti.it\/wp-content\/uploads\/2015\/10\/Mariotti-Mycros-low-roof.jpg\" data-rsBigImg=\"https:\/\/www.mariotti.it\/wp-content\/uploads\/2015\/10\/Mariotti-Mycros-low-roof.jpg\" alt=\"Mariotti-Mycros-low-roof\"\/>\n  \n  \n  \n<\/div>\n<div class=\"rsContent\">\n  <img class=\"rsImg\" src=\"https:\/\/www.mariotti.it\/wp-content\/uploads\/2015\/10\/Mariotti-Mycros-blue.jpg\" data-rsBigImg=\"https:\/\/www.mariotti.it\/wp-content\/uploads\/2015\/10\/Mariotti-Mycros-blue.jpg\" alt=\"Mariotti-Mycros-blue\"\/>\n  \n  \n  \n<\/div>\n<div class=\"rsContent\">\n  <img class=\"rsImg\" src=\"https:\/\/www.mariotti.it\/wp-content\/uploads\/2015\/10\/Mariotti-mini-grabber-special.jpg\" data-rsBigImg=\"https:\/\/www.mariotti.it\/wp-content\/uploads\/2015\/10\/Mariotti-mini-grabber-special.jpg\" alt=\"Mariotti-mini-grabber-special\"\/>\n  \n  \n  \n<\/div>\n<div class=\"rsContent\">\n  <img class=\"rsImg\" src=\"https:\/\/www.mariotti.it\/wp-content\/uploads\/2015\/10\/Mariotti-ME-position-light.jpg\" data-rsBigImg=\"https:\/\/www.mariotti.it\/wp-content\/uploads\/2015\/10\/Mariotti-ME-position-light.jpg\" alt=\"Mariotti-ME-position-light\"\/>\n  \n  \n  \n<\/div>\n<div class=\"rsContent\">\n  <img class=\"rsImg\" src=\"https:\/\/www.mariotti.it\/wp-content\/uploads\/2015\/10\/Mariotti-MX-grabber-barrel.jpg\" data-rsBigImg=\"https:\/\/www.mariotti.it\/wp-content\/uploads\/2015\/10\/Mariotti-MX-grabber-barrel.jpg\" alt=\"Mariotti-MX-grabber-barrel\"\/>\n  \n  \n  \n<\/div>\n\n<\/div>\n<\/p>\n<h2>Conception et r\u00e9alisation int\u00e9grale des machines sp\u00e9ciales<\/h2>\n<p>Quand les besoins du client ne peuvent pas \u00eatre satisfaits par un chariot standard commun\u00e9ment offert sur le march\u00e9, ni m\u00eame par un mod\u00e8le de notre gamme personnalis\u00e9 et modifi\u00e9, Mariotti est en mesure d\u2019effectuer une \u00e9tude, de concevoir puis de construire int\u00e9gralement un mat\u00e9riel sur mesure.<br \/>\nLa production de machines sp\u00e9ciales est une activit\u00e9 historique de notre soci\u00e9t\u00e9 qui ne se limite pas aux chariots \u00e9l\u00e9vateurs frontaux, mais qui s\u2019\u00e9tend \u00e0 tous les types de mat\u00e9riel de manutention: du tracteur \u00e9lectrique gros tonnage au petit mat\u00e9riel de magasinage avec des performances sp\u00e9cifiques.<\/p>\n<div id=\"new-royalslider-16\" class=\"royalSlider new-royalslider-16 rsUni rsTwoAtOnce\" style=\"width:100%;height:400px;;\" data-rs-options='{&quot;template&quot;:&quot;default&quot;,&quot;image_generation&quot;:{&quot;imageWidth&quot;:&quot;&quot;,&quot;imageHeight&quot;:&quot;&quot;,&quot;thumbImageWidth&quot;:&quot;&quot;,&quot;thumbImageHeight&quot;:&quot;&quot;},&quot;thumbs&quot;:{&quot;thumbWidth&quot;:96,&quot;thumbHeight&quot;:72},&quot;fullscreen&quot;:{&quot;enabled&quot;:&quot;true&quot;},&quot;visibleNearby&quot;:{&quot;enabled&quot;:&quot;true&quot;,&quot;centerArea&quot;:0.5,&quot;center&quot;:&quot;false&quot;,&quot;breakpoint&quot;:500,&quot;breakpointCenterArea&quot;:1,&quot;navigateByCenterClick&quot;:&quot;true&quot;},&quot;video&quot;:{&quot;autoHideBlocks&quot;:&quot;true&quot;},&quot;block&quot;:{&quot;moveOffset&quot;:20,&quot;speed&quot;:400,&quot;delay&quot;:200},&quot;width&quot;:&quot;100%&quot;,&quot;height&quot;:&quot;400px&quot;,&quot;autoScaleSlider&quot;:&quot;true&quot;,&quot;autoScaleSliderWidth&quot;:2,&quot;autoScaleSliderHeight&quot;:1,&quot;slidesSpacing&quot;:0,&quot;imageScaleMode&quot;:&quot;fill&quot;,&quot;arrowsNavHideOnTouch&quot;:&quot;true&quot;,&quot;loop&quot;:&quot;true&quot;,&quot;numImagesToPreload&quot;:3,&quot;keyboardNavEnabled&quot;:&quot;true&quot;}'>\n<div class=\"rsContent\">\n  <img class=\"rsImg\" src=\"https:\/\/www.mariotti.it\/wp-content\/uploads\/2015\/08\/Mariotti_Special_1.jpg\" data-rsBigImg=\"https:\/\/www.mariotti.it\/wp-content\/uploads\/2015\/08\/Mariotti_Special_1.jpg\" alt=\"Mariotti_Special_1\"\/>\n  \n  \n  \n<\/div>\n<div class=\"rsContent\">\n  <img class=\"rsImg\" src=\"https:\/\/www.mariotti.it\/wp-content\/uploads\/2015\/08\/Mariotti_Special_2.jpg\" data-rsBigImg=\"https:\/\/www.mariotti.it\/wp-content\/uploads\/2015\/08\/Mariotti_Special_2.jpg\" alt=\"Mariotti_Special_2\"\/>\n  \n  \n  \n<\/div>\n<div class=\"rsContent\">\n  <img class=\"rsImg\" src=\"https:\/\/www.mariotti.it\/wp-content\/uploads\/2015\/10\/Mariotti-Special-11.jpg\" data-rsBigImg=\"https:\/\/www.mariotti.it\/wp-content\/uploads\/2015\/10\/Mariotti-Special-11.jpg\" alt=\"Mariotti-Special-1\"\/>\n  \n  \n  \n<\/div>\n<div class=\"rsContent\">\n  <img class=\"rsImg\" src=\"https:\/\/www.mariotti.it\/wp-content\/uploads\/2015\/10\/Mariotti-Special-2.jpg\" data-rsBigImg=\"https:\/\/www.mariotti.it\/wp-content\/uploads\/2015\/10\/Mariotti-Special-2.jpg\" alt=\"Mariotti-Special-2\"\/>\n  \n  \n  \n<\/div>\n<div class=\"rsContent\">\n  <img class=\"rsImg\" src=\"https:\/\/www.mariotti.it\/wp-content\/uploads\/2015\/10\/Mariotti-special-multi.jpg\" data-rsBigImg=\"https:\/\/www.mariotti.it\/wp-content\/uploads\/2015\/10\/Mariotti-special-multi.jpg\" alt=\"Mariotti-special-multi\"\/>\n  \n  \n  \n<\/div>\n<div class=\"rsContent\">\n  <img class=\"rsImg\" src=\"https:\/\/www.mariotti.it\/wp-content\/uploads\/2015\/10\/Mariotti-Special-4.jpg\" data-rsBigImg=\"https:\/\/www.mariotti.it\/wp-content\/uploads\/2015\/10\/Mariotti-Special-4.jpg\" alt=\"Mariotti-Special-4\"\/>\n  \n  \n  \n<\/div>\n\n<\/div>\n\n<hr \/>\n<p>Si vous avez un besoin qui sort de l&rsquo;ordinaire ou si vous souhaitez obtenir plus d\u2019information sur les personnalisations ou les machines sp\u00e9ciales que nous pouvons offrir n\u2019h\u00e9sitez pas \u00e0 nous contacter.<\/p>\n","protected":false},"excerpt":{"rendered":"<p>Les machines sp\u00e9ciales La soci\u00e9t\u00e9 Mariotti est depuis toujours sp\u00e9cialis\u00e9e dans la r\u00e9alisation de solutions sur mesure, soit \u00e0 travers la personnalisation de sa gamme de chariots, soit en concevant et en produisant int\u00e9gralement des machines sp\u00e9ciales destin\u00e9es \u00e0 r\u00e9pondre aux n\u00e9cessit\u00e9s de manutention particuli\u00e8res et sp\u00e9cifiques de ses clients. Personnalisation des chariots \u00e9l\u00e9vateurs de [&hellip;]<\/p>\n","protected":false},"author":1,"featured_media":0,"parent":0,"menu_order":0,"comment_status":"closed","ping_status":"closed","template":"page-sidebar-right.php","meta":[],"acf":[],"yoast_head":"<!-- This site is optimized with the Yoast SEO plugin v20.4 - https:\/\/yoast.com\/wordpress\/plugins\/seo\/ -->\n<title>Machines sp\u00e9ciales | Mariotti<\/title>\n<meta name=\"robots\" content=\"index, follow, max-snippet:-1, max-image-preview:large, max-video-preview:-1\" \/>\n<link rel=\"canonical\" href=\"https:\/\/www.mariotti.it\/fr\/machines-speciales\/\" \/>\n<meta property=\"og:locale\" content=\"fr_FR\" \/>\n<meta property=\"og:type\" content=\"article\" \/>\n<meta property=\"og:title\" content=\"Machines sp\u00e9ciales | Mariotti\" \/>\n<meta property=\"og:description\" content=\"Les machines sp\u00e9ciales La soci\u00e9t\u00e9 Mariotti est depuis toujours sp\u00e9cialis\u00e9e dans la r\u00e9alisation de solutions sur mesure, soit \u00e0 travers la personnalisation de sa gamme de chariots, soit en concevant et en produisant int\u00e9gralement des machines sp\u00e9ciales destin\u00e9es \u00e0 r\u00e9pondre aux n\u00e9cessit\u00e9s de manutention particuli\u00e8res et sp\u00e9cifiques de ses clients. Personnalisation des chariots \u00e9l\u00e9vateurs de [&hellip;]\" \/>\n<meta property=\"og:url\" content=\"https:\/\/www.mariotti.it\/fr\/machines-speciales\/\" \/>\n<meta property=\"og:site_name\" content=\"Mariotti\" \/>\n<meta property=\"article:modified_time\" content=\"2015-11-30T13:06:59+00:00\" \/>\n<meta name=\"twitter:card\" content=\"summary_large_image\" \/>\n<meta name=\"twitter:label1\" content=\"Dur\u00e9e de lecture estim\u00e9e\" \/>\n\t<meta name=\"twitter:data1\" content=\"1 minute\" \/>\n<script type=\"application\/ld+json\" class=\"yoast-schema-graph\">{\"@context\":\"https:\/\/schema.org\",\"@graph\":[{\"@type\":\"WebPage\",\"@id\":\"https:\/\/www.mariotti.it\/fr\/machines-speciales\/\",\"url\":\"https:\/\/www.mariotti.it\/fr\/machines-speciales\/\",\"name\":\"Machines sp\u00e9ciales | Mariotti\",\"isPartOf\":{\"@id\":\"https:\/\/www.mariotti.it\/#website\"},\"datePublished\":\"2015-07-06T14:23:53+00:00\",\"dateModified\":\"2015-11-30T13:06:59+00:00\",\"breadcrumb\":{\"@id\":\"https:\/\/www.mariotti.it\/fr\/machines-speciales\/#breadcrumb\"},\"inLanguage\":\"fr-FR\",\"potentialAction\":[{\"@type\":\"ReadAction\",\"target\":[\"https:\/\/www.mariotti.it\/fr\/machines-speciales\/\"]}]},{\"@type\":\"BreadcrumbList\",\"@id\":\"https:\/\/www.mariotti.it\/fr\/machines-speciales\/#breadcrumb\",\"itemListElement\":[{\"@type\":\"ListItem\",\"position\":1,\"name\":\"Home\",\"item\":\"https:\/\/www.mariotti.it\/fr\/\"},{\"@type\":\"ListItem\",\"position\":2,\"name\":\"Machines sp\u00e9ciales\"}]},{\"@type\":\"WebSite\",\"@id\":\"https:\/\/www.mariotti.it\/#website\",\"url\":\"https:\/\/www.mariotti.it\/\",\"name\":\"Mariotti\",\"description\":\"Compact Forklift Solutions\",\"potentialAction\":[{\"@type\":\"SearchAction\",\"target\":{\"@type\":\"EntryPoint\",\"urlTemplate\":\"https:\/\/www.mariotti.it\/?s={search_term_string}\"},\"query-input\":\"required name=search_term_string\"}],\"inLanguage\":\"fr-FR\"}]}<\/script>\n<!-- \/ Yoast SEO plugin. -->","yoast_head_json":{"title":"Machines sp\u00e9ciales | Mariotti","robots":{"index":"index","follow":"follow","max-snippet":"max-snippet:-1","max-image-preview":"max-image-preview:large","max-video-preview":"max-video-preview:-1"},"canonical":"https:\/\/www.mariotti.it\/fr\/machines-speciales\/","og_locale":"fr_FR","og_type":"article","og_title":"Machines sp\u00e9ciales | Mariotti","og_description":"Les machines sp\u00e9ciales La soci\u00e9t\u00e9 Mariotti est depuis toujours sp\u00e9cialis\u00e9e dans la r\u00e9alisation de solutions sur mesure, soit \u00e0 travers la personnalisation de sa gamme de chariots, soit en concevant et en produisant int\u00e9gralement des machines sp\u00e9ciales destin\u00e9es \u00e0 r\u00e9pondre aux n\u00e9cessit\u00e9s de manutention particuli\u00e8res et sp\u00e9cifiques de ses clients. Personnalisation des chariots \u00e9l\u00e9vateurs de [&hellip;]","og_url":"https:\/\/www.mariotti.it\/fr\/machines-speciales\/","og_site_name":"Mariotti","article_modified_time":"2015-11-30T13:06:59+00:00","twitter_card":"summary_large_image","twitter_misc":{"Dur\u00e9e de lecture estim\u00e9e":"1 minute"},"schema":{"@context":"https:\/\/schema.org","@graph":[{"@type":"WebPage","@id":"https:\/\/www.mariotti.it\/fr\/machines-speciales\/","url":"https:\/\/www.mariotti.it\/fr\/machines-speciales\/","name":"Machines sp\u00e9ciales | Mariotti","isPartOf":{"@id":"https:\/\/www.mariotti.it\/#website"},"datePublished":"2015-07-06T14:23:53+00:00","dateModified":"2015-11-30T13:06:59+00:00","breadcrumb":{"@id":"https:\/\/www.mariotti.it\/fr\/machines-speciales\/#breadcrumb"},"inLanguage":"fr-FR","potentialAction":[{"@type":"ReadAction","target":["https:\/\/www.mariotti.it\/fr\/machines-speciales\/"]}]},{"@type":"BreadcrumbList","@id":"https:\/\/www.mariotti.it\/fr\/machines-speciales\/#breadcrumb","itemListElement":[{"@type":"ListItem","position":1,"name":"Home","item":"https:\/\/www.mariotti.it\/fr\/"},{"@type":"ListItem","position":2,"name":"Machines sp\u00e9ciales"}]},{"@type":"WebSite","@id":"https:\/\/www.mariotti.it\/#website","url":"https:\/\/www.mariotti.it\/","name":"Mariotti","description":"Compact Forklift Solutions","potentialAction":[{"@type":"SearchAction","target":{"@type":"EntryPoint","urlTemplate":"https:\/\/www.mariotti.it\/?s={search_term_string}"},"query-input":"required name=search_term_string"}],"inLanguage":"fr-FR"}]}},"_links":{"self":[{"href":"https:\/\/www.mariotti.it\/fr\/wp-json\/wp\/v2\/pages\/1113"}],"collection":[{"href":"https:\/\/www.mariotti.it\/fr\/wp-json\/wp\/v2\/pages"}],"about":[{"href":"https:\/\/www.mariotti.it\/fr\/wp-json\/wp\/v2\/types\/page"}],"author":[{"embeddable":true,"href":"https:\/\/www.mariotti.it\/fr\/wp-json\/wp\/v2\/users\/1"}],"replies":[{"embeddable":true,"href":"https:\/\/www.mariotti.it\/fr\/wp-json\/wp\/v2\/comments?post=1113"}],"version-history":[{"count":0,"href":"https:\/\/www.mariotti.it\/fr\/wp-json\/wp\/v2\/pages\/1113\/revisions"}],"wp:attachment":[{"href":"https:\/\/www.mariotti.it\/fr\/wp-json\/wp\/v2\/media?parent=1113"}],"curies":[{"name":"wp","href":"https:\/\/api.w.org\/{rel}","templated":true}]}}