{"id":1140,"date":"2015-07-06T14:00:00","date_gmt":"2015-07-06T12:00:00","guid":{"rendered":"https:\/\/www.mariotti.it\/fr\/la-gamma-prodotti\/"},"modified":"2022-05-30T12:16:45","modified_gmt":"2022-05-30T10:16:45","slug":"chariots-serie-2","status":"publish","type":"page","link":"https:\/\/www.mariotti.it\/fr\/chariots-serie-2\/","title":{"rendered":"Produits"},"content":{"rendered":"<h1>NOS CHARIOTS DE S\u00c9RIE<\/h1>\n<p>La gamme de chariots \u00e0 3 roues \u00e9lectriques \u00e0 contrepoids Mariotti\u00a0 est la plus robuste et compl\u00e8te au monde pour les capacit\u00e9s de 400 \u00e0 1600 Kg. Son point fort est la taille r\u00e9duite des mat\u00e9riels qui permet un fonctionnement dans les espaces restreints m\u00eame l\u00e0 o\u00f9 normalement il n\u2019est pas possible d\u2019utiliser un chariot \u00e9l\u00e9vateur frontal \u00e0 conducteur port\u00e9 assis.<\/p>\n<p>Construit en recourant \u00e0 la plus haute qualit\u00e9 en terme de technologie et de main d\u2019\u0153uvre pour une utilisation intensive, les Mariotti seront \u00e0 vos c\u00f4t\u00e9s pour les op\u00e9rations de chargement et de d\u00e9chargement, de d\u00e9placement et de gerbage, ainsi que pour le transit dans les zones de production et le transport en interieur et en ext\u00e9rieur.<\/p>\n<p>La compacit\u00e9, la polyvalence et la performance vous surprendront et satisferont tous vos besoins.<br \/>La s\u00e9curit\u00e9 pour le cariste et la charge, rapidit\u00e9 et confort de travail, entretiens et consommations r\u00e9duits, se traduiront en efficacit\u00e9, productivit\u00e9, et \u00e9conomie de temps et d\u2019argent.<\/p>\n<p><a href=\"https:\/\/www.mariotti.it\/fr\/contacts\/\">Contactez-nous<\/a> pour plus d&rsquo;informations.<\/p>\n\n\n<figure><\/figure>\n","protected":false},"excerpt":{"rendered":"<p>NOS CHARIOTS DE S\u00c9RIE La gamme de chariots \u00e0 3 roues \u00e9lectriques \u00e0 contrepoids Mariotti\u00a0 est la plus robuste et compl\u00e8te au monde pour les capacit\u00e9s de 400 \u00e0 1600 Kg. Son point fort est la taille r\u00e9duite des mat\u00e9riels qui permet un fonctionnement dans les espaces restreints m\u00eame l\u00e0 o\u00f9 normalement il n\u2019est pas [&hellip;]<\/p>\n","protected":false},"author":1,"featured_media":0,"parent":0,"menu_order":0,"comment_status":"closed","ping_status":"closed","template":"products-page.php","meta":[],"acf":[],"yoast_head":"<!-- This site is optimized with the Yoast SEO plugin v20.4 - https:\/\/yoast.com\/wordpress\/plugins\/seo\/ -->\n<title>Produits | Mariotti<\/title>\n<meta name=\"robots\" content=\"index, follow, max-snippet:-1, max-image-preview:large, max-video-preview:-1\" \/>\n<link rel=\"canonical\" href=\"https:\/\/www.mariotti.it\/fr\/chariots-serie-2\/\" \/>\n<meta property=\"og:locale\" content=\"fr_FR\" \/>\n<meta property=\"og:type\" content=\"article\" \/>\n<meta property=\"og:title\" content=\"Produits | Mariotti\" \/>\n<meta property=\"og:description\" content=\"NOS CHARIOTS DE S\u00c9RIE La gamme de chariots \u00e0 3 roues \u00e9lectriques \u00e0 contrepoids Mariotti\u00a0 est la plus robuste et compl\u00e8te au monde pour les capacit\u00e9s de 400 \u00e0 1600 Kg. Son point fort est la taille r\u00e9duite des mat\u00e9riels qui permet un fonctionnement dans les espaces restreints m\u00eame l\u00e0 o\u00f9 normalement il n\u2019est pas [&hellip;]\" \/>\n<meta property=\"og:url\" content=\"https:\/\/www.mariotti.it\/fr\/chariots-serie-2\/\" \/>\n<meta property=\"og:site_name\" content=\"Mariotti\" \/>\n<meta property=\"article:modified_time\" content=\"2022-05-30T10:16:45+00:00\" \/>\n<meta name=\"twitter:card\" content=\"summary_large_image\" \/>\n<meta name=\"twitter:label1\" content=\"Dur\u00e9e de lecture estim\u00e9e\" \/>\n\t<meta name=\"twitter:data1\" content=\"1 minute\" \/>\n<script type=\"application\/ld+json\" class=\"yoast-schema-graph\">{\"@context\":\"https:\/\/schema.org\",\"@graph\":[{\"@type\":\"WebPage\",\"@id\":\"https:\/\/www.mariotti.it\/fr\/chariots-serie-2\/\",\"url\":\"https:\/\/www.mariotti.it\/fr\/chariots-serie-2\/\",\"name\":\"Produits | Mariotti\",\"isPartOf\":{\"@id\":\"https:\/\/www.mariotti.it\/#website\"},\"datePublished\":\"2015-07-06T12:00:00+00:00\",\"dateModified\":\"2022-05-30T10:16:45+00:00\",\"breadcrumb\":{\"@id\":\"https:\/\/www.mariotti.it\/fr\/chariots-serie-2\/#breadcrumb\"},\"inLanguage\":\"fr-FR\",\"potentialAction\":[{\"@type\":\"ReadAction\",\"target\":[\"https:\/\/www.mariotti.it\/fr\/chariots-serie-2\/\"]}]},{\"@type\":\"BreadcrumbList\",\"@id\":\"https:\/\/www.mariotti.it\/fr\/chariots-serie-2\/#breadcrumb\",\"itemListElement\":[{\"@type\":\"ListItem\",\"position\":1,\"name\":\"Home\",\"item\":\"https:\/\/www.mariotti.it\/fr\/\"},{\"@type\":\"ListItem\",\"position\":2,\"name\":\"Produits\"}]},{\"@type\":\"WebSite\",\"@id\":\"https:\/\/www.mariotti.it\/#website\",\"url\":\"https:\/\/www.mariotti.it\/\",\"name\":\"Mariotti\",\"description\":\"Compact Forklift Solutions\",\"potentialAction\":[{\"@type\":\"SearchAction\",\"target\":{\"@type\":\"EntryPoint\",\"urlTemplate\":\"https:\/\/www.mariotti.it\/?s={search_term_string}\"},\"query-input\":\"required name=search_term_string\"}],\"inLanguage\":\"fr-FR\"}]}<\/script>\n<!-- \/ Yoast SEO plugin. -->","yoast_head_json":{"title":"Produits | Mariotti","robots":{"index":"index","follow":"follow","max-snippet":"max-snippet:-1","max-image-preview":"max-image-preview:large","max-video-preview":"max-video-preview:-1"},"canonical":"https:\/\/www.mariotti.it\/fr\/chariots-serie-2\/","og_locale":"fr_FR","og_type":"article","og_title":"Produits | Mariotti","og_description":"NOS CHARIOTS DE S\u00c9RIE La gamme de chariots \u00e0 3 roues \u00e9lectriques \u00e0 contrepoids Mariotti\u00a0 est la plus robuste et compl\u00e8te au monde pour les capacit\u00e9s de 400 \u00e0 1600 Kg. Son point fort est la taille r\u00e9duite des mat\u00e9riels qui permet un fonctionnement dans les espaces restreints m\u00eame l\u00e0 o\u00f9 normalement il n\u2019est pas [&hellip;]","og_url":"https:\/\/www.mariotti.it\/fr\/chariots-serie-2\/","og_site_name":"Mariotti","article_modified_time":"2022-05-30T10:16:45+00:00","twitter_card":"summary_large_image","twitter_misc":{"Dur\u00e9e de lecture estim\u00e9e":"1 minute"},"schema":{"@context":"https:\/\/schema.org","@graph":[{"@type":"WebPage","@id":"https:\/\/www.mariotti.it\/fr\/chariots-serie-2\/","url":"https:\/\/www.mariotti.it\/fr\/chariots-serie-2\/","name":"Produits | Mariotti","isPartOf":{"@id":"https:\/\/www.mariotti.it\/#website"},"datePublished":"2015-07-06T12:00:00+00:00","dateModified":"2022-05-30T10:16:45+00:00","breadcrumb":{"@id":"https:\/\/www.mariotti.it\/fr\/chariots-serie-2\/#breadcrumb"},"inLanguage":"fr-FR","potentialAction":[{"@type":"ReadAction","target":["https:\/\/www.mariotti.it\/fr\/chariots-serie-2\/"]}]},{"@type":"BreadcrumbList","@id":"https:\/\/www.mariotti.it\/fr\/chariots-serie-2\/#breadcrumb","itemListElement":[{"@type":"ListItem","position":1,"name":"Home","item":"https:\/\/www.mariotti.it\/fr\/"},{"@type":"ListItem","position":2,"name":"Produits"}]},{"@type":"WebSite","@id":"https:\/\/www.mariotti.it\/#website","url":"https:\/\/www.mariotti.it\/","name":"Mariotti","description":"Compact Forklift Solutions","potentialAction":[{"@type":"SearchAction","target":{"@type":"EntryPoint","urlTemplate":"https:\/\/www.mariotti.it\/?s={search_term_string}"},"query-input":"required name=search_term_string"}],"inLanguage":"fr-FR"}]}},"_links":{"self":[{"href":"https:\/\/www.mariotti.it\/fr\/wp-json\/wp\/v2\/pages\/1140"}],"collection":[{"href":"https:\/\/www.mariotti.it\/fr\/wp-json\/wp\/v2\/pages"}],"about":[{"href":"https:\/\/www.mariotti.it\/fr\/wp-json\/wp\/v2\/types\/page"}],"author":[{"embeddable":true,"href":"https:\/\/www.mariotti.it\/fr\/wp-json\/wp\/v2\/users\/1"}],"replies":[{"embeddable":true,"href":"https:\/\/www.mariotti.it\/fr\/wp-json\/wp\/v2\/comments?post=1140"}],"version-history":[{"count":0,"href":"https:\/\/www.mariotti.it\/fr\/wp-json\/wp\/v2\/pages\/1140\/revisions"}],"wp:attachment":[{"href":"https:\/\/www.mariotti.it\/fr\/wp-json\/wp\/v2\/media?parent=1140"}],"curies":[{"name":"wp","href":"https:\/\/api.w.org\/{rel}","templated":true}]}}