{"id":1176,"date":"2015-06-04T16:17:39","date_gmt":"2015-06-04T14:17:39","guid":{"rendered":"https:\/\/www.mariotti.it\/fr\/servizi\/"},"modified":"2023-10-11T14:15:08","modified_gmt":"2023-10-11T12:15:08","slug":"services","status":"publish","type":"page","link":"https:\/\/www.mariotti.it\/fr\/services\/","title":{"rendered":"Services"},"content":{"rendered":"<h1>Les services<\/h1>\n<p>Notre soci\u00e9t\u00e9 ne produit pas uniquement des chariots \u00e9l\u00e9vateurs \u00e9lectriques, mais elle <strong>\u00e9tudie et r\u00e9alise aussi des mat\u00e9riels inspir\u00e9s par les besoins des clients.<\/strong> Pour cel\u00e0 le secteur des services est pour nous d\u2019une importance cruciale.<\/p>\n<h2>Conseil<\/h2>\n<p>L\u2019exp\u00e9rience accumul\u00e9e en presque <strong>cent ans d\u2019activit\u00e9 est \u00e0 votre disposition<\/strong> pour vous aider \u00e0 d\u00e9finir et r\u00e9soudre tout vos probl\u00e8mes de manutention, sp\u00e9cialement si vous devez travailler dans des environnements de travail particuliers et dans des espaces restreints.<\/p>\n<p>Une \u00e9quipe de personnes comp\u00e9tentes sera \u00e0 votre \u00e9coute pour \u00e9valuer vos besoins et pour vous orienter d&rsquo;un point de vue technico-commercial vers le mat\u00e9riel le plus adapt\u00e9. L\u2019\u00e9quipe sera en mesure de faire une \u00e9tude et de vous proposer des solutions sp\u00e9ciales faites sur mesure et avantageuses en terme de fonctionnement, de gain de temps et de co\u00fbts.<\/p>\n<p>De nombreuses soci\u00e9t\u00e9s de renom ont fait confiance \u00e0 nos comp\u00e9tences en mati\u00e8re de conseil technico-commercial pour optimiser la gestion de la manutention et du gerbage.<\/p>\n<h2>Service apr\u00e8s-vente et pi\u00e8ces de rechange<\/h2>\n<p>Le S.A.V. est g\u00e9r\u00e9 en total collaboration avec nos concessionnaires locaux, choisis de mani\u00e8re appropri\u00e9e pour qu\u2019ils garantissent le meilleur service \u00e0 la client\u00e8le. De la maison-m\u00e8re nous pouvons contr\u00f4ler directement \u00e0 distance les chariots chez le concessionnaire pour effectuer un diagnostic, v\u00e9rifier les \u00e9ventuelles anomalies et modifier les param\u00e8tres de la machine. Nous sommes donc capables de simplifier et d&rsquo;encadrer les interventions de S.A.V. le cas \u00e9ch\u00e9ant.<\/p>\n<p>Tout en \u00e9tant tr\u00e8s compacts, nos chariots ont \u00e9t\u00e9 con\u00e7us avec soin pour rendre simple l\u2019acc\u00e8s \u00e0 tous les \u00e9l\u00e9ments. ceci facilite et r\u00e9duit le temps de montage et de d\u00e9montage. Tous nos chariots sont construits avec des composants de premier choix, test\u00e9s et contr\u00f4l\u00e9s en phase d\u2019assemblage. L\u2019efficacit\u00e9 d\u2019un tel syst\u00e8me est prouv\u00e9e par le nombre r\u00e9duit d\u2019interventions requises et le faible temps d\u2019arr\u00eat des machines m\u00eame en cas de probl\u00e8me.<\/p>\n<p>De plus, le choix minutieux de l\u2019ensemble des composants permet le remplacement de la seule pi\u00e8ce d\u00e9fectueuse et non pas du bloc complet qui est concern\u00e9 par le d\u00e9faut. Ceci permet souvent une \u00e9conomie notable pour le client, mais aussi pour l\u2019environnement en terme de d\u00e9chets.<\/p>\n<p>Nos pi\u00e8ces de rechange sont stock\u00e9es par les distributeurs de fa\u00e7on \u00e0 r\u00e9duire le temps d\u2019attente du client. Dans le cas o\u00f9 la pi\u00e8ce de rechange n&rsquo;est pas disponible chez le distributeur de la zone int\u00e9ress\u00e9e, elle est envoy\u00e9e dans la journ\u00e9e par notre service apr\u00e8s-vente.<\/p>\n<p>Mariotti est une soci\u00e9t\u00e9 certifi\u00e9e pour la conception et la production de chariots \u00e9l\u00e9vateurs et pour la vente de pi\u00e8ces de rechange\u00a0<b>(<\/b><a href=\"\/wp-content\/uploads\/2018\/06\/2023-V.-MARIOTTI-certificato-it-CQY.pdf\" target=\"_blank\" rel=\"noopener\"><b>UNI EN ISO 9001<\/b><\/a><b>).<\/b><\/p>\n","protected":false},"excerpt":{"rendered":"<p>Les services Notre soci\u00e9t\u00e9 ne produit pas uniquement des chariots \u00e9l\u00e9vateurs \u00e9lectriques, mais elle \u00e9tudie et r\u00e9alise aussi des mat\u00e9riels inspir\u00e9s par les besoins des clients. Pour cel\u00e0 le secteur des services est pour nous d\u2019une importance cruciale. Conseil L\u2019exp\u00e9rience accumul\u00e9e en presque cent ans d\u2019activit\u00e9 est \u00e0 votre disposition pour vous aider \u00e0 d\u00e9finir [&hellip;]<\/p>\n","protected":false},"author":1,"featured_media":0,"parent":0,"menu_order":0,"comment_status":"closed","ping_status":"closed","template":"page-sidebar-right.php","meta":[],"acf":[],"yoast_head":"<!-- This site is optimized with the Yoast SEO plugin v20.4 - https:\/\/yoast.com\/wordpress\/plugins\/seo\/ -->\n<title>Services | Mariotti<\/title>\n<meta name=\"robots\" content=\"index, follow, max-snippet:-1, max-image-preview:large, max-video-preview:-1\" \/>\n<link rel=\"canonical\" href=\"https:\/\/www.mariotti.it\/fr\/services\/\" \/>\n<meta property=\"og:locale\" content=\"fr_FR\" \/>\n<meta property=\"og:type\" content=\"article\" \/>\n<meta property=\"og:title\" content=\"Services | Mariotti\" \/>\n<meta property=\"og:description\" content=\"Les services Notre soci\u00e9t\u00e9 ne produit pas uniquement des chariots \u00e9l\u00e9vateurs \u00e9lectriques, mais elle \u00e9tudie et r\u00e9alise aussi des mat\u00e9riels inspir\u00e9s par les besoins des clients. Pour cel\u00e0 le secteur des services est pour nous d\u2019une importance cruciale. Conseil L\u2019exp\u00e9rience accumul\u00e9e en presque cent ans d\u2019activit\u00e9 est \u00e0 votre disposition pour vous aider \u00e0 d\u00e9finir [&hellip;]\" \/>\n<meta property=\"og:url\" content=\"https:\/\/www.mariotti.it\/fr\/services\/\" \/>\n<meta property=\"og:site_name\" content=\"Mariotti\" \/>\n<meta property=\"article:modified_time\" content=\"2023-10-11T12:15:08+00:00\" \/>\n<meta name=\"twitter:card\" content=\"summary_large_image\" \/>\n<meta name=\"twitter:label1\" content=\"Dur\u00e9e de lecture estim\u00e9e\" \/>\n\t<meta name=\"twitter:data1\" content=\"2 minutes\" \/>\n<script type=\"application\/ld+json\" class=\"yoast-schema-graph\">{\"@context\":\"https:\/\/schema.org\",\"@graph\":[{\"@type\":\"WebPage\",\"@id\":\"https:\/\/www.mariotti.it\/fr\/services\/\",\"url\":\"https:\/\/www.mariotti.it\/fr\/services\/\",\"name\":\"Services | Mariotti\",\"isPartOf\":{\"@id\":\"https:\/\/www.mariotti.it\/#website\"},\"datePublished\":\"2015-06-04T14:17:39+00:00\",\"dateModified\":\"2023-10-11T12:15:08+00:00\",\"breadcrumb\":{\"@id\":\"https:\/\/www.mariotti.it\/fr\/services\/#breadcrumb\"},\"inLanguage\":\"fr-FR\",\"potentialAction\":[{\"@type\":\"ReadAction\",\"target\":[\"https:\/\/www.mariotti.it\/fr\/services\/\"]}]},{\"@type\":\"BreadcrumbList\",\"@id\":\"https:\/\/www.mariotti.it\/fr\/services\/#breadcrumb\",\"itemListElement\":[{\"@type\":\"ListItem\",\"position\":1,\"name\":\"Home\",\"item\":\"https:\/\/www.mariotti.it\/fr\/\"},{\"@type\":\"ListItem\",\"position\":2,\"name\":\"Services\"}]},{\"@type\":\"WebSite\",\"@id\":\"https:\/\/www.mariotti.it\/#website\",\"url\":\"https:\/\/www.mariotti.it\/\",\"name\":\"Mariotti\",\"description\":\"Compact Forklift Solutions\",\"potentialAction\":[{\"@type\":\"SearchAction\",\"target\":{\"@type\":\"EntryPoint\",\"urlTemplate\":\"https:\/\/www.mariotti.it\/?s={search_term_string}\"},\"query-input\":\"required name=search_term_string\"}],\"inLanguage\":\"fr-FR\"}]}<\/script>\n<!-- \/ Yoast SEO plugin. -->","yoast_head_json":{"title":"Services | Mariotti","robots":{"index":"index","follow":"follow","max-snippet":"max-snippet:-1","max-image-preview":"max-image-preview:large","max-video-preview":"max-video-preview:-1"},"canonical":"https:\/\/www.mariotti.it\/fr\/services\/","og_locale":"fr_FR","og_type":"article","og_title":"Services | Mariotti","og_description":"Les services Notre soci\u00e9t\u00e9 ne produit pas uniquement des chariots \u00e9l\u00e9vateurs \u00e9lectriques, mais elle \u00e9tudie et r\u00e9alise aussi des mat\u00e9riels inspir\u00e9s par les besoins des clients. Pour cel\u00e0 le secteur des services est pour nous d\u2019une importance cruciale. Conseil L\u2019exp\u00e9rience accumul\u00e9e en presque cent ans d\u2019activit\u00e9 est \u00e0 votre disposition pour vous aider \u00e0 d\u00e9finir [&hellip;]","og_url":"https:\/\/www.mariotti.it\/fr\/services\/","og_site_name":"Mariotti","article_modified_time":"2023-10-11T12:15:08+00:00","twitter_card":"summary_large_image","twitter_misc":{"Dur\u00e9e de lecture estim\u00e9e":"2 minutes"},"schema":{"@context":"https:\/\/schema.org","@graph":[{"@type":"WebPage","@id":"https:\/\/www.mariotti.it\/fr\/services\/","url":"https:\/\/www.mariotti.it\/fr\/services\/","name":"Services | Mariotti","isPartOf":{"@id":"https:\/\/www.mariotti.it\/#website"},"datePublished":"2015-06-04T14:17:39+00:00","dateModified":"2023-10-11T12:15:08+00:00","breadcrumb":{"@id":"https:\/\/www.mariotti.it\/fr\/services\/#breadcrumb"},"inLanguage":"fr-FR","potentialAction":[{"@type":"ReadAction","target":["https:\/\/www.mariotti.it\/fr\/services\/"]}]},{"@type":"BreadcrumbList","@id":"https:\/\/www.mariotti.it\/fr\/services\/#breadcrumb","itemListElement":[{"@type":"ListItem","position":1,"name":"Home","item":"https:\/\/www.mariotti.it\/fr\/"},{"@type":"ListItem","position":2,"name":"Services"}]},{"@type":"WebSite","@id":"https:\/\/www.mariotti.it\/#website","url":"https:\/\/www.mariotti.it\/","name":"Mariotti","description":"Compact Forklift Solutions","potentialAction":[{"@type":"SearchAction","target":{"@type":"EntryPoint","urlTemplate":"https:\/\/www.mariotti.it\/?s={search_term_string}"},"query-input":"required name=search_term_string"}],"inLanguage":"fr-FR"}]}},"_links":{"self":[{"href":"https:\/\/www.mariotti.it\/fr\/wp-json\/wp\/v2\/pages\/1176"}],"collection":[{"href":"https:\/\/www.mariotti.it\/fr\/wp-json\/wp\/v2\/pages"}],"about":[{"href":"https:\/\/www.mariotti.it\/fr\/wp-json\/wp\/v2\/types\/page"}],"author":[{"embeddable":true,"href":"https:\/\/www.mariotti.it\/fr\/wp-json\/wp\/v2\/users\/1"}],"replies":[{"embeddable":true,"href":"https:\/\/www.mariotti.it\/fr\/wp-json\/wp\/v2\/comments?post=1176"}],"version-history":[{"count":0,"href":"https:\/\/www.mariotti.it\/fr\/wp-json\/wp\/v2\/pages\/1176\/revisions"}],"wp:attachment":[{"href":"https:\/\/www.mariotti.it\/fr\/wp-json\/wp\/v2\/media?parent=1176"}],"curies":[{"name":"wp","href":"https:\/\/api.w.org\/{rel}","templated":true}]}}