{"id":1188,"date":"2015-06-02T09:45:04","date_gmt":"2015-06-02T07:45:04","guid":{"rendered":"https:\/\/www.mariotti.it\/fr\/vantaggi\/"},"modified":"2021-01-06T23:23:40","modified_gmt":"2021-01-06T21:23:40","slug":"avantages","status":"publish","type":"page","link":"https:\/\/www.mariotti.it\/fr\/avantages\/","title":{"rendered":"Avantages"},"content":{"rendered":"<h1>Les avantages de choisir Mariotti<\/h1>\n<p>Nous produisons la <strong>gamme de chariots \u00e9l\u00e9vateurs \u00e9lectriques frontaux les plus petits au monde<\/strong>: la meilleure solution de manutention pour les charges entre 400 et 1600 Kg.<\/p>\n<h2>Caract\u00e9ristiques uniques<\/h2>\n<p>Les chariots \u00e9lectriques Mariotti sont uniques par leur compacit\u00e9 et qualit\u00e9, caract\u00e9ristiques qui permettent une utilisation dans des situations particuli\u00e8res toujours avec une s\u00e9curit\u00e9 et un confort extr\u00eames, notamment en alternative \u00e0 un transpalette manuel ou \u00e9lectrique, un gerbeur ou encore un chariot de magasinage.<\/p>\n<ul class=\"accordion\" data-accordion role=\"tablist\"><li class=\"accordion-navigation\"><a href=\"#caratteristiche-uniche0\" role=\"tab\"\n                    id=\"caratteristiche-uniche0-heading\"\n                    aria-controls=\"caratteristiche-uniche0\"\n                    class=\"even\">\n                    <span>+<\/span>&nbsp;Les plus petits et plus maniables\n                <\/a>\n                <div id=\"caratteristiche-uniche0\"\n                     class=\"row content \"\n                     role=\"tabpanel\"\n                     aria-labelledby=\"caratteristiche-uniche0-heading\">\n                  Les chiffres parlent d'eux-m\u00eame: empattement en largeur r\u00e9duit jusqu'\u00e0 805 mm, hauteur hors-tout sous les 2000 mm, longueur L2 de 1095 \u00e0 1615 mm, direction assist\u00e9e, pas variabile et TDL intr\u00e9gr\u00e9 de s\u00e9rie sur toute la gamme.<\/div><\/li><li class=\"accordion-navigation\"><a href=\"#caratteristiche-uniche1\" role=\"tab\"\n                    id=\"caratteristiche-uniche1-heading\"\n                    aria-controls=\"caratteristiche-uniche1\"\n                    class=\"odd\">\n                    <span>+<\/span>&nbsp;Multifonctionnels\n                <\/a>\n                <div id=\"caratteristiche-uniche1\"\n                     class=\"row content \"\n                     role=\"tabpanel\"\n                     aria-labelledby=\"caratteristiche-uniche1-heading\">\n                  Adapt\u00e9s \u00e0 un usage polyvalent, les chariots \u00e9lectriques Mariotti permettent de d\u00e9charger et charger les marchandises des camions, des remorques et des containers, la manutention et le gerbage en entrep\u00f4t, ainsi que le transit et le transport au sein des zones de production et de transformation. Dans bien des cas, les chariots Mariotti peuvent remplir plusieurs fonctions, ce qui engendre des \u00e9conomies consid\u00e9rables en terme de temps et d\u2019argent.<\/div><\/li><li class=\"accordion-navigation\"><a href=\"#caratteristiche-uniche2\" role=\"tab\"\n                    id=\"caratteristiche-uniche2-heading\"\n                    aria-controls=\"caratteristiche-uniche2\"\n                    class=\"even\">\n                    <span>+<\/span>&nbsp;Puissants\n                <\/a>\n                <div id=\"caratteristiche-uniche2\"\n                     class=\"row content \"\n                     role=\"tabpanel\"\n                     aria-labelledby=\"caratteristiche-uniche2-heading\">\n                  Efficacit\u00e9 et puissance de nos moteurs \u00e0 courant alternatif (AC) et choix, sur la gamme Mycros, de la traction la plus ad\u00e9quate \u00e0 vos exigences\u00a0: arri\u00e8re (1 roue motrice ), avant (2 roues motrices) ou int\u00e9grale (3 roues motrices).<\/div><\/li><li class=\"accordion-navigation\"><a href=\"#caratteristiche-uniche3\" role=\"tab\"\n                    id=\"caratteristiche-uniche3-heading\"\n                    aria-controls=\"caratteristiche-uniche3\"\n                    class=\"odd\">\n                    <span>+<\/span>&nbsp;Pr\u00e9cis\n                <\/a>\n                <div id=\"caratteristiche-uniche3\"\n                     class=\"row content \"\n                     role=\"tabpanel\"\n                     aria-labelledby=\"caratteristiche-uniche3-heading\">\n                  Le bloc de direction \u00e0 cr\u00e9maill\u00e8re que Mariotti a introduit en premier sur les chariots \u00e9lectriques de cette dimension est compacte, fiable et garantit une grande pr\u00e9cision de conduite. Les fourches, pinces et autres accessoires de manutention r\u00e9alis\u00e9s en fonction des exigences sp\u00e9cifiques du client font de nos chariots \u00e9lectriques des mat\u00e9riels id\u00e9aux pour les applications qui demandent une attention et une pr\u00e9cision particuli\u00e8res.<\/div><\/li><li class=\"accordion-navigation\"><a href=\"#caratteristiche-uniche4\" role=\"tab\"\n                    id=\"caratteristiche-uniche4-heading\"\n                    aria-controls=\"caratteristiche-uniche4\"\n                    class=\"even\">\n                    <span>+<\/span>&nbsp;L\u00e9ger le cas \u00e9ch\u00e9ant\n                <\/a>\n                <div id=\"caratteristiche-uniche4\"\n                     class=\"row content \"\n                     role=\"tabpanel\"\n                     aria-labelledby=\"caratteristiche-uniche4-heading\">\n                  \u00catre l\u00e9ger est dans certaines situations un avantage notable, par exemple lorsqu'il est n\u00e9cessaire de travailler sur une mezzanine industrielle ou d'entrer dans un monte-charges. Mariotti peut fournir des solutions qui optimisent la capacit\u00e9 et le poids du chariot afin de travailler au mieux dans des environnements sp\u00e9cifiques.<\/div><\/li><li class=\"accordion-navigation\"><a href=\"#caratteristiche-uniche5\" role=\"tab\"\n                    id=\"caratteristiche-uniche5-heading\"\n                    aria-controls=\"caratteristiche-uniche5\"\n                    class=\"odd\">\n                    <span>+<\/span>&nbsp;\u00c9cologiques\n                <\/a>\n                <div id=\"caratteristiche-uniche5\"\n                     class=\"row content \"\n                     role=\"tabpanel\"\n                     aria-labelledby=\"caratteristiche-uniche5-heading\">\n                  Z\u00e9ro emissions pour le personnel et pour l'environnement de travail gr\u00e2ce \u00e0 un moteur \u00e9lectrique capable d'assurer un poste de 8 heures avec une seule recharge et de fournir des performances semblables \u00e0 celles des chariots thermiques. De plus, tout nos chariots sont \u00e9quip\u00e9s d\u2019un freinage \u00e9lectrique \u00e0 r\u00e9cup\u00e9ration d'\u00e9nergie et certains mod\u00e8les comportent m\u00eame un mode de conduite \u00e9conomique.\r\n\r\n&nbsp;<\/div><\/li><li class=\"accordion-navigation\"><a href=\"#caratteristiche-uniche6\" role=\"tab\"\n                    id=\"caratteristiche-uniche6-heading\"\n                    aria-controls=\"caratteristiche-uniche6\"\n                    class=\"even\">\n                    <span>+<\/span>&nbsp;Sur mesure pour vous\n                <\/a>\n                <div id=\"caratteristiche-uniche6\"\n                     class=\"row content \"\n                     role=\"tabpanel\"\n                     aria-labelledby=\"caratteristiche-uniche6-heading\">\n                  Chaque mat\u00e9riel de s\u00e9rie peut \u00eatre personnalis\u00e9 selon vos exigences, de la modification du ch\u00e2ssis et du m\u00e2t, \u00e0 la r\u00e9alisation de fourches et autres accessoires sp\u00e9ciaux sur mesure. Pour en savoir plus, consultez notre section <a href=\"https:\/\/www.mariotti.it\/fr\/machines-speciales\/\">machines sp\u00e9ciales<\/a>.<\/div><\/li><\/ul>\n<figure><a href=\"https:\/\/www.mariotti.it\/wp-content\/uploads\/2015\/06\/mariotti-advantages.png\"><img loading=\"lazy\" width=\"770\" height=\"270\" class=\"alignnone size-full wp-image-2708\" src=\"https:\/\/www.mariotti.it\/wp-content\/uploads\/2015\/06\/mariotti-advantages.png\" alt=\"mariotti-advantages\" srcset=\"https:\/\/www.mariotti.it\/wp-content\/uploads\/2015\/06\/mariotti-advantages.png 770w, https:\/\/www.mariotti.it\/wp-content\/uploads\/2015\/06\/mariotti-advantages-300x105.png 300w\" sizes=\"(max-width: 770px) 100vw, 770px\" \/><\/a><\/figure>\n<h2>Facilit\u00e9 d&rsquo;utilisation<\/h2>\n<p>Les chariots \u00e9lectriques Mariotti permettent une grande diversit\u00e9 d\u2019application que ce soit en int\u00e9rieur ou en ext\u00e9rieur, dans des espaces \u00e9troits et des environnements qui n\u00e9cessitent la plus grande pr\u00e9cision et fiabilit\u00e9.<\/p>\n<ul class=\"accordion\" data-accordion role=\"tablist\"><li class=\"accordion-navigation\"><a href=\"#agilita0\" role=\"tab\"\n                    id=\"agilita0-heading\"\n                    aria-controls=\"agilita0\"\n                    class=\"even\">\n                    <span>+<\/span>&nbsp;Portes, portails, passages \u00e9troits\n                <\/a>\n                <div id=\"agilita0\"\n                     class=\"row content \"\n                     role=\"tabpanel\"\n                     aria-labelledby=\"agilita0-heading\">\n                  En raison de leurs faibles encombrement en largeur (jusqu\u2019\u00e0 un minimum de 805 mm) nos chariots peuvent passer l\u00e0 m\u00eame o\u00f9 vous ne l'imagineriez pas et se d\u00e9placent avec agilit\u00e9 dans les espaces restreints et au sein de zones de production et de transformation, entre les machines-outils et les mat\u00e9riaux.<\/div><\/li><li class=\"accordion-navigation\"><a href=\"#agilita1\" role=\"tab\"\n                    id=\"agilita1-heading\"\n                    aria-controls=\"agilita1\"\n                    class=\"odd\">\n                    <span>+<\/span>&nbsp;All\u00e9es de travail \u00e9troites\n                <\/a>\n                <div id=\"agilita1\"\n                     class=\"row content \"\n                     role=\"tabpanel\"\n                     aria-labelledby=\"agilita1-heading\">\n                  La compacit\u00e9 des chariots Mariotti permet le gerbage des marchandises dans des all\u00e9es de travail d\u2019une largeur r\u00e9duite jusqu\u2019\u00e0 2500 mm avec une palette Europe. Certains de nos clients ont pu r\u00e9duire les all\u00e9es et ainsi augmenter la surface de stockage gr\u00e2ce \u00e0 nos chariots.<\/div><\/li><li class=\"accordion-navigation\"><a href=\"#agilita2\" role=\"tab\"\n                    id=\"agilita2-heading\"\n                    aria-controls=\"agilita2\"\n                    class=\"even\">\n                    <span>+<\/span>&nbsp;Rampes\n                <\/a>\n                <div id=\"agilita2\"\n                     class=\"row content \"\n                     role=\"tabpanel\"\n                     aria-labelledby=\"agilita2-heading\">\n                  La possibilit\u00e9 de choisir dans notre gamme la traction int\u00e9grale et la puissance de nos moteurs permettent de travailler tranquillement sur des rampes et des pentes jusqu\u2019\u00e0 25%.<\/div><\/li><li class=\"accordion-navigation\"><a href=\"#agilita3\" role=\"tab\"\n                    id=\"agilita3-heading\"\n                    aria-controls=\"agilita3\"\n                    class=\"odd\">\n                    <span>+<\/span>&nbsp;Hayons hydrauliques, monte-charges, mezzanines\n                <\/a>\n                <div id=\"agilita3\"\n                     class=\"row content \"\n                     role=\"tabpanel\"\n                     aria-labelledby=\"agilita3-heading\">\n                  Peu nombreux sont les chariots frontaux \u00e0 contrepoids capables de travailler sur hayon hydraulique, dans un monte-charges ou sur une mezzanine. Mariotti est en mesure de fournir des solutions adapt\u00e9es qui combinent s\u00e9curit\u00e9 et efficacit\u00e9 \u00e0 la l\u00e9g\u00e8ret\u00e9 necessaire pour \u00e9voluer dans ces environnements.<\/div><\/li><li class=\"accordion-navigation\"><a href=\"#agilita4\" role=\"tab\"\n                    id=\"agilita4-heading\"\n                    aria-controls=\"agilita4\"\n                    class=\"even\">\n                    <span>+<\/span>&nbsp;Chambres froides, caves, chambres fortes\n                <\/a>\n                <div id=\"agilita4\"\n                     class=\"row content \"\n                     role=\"tabpanel\"\n                     aria-labelledby=\"agilita4-heading\">\n                  M\u00eame l\u00e0 o\u00f9 le plafond est particuli\u00e8rement bas, tous nos chariots peuvent \u00eatre utilis\u00e9s la plupart du temps sans modifications du ch\u00e2ssis ni du m\u00e2t gr\u00e2ce \u00e0 leurs encombrements en hauteur limit\u00e9 (inf\u00e9rieure \u00e0 2000 mm). Ils peuvent \u00eatre \u00e9quip\u00e9s, comme le n\u00e9cessitent souvent ces environnements, d'une pr\u00e9paration sp\u00e9ciale pour chambres froides (-20\u00b0C), pour zone ATEX, pour milieu humide ou salin et peuvent aussi \u00eatre configur\u00e9s pour r\u00e9pondre aux normes d'hygi\u00e8ne requises par l'industrie alimentaire.<\/div><\/li><li class=\"accordion-navigation\"><a href=\"#agilita5\" role=\"tab\"\n                    id=\"agilita5-heading\"\n                    aria-controls=\"agilita5\"\n                    class=\"odd\">\n                    <span>+<\/span>&nbsp;Sols d\u00e9licats\n                <\/a>\n                <div id=\"agilita5\"\n                     class=\"row content \"\n                     role=\"tabpanel\"\n                     aria-labelledby=\"agilita5-heading\">\n                  Les chariots Mariotti\u00a0 peuvent aussi \u00eatre utilis\u00e9s dans les environnements o\u00f9 les sols demandent une attention particuli\u00e8re, comme les th\u00e9\u00e2tres et les mus\u00e9es. Ils peuvent \u00eatre \u00e9quip\u00e9s de pneus non-marquants et peuvent \u00eatre customis\u00e9s pour limiter le poin\u00e7onnement.<\/div><\/li><li class=\"accordion-navigation\"><a href=\"#agilita6\" role=\"tab\"\n                    id=\"agilita6-heading\"\n                    aria-controls=\"agilita6\"\n                    class=\"even\">\n                    <span>+<\/span>&nbsp;Containers, wagons, camions\n                <\/a>\n                <div id=\"agilita6\"\n                     class=\"row content \"\n                     role=\"tabpanel\"\n                     aria-labelledby=\"agilita6-heading\">\n                  Leurs dimensions et leur maniabilit\u00e9 rendent les Mariotti id\u00e9aux pour manutentionner des marchandises m\u00eame \u00e0 l\u2019int\u00e9rieur d'un conteneur, d'une remorques ou d'un wagon ferroviaire.<\/div><\/li><\/ul>\n<figure><img loading=\"lazy\" class=\"alignnone wp-image-5516 size-full\" src=\"https:\/\/www.mariotti.it\/wp-content\/uploads\/2020\/10\/vantaggi-agilita\u0300-utilizzo.png\" alt=\"\" width=\"770\" height=\"270\" srcset=\"https:\/\/www.mariotti.it\/wp-content\/uploads\/2020\/10\/vantaggi-agilita\u0300-utilizzo.png 770w, https:\/\/www.mariotti.it\/wp-content\/uploads\/2020\/10\/vantaggi-agilita\u0300-utilizzo-300x105.png 300w, https:\/\/www.mariotti.it\/wp-content\/uploads\/2020\/10\/vantaggi-agilita\u0300-utilizzo-768x269.png 768w\" sizes=\"(max-width: 770px) 100vw, 770px\" \/><\/figure>\n<h2>\u00c9conomie de temps et d&rsquo;argent<\/h2>\n<p>Un chariot \u00e9lectrique Mariotti garantit une \u00e9conomie consid\u00e9rable\u00a0: chaque d\u00e9tail a \u00e9t\u00e9 \u00e9tudi\u00e9 pour maximiser l\u2019efficience \u00e9nerg\u00e9tique et pour r\u00e9duire la consommation. De plus, sa haute fiabilit\u00e9 garantit une faible fr\u00e9quence d\u2019arr\u00eat de la machine et sa polyvalence permet une utilisation pour plusieurs t\u00e2ches. De ce fait, les co\u00fbts du parc mat\u00e9riels et les co\u00fbts d&rsquo;exploitation s&rsquo;en trouvent r\u00e9duits.<\/p>\n<ul class=\"accordion\" data-accordion role=\"tablist\"><li class=\"accordion-navigation\"><a href=\"#risparmio0\" role=\"tab\"\n                    id=\"risparmio0-heading\"\n                    aria-controls=\"risparmio0\"\n                    class=\"even\">\n                    <span>+<\/span>&nbsp;Bon investissement\n                <\/a>\n                <div id=\"risparmio0\"\n                     class=\"row content \"\n                     role=\"tabpanel\"\n                     aria-labelledby=\"risparmio0-heading\">\n                  Gr\u00e2ce \u00e0 une conception attentive, l\u2019acquisition d\u2019un chariot Mariotti est enti\u00e8rement amortie par la qualit\u00e9 du produit. Cel\u00e0 signifie s\u00e9curit\u00e9, rapidit\u00e9 et confort de travail, facilit\u00e9 d\u2019intervention et assistance, mais aussi entretien et consommation r\u00e9duits, performance similaire aux chariots thermiques et autonomie sur un poste de 8 heures avec une seule recharge.<\/div><\/li><li class=\"accordion-navigation\"><a href=\"#risparmio1\" role=\"tab\"\n                    id=\"risparmio1-heading\"\n                    aria-controls=\"risparmio1\"\n                    class=\"odd\">\n                    <span>+<\/span>&nbsp;\u00c9conomie d&rsquo;\u00e9nergie\n                <\/a>\n                <div id=\"risparmio1\"\n                     class=\"row content \"\n                     role=\"tabpanel\"\n                     aria-labelledby=\"risparmio1-heading\">\n                  Dans nos chariots tout est \u00e9tudi\u00e9 pour r\u00e9duire la consommation et le gaspillage d\u2019\u00e9nergie. Du bloc de direction \u00e0 cr\u00e9maill\u00e8re que Mariotti a introduit en premier dans les chariots de cette dimension, au freinage \u00e9lectrique \u00e0 r\u00e9cup\u00e9ration d\u2019\u00e9nergie, jusqu'au choix du mode conduite \u00e9conomique (disponible sur certains mod\u00e8les)<\/div><\/li><li class=\"accordion-navigation\"><a href=\"#risparmio2\" role=\"tab\"\n                    id=\"risparmio2-heading\"\n                    aria-controls=\"risparmio2\"\n                    class=\"even\">\n                    <span>+<\/span>&nbsp;Gain de place\n                <\/a>\n                <div id=\"risparmio2\"\n                     class=\"row content \"\n                     role=\"tabpanel\"\n                     aria-labelledby=\"risparmio2-heading\">\n                  La compacit\u00e9 de nos chariots permet de r\u00e9duire les espaces de transit et les all\u00e9es de travail (jusqu\u2019\u00e0 une largeur de 2500 mm avec une palette europe) et d'augmenter les zones r\u00e9serv\u00e9es au stockage des marchandises. Une \u00e9conomie d\u2019espace notable qui se traduit aussi tr\u00e8s souvent par une \u00e9conomie d\u2019argent significative.<\/div><\/li><li class=\"accordion-navigation\"><a href=\"#risparmio3\" role=\"tab\"\n                    id=\"risparmio3-heading\"\n                    aria-controls=\"risparmio3\"\n                    class=\"odd\">\n                    <span>+<\/span>&nbsp;Co\u00fbts et temps de travail\n                <\/a>\n                <div id=\"risparmio3\"\n                     class=\"row content \"\n                     role=\"tabpanel\"\n                     aria-labelledby=\"risparmio3-heading\">\n                  La polyvalence de Mariotti permet dans la plupart des cas de rendre plus fluide et rapide les op\u00e9rations d'exploitation en fonctionnant aussi bien \u00e0 l\u2019int\u00e9rieur qu'\u00e0 l\u2019ext\u00e9rieur et en garantissant toutes les fonctions de la chargement\/d\u00e9chargement et de transport m\u00eame dans les espaces restreints ainsi que le gerbage en entrep\u00f4t. Tout cel\u00e0 fait diminuer les temps de passage d\u2019une machine \u00e0 une autre et fait r\u00e9duire le parc machines.<\/div><\/li><\/ul>\n<figure><a href=\"https:\/\/www.mariotti.it\/wp-content\/uploads\/2015\/06\/vantaggi-risparmio.png\"><img loading=\"lazy\" width=\"196\" height=\"154\" class=\"alignnone size-full wp-image-622\" src=\"https:\/\/www.mariotti.it\/wp-content\/uploads\/2015\/06\/vantaggi-risparmio.png\" alt=\"vantaggi-risparmio\" \/><\/a><\/figure>\n","protected":false},"excerpt":{"rendered":"<p>Les avantages de choisir Mariotti Nous produisons la gamme de chariots \u00e9l\u00e9vateurs \u00e9lectriques frontaux les plus petits au monde: la meilleure solution de manutention pour les charges entre 400 et 1600 Kg. Caract\u00e9ristiques uniques Les chariots \u00e9lectriques Mariotti sont uniques par leur compacit\u00e9 et qualit\u00e9, caract\u00e9ristiques qui permettent une utilisation dans des situations particuli\u00e8res toujours [&hellip;]<\/p>\n","protected":false},"author":1,"featured_media":0,"parent":0,"menu_order":0,"comment_status":"closed","ping_status":"closed","template":"page-sidebar-right.php","meta":[],"acf":[],"yoast_head":"<!-- This site is optimized with the Yoast SEO plugin v20.4 - https:\/\/yoast.com\/wordpress\/plugins\/seo\/ -->\n<title>Avantages | Mariotti<\/title>\n<meta name=\"robots\" content=\"index, follow, max-snippet:-1, max-image-preview:large, max-video-preview:-1\" \/>\n<link rel=\"canonical\" href=\"https:\/\/www.mariotti.it\/fr\/avantages\/\" \/>\n<meta property=\"og:locale\" content=\"fr_FR\" \/>\n<meta property=\"og:type\" content=\"article\" \/>\n<meta property=\"og:title\" content=\"Avantages | Mariotti\" \/>\n<meta property=\"og:description\" content=\"Les avantages de choisir Mariotti Nous produisons la gamme de chariots \u00e9l\u00e9vateurs \u00e9lectriques frontaux les plus petits au monde: la meilleure solution de manutention pour les charges entre 400 et 1600 Kg. Caract\u00e9ristiques uniques Les chariots \u00e9lectriques Mariotti sont uniques par leur compacit\u00e9 et qualit\u00e9, caract\u00e9ristiques qui permettent une utilisation dans des situations particuli\u00e8res toujours [&hellip;]\" \/>\n<meta property=\"og:url\" content=\"https:\/\/www.mariotti.it\/fr\/avantages\/\" \/>\n<meta property=\"og:site_name\" content=\"Mariotti\" \/>\n<meta property=\"article:modified_time\" content=\"2021-01-06T21:23:40+00:00\" \/>\n<meta property=\"og:image\" content=\"https:\/\/www.mariotti.it\/wp-content\/uploads\/2015\/06\/mariotti-advantages.png\" \/>\n<meta name=\"twitter:card\" content=\"summary_large_image\" \/>\n<meta name=\"twitter:label1\" content=\"Dur\u00e9e de lecture estim\u00e9e\" \/>\n\t<meta name=\"twitter:data1\" content=\"1 minute\" \/>\n<script type=\"application\/ld+json\" class=\"yoast-schema-graph\">{\"@context\":\"https:\/\/schema.org\",\"@graph\":[{\"@type\":\"WebPage\",\"@id\":\"https:\/\/www.mariotti.it\/fr\/avantages\/\",\"url\":\"https:\/\/www.mariotti.it\/fr\/avantages\/\",\"name\":\"Avantages | Mariotti\",\"isPartOf\":{\"@id\":\"https:\/\/www.mariotti.it\/#website\"},\"datePublished\":\"2015-06-02T07:45:04+00:00\",\"dateModified\":\"2021-01-06T21:23:40+00:00\",\"breadcrumb\":{\"@id\":\"https:\/\/www.mariotti.it\/fr\/avantages\/#breadcrumb\"},\"inLanguage\":\"fr-FR\",\"potentialAction\":[{\"@type\":\"ReadAction\",\"target\":[\"https:\/\/www.mariotti.it\/fr\/avantages\/\"]}]},{\"@type\":\"BreadcrumbList\",\"@id\":\"https:\/\/www.mariotti.it\/fr\/avantages\/#breadcrumb\",\"itemListElement\":[{\"@type\":\"ListItem\",\"position\":1,\"name\":\"Home\",\"item\":\"https:\/\/www.mariotti.it\/fr\/\"},{\"@type\":\"ListItem\",\"position\":2,\"name\":\"Avantages\"}]},{\"@type\":\"WebSite\",\"@id\":\"https:\/\/www.mariotti.it\/#website\",\"url\":\"https:\/\/www.mariotti.it\/\",\"name\":\"Mariotti\",\"description\":\"Compact Forklift Solutions\",\"potentialAction\":[{\"@type\":\"SearchAction\",\"target\":{\"@type\":\"EntryPoint\",\"urlTemplate\":\"https:\/\/www.mariotti.it\/?s={search_term_string}\"},\"query-input\":\"required name=search_term_string\"}],\"inLanguage\":\"fr-FR\"}]}<\/script>\n<!-- \/ Yoast SEO plugin. -->","yoast_head_json":{"title":"Avantages | Mariotti","robots":{"index":"index","follow":"follow","max-snippet":"max-snippet:-1","max-image-preview":"max-image-preview:large","max-video-preview":"max-video-preview:-1"},"canonical":"https:\/\/www.mariotti.it\/fr\/avantages\/","og_locale":"fr_FR","og_type":"article","og_title":"Avantages | Mariotti","og_description":"Les avantages de choisir Mariotti Nous produisons la gamme de chariots \u00e9l\u00e9vateurs \u00e9lectriques frontaux les plus petits au monde: la meilleure solution de manutention pour les charges entre 400 et 1600 Kg. Caract\u00e9ristiques uniques Les chariots \u00e9lectriques Mariotti sont uniques par leur compacit\u00e9 et qualit\u00e9, caract\u00e9ristiques qui permettent une utilisation dans des situations particuli\u00e8res toujours [&hellip;]","og_url":"https:\/\/www.mariotti.it\/fr\/avantages\/","og_site_name":"Mariotti","article_modified_time":"2021-01-06T21:23:40+00:00","og_image":[{"url":"https:\/\/www.mariotti.it\/wp-content\/uploads\/2015\/06\/mariotti-advantages.png"}],"twitter_card":"summary_large_image","twitter_misc":{"Dur\u00e9e de lecture estim\u00e9e":"1 minute"},"schema":{"@context":"https:\/\/schema.org","@graph":[{"@type":"WebPage","@id":"https:\/\/www.mariotti.it\/fr\/avantages\/","url":"https:\/\/www.mariotti.it\/fr\/avantages\/","name":"Avantages | Mariotti","isPartOf":{"@id":"https:\/\/www.mariotti.it\/#website"},"datePublished":"2015-06-02T07:45:04+00:00","dateModified":"2021-01-06T21:23:40+00:00","breadcrumb":{"@id":"https:\/\/www.mariotti.it\/fr\/avantages\/#breadcrumb"},"inLanguage":"fr-FR","potentialAction":[{"@type":"ReadAction","target":["https:\/\/www.mariotti.it\/fr\/avantages\/"]}]},{"@type":"BreadcrumbList","@id":"https:\/\/www.mariotti.it\/fr\/avantages\/#breadcrumb","itemListElement":[{"@type":"ListItem","position":1,"name":"Home","item":"https:\/\/www.mariotti.it\/fr\/"},{"@type":"ListItem","position":2,"name":"Avantages"}]},{"@type":"WebSite","@id":"https:\/\/www.mariotti.it\/#website","url":"https:\/\/www.mariotti.it\/","name":"Mariotti","description":"Compact Forklift Solutions","potentialAction":[{"@type":"SearchAction","target":{"@type":"EntryPoint","urlTemplate":"https:\/\/www.mariotti.it\/?s={search_term_string}"},"query-input":"required name=search_term_string"}],"inLanguage":"fr-FR"}]}},"_links":{"self":[{"href":"https:\/\/www.mariotti.it\/fr\/wp-json\/wp\/v2\/pages\/1188"}],"collection":[{"href":"https:\/\/www.mariotti.it\/fr\/wp-json\/wp\/v2\/pages"}],"about":[{"href":"https:\/\/www.mariotti.it\/fr\/wp-json\/wp\/v2\/types\/page"}],"author":[{"embeddable":true,"href":"https:\/\/www.mariotti.it\/fr\/wp-json\/wp\/v2\/users\/1"}],"replies":[{"embeddable":true,"href":"https:\/\/www.mariotti.it\/fr\/wp-json\/wp\/v2\/comments?post=1188"}],"version-history":[{"count":0,"href":"https:\/\/www.mariotti.it\/fr\/wp-json\/wp\/v2\/pages\/1188\/revisions"}],"wp:attachment":[{"href":"https:\/\/www.mariotti.it\/fr\/wp-json\/wp\/v2\/media?parent=1188"}],"curies":[{"name":"wp","href":"https:\/\/api.w.org\/{rel}","templated":true}]}}