{"id":4750,"date":"2019-02-11T12:39:19","date_gmt":"2019-02-11T10:39:19","guid":{"rendered":"https:\/\/www.mariotti.it\/batterie-agli-ioni-di-litio\/"},"modified":"2019-04-16T11:42:31","modified_gmt":"2019-04-16T11:42:31","slug":"batteries-lithium-ion","status":"publish","type":"page","link":"https:\/\/www.mariotti.it\/fr\/batteries-lithium-ion\/","title":{"rendered":"Batteries lithium ion"},"content":{"rendered":"<h1>D\u00c9COUVREZ LES AVANTAGES<\/h1>\n<p>Les batteries lithium-ion constituent une solution \u00e9nerg\u00e9tique de pointe pouvant offrir de pr\u00e9cieux avantages, parfois cruciaux, pour optimiser l&rsquo;utilisation de nos chariots.<br \/>\nNous sommes donc fiers d\u2019avoir introduit en option, sur la plupart de nos machines, la possibilit\u00e9 d\u2019installer des batteries Li-ion.<br \/>\nDans certaines situations de travail, les avantages de cette solution &#8211; que vous trouverez r\u00e9sum\u00e9s dans cette page &#8211; peuvent vraiment faire la diff\u00e9rence.<br \/>\nLa possibilit\u00e9 de choisir va \u00e9galement dans le sens d&rsquo;une personnalisation croissante et toujours am\u00e9lior\u00e9e de nos chariots, en fonction des besoins de nos clients.<\/p>\n<figure><img class=\" aligncenter\" style=\"max-width: 150px\" src=\"https:\/\/www.mariotti.it\/wp-content\/uploads\/2019\/01\/ESEC-MARIOTTI-LiION_icon-e1548924023903.png\" \/><\/figure>\n<p>&nbsp;<\/p>\n<hr>\n","protected":false},"excerpt":{"rendered":"<p>D\u00c9COUVREZ LES AVANTAGES Les batteries lithium-ion constituent une solution \u00e9nerg\u00e9tique de pointe pouvant offrir de pr\u00e9cieux avantages, parfois cruciaux, pour optimiser l&rsquo;utilisation de nos chariots. Nous sommes donc fiers d\u2019avoir introduit en option, sur la plupart de nos machines, la possibilit\u00e9 d\u2019installer des batteries Li-ion. Dans certaines situations de travail, les avantages de cette solution [&hellip;]<\/p>\n","protected":false},"author":1,"featured_media":0,"parent":0,"menu_order":0,"comment_status":"closed","ping_status":"closed","template":"page-batteries.php","meta":[],"acf":[],"yoast_head":"<!-- This site is optimized with the Yoast SEO plugin v20.4 - https:\/\/yoast.com\/wordpress\/plugins\/seo\/ -->\n<title>Batteries lithium ion | Mariotti<\/title>\n<meta name=\"robots\" content=\"index, follow, max-snippet:-1, max-image-preview:large, max-video-preview:-1\" \/>\n<link rel=\"canonical\" href=\"https:\/\/www.mariotti.it\/fr\/batteries-lithium-ion\/\" \/>\n<meta property=\"og:locale\" content=\"fr_FR\" \/>\n<meta property=\"og:type\" content=\"article\" \/>\n<meta property=\"og:title\" content=\"Batteries lithium ion | Mariotti\" \/>\n<meta property=\"og:description\" content=\"D\u00c9COUVREZ LES AVANTAGES Les batteries lithium-ion constituent une solution \u00e9nerg\u00e9tique de pointe pouvant offrir de pr\u00e9cieux avantages, parfois cruciaux, pour optimiser l&rsquo;utilisation de nos chariots. Nous sommes donc fiers d\u2019avoir introduit en option, sur la plupart de nos machines, la possibilit\u00e9 d\u2019installer des batteries Li-ion. Dans certaines situations de travail, les avantages de cette solution [&hellip;]\" \/>\n<meta property=\"og:url\" content=\"https:\/\/www.mariotti.it\/fr\/batteries-lithium-ion\/\" \/>\n<meta property=\"og:site_name\" content=\"Mariotti\" \/>\n<meta property=\"article:modified_time\" content=\"2019-04-16T11:42:31+00:00\" \/>\n<meta property=\"og:image\" content=\"https:\/\/www.mariotti.it\/wp-content\/uploads\/2019\/01\/ESEC-MARIOTTI-LiION_icon-e1548924023903.png\" \/>\n<meta name=\"twitter:card\" content=\"summary_large_image\" \/>\n<meta name=\"twitter:label1\" content=\"Dur\u00e9e de lecture estim\u00e9e\" \/>\n\t<meta name=\"twitter:data1\" content=\"1 minute\" \/>\n<script type=\"application\/ld+json\" class=\"yoast-schema-graph\">{\"@context\":\"https:\/\/schema.org\",\"@graph\":[{\"@type\":\"WebPage\",\"@id\":\"https:\/\/www.mariotti.it\/fr\/batteries-lithium-ion\/\",\"url\":\"https:\/\/www.mariotti.it\/fr\/batteries-lithium-ion\/\",\"name\":\"Batteries lithium ion | Mariotti\",\"isPartOf\":{\"@id\":\"https:\/\/www.mariotti.it\/#website\"},\"datePublished\":\"2019-02-11T10:39:19+00:00\",\"dateModified\":\"2019-04-16T11:42:31+00:00\",\"breadcrumb\":{\"@id\":\"https:\/\/www.mariotti.it\/fr\/batteries-lithium-ion\/#breadcrumb\"},\"inLanguage\":\"fr-FR\",\"potentialAction\":[{\"@type\":\"ReadAction\",\"target\":[\"https:\/\/www.mariotti.it\/fr\/batteries-lithium-ion\/\"]}]},{\"@type\":\"BreadcrumbList\",\"@id\":\"https:\/\/www.mariotti.it\/fr\/batteries-lithium-ion\/#breadcrumb\",\"itemListElement\":[{\"@type\":\"ListItem\",\"position\":1,\"name\":\"Home\",\"item\":\"https:\/\/www.mariotti.it\/fr\/\"},{\"@type\":\"ListItem\",\"position\":2,\"name\":\"Batteries lithium ion\"}]},{\"@type\":\"WebSite\",\"@id\":\"https:\/\/www.mariotti.it\/#website\",\"url\":\"https:\/\/www.mariotti.it\/\",\"name\":\"Mariotti\",\"description\":\"Compact Forklift Solutions\",\"potentialAction\":[{\"@type\":\"SearchAction\",\"target\":{\"@type\":\"EntryPoint\",\"urlTemplate\":\"https:\/\/www.mariotti.it\/?s={search_term_string}\"},\"query-input\":\"required name=search_term_string\"}],\"inLanguage\":\"fr-FR\"}]}<\/script>\n<!-- \/ Yoast SEO plugin. -->","yoast_head_json":{"title":"Batteries lithium ion | Mariotti","robots":{"index":"index","follow":"follow","max-snippet":"max-snippet:-1","max-image-preview":"max-image-preview:large","max-video-preview":"max-video-preview:-1"},"canonical":"https:\/\/www.mariotti.it\/fr\/batteries-lithium-ion\/","og_locale":"fr_FR","og_type":"article","og_title":"Batteries lithium ion | Mariotti","og_description":"D\u00c9COUVREZ LES AVANTAGES Les batteries lithium-ion constituent une solution \u00e9nerg\u00e9tique de pointe pouvant offrir de pr\u00e9cieux avantages, parfois cruciaux, pour optimiser l&rsquo;utilisation de nos chariots. Nous sommes donc fiers d\u2019avoir introduit en option, sur la plupart de nos machines, la possibilit\u00e9 d\u2019installer des batteries Li-ion. Dans certaines situations de travail, les avantages de cette solution [&hellip;]","og_url":"https:\/\/www.mariotti.it\/fr\/batteries-lithium-ion\/","og_site_name":"Mariotti","article_modified_time":"2019-04-16T11:42:31+00:00","og_image":[{"url":"https:\/\/www.mariotti.it\/wp-content\/uploads\/2019\/01\/ESEC-MARIOTTI-LiION_icon-e1548924023903.png"}],"twitter_card":"summary_large_image","twitter_misc":{"Dur\u00e9e de lecture estim\u00e9e":"1 minute"},"schema":{"@context":"https:\/\/schema.org","@graph":[{"@type":"WebPage","@id":"https:\/\/www.mariotti.it\/fr\/batteries-lithium-ion\/","url":"https:\/\/www.mariotti.it\/fr\/batteries-lithium-ion\/","name":"Batteries lithium ion | Mariotti","isPartOf":{"@id":"https:\/\/www.mariotti.it\/#website"},"datePublished":"2019-02-11T10:39:19+00:00","dateModified":"2019-04-16T11:42:31+00:00","breadcrumb":{"@id":"https:\/\/www.mariotti.it\/fr\/batteries-lithium-ion\/#breadcrumb"},"inLanguage":"fr-FR","potentialAction":[{"@type":"ReadAction","target":["https:\/\/www.mariotti.it\/fr\/batteries-lithium-ion\/"]}]},{"@type":"BreadcrumbList","@id":"https:\/\/www.mariotti.it\/fr\/batteries-lithium-ion\/#breadcrumb","itemListElement":[{"@type":"ListItem","position":1,"name":"Home","item":"https:\/\/www.mariotti.it\/fr\/"},{"@type":"ListItem","position":2,"name":"Batteries lithium ion"}]},{"@type":"WebSite","@id":"https:\/\/www.mariotti.it\/#website","url":"https:\/\/www.mariotti.it\/","name":"Mariotti","description":"Compact Forklift Solutions","potentialAction":[{"@type":"SearchAction","target":{"@type":"EntryPoint","urlTemplate":"https:\/\/www.mariotti.it\/?s={search_term_string}"},"query-input":"required name=search_term_string"}],"inLanguage":"fr-FR"}]}},"_links":{"self":[{"href":"https:\/\/www.mariotti.it\/fr\/wp-json\/wp\/v2\/pages\/4750"}],"collection":[{"href":"https:\/\/www.mariotti.it\/fr\/wp-json\/wp\/v2\/pages"}],"about":[{"href":"https:\/\/www.mariotti.it\/fr\/wp-json\/wp\/v2\/types\/page"}],"author":[{"embeddable":true,"href":"https:\/\/www.mariotti.it\/fr\/wp-json\/wp\/v2\/users\/1"}],"replies":[{"embeddable":true,"href":"https:\/\/www.mariotti.it\/fr\/wp-json\/wp\/v2\/comments?post=4750"}],"version-history":[{"count":0,"href":"https:\/\/www.mariotti.it\/fr\/wp-json\/wp\/v2\/pages\/4750\/revisions"}],"wp:attachment":[{"href":"https:\/\/www.mariotti.it\/fr\/wp-json\/wp\/v2\/media?parent=4750"}],"curies":[{"name":"wp","href":"https:\/\/api.w.org\/{rel}","templated":true}]}}