{"id":1050,"date":"2015-06-02T10:43:09","date_gmt":"2015-06-02T08:43:09","guid":{"rendered":"https:\/\/www.mariotti.it\/pt-pt\/azienda\/"},"modified":"2021-10-05T11:58:50","modified_gmt":"2021-10-05T09:58:50","slug":"empresa","status":"publish","type":"page","link":"https:\/\/www.mariotti.it\/pt-pt\/empresa\/","title":{"rendered":"Empresa"},"content":{"rendered":"<h1>Quem somos<\/h1>\n<p>Desde 1920 a empresa V.Mariotti S.r.l. projeta e realiza solu\u00e7\u00f5es para a movimenta\u00e7\u00e3o industrial. Hoje est\u00e1 especializada e produz <strong>os empilhadores el\u00e9tricos\u00a0<\/strong><b>frontais mais pequenos do mundo <\/b>(de 3 rodas, com capacidades de 400 a 1600 kg).<\/p>\n<p>\u00c9 l\u00edder do seu setor e representa uma das mais s\u00f3lidas empresas do mercado internacional, com uma presen\u00e7a em mais de 40 pa\u00edses de todo o mundo e uma clientela de grande prest\u00edgio.<\/p>\n<p><b>Uma equipa qualificada e<\/b><b>\u00a0experiente <\/b>conduz a melhoria<b>\u00a0<\/b>cont\u00ednuo de solu\u00e7\u00f5es e presta\u00e7\u00f5es para responder \u00e0s crescentes exig\u00eancias do mercado.<\/p>\n<p><b>Investiga\u00e7\u00e3o e inova\u00e7\u00e3o<\/b>\u00a0caracterizam desde sempre a empresa, tornando-a uma companhia flex\u00edvel, capaz de acolher os pedidos do cliente, especialmente onde subsistam requisitos ou exig\u00eancias particulares de movimenta\u00e7\u00e3o. Nestes casos, a Mariotti \u00e9 capaz de realizar solu\u00e7\u00f5es personalizadas para ambientes de trabalho particulares cujas exig\u00eancias n\u00e3o sejam satisfeitas pelas m\u00e1quinas normais. A nossa gama pode ser a alternativa certa para empilhadores ou m\u00e1quinas de armazenamento cl\u00e1ssicas.<\/p>\n<p><b>A produ\u00e7\u00e3o \u00e9 da <\/b><b>m\u00e1xima qualidade<\/b>\u00a0e combina as tecnologias mais inovadoras com o cuidado dos detalhes que s\u00f3 uma interven\u00e7\u00e3o direta do homem pode garantir.<\/p>\n<p>A estrutura principal dos nossos empilhadores \u00e9 projetada internamente e realizada in loco &#8211; em particular a estrutura, mastros, grupo de tra\u00e7\u00e3o e transmiss\u00f5es. Todos os outros componentes s\u00e3o selecionados com extremo cuidado e cada empilhador \u00e9 montado e testado para responder \u00e0s expectativas mais altas de fiabilidade e qualidade dos nossos clientes.<\/p>\n<p>A Mariotti \u00e9 uma empresa certificada para projeto e produ\u00e7\u00e3o de empilhadores elevadores e para a venda de pe\u00e7as sobresselentes \u00a0<b>(<\/b><a href=\"https:\/\/www.mariotti.it\/wp-content\/uploads\/2018\/06\/2024-V-MARIOTTI-certificato-it-CQY.pdf\" target=\"_blank\" rel=\"noopener\"><b>UNI EN ISO 9001<\/b><\/a><b>).<\/b><\/p>\n<h2>A nossa hist\u00f3ria<\/h2>\n<p>Quase cem anos de experi\u00eancia ao seu servi\u00e7o, com um esp\u00edrito de inova\u00e7\u00e3o e de aten\u00e7\u00e3o ao cliente, permitem-nos garantir-lhe hoje a gama mais completa e fi\u00e1vel do mercado de empilhadores elevadores frontais para pequenas capacidades.<\/p>\n<p><ul class=\"accordion\" data-accordion role=\"tablist\"><li class=\"accordion-navigation\"><a href=\"#category0\" role=\"tab\"\n                    id=\"category0-heading\"\n                    aria-controls=\"category0\"\n                    class=\"even\">\n                    <span>+<\/span>&nbsp;1920 \u2013 1973 \/ As origens\n                <\/a>\n                <div id=\"category0\"\n                     class=\"row content \"\n                     role=\"tabpanel\"\n                     aria-labelledby=\"category0-heading\">\n                  A empresa \u00e9 fundada em 1920 por Vasco Mariotti, que d\u00e1 in\u00edcio \u00e0 produ\u00e7\u00e3o de empilhadores industriais, vag\u00f5es industriais, elevadores, reboques e materiais para embalagem destinados ao mercado interno italiano. Em 1973, \u00e9 adquirida pelos atuais propriet\u00e1rios, que a especializam o projeto para ir ao encontro das exig\u00eancias de movimenta\u00e7\u00e3o especiais de alguns clientes.<\/div><\/li><li class=\"accordion-navigation\"><a href=\"#category1\" role=\"tab\"\n                    id=\"category1-heading\"\n                    aria-controls=\"category1\"\n                    class=\"odd\">\n                    <span>+<\/span>&nbsp;1973 &#8211; 1995 \/ Para ao empilhador compacto\n                <\/a>\n                <div id=\"category1\"\n                     class=\"row content \"\n                     role=\"tabpanel\"\n                     aria-labelledby=\"category1-heading\">\n                  Entretanto, a produ\u00e7\u00e3o enriquece-se com porta-paletes, stackers, empilhadores contrapesados de pequena capacidade, empilhadores frontais e transportadores el\u00e9tricos.\r\n<span id=\"result_box\" class=\"\" lang=\"pt\"><span class=\"hps\">Em meados dos<\/span> <span class=\"hps\">anos 80<\/span>, <span class=\"hps\"><span id=\"result_box\" class=\"short_text\" lang=\"pt\">nasce a engenharia<\/span> de<\/span> <span class=\"hps\">uma gama de<\/span>\u00a0empilhadores frontais <span class=\"hps\">cada vez mais<\/span> <span class=\"hps\">espec\u00edficas de<\/span> <span class=\"hps\">pequeno tamanho e<\/span> capacidade<span class=\"hps\">.<\/span> <span class=\"hps\">Em 1992, ele<\/span> <span class=\"hps\">completou a primeira<\/span> <span class=\"hps\">gama<\/span>, chamada <span class=\"hps\">FCB<\/span>, que inclui <span class=\"hps\">modelos<\/span> de <span class=\"hps\">600 at\u00e9 2000<\/span> <span class=\"hps\">kg.<\/span><\/span><\/div><\/li><li class=\"accordion-navigation\"><a href=\"#category2\" role=\"tab\"\n                    id=\"category2-heading\"\n                    aria-controls=\"category2\"\n                    class=\"even\">\n                    <span>+<\/span>&nbsp;1995 \u2013 2000 \/ O nascimento da S\u00e9rie MYCROS\n                <\/a>\n                <div id=\"category2\"\n                     class=\"row content \"\n                     role=\"tabpanel\"\n                     aria-labelledby=\"category2-heading\">\n                  <b><\/b>Nasce o primeiro empilhador da S\u00e9rie\u00a0MYCROS, que representa, ainda hoje, a menina dos olhos da oferta Mariotti e que substituiu a gama FCB. O mercado recebe muito favoravelmente o inovador empilhador Mariotti, que come\u00e7a a afirmar-se tamb\u00e9m no exterior: em 1998, a empresa regista 45% de vendas fora de It\u00e1lia.\r\n\r\n&nbsp;<\/div><\/li><li class=\"accordion-navigation\"><a href=\"#category3\" role=\"tab\"\n                    id=\"category3-heading\"\n                    aria-controls=\"category3\"\n                    class=\"odd\">\n                    <span>+<\/span>&nbsp;2000 \u2013 2005 \/ A chegada aos Estados Unidos\n                <\/a>\n                <div id=\"category3\"\n                     class=\"row content \"\n                     role=\"tabpanel\"\n                     aria-labelledby=\"category3-heading\">\n                  No ano 2000 \u00e9 apresentado o MYCROS 4, o empilhador elevador com condutor a bordo mais pequeno do mundo. Dos lastros aos garfos mede apenas 990 mm. Gra\u00e7as a este produto, a Mariotti inicia a conquista do mercado norte-americano, que ao fim de apenas um ano j\u00e1 representa 15% das exporta\u00e7\u00f5es. Em 2002, as rela\u00e7\u00f5es consolidam-se com a cria\u00e7\u00e3o de uma joint venture com parceiros americanos. Em 2004 nasce a S\u00e9rie ME, essencial e conveniente, que ladeia a MYCROS. Em 2006, gra\u00e7as a acordos comerciais espec\u00edficos, a Mariotti distribui nos Estados Unidos, Canad\u00e1 e M\u00e9xico.<\/div><\/li><li class=\"accordion-navigation\"><a href=\"#category4\" role=\"tab\"\n                    id=\"category4-heading\"\n                    aria-controls=\"category4\"\n                    class=\"even\">\n                    <span>+<\/span>&nbsp;2005 \u2013 2012 \/ A chegada da tecnologia AC\n                <\/a>\n                <div id=\"category4\"\n                     class=\"row content \"\n                     role=\"tabpanel\"\n                     aria-labelledby=\"category4-heading\">\n                  S\u00e3o anos de renova\u00e7\u00e3o e grande fermento projetual. Depois de um estudo t\u00e9cnico que durou 3 anos, nasce a nova S\u00e9rie MYCROS AC: passa-se para os motores de corrente alterna e pela primeira vez no mundo d\u00e1-se ao cliente a possibilidade de escolher num empilhador com estas caracter\u00edsticas entre tra\u00e7\u00e3o \u00e0 frente, atr\u00e1s e integral (sem altera\u00e7\u00e3o das dimens\u00f5es). Em 2009 \u00e9 a vez da S\u00e9rie ME, que passa a \u00a0corrente alterna e \u00e9 dotada de gest\u00e3o eletr\u00f3nica da eleva\u00e7\u00e3o e um novo sistema de dire\u00e7\u00e3o assistida de cilindro e cremalheira.\r\nEm 2011 \u00e9 lan\u00e7ado o MYCROS 4-6C (hoje Mini 4-6) que se torna o mais pequeno empilhador elevador frontal do mundo.\r\n\r\n&nbsp;<\/div><\/li><li class=\"accordion-navigation\"><a href=\"#category5\" role=\"tab\"\n                    id=\"category5-heading\"\n                    aria-controls=\"category5\"\n                    class=\"odd\">\n                    <span>+<\/span>&nbsp;2012 \u2013 hoje \/ Uma gama completa para o mercado global\n                <\/a>\n                <div id=\"category5\"\n                     class=\"row content \"\n                     role=\"tabpanel\"\n                     aria-labelledby=\"category5-heading\">\n                  Nestes \u00faltimos ano, com o desenvolvimento do empilhador MX 16, destinado \u00e0s exig\u00eancias de capacidade at\u00e9 1600 kg, completou-se a renova\u00e7\u00e3o da gama Mariotti, at\u00e9 hoje a mais completa do mercado para pequenas capacidades.\r\n\r\nAm\u00e9rica do Sul e \u00c1sia afirmam-se como mercados com a mais alta percentagem de desenvolvimento e a rede Mariotti v\u00ea em cada ano crescer a sua rede de distribui\u00e7\u00e3o.<\/div><\/li><\/ul><br \/>\n<div id=\"new-royalslider-24\" class=\"royalSlider new-royalslider-24 rsUni rsTwoAtOnce\" style=\"width:100%;height:400px;;\" data-rs-options='{&quot;template&quot;:&quot;default&quot;,&quot;image_generation&quot;:{&quot;imageWidth&quot;:&quot;&quot;,&quot;imageHeight&quot;:&quot;&quot;,&quot;thumbImageWidth&quot;:&quot;&quot;,&quot;thumbImageHeight&quot;:&quot;&quot;},&quot;thumbs&quot;:{&quot;thumbWidth&quot;:96,&quot;thumbHeight&quot;:72},&quot;fullscreen&quot;:{&quot;enabled&quot;:&quot;true&quot;},&quot;visibleNearby&quot;:{&quot;enabled&quot;:&quot;true&quot;,&quot;centerArea&quot;:0.5,&quot;center&quot;:&quot;false&quot;,&quot;breakpoint&quot;:500,&quot;breakpointCenterArea&quot;:1,&quot;navigateByCenterClick&quot;:&quot;true&quot;},&quot;video&quot;:{&quot;autoHideBlocks&quot;:&quot;true&quot;},&quot;block&quot;:{&quot;moveOffset&quot;:20,&quot;speed&quot;:400,&quot;delay&quot;:200},&quot;width&quot;:&quot;100%&quot;,&quot;height&quot;:&quot;400px&quot;,&quot;autoScaleSlider&quot;:&quot;true&quot;,&quot;autoScaleSliderWidth&quot;:2,&quot;autoScaleSliderHeight&quot;:1,&quot;slidesSpacing&quot;:0,&quot;imageScaleMode&quot;:&quot;fit&quot;,&quot;arrowsNavHideOnTouch&quot;:&quot;true&quot;,&quot;loop&quot;:&quot;true&quot;,&quot;numImagesToPreload&quot;:3,&quot;keyboardNavEnabled&quot;:&quot;true&quot;}'>\n<div class=\"rsContent\">\n  <img class=\"rsImg\" src=\"https:\/\/www.mariotti.it\/wp-content\/uploads\/2015\/10\/Mariotti-history-7.jpg\" data-rsBigImg=\"https:\/\/www.mariotti.it\/wp-content\/uploads\/2015\/10\/Mariotti-history-7.jpg\" alt=\"Mariotti-history-7\"\/>\n  \n  \n  \n<\/div>\n<div class=\"rsContent\">\n  <img class=\"rsImg\" src=\"https:\/\/www.mariotti.it\/wp-content\/uploads\/2015\/10\/Mariotti-history-4.jpg\" data-rsBigImg=\"https:\/\/www.mariotti.it\/wp-content\/uploads\/2015\/10\/Mariotti-history-4.jpg\" alt=\"Mariotti-history-4\"\/>\n  \n  \n  \n<\/div>\n<div class=\"rsContent\">\n  <img class=\"rsImg\" src=\"https:\/\/www.mariotti.it\/wp-content\/uploads\/2015\/10\/Mariotti-history-5.jpg\" data-rsBigImg=\"https:\/\/www.mariotti.it\/wp-content\/uploads\/2015\/10\/Mariotti-history-5.jpg\" alt=\"Mariotti-history-5\"\/>\n  \n  \n  \n<\/div>\n<div class=\"rsContent\">\n  <img class=\"rsImg\" src=\"https:\/\/www.mariotti.it\/wp-content\/uploads\/2015\/10\/Mariotti-history-2.jpg\" data-rsBigImg=\"https:\/\/www.mariotti.it\/wp-content\/uploads\/2015\/10\/Mariotti-history-2.jpg\" alt=\"Mariotti-history-2\"\/>\n  \n  \n  \n<\/div>\n<div class=\"rsContent\">\n  <img class=\"rsImg\" src=\"https:\/\/www.mariotti.it\/wp-content\/uploads\/2015\/10\/Mariotti-history-13.jpg\" data-rsBigImg=\"https:\/\/www.mariotti.it\/wp-content\/uploads\/2015\/10\/Mariotti-history-13.jpg\" alt=\"Mariotti-history-13\"\/>\n  \n  \n  \n<\/div>\n<div class=\"rsContent\">\n  <img class=\"rsImg\" src=\"https:\/\/www.mariotti.it\/wp-content\/uploads\/2015\/10\/Mariotti-history-12.jpg\" data-rsBigImg=\"https:\/\/www.mariotti.it\/wp-content\/uploads\/2015\/10\/Mariotti-history-12.jpg\" alt=\"Mariotti-history-12\"\/>\n  \n  \n  \n<\/div>\n<div class=\"rsContent\">\n  <img class=\"rsImg\" src=\"https:\/\/www.mariotti.it\/wp-content\/uploads\/2015\/10\/Mariotti-history-9.jpg\" data-rsBigImg=\"https:\/\/www.mariotti.it\/wp-content\/uploads\/2015\/10\/Mariotti-history-9.jpg\" alt=\"Mariotti-history-9\"\/>\n  \n  \n  \n<\/div>\n<div class=\"rsContent\">\n  <img class=\"rsImg\" src=\"https:\/\/www.mariotti.it\/wp-content\/uploads\/2015\/10\/Mariotti-history-10.jpg\" data-rsBigImg=\"https:\/\/www.mariotti.it\/wp-content\/uploads\/2015\/10\/Mariotti-history-10.jpg\" alt=\"Mariotti-history-10\"\/>\n  \n  \n  \n<\/div>\n<div class=\"rsContent\">\n  <img class=\"rsImg\" src=\"https:\/\/www.mariotti.it\/wp-content\/uploads\/2015\/10\/Mariotti-history-11.jpg\" data-rsBigImg=\"https:\/\/www.mariotti.it\/wp-content\/uploads\/2015\/10\/Mariotti-history-11.jpg\" alt=\"Mariotti-history-11\"\/>\n  \n  \n  \n<\/div>\n<div class=\"rsContent\">\n  <img class=\"rsImg\" src=\"https:\/\/www.mariotti.it\/wp-content\/uploads\/2015\/10\/Mariotti-history-14.jpg\" data-rsBigImg=\"https:\/\/www.mariotti.it\/wp-content\/uploads\/2015\/10\/Mariotti-history-14.jpg\" alt=\"Mariotti-history-14\"\/>\n  \n  \n  \n<\/div>\n<div class=\"rsContent\">\n  <img class=\"rsImg\" src=\"https:\/\/www.mariotti.it\/wp-content\/uploads\/2015\/10\/Mariotti-history-16.jpg\" data-rsBigImg=\"https:\/\/www.mariotti.it\/wp-content\/uploads\/2015\/10\/Mariotti-history-16.jpg\" alt=\"Mariotti-history-16\"\/>\n  \n  \n  \n<\/div>\n<div class=\"rsContent\">\n  <img class=\"rsImg\" src=\"https:\/\/www.mariotti.it\/wp-content\/uploads\/2015\/10\/Mariotti-history-19.jpg\" data-rsBigImg=\"https:\/\/www.mariotti.it\/wp-content\/uploads\/2015\/10\/Mariotti-history-19.jpg\" alt=\"Mariotti-history-19\"\/>\n  \n  \n  \n<\/div>\n<div class=\"rsContent\">\n  <img class=\"rsImg\" src=\"https:\/\/www.mariotti.it\/wp-content\/uploads\/2015\/10\/Mariotti-history-20.jpg\" data-rsBigImg=\"https:\/\/www.mariotti.it\/wp-content\/uploads\/2015\/10\/Mariotti-history-20.jpg\" alt=\"Mariotti-history-20\"\/>\n  \n  \n  \n<\/div>\n<div class=\"rsContent\">\n  <img class=\"rsImg\" src=\"https:\/\/www.mariotti.it\/wp-content\/uploads\/2015\/10\/Mariotti-history-21.jpg\" data-rsBigImg=\"https:\/\/www.mariotti.it\/wp-content\/uploads\/2015\/10\/Mariotti-history-21.jpg\" alt=\"Mariotti-history-21\"\/>\n  \n  \n  \n<\/div>\n<div class=\"rsContent\">\n  <img class=\"rsImg\" src=\"https:\/\/www.mariotti.it\/wp-content\/uploads\/2015\/10\/Mariotti-history-22.jpg\" data-rsBigImg=\"https:\/\/www.mariotti.it\/wp-content\/uploads\/2015\/10\/Mariotti-history-22.jpg\" alt=\"Mariotti-history-22\"\/>\n  \n  \n  \n<\/div>\n<div class=\"rsContent\">\n  <img class=\"rsImg\" src=\"https:\/\/www.mariotti.it\/wp-content\/uploads\/2015\/10\/Mariotti-history-26.jpg\" data-rsBigImg=\"https:\/\/www.mariotti.it\/wp-content\/uploads\/2015\/10\/Mariotti-history-26.jpg\" alt=\"Mariotti-history-26\"\/>\n  \n  \n  \n<\/div>\n<div class=\"rsContent\">\n  <img class=\"rsImg\" src=\"https:\/\/www.mariotti.it\/wp-content\/uploads\/2015\/10\/Mariotti-history-25.jpg\" data-rsBigImg=\"https:\/\/www.mariotti.it\/wp-content\/uploads\/2015\/10\/Mariotti-history-25.jpg\" alt=\"Mariotti-history-25\"\/>\n  \n  \n  \n<\/div>\n<div class=\"rsContent\">\n  <img class=\"rsImg\" src=\"https:\/\/www.mariotti.it\/wp-content\/uploads\/2015\/10\/Mariotti-history-27.jpg\" data-rsBigImg=\"https:\/\/www.mariotti.it\/wp-content\/uploads\/2015\/10\/Mariotti-history-27.jpg\" alt=\"Mariotti-history-27\"\/>\n  \n  \n  \n<\/div>\n<div class=\"rsContent\">\n  <img class=\"rsImg\" src=\"https:\/\/www.mariotti.it\/wp-content\/uploads\/2015\/10\/Mariotti-history-29.jpg\" data-rsBigImg=\"https:\/\/www.mariotti.it\/wp-content\/uploads\/2015\/10\/Mariotti-history-29.jpg\" alt=\"Mariotti-history-29\"\/>\n  \n  \n  \n<\/div>\n<div class=\"rsContent\">\n  <img class=\"rsImg\" src=\"https:\/\/www.mariotti.it\/wp-content\/uploads\/2015\/10\/Mariotti-history-32.jpg\" data-rsBigImg=\"https:\/\/www.mariotti.it\/wp-content\/uploads\/2015\/10\/Mariotti-history-32.jpg\" alt=\"Mariotti-history-32\"\/>\n  \n  \n  \n<\/div>\n<div class=\"rsContent\">\n  <img class=\"rsImg\" src=\"https:\/\/www.mariotti.it\/wp-content\/uploads\/2015\/10\/Mariotti-history-31.jpg\" data-rsBigImg=\"https:\/\/www.mariotti.it\/wp-content\/uploads\/2015\/10\/Mariotti-history-31.jpg\" alt=\"Mariotti-history-31\"\/>\n  \n  \n  \n<\/div>\n<div class=\"rsContent\">\n  <img class=\"rsImg\" src=\"https:\/\/www.mariotti.it\/wp-content\/uploads\/2015\/10\/Mariotti-history-38-forklift-Mycros-4.jpg\" data-rsBigImg=\"https:\/\/www.mariotti.it\/wp-content\/uploads\/2015\/10\/Mariotti-history-38-forklift-Mycros-4.jpg\" alt=\"Mariotti-history-38-forklift-Mycros-4\"\/>\n  \n  \n  \n<\/div>\n<div class=\"rsContent\">\n  <img class=\"rsImg\" src=\"https:\/\/www.mariotti.it\/wp-content\/uploads\/2015\/10\/Mariotti-history-39-forklift-Mycros-6-8C.jpg\" data-rsBigImg=\"https:\/\/www.mariotti.it\/wp-content\/uploads\/2015\/10\/Mariotti-history-39-forklift-Mycros-6-8C.jpg\" alt=\"Mariotti-history-39-forklift-Mycros-6-8C\"\/>\n  \n  \n  \n<\/div>\n<div class=\"rsContent\">\n  <img class=\"rsImg\" src=\"https:\/\/www.mariotti.it\/wp-content\/uploads\/2015\/10\/Mariotti-history-40-forklift-Mycros-8-10C-13C.jpg\" data-rsBigImg=\"https:\/\/www.mariotti.it\/wp-content\/uploads\/2015\/10\/Mariotti-history-40-forklift-Mycros-8-10C-13C.jpg\" alt=\"Mariotti-history-40-forklift-Mycros-8-10C-13C\"\/>\n  \n  \n  \n<\/div>\n<div class=\"rsContent\">\n  <img class=\"rsImg\" src=\"https:\/\/www.mariotti.it\/wp-content\/uploads\/2015\/10\/Mariotti-history-41-forklift-Mycros-10-13-15.jpg\" data-rsBigImg=\"https:\/\/www.mariotti.it\/wp-content\/uploads\/2015\/10\/Mariotti-history-41-forklift-Mycros-10-13-15.jpg\" alt=\"Mariotti-history-41-forklift-Mycros-10-13-15\"\/>\n  \n  \n  \n<\/div>\n<div class=\"rsContent\">\n  <img class=\"rsImg\" src=\"https:\/\/www.mariotti.it\/wp-content\/uploads\/2015\/10\/Mariotti-history-42-forklift-Mycros-17-20.jpg\" data-rsBigImg=\"https:\/\/www.mariotti.it\/wp-content\/uploads\/2015\/10\/Mariotti-history-42-forklift-Mycros-17-20.jpg\" alt=\"Mariotti-history-42-forklift-Mycros-17-20\"\/>\n  \n  \n  \n<\/div>\n<div class=\"rsContent\">\n  <img class=\"rsImg\" src=\"https:\/\/www.mariotti.it\/wp-content\/uploads\/2015\/10\/Mariotti-history-34.jpg\" data-rsBigImg=\"https:\/\/www.mariotti.it\/wp-content\/uploads\/2015\/10\/Mariotti-history-34.jpg\" alt=\"Mariotti-history-34\"\/>\n  \n  \n  \n<\/div>\n<div class=\"rsContent\">\n  <img class=\"rsImg\" src=\"https:\/\/www.mariotti.it\/wp-content\/uploads\/2015\/10\/Mariotti-history-35.jpg\" data-rsBigImg=\"https:\/\/www.mariotti.it\/wp-content\/uploads\/2015\/10\/Mariotti-history-35.jpg\" alt=\"Mariotti-history-35\"\/>\n  \n  \n  \n<\/div>\n<div class=\"rsContent\">\n  <img class=\"rsImg\" src=\"https:\/\/www.mariotti.it\/wp-content\/uploads\/2015\/10\/Mariotti-history-36.jpg\" data-rsBigImg=\"https:\/\/www.mariotti.it\/wp-content\/uploads\/2015\/10\/Mariotti-history-36.jpg\" alt=\"Mariotti-history-36\"\/>\n  \n  \n  \n<\/div>\n\n<\/div>\n<\/p>\n<h2>Vis\u00e3o e futuro<\/h2>\n<p>A nossa miss\u00e3o \u00e9\u00a0<strong>resolver da melhor maneira os problemas de movimenta\u00e7\u00e3o e armazenamento em espa\u00e7os restritos<\/strong>\u00a0e ambientes de trabalho n\u00e3o adequados para as m\u00e1quinas normais, fazendo confluir num s\u00f3 empilhador tecnologia, precis\u00e3o, compacticidade e qualidade.<\/p>\n<p>N\u00e3o produzimos simplesmente empilhadores el\u00e9tricos elevadores, mas trabalhamos em solu\u00e7\u00f5es e produtos inspirados nas necessidades dos clientes, para podermos satisfaz\u00ea-los cada vez melhor, por um lado aumentando as presta\u00e7\u00f5es, seguran\u00e7a e conforto, e por outro minimizando inconvenientes de trabalho, paragens de m\u00e1quina, bem como tempos e custos de opera\u00e7\u00e3o.<\/p>\n<p>Com esta filosofia desenvolveremos futuramente a nossa oferta de empilhadores el\u00e9tricos, a par com um servi\u00e7o ao cliente cada vez mais eficaz e personalizado, de forma a poder assegurar solu\u00e7\u00f5es feitas \u00e0 medida para as suas exig\u00eancias espec\u00edficas.<\/p>\n<p>As nossas palavras de ordem para o futuro s\u00e3o:<strong> qualidade, servi\u00e7o, compacticidade, fiabilidade, precis\u00e3o, design, seguran\u00e7a, versatilidade.<\/strong><\/p>\n","protected":false},"excerpt":{"rendered":"<p>Quem somos Desde 1920 a empresa V.Mariotti S.r.l. projeta e realiza solu\u00e7\u00f5es para a movimenta\u00e7\u00e3o industrial. Hoje est\u00e1 especializada e produz os empilhadores el\u00e9tricos\u00a0frontais mais pequenos do mundo (de 3 rodas, com capacidades de 400 a 1600 kg). \u00c9 l\u00edder do seu setor e representa uma das mais s\u00f3lidas empresas do mercado internacional, com uma [&hellip;]<\/p>\n","protected":false},"author":1,"featured_media":0,"parent":0,"menu_order":0,"comment_status":"closed","ping_status":"closed","template":"page-sidebar-right.php","meta":[],"acf":[],"yoast_head":"<!-- This site is optimized with the Yoast SEO plugin v20.4 - https:\/\/yoast.com\/wordpress\/plugins\/seo\/ -->\n<title>Empresa | Mariotti<\/title>\n<meta name=\"robots\" content=\"index, follow, max-snippet:-1, max-image-preview:large, max-video-preview:-1\" \/>\n<link rel=\"canonical\" href=\"https:\/\/www.mariotti.it\/pt-pt\/empresa\/\" \/>\n<meta property=\"og:locale\" content=\"pt_PT\" \/>\n<meta property=\"og:type\" content=\"article\" \/>\n<meta property=\"og:title\" content=\"Empresa | Mariotti\" \/>\n<meta property=\"og:description\" content=\"Quem somos Desde 1920 a empresa V.Mariotti S.r.l. projeta e realiza solu\u00e7\u00f5es para a movimenta\u00e7\u00e3o industrial. Hoje est\u00e1 especializada e produz os empilhadores el\u00e9tricos\u00a0frontais mais pequenos do mundo (de 3 rodas, com capacidades de 400 a 1600 kg). \u00c9 l\u00edder do seu setor e representa uma das mais s\u00f3lidas empresas do mercado internacional, com uma [&hellip;]\" \/>\n<meta property=\"og:url\" content=\"https:\/\/www.mariotti.it\/pt-pt\/empresa\/\" \/>\n<meta property=\"og:site_name\" content=\"Mariotti\" \/>\n<meta property=\"article:modified_time\" content=\"2021-10-05T09:58:50+00:00\" \/>\n<meta name=\"twitter:card\" content=\"summary_large_image\" \/>\n<meta name=\"twitter:label1\" content=\"Tempo estimado de leitura\" \/>\n\t<meta name=\"twitter:data1\" content=\"2 minutos\" \/>\n<script type=\"application\/ld+json\" class=\"yoast-schema-graph\">{\"@context\":\"https:\/\/schema.org\",\"@graph\":[{\"@type\":\"WebPage\",\"@id\":\"https:\/\/www.mariotti.it\/pt-pt\/empresa\/\",\"url\":\"https:\/\/www.mariotti.it\/pt-pt\/empresa\/\",\"name\":\"Empresa | Mariotti\",\"isPartOf\":{\"@id\":\"https:\/\/www.mariotti.it\/#website\"},\"datePublished\":\"2015-06-02T08:43:09+00:00\",\"dateModified\":\"2021-10-05T09:58:50+00:00\",\"breadcrumb\":{\"@id\":\"https:\/\/www.mariotti.it\/pt-pt\/empresa\/#breadcrumb\"},\"inLanguage\":\"pt-PT\",\"potentialAction\":[{\"@type\":\"ReadAction\",\"target\":[\"https:\/\/www.mariotti.it\/pt-pt\/empresa\/\"]}]},{\"@type\":\"BreadcrumbList\",\"@id\":\"https:\/\/www.mariotti.it\/pt-pt\/empresa\/#breadcrumb\",\"itemListElement\":[{\"@type\":\"ListItem\",\"position\":1,\"name\":\"Home\",\"item\":\"https:\/\/www.mariotti.it\/pt-pt\/\"},{\"@type\":\"ListItem\",\"position\":2,\"name\":\"Empresa\"}]},{\"@type\":\"WebSite\",\"@id\":\"https:\/\/www.mariotti.it\/#website\",\"url\":\"https:\/\/www.mariotti.it\/\",\"name\":\"Mariotti\",\"description\":\"Compact Forklift Solutions\",\"potentialAction\":[{\"@type\":\"SearchAction\",\"target\":{\"@type\":\"EntryPoint\",\"urlTemplate\":\"https:\/\/www.mariotti.it\/?s={search_term_string}\"},\"query-input\":\"required name=search_term_string\"}],\"inLanguage\":\"pt-PT\"}]}<\/script>\n<!-- \/ Yoast SEO plugin. -->","yoast_head_json":{"title":"Empresa | Mariotti","robots":{"index":"index","follow":"follow","max-snippet":"max-snippet:-1","max-image-preview":"max-image-preview:large","max-video-preview":"max-video-preview:-1"},"canonical":"https:\/\/www.mariotti.it\/pt-pt\/empresa\/","og_locale":"pt_PT","og_type":"article","og_title":"Empresa | Mariotti","og_description":"Quem somos Desde 1920 a empresa V.Mariotti S.r.l. projeta e realiza solu\u00e7\u00f5es para a movimenta\u00e7\u00e3o industrial. Hoje est\u00e1 especializada e produz os empilhadores el\u00e9tricos\u00a0frontais mais pequenos do mundo (de 3 rodas, com capacidades de 400 a 1600 kg). \u00c9 l\u00edder do seu setor e representa uma das mais s\u00f3lidas empresas do mercado internacional, com uma [&hellip;]","og_url":"https:\/\/www.mariotti.it\/pt-pt\/empresa\/","og_site_name":"Mariotti","article_modified_time":"2021-10-05T09:58:50+00:00","twitter_card":"summary_large_image","twitter_misc":{"Tempo estimado de leitura":"2 minutos"},"schema":{"@context":"https:\/\/schema.org","@graph":[{"@type":"WebPage","@id":"https:\/\/www.mariotti.it\/pt-pt\/empresa\/","url":"https:\/\/www.mariotti.it\/pt-pt\/empresa\/","name":"Empresa | Mariotti","isPartOf":{"@id":"https:\/\/www.mariotti.it\/#website"},"datePublished":"2015-06-02T08:43:09+00:00","dateModified":"2021-10-05T09:58:50+00:00","breadcrumb":{"@id":"https:\/\/www.mariotti.it\/pt-pt\/empresa\/#breadcrumb"},"inLanguage":"pt-PT","potentialAction":[{"@type":"ReadAction","target":["https:\/\/www.mariotti.it\/pt-pt\/empresa\/"]}]},{"@type":"BreadcrumbList","@id":"https:\/\/www.mariotti.it\/pt-pt\/empresa\/#breadcrumb","itemListElement":[{"@type":"ListItem","position":1,"name":"Home","item":"https:\/\/www.mariotti.it\/pt-pt\/"},{"@type":"ListItem","position":2,"name":"Empresa"}]},{"@type":"WebSite","@id":"https:\/\/www.mariotti.it\/#website","url":"https:\/\/www.mariotti.it\/","name":"Mariotti","description":"Compact Forklift Solutions","potentialAction":[{"@type":"SearchAction","target":{"@type":"EntryPoint","urlTemplate":"https:\/\/www.mariotti.it\/?s={search_term_string}"},"query-input":"required name=search_term_string"}],"inLanguage":"pt-PT"}]}},"_links":{"self":[{"href":"https:\/\/www.mariotti.it\/pt-pt\/wp-json\/wp\/v2\/pages\/1050"}],"collection":[{"href":"https:\/\/www.mariotti.it\/pt-pt\/wp-json\/wp\/v2\/pages"}],"about":[{"href":"https:\/\/www.mariotti.it\/pt-pt\/wp-json\/wp\/v2\/types\/page"}],"author":[{"embeddable":true,"href":"https:\/\/www.mariotti.it\/pt-pt\/wp-json\/wp\/v2\/users\/1"}],"replies":[{"embeddable":true,"href":"https:\/\/www.mariotti.it\/pt-pt\/wp-json\/wp\/v2\/comments?post=1050"}],"version-history":[{"count":0,"href":"https:\/\/www.mariotti.it\/pt-pt\/wp-json\/wp\/v2\/pages\/1050\/revisions"}],"wp:attachment":[{"href":"https:\/\/www.mariotti.it\/pt-pt\/wp-json\/wp\/v2\/media?parent=1050"}],"curies":[{"name":"wp","href":"https:\/\/api.w.org\/{rel}","templated":true}]}}