{"id":1074,"date":"2015-07-20T09:45:04","date_gmt":"2015-07-20T07:45:04","guid":{"rendered":"https:\/\/www.mariotti.it\/pt-pt\/comparatore\/"},"modified":"2015-10-22T10:47:48","modified_gmt":"2015-10-22T10:47:48","slug":"compare-os-modelos","status":"publish","type":"page","link":"https:\/\/www.mariotti.it\/pt-pt\/compare-os-modelos\/","title":{"rendered":"COMPARE OS MODELOS DE S\u00c9RIE"},"content":{"rendered":"<h1>COMPARE OS MODELOS DE S\u00c9RIE<\/h1>\n<p>Compare as caracter\u00edsticas t\u00e9cnicas da gama de empilhadores elevadores frontais Mariotti para escolher melhor e encontrar o modelo que melhor se adapte \u00e0s suas exig\u00eancias espec\u00edficas.<br \/>\nPara as suas exig\u00eancias mais particulares podemos tamb\u00e9m construir uma m\u00e1quina \u00e0 medida: visite a sec\u00e7\u00e3o\u00a0<a href=\"\/?page_id=201\">M\u00e1quinas Especiai<\/a>s.<br \/>\nEm caso de d\u00favidas ou necessidad ede mais informa\u00e7\u00f5es, , <a href=\"\/?page_id=398\">non esitare a contattarci<\/a>.<\/p>\n<hr \/>\n","protected":false},"excerpt":{"rendered":"<p>COMPARE OS MODELOS DE S\u00c9RIE Compare as caracter\u00edsticas t\u00e9cnicas da gama de empilhadores elevadores frontais Mariotti para escolher melhor e encontrar o modelo que melhor se adapte \u00e0s suas exig\u00eancias espec\u00edficas. Para as suas exig\u00eancias mais particulares podemos tamb\u00e9m construir uma m\u00e1quina \u00e0 medida: visite a sec\u00e7\u00e3o\u00a0M\u00e1quinas Especiais. Em caso de d\u00favidas ou necessidad ede [&hellip;]<\/p>\n","protected":false},"author":1,"featured_media":0,"parent":0,"menu_order":0,"comment_status":"closed","ping_status":"closed","template":"page-compare.php","meta":[],"acf":[],"yoast_head":"<!-- This site is optimized with the Yoast SEO plugin v20.4 - https:\/\/yoast.com\/wordpress\/plugins\/seo\/ -->\n<title>COMPARE OS MODELOS DE S\u00c9RIE | Mariotti<\/title>\n<meta name=\"robots\" content=\"index, follow, max-snippet:-1, max-image-preview:large, max-video-preview:-1\" \/>\n<link rel=\"canonical\" href=\"https:\/\/www.mariotti.it\/pt-pt\/compare-os-modelos\/\" \/>\n<meta property=\"og:locale\" content=\"pt_PT\" \/>\n<meta property=\"og:type\" content=\"article\" \/>\n<meta property=\"og:title\" content=\"COMPARE OS MODELOS DE S\u00c9RIE | Mariotti\" \/>\n<meta property=\"og:description\" content=\"COMPARE OS MODELOS DE S\u00c9RIE Compare as caracter\u00edsticas t\u00e9cnicas da gama de empilhadores elevadores frontais Mariotti para escolher melhor e encontrar o modelo que melhor se adapte \u00e0s suas exig\u00eancias espec\u00edficas. Para as suas exig\u00eancias mais particulares podemos tamb\u00e9m construir uma m\u00e1quina \u00e0 medida: visite a sec\u00e7\u00e3o\u00a0M\u00e1quinas Especiais. Em caso de d\u00favidas ou necessidad ede [&hellip;]\" \/>\n<meta property=\"og:url\" content=\"https:\/\/www.mariotti.it\/pt-pt\/compare-os-modelos\/\" \/>\n<meta property=\"og:site_name\" content=\"Mariotti\" \/>\n<meta property=\"article:modified_time\" content=\"2015-10-22T10:47:48+00:00\" \/>\n<meta name=\"twitter:card\" content=\"summary_large_image\" \/>\n<script type=\"application\/ld+json\" class=\"yoast-schema-graph\">{\"@context\":\"https:\/\/schema.org\",\"@graph\":[{\"@type\":\"WebPage\",\"@id\":\"https:\/\/www.mariotti.it\/pt-pt\/compare-os-modelos\/\",\"url\":\"https:\/\/www.mariotti.it\/pt-pt\/compare-os-modelos\/\",\"name\":\"COMPARE OS MODELOS DE S\u00c9RIE | Mariotti\",\"isPartOf\":{\"@id\":\"https:\/\/www.mariotti.it\/#website\"},\"datePublished\":\"2015-07-20T07:45:04+00:00\",\"dateModified\":\"2015-10-22T10:47:48+00:00\",\"breadcrumb\":{\"@id\":\"https:\/\/www.mariotti.it\/pt-pt\/compare-os-modelos\/#breadcrumb\"},\"inLanguage\":\"pt-PT\",\"potentialAction\":[{\"@type\":\"ReadAction\",\"target\":[\"https:\/\/www.mariotti.it\/pt-pt\/compare-os-modelos\/\"]}]},{\"@type\":\"BreadcrumbList\",\"@id\":\"https:\/\/www.mariotti.it\/pt-pt\/compare-os-modelos\/#breadcrumb\",\"itemListElement\":[{\"@type\":\"ListItem\",\"position\":1,\"name\":\"Home\",\"item\":\"https:\/\/www.mariotti.it\/pt-pt\/\"},{\"@type\":\"ListItem\",\"position\":2,\"name\":\"COMPARE OS MODELOS DE S\u00c9RIE\"}]},{\"@type\":\"WebSite\",\"@id\":\"https:\/\/www.mariotti.it\/#website\",\"url\":\"https:\/\/www.mariotti.it\/\",\"name\":\"Mariotti\",\"description\":\"Compact Forklift Solutions\",\"potentialAction\":[{\"@type\":\"SearchAction\",\"target\":{\"@type\":\"EntryPoint\",\"urlTemplate\":\"https:\/\/www.mariotti.it\/?s={search_term_string}\"},\"query-input\":\"required name=search_term_string\"}],\"inLanguage\":\"pt-PT\"}]}<\/script>\n<!-- \/ Yoast SEO plugin. -->","yoast_head_json":{"title":"COMPARE OS MODELOS DE S\u00c9RIE | Mariotti","robots":{"index":"index","follow":"follow","max-snippet":"max-snippet:-1","max-image-preview":"max-image-preview:large","max-video-preview":"max-video-preview:-1"},"canonical":"https:\/\/www.mariotti.it\/pt-pt\/compare-os-modelos\/","og_locale":"pt_PT","og_type":"article","og_title":"COMPARE OS MODELOS DE S\u00c9RIE | Mariotti","og_description":"COMPARE OS MODELOS DE S\u00c9RIE Compare as caracter\u00edsticas t\u00e9cnicas da gama de empilhadores elevadores frontais Mariotti para escolher melhor e encontrar o modelo que melhor se adapte \u00e0s suas exig\u00eancias espec\u00edficas. Para as suas exig\u00eancias mais particulares podemos tamb\u00e9m construir uma m\u00e1quina \u00e0 medida: visite a sec\u00e7\u00e3o\u00a0M\u00e1quinas Especiais. Em caso de d\u00favidas ou necessidad ede [&hellip;]","og_url":"https:\/\/www.mariotti.it\/pt-pt\/compare-os-modelos\/","og_site_name":"Mariotti","article_modified_time":"2015-10-22T10:47:48+00:00","twitter_card":"summary_large_image","schema":{"@context":"https:\/\/schema.org","@graph":[{"@type":"WebPage","@id":"https:\/\/www.mariotti.it\/pt-pt\/compare-os-modelos\/","url":"https:\/\/www.mariotti.it\/pt-pt\/compare-os-modelos\/","name":"COMPARE OS MODELOS DE S\u00c9RIE | Mariotti","isPartOf":{"@id":"https:\/\/www.mariotti.it\/#website"},"datePublished":"2015-07-20T07:45:04+00:00","dateModified":"2015-10-22T10:47:48+00:00","breadcrumb":{"@id":"https:\/\/www.mariotti.it\/pt-pt\/compare-os-modelos\/#breadcrumb"},"inLanguage":"pt-PT","potentialAction":[{"@type":"ReadAction","target":["https:\/\/www.mariotti.it\/pt-pt\/compare-os-modelos\/"]}]},{"@type":"BreadcrumbList","@id":"https:\/\/www.mariotti.it\/pt-pt\/compare-os-modelos\/#breadcrumb","itemListElement":[{"@type":"ListItem","position":1,"name":"Home","item":"https:\/\/www.mariotti.it\/pt-pt\/"},{"@type":"ListItem","position":2,"name":"COMPARE OS MODELOS DE S\u00c9RIE"}]},{"@type":"WebSite","@id":"https:\/\/www.mariotti.it\/#website","url":"https:\/\/www.mariotti.it\/","name":"Mariotti","description":"Compact Forklift Solutions","potentialAction":[{"@type":"SearchAction","target":{"@type":"EntryPoint","urlTemplate":"https:\/\/www.mariotti.it\/?s={search_term_string}"},"query-input":"required name=search_term_string"}],"inLanguage":"pt-PT"}]}},"_links":{"self":[{"href":"https:\/\/www.mariotti.it\/pt-pt\/wp-json\/wp\/v2\/pages\/1074"}],"collection":[{"href":"https:\/\/www.mariotti.it\/pt-pt\/wp-json\/wp\/v2\/pages"}],"about":[{"href":"https:\/\/www.mariotti.it\/pt-pt\/wp-json\/wp\/v2\/types\/page"}],"author":[{"embeddable":true,"href":"https:\/\/www.mariotti.it\/pt-pt\/wp-json\/wp\/v2\/users\/1"}],"replies":[{"embeddable":true,"href":"https:\/\/www.mariotti.it\/pt-pt\/wp-json\/wp\/v2\/comments?post=1074"}],"version-history":[{"count":0,"href":"https:\/\/www.mariotti.it\/pt-pt\/wp-json\/wp\/v2\/pages\/1074\/revisions"}],"wp:attachment":[{"href":"https:\/\/www.mariotti.it\/pt-pt\/wp-json\/wp\/v2\/media?parent=1074"}],"curies":[{"name":"wp","href":"https:\/\/api.w.org\/{rel}","templated":true}]}}