{"id":1122,"date":"2015-07-06T16:23:53","date_gmt":"2015-07-06T14:23:53","guid":{"rendered":"https:\/\/www.mariotti.it\/pt-pt\/macchine-speciali\/"},"modified":"2015-10-19T07:56:52","modified_gmt":"2015-10-19T07:56:52","slug":"maquinas-especiais","status":"publish","type":"page","link":"https:\/\/www.mariotti.it\/pt-pt\/maquinas-especiais\/","title":{"rendered":"M\u00e1quinas especiais"},"content":{"rendered":"<h1>M\u00e1quinas especiais<\/h1>\n<p>A empresa Mariotti especializou-se desde sempre na constru\u00e7\u00e3o de <strong>solu\u00e7\u00f5es \u00e0 medida<\/strong>, tanto atrav\u00e9s da personaliza\u00e7\u00e3o da sua gama de empilhadores, como projetando e produzindo de raiz m\u00e1quinas especiais destinadas a responder \u00e0s necessidades particulares e espec\u00edficas de movimenta\u00e7\u00e3o dos seus clientes.<\/p>\n<h2>Personaliza\u00e7\u00e3o dos empilhadores elevadores de s\u00e9rie<\/h2>\n<p>A partir de um modelo da nossa gama s\u00e3o muitas as modifica\u00e7\u00f5es e personaliza\u00e7\u00f5es que podemos fornecer a pedido. As mais frequentes s\u00e3o:<\/p>\n<p><ul class=\"accordion\" data-accordion role=\"tablist\"><li class=\"accordion-navigation\"><a href=\"#category0\" role=\"tab\"\n                    id=\"category0-heading\"\n                    aria-controls=\"category0\"\n                    class=\"even\">\n                    <span>+<\/span>&nbsp;Altera\u00e7\u00f5es de estrutura e mastro\n                <\/a>\n                <div id=\"category0\"\n                     class=\"row content \"\n                     role=\"tabpanel\"\n                     aria-labelledby=\"category0-heading\">\n                  <ul>\r\n\t<li>modifica\u00e7\u00e3o ou remo\u00e7\u00e3o do tejadilho de prote\u00e7\u00e3o<\/li>\r\n\t<li>modifica\u00e7\u00e3o do encaixe porta-garfos em altura ou largura<\/li>\r\n\t<li>redu\u00e7\u00e3o do mastro e do tejadilho de prote\u00e7\u00e3o em altura<\/li>\r\n\t<li>aumento da altura m\u00e1xima de eleva\u00e7\u00e3o<\/li>\r\n\t<li>alargamento axial \u00e0 frente para melhorar a estabilidade e distribui\u00e7\u00e3o do peso<\/li>\r\n\t<li>outras moifica\u00e7\u00f5es ou retoques da estrutura para a adaptar a exig\u00eancias particulares<\/li>\r\n<\/ul><\/div><\/li><li class=\"accordion-navigation\"><a href=\"#category1\" role=\"tab\"\n                    id=\"category1-heading\"\n                    aria-controls=\"category1\"\n                    class=\"odd\">\n                    <span>+<\/span>&nbsp;Acess\u00f3rios especiais\n                <\/a>\n                <div id=\"category1\"\n                     class=\"row content \"\n                     role=\"tabpanel\"\n                     aria-labelledby=\"category1-heading\">\n                  <ul>\r\n\t<li>garfos por medida<\/li>\r\n\t<li>pin\u00e7as de todos os tipos e medidas<\/li>\r\n\t<li>espor\u00f5es<\/li>\r\n\t<li>realiza\u00e7\u00e3o de acess\u00f3rios especiais \u00e0 medida<\/li>\r\n<\/ul><\/div><\/li><li class=\"accordion-navigation\"><a href=\"#category2\" role=\"tab\"\n                    id=\"category2-heading\"\n                    aria-controls=\"category2\"\n                    class=\"even\">\n                    <span>+<\/span>&nbsp;Equipamentos especiais\n                <\/a>\n                <div id=\"category2\"\n                     class=\"row content \"\n                     role=\"tabpanel\"\n                     aria-labelledby=\"category2-heading\">\n                  <ul>\r\n\t<li>c\u00e2mara\u00a0frigor\u00edfica (-20\u00b0C)<\/li>\r\n\t<li>anti-explos\u00e3o para zona ATEX (v\u00e1rias configura\u00e7\u00f5es)<\/li>\r\n\t<li>anticorros\u00e3o e ambientes salinos (v\u00e1rias configura\u00e7\u00f5es)<\/li>\r\n\t<li>pinturas personalizadas<\/li>\r\n<\/ul><\/div><\/li><\/ul><br \/>\n<div id=\"new-royalslider-15\" class=\"royalSlider new-royalslider-15 rsUni rsTwoAtOnce\" style=\"width:100%;height:400px;;\" data-rs-options='{&quot;template&quot;:&quot;default&quot;,&quot;image_generation&quot;:{&quot;imageWidth&quot;:&quot;&quot;,&quot;imageHeight&quot;:&quot;&quot;,&quot;thumbImageWidth&quot;:&quot;&quot;,&quot;thumbImageHeight&quot;:&quot;&quot;},&quot;thumbs&quot;:{&quot;thumbWidth&quot;:96,&quot;thumbHeight&quot;:72},&quot;fullscreen&quot;:{&quot;enabled&quot;:&quot;true&quot;},&quot;visibleNearby&quot;:{&quot;enabled&quot;:&quot;true&quot;,&quot;centerArea&quot;:0.5,&quot;center&quot;:&quot;false&quot;,&quot;breakpoint&quot;:500,&quot;breakpointCenterArea&quot;:1,&quot;navigateByCenterClick&quot;:&quot;true&quot;},&quot;video&quot;:{&quot;autoHideBlocks&quot;:&quot;true&quot;},&quot;block&quot;:{&quot;moveOffset&quot;:20,&quot;speed&quot;:400,&quot;delay&quot;:200},&quot;width&quot;:&quot;100%&quot;,&quot;height&quot;:&quot;400px&quot;,&quot;autoScaleSlider&quot;:&quot;true&quot;,&quot;autoScaleSliderWidth&quot;:2,&quot;autoScaleSliderHeight&quot;:1,&quot;slidesSpacing&quot;:0,&quot;imageScaleMode&quot;:&quot;fit&quot;,&quot;arrowsNavHideOnTouch&quot;:&quot;true&quot;,&quot;loop&quot;:&quot;true&quot;,&quot;numImagesToPreload&quot;:3,&quot;keyboardNavEnabled&quot;:&quot;true&quot;}'>\n<div class=\"rsContent\">\n  <img class=\"rsImg\" src=\"https:\/\/www.mariotti.it\/wp-content\/uploads\/2015\/10\/Mariotti-Mycros-Special-1.jpg\" data-rsBigImg=\"https:\/\/www.mariotti.it\/wp-content\/uploads\/2015\/10\/Mariotti-Mycros-Special-1.jpg\" alt=\"Mariotti-Mycros-Special-1\"\/>\n  \n  \n  \n<\/div>\n<div class=\"rsContent\">\n  <img class=\"rsImg\" src=\"https:\/\/www.mariotti.it\/wp-content\/uploads\/2015\/10\/Mariotti-Mycros-Special-4.jpg\" data-rsBigImg=\"https:\/\/www.mariotti.it\/wp-content\/uploads\/2015\/10\/Mariotti-Mycros-Special-4.jpg\" alt=\"Mariotti-Mycros-Special-4\"\/>\n  \n  \n  \n<\/div>\n<div class=\"rsContent\">\n  <img class=\"rsImg\" src=\"https:\/\/www.mariotti.it\/wp-content\/uploads\/2015\/10\/Mariotti-Mycros-Special-2.jpg\" data-rsBigImg=\"https:\/\/www.mariotti.it\/wp-content\/uploads\/2015\/10\/Mariotti-Mycros-Special-2.jpg\" alt=\"Mariotti-Mycros-Special-2\"\/>\n  \n  \n  \n<\/div>\n<div class=\"rsContent\">\n  <img class=\"rsImg\" src=\"https:\/\/www.mariotti.it\/wp-content\/uploads\/2015\/10\/Mariotti-ME-low-roof.jpg\" data-rsBigImg=\"https:\/\/www.mariotti.it\/wp-content\/uploads\/2015\/10\/Mariotti-ME-low-roof.jpg\" alt=\"Mariotti-ME-low-roof\"\/>\n  \n  \n  \n<\/div>\n<div class=\"rsContent\">\n  <img class=\"rsImg\" src=\"https:\/\/www.mariotti.it\/wp-content\/uploads\/2015\/10\/Mariotti-ME-grabber-barrel.jpg\" data-rsBigImg=\"https:\/\/www.mariotti.it\/wp-content\/uploads\/2015\/10\/Mariotti-ME-grabber-barrel.jpg\" alt=\"Mariotti-ME-grabber-barrel\"\/>\n  \n  \n  \n<\/div>\n<div class=\"rsContent\">\n  <img class=\"rsImg\" src=\"https:\/\/www.mariotti.it\/wp-content\/uploads\/2015\/08\/Mariotti_Special_4.jpg\" data-rsBigImg=\"https:\/\/www.mariotti.it\/wp-content\/uploads\/2015\/08\/Mariotti_Special_4.jpg\" alt=\"Mariotti_Special_4\"\/>\n  \n  \n  \n<\/div>\n<div class=\"rsContent\">\n  <img class=\"rsImg\" src=\"https:\/\/www.mariotti.it\/wp-content\/uploads\/2015\/08\/Mariotti_Special_3.jpg\" data-rsBigImg=\"https:\/\/www.mariotti.it\/wp-content\/uploads\/2015\/08\/Mariotti_Special_3.jpg\" alt=\"Mariotti_Special_3\"\/>\n  \n  \n  \n<\/div>\n<div class=\"rsContent\">\n  <img class=\"rsImg\" src=\"https:\/\/www.mariotti.it\/wp-content\/uploads\/2015\/08\/Mariotti_Special_5.jpg\" data-rsBigImg=\"https:\/\/www.mariotti.it\/wp-content\/uploads\/2015\/08\/Mariotti_Special_5.jpg\" alt=\"Mariotti_Special_5\"\/>\n  \n  \n  \n<\/div>\n<div class=\"rsContent\">\n  <img class=\"rsImg\" src=\"https:\/\/www.mariotti.it\/wp-content\/uploads\/2015\/10\/Mariotti-Mycros-low-roof.jpg\" data-rsBigImg=\"https:\/\/www.mariotti.it\/wp-content\/uploads\/2015\/10\/Mariotti-Mycros-low-roof.jpg\" alt=\"Mariotti-Mycros-low-roof\"\/>\n  \n  \n  \n<\/div>\n<div class=\"rsContent\">\n  <img class=\"rsImg\" src=\"https:\/\/www.mariotti.it\/wp-content\/uploads\/2015\/10\/Mariotti-Mycros-blue.jpg\" data-rsBigImg=\"https:\/\/www.mariotti.it\/wp-content\/uploads\/2015\/10\/Mariotti-Mycros-blue.jpg\" alt=\"Mariotti-Mycros-blue\"\/>\n  \n  \n  \n<\/div>\n<div class=\"rsContent\">\n  <img class=\"rsImg\" src=\"https:\/\/www.mariotti.it\/wp-content\/uploads\/2015\/10\/Mariotti-mini-grabber-special.jpg\" data-rsBigImg=\"https:\/\/www.mariotti.it\/wp-content\/uploads\/2015\/10\/Mariotti-mini-grabber-special.jpg\" alt=\"Mariotti-mini-grabber-special\"\/>\n  \n  \n  \n<\/div>\n<div class=\"rsContent\">\n  <img class=\"rsImg\" src=\"https:\/\/www.mariotti.it\/wp-content\/uploads\/2015\/10\/Mariotti-ME-position-light.jpg\" data-rsBigImg=\"https:\/\/www.mariotti.it\/wp-content\/uploads\/2015\/10\/Mariotti-ME-position-light.jpg\" alt=\"Mariotti-ME-position-light\"\/>\n  \n  \n  \n<\/div>\n<div class=\"rsContent\">\n  <img class=\"rsImg\" src=\"https:\/\/www.mariotti.it\/wp-content\/uploads\/2015\/10\/Mariotti-MX-grabber-barrel.jpg\" data-rsBigImg=\"https:\/\/www.mariotti.it\/wp-content\/uploads\/2015\/10\/Mariotti-MX-grabber-barrel.jpg\" alt=\"Mariotti-MX-grabber-barrel\"\/>\n  \n  \n  \n<\/div>\n\n<\/div>\n<\/p>\n<h2>Projeto e realiza\u00e7\u00e3o de m\u00e1quinas especiais de raiz<\/h2>\n<p>Quando as exig\u00eancias do cliente n\u00e3o podem ser satisfeitas por um empilhador padr\u00e3o dispon\u00edvel no mercado, nem mesmo personalizando e modificando um modelo da nossa gama, a Mariotti \u00e9 capaz de estudar, projetar e realizar de raiz um produto \u00e0 medida.<br \/>\nA produ\u00e7\u00e3o de m\u00e1quinas especiais \u00e9 uma atividade hist\u00f3rica da nossa empresa, que n\u00e3o se limita aos empilhadores elevadores frontais, mas abrange todas as tipologias do vasto panorama das m\u00e1quinas de movimenta\u00e7\u00e3o: do trator de grande capacidade ao pequeno arrumador de armaz\u00e9m com presta\u00e7\u00f5es particulares.<\/p>\n<div id=\"new-royalslider-16\" class=\"royalSlider new-royalslider-16 rsUni rsTwoAtOnce\" style=\"width:100%;height:400px;;\" data-rs-options='{&quot;template&quot;:&quot;default&quot;,&quot;image_generation&quot;:{&quot;imageWidth&quot;:&quot;&quot;,&quot;imageHeight&quot;:&quot;&quot;,&quot;thumbImageWidth&quot;:&quot;&quot;,&quot;thumbImageHeight&quot;:&quot;&quot;},&quot;thumbs&quot;:{&quot;thumbWidth&quot;:96,&quot;thumbHeight&quot;:72},&quot;fullscreen&quot;:{&quot;enabled&quot;:&quot;true&quot;},&quot;visibleNearby&quot;:{&quot;enabled&quot;:&quot;true&quot;,&quot;centerArea&quot;:0.5,&quot;center&quot;:&quot;false&quot;,&quot;breakpoint&quot;:500,&quot;breakpointCenterArea&quot;:1,&quot;navigateByCenterClick&quot;:&quot;true&quot;},&quot;video&quot;:{&quot;autoHideBlocks&quot;:&quot;true&quot;},&quot;block&quot;:{&quot;moveOffset&quot;:20,&quot;speed&quot;:400,&quot;delay&quot;:200},&quot;width&quot;:&quot;100%&quot;,&quot;height&quot;:&quot;400px&quot;,&quot;autoScaleSlider&quot;:&quot;true&quot;,&quot;autoScaleSliderWidth&quot;:2,&quot;autoScaleSliderHeight&quot;:1,&quot;slidesSpacing&quot;:0,&quot;imageScaleMode&quot;:&quot;fill&quot;,&quot;arrowsNavHideOnTouch&quot;:&quot;true&quot;,&quot;loop&quot;:&quot;true&quot;,&quot;numImagesToPreload&quot;:3,&quot;keyboardNavEnabled&quot;:&quot;true&quot;}'>\n<div class=\"rsContent\">\n  <img class=\"rsImg\" src=\"https:\/\/www.mariotti.it\/wp-content\/uploads\/2015\/08\/Mariotti_Special_1.jpg\" data-rsBigImg=\"https:\/\/www.mariotti.it\/wp-content\/uploads\/2015\/08\/Mariotti_Special_1.jpg\" alt=\"Mariotti_Special_1\"\/>\n  \n  \n  \n<\/div>\n<div class=\"rsContent\">\n  <img class=\"rsImg\" src=\"https:\/\/www.mariotti.it\/wp-content\/uploads\/2015\/08\/Mariotti_Special_2.jpg\" data-rsBigImg=\"https:\/\/www.mariotti.it\/wp-content\/uploads\/2015\/08\/Mariotti_Special_2.jpg\" alt=\"Mariotti_Special_2\"\/>\n  \n  \n  \n<\/div>\n<div class=\"rsContent\">\n  <img class=\"rsImg\" src=\"https:\/\/www.mariotti.it\/wp-content\/uploads\/2015\/10\/Mariotti-Special-11.jpg\" data-rsBigImg=\"https:\/\/www.mariotti.it\/wp-content\/uploads\/2015\/10\/Mariotti-Special-11.jpg\" alt=\"Mariotti-Special-1\"\/>\n  \n  \n  \n<\/div>\n<div class=\"rsContent\">\n  <img class=\"rsImg\" src=\"https:\/\/www.mariotti.it\/wp-content\/uploads\/2015\/10\/Mariotti-Special-2.jpg\" data-rsBigImg=\"https:\/\/www.mariotti.it\/wp-content\/uploads\/2015\/10\/Mariotti-Special-2.jpg\" alt=\"Mariotti-Special-2\"\/>\n  \n  \n  \n<\/div>\n<div class=\"rsContent\">\n  <img class=\"rsImg\" src=\"https:\/\/www.mariotti.it\/wp-content\/uploads\/2015\/10\/Mariotti-special-multi.jpg\" data-rsBigImg=\"https:\/\/www.mariotti.it\/wp-content\/uploads\/2015\/10\/Mariotti-special-multi.jpg\" alt=\"Mariotti-special-multi\"\/>\n  \n  \n  \n<\/div>\n<div class=\"rsContent\">\n  <img class=\"rsImg\" src=\"https:\/\/www.mariotti.it\/wp-content\/uploads\/2015\/10\/Mariotti-Special-4.jpg\" data-rsBigImg=\"https:\/\/www.mariotti.it\/wp-content\/uploads\/2015\/10\/Mariotti-Special-4.jpg\" alt=\"Mariotti-Special-4\"\/>\n  \n  \n  \n<\/div>\n\n<\/div>\n\n<hr \/>\n<p>Se tiver uma exig\u00eancia especial ou estiver interessado em conhecer mais detalhes sobre as personaliza\u00e7\u00f5es ou as m\u00e1quinas especiais que podemos propor, n\u00e3o hesite em contactar-nos.<\/p>\n","protected":false},"excerpt":{"rendered":"<p>M\u00e1quinas especiais A empresa Mariotti especializou-se desde sempre na constru\u00e7\u00e3o de solu\u00e7\u00f5es \u00e0 medida, tanto atrav\u00e9s da personaliza\u00e7\u00e3o da sua gama de empilhadores, como projetando e produzindo de raiz m\u00e1quinas especiais destinadas a responder \u00e0s necessidades particulares e espec\u00edficas de movimenta\u00e7\u00e3o dos seus clientes. Personaliza\u00e7\u00e3o dos empilhadores elevadores de s\u00e9rie A partir de um modelo [&hellip;]<\/p>\n","protected":false},"author":1,"featured_media":0,"parent":0,"menu_order":0,"comment_status":"closed","ping_status":"closed","template":"page-sidebar-right.php","meta":[],"acf":[],"yoast_head":"<!-- This site is optimized with the Yoast SEO plugin v20.4 - https:\/\/yoast.com\/wordpress\/plugins\/seo\/ -->\n<title>M\u00e1quinas especiais | Mariotti<\/title>\n<meta name=\"robots\" content=\"index, follow, max-snippet:-1, max-image-preview:large, max-video-preview:-1\" \/>\n<link rel=\"canonical\" href=\"https:\/\/www.mariotti.it\/pt-pt\/maquinas-especiais\/\" \/>\n<meta property=\"og:locale\" content=\"pt_PT\" \/>\n<meta property=\"og:type\" content=\"article\" \/>\n<meta property=\"og:title\" content=\"M\u00e1quinas especiais | Mariotti\" \/>\n<meta property=\"og:description\" content=\"M\u00e1quinas especiais A empresa Mariotti especializou-se desde sempre na constru\u00e7\u00e3o de solu\u00e7\u00f5es \u00e0 medida, tanto atrav\u00e9s da personaliza\u00e7\u00e3o da sua gama de empilhadores, como projetando e produzindo de raiz m\u00e1quinas especiais destinadas a responder \u00e0s necessidades particulares e espec\u00edficas de movimenta\u00e7\u00e3o dos seus clientes. Personaliza\u00e7\u00e3o dos empilhadores elevadores de s\u00e9rie A partir de um modelo [&hellip;]\" \/>\n<meta property=\"og:url\" content=\"https:\/\/www.mariotti.it\/pt-pt\/maquinas-especiais\/\" \/>\n<meta property=\"og:site_name\" content=\"Mariotti\" \/>\n<meta property=\"article:modified_time\" content=\"2015-10-19T07:56:52+00:00\" \/>\n<meta name=\"twitter:card\" content=\"summary_large_image\" \/>\n<meta name=\"twitter:label1\" content=\"Tempo estimado de leitura\" \/>\n\t<meta name=\"twitter:data1\" content=\"1 minuto\" \/>\n<script type=\"application\/ld+json\" class=\"yoast-schema-graph\">{\"@context\":\"https:\/\/schema.org\",\"@graph\":[{\"@type\":\"WebPage\",\"@id\":\"https:\/\/www.mariotti.it\/pt-pt\/maquinas-especiais\/\",\"url\":\"https:\/\/www.mariotti.it\/pt-pt\/maquinas-especiais\/\",\"name\":\"M\u00e1quinas especiais | Mariotti\",\"isPartOf\":{\"@id\":\"https:\/\/www.mariotti.it\/#website\"},\"datePublished\":\"2015-07-06T14:23:53+00:00\",\"dateModified\":\"2015-10-19T07:56:52+00:00\",\"breadcrumb\":{\"@id\":\"https:\/\/www.mariotti.it\/pt-pt\/maquinas-especiais\/#breadcrumb\"},\"inLanguage\":\"pt-PT\",\"potentialAction\":[{\"@type\":\"ReadAction\",\"target\":[\"https:\/\/www.mariotti.it\/pt-pt\/maquinas-especiais\/\"]}]},{\"@type\":\"BreadcrumbList\",\"@id\":\"https:\/\/www.mariotti.it\/pt-pt\/maquinas-especiais\/#breadcrumb\",\"itemListElement\":[{\"@type\":\"ListItem\",\"position\":1,\"name\":\"Home\",\"item\":\"https:\/\/www.mariotti.it\/pt-pt\/\"},{\"@type\":\"ListItem\",\"position\":2,\"name\":\"M\u00e1quinas especiais\"}]},{\"@type\":\"WebSite\",\"@id\":\"https:\/\/www.mariotti.it\/#website\",\"url\":\"https:\/\/www.mariotti.it\/\",\"name\":\"Mariotti\",\"description\":\"Compact Forklift Solutions\",\"potentialAction\":[{\"@type\":\"SearchAction\",\"target\":{\"@type\":\"EntryPoint\",\"urlTemplate\":\"https:\/\/www.mariotti.it\/?s={search_term_string}\"},\"query-input\":\"required name=search_term_string\"}],\"inLanguage\":\"pt-PT\"}]}<\/script>\n<!-- \/ Yoast SEO plugin. -->","yoast_head_json":{"title":"M\u00e1quinas especiais | Mariotti","robots":{"index":"index","follow":"follow","max-snippet":"max-snippet:-1","max-image-preview":"max-image-preview:large","max-video-preview":"max-video-preview:-1"},"canonical":"https:\/\/www.mariotti.it\/pt-pt\/maquinas-especiais\/","og_locale":"pt_PT","og_type":"article","og_title":"M\u00e1quinas especiais | Mariotti","og_description":"M\u00e1quinas especiais A empresa Mariotti especializou-se desde sempre na constru\u00e7\u00e3o de solu\u00e7\u00f5es \u00e0 medida, tanto atrav\u00e9s da personaliza\u00e7\u00e3o da sua gama de empilhadores, como projetando e produzindo de raiz m\u00e1quinas especiais destinadas a responder \u00e0s necessidades particulares e espec\u00edficas de movimenta\u00e7\u00e3o dos seus clientes. Personaliza\u00e7\u00e3o dos empilhadores elevadores de s\u00e9rie A partir de um modelo [&hellip;]","og_url":"https:\/\/www.mariotti.it\/pt-pt\/maquinas-especiais\/","og_site_name":"Mariotti","article_modified_time":"2015-10-19T07:56:52+00:00","twitter_card":"summary_large_image","twitter_misc":{"Tempo estimado de leitura":"1 minuto"},"schema":{"@context":"https:\/\/schema.org","@graph":[{"@type":"WebPage","@id":"https:\/\/www.mariotti.it\/pt-pt\/maquinas-especiais\/","url":"https:\/\/www.mariotti.it\/pt-pt\/maquinas-especiais\/","name":"M\u00e1quinas especiais | Mariotti","isPartOf":{"@id":"https:\/\/www.mariotti.it\/#website"},"datePublished":"2015-07-06T14:23:53+00:00","dateModified":"2015-10-19T07:56:52+00:00","breadcrumb":{"@id":"https:\/\/www.mariotti.it\/pt-pt\/maquinas-especiais\/#breadcrumb"},"inLanguage":"pt-PT","potentialAction":[{"@type":"ReadAction","target":["https:\/\/www.mariotti.it\/pt-pt\/maquinas-especiais\/"]}]},{"@type":"BreadcrumbList","@id":"https:\/\/www.mariotti.it\/pt-pt\/maquinas-especiais\/#breadcrumb","itemListElement":[{"@type":"ListItem","position":1,"name":"Home","item":"https:\/\/www.mariotti.it\/pt-pt\/"},{"@type":"ListItem","position":2,"name":"M\u00e1quinas especiais"}]},{"@type":"WebSite","@id":"https:\/\/www.mariotti.it\/#website","url":"https:\/\/www.mariotti.it\/","name":"Mariotti","description":"Compact Forklift Solutions","potentialAction":[{"@type":"SearchAction","target":{"@type":"EntryPoint","urlTemplate":"https:\/\/www.mariotti.it\/?s={search_term_string}"},"query-input":"required name=search_term_string"}],"inLanguage":"pt-PT"}]}},"_links":{"self":[{"href":"https:\/\/www.mariotti.it\/pt-pt\/wp-json\/wp\/v2\/pages\/1122"}],"collection":[{"href":"https:\/\/www.mariotti.it\/pt-pt\/wp-json\/wp\/v2\/pages"}],"about":[{"href":"https:\/\/www.mariotti.it\/pt-pt\/wp-json\/wp\/v2\/types\/page"}],"author":[{"embeddable":true,"href":"https:\/\/www.mariotti.it\/pt-pt\/wp-json\/wp\/v2\/users\/1"}],"replies":[{"embeddable":true,"href":"https:\/\/www.mariotti.it\/pt-pt\/wp-json\/wp\/v2\/comments?post=1122"}],"version-history":[{"count":0,"href":"https:\/\/www.mariotti.it\/pt-pt\/wp-json\/wp\/v2\/pages\/1122\/revisions"}],"wp:attachment":[{"href":"https:\/\/www.mariotti.it\/pt-pt\/wp-json\/wp\/v2\/media?parent=1122"}],"curies":[{"name":"wp","href":"https:\/\/api.w.org\/{rel}","templated":true}]}}