{"id":1149,"date":"2015-07-06T14:00:00","date_gmt":"2015-07-06T12:00:00","guid":{"rendered":"https:\/\/www.mariotti.it\/pt-pt\/la-gamma-prodotti\/"},"modified":"2022-05-30T12:19:04","modified_gmt":"2022-05-30T10:19:04","slug":"empilhadores-serie","status":"publish","type":"page","link":"https:\/\/www.mariotti.it\/pt-pt\/empilhadores-serie\/","title":{"rendered":"Produtos"},"content":{"rendered":"<h1>OS NOSSOS EMPILHADORES DE S\u00c9RIE<\/h1>\n<p>A gama de empilhadores contrabalan\u00e7ados el\u00e9tricos Mariotti de 3 rodas \u00e9 a mais robusta e completa do mundo para as pequenas capacidades, dos 400 aos 1600 kg. O seu ponto forte s\u00e3o as dimens\u00f5es reduzidas que permitem a operacionalidade em espa\u00e7os reduzidos, mesmo onde normalmente n\u00e3o \u00e9 poss\u00edvel usar um empilhador frontal.<\/p>\n<p>Constru\u00eddos para utiliza\u00e7\u00e3o intensa e sob a marca da m\u00e1xima qualidade de tecnologias e m\u00e3o de obra, os Mariotti estar\u00e3o ao seu lado para as opera\u00e7\u00f5es de carga e descarga, movimenta\u00e7\u00e3o e armazenamento, bem como tr\u00e2nsito nos ambientes produtivos e transporte em interiores e exteriores.<\/p>\n<p>Compacticidade, versatilidade e presta\u00e7\u00f5es que surpreender\u00e3o e satisfar\u00e3o cada uma das suas exig\u00eancias.<br \/>\nSeguran\u00e7a para operador e carga, rapidez e conforto de trabalho, manuten\u00e7\u00f5es e consumos reduzidos, tudo se traduzir\u00e1 em efici\u00eancia, produtividade e economias de tempo e dinheiro.<\/p>\n<p><a href=\"https:\/\/www.mariotti.it\/pt-pt\/contactos\/\">Contacte-nos<\/a> para mais informa\u00e7\u00f5es.<\/p>\n","protected":false},"excerpt":{"rendered":"<p>OS NOSSOS EMPILHADORES DE S\u00c9RIE A gama de empilhadores contrabalan\u00e7ados el\u00e9tricos Mariotti de 3 rodas \u00e9 a mais robusta e completa do mundo para as pequenas capacidades, dos 400 aos 1600 kg. O seu ponto forte s\u00e3o as dimens\u00f5es reduzidas que permitem a operacionalidade em espa\u00e7os reduzidos, mesmo onde normalmente n\u00e3o \u00e9 poss\u00edvel usar um [&hellip;]<\/p>\n","protected":false},"author":1,"featured_media":0,"parent":0,"menu_order":0,"comment_status":"closed","ping_status":"closed","template":"products-page.php","meta":[],"acf":[],"yoast_head":"<!-- This site is optimized with the Yoast SEO plugin v20.4 - https:\/\/yoast.com\/wordpress\/plugins\/seo\/ -->\n<title>Produtos | Mariotti<\/title>\n<meta name=\"robots\" content=\"index, follow, max-snippet:-1, max-image-preview:large, max-video-preview:-1\" \/>\n<link rel=\"canonical\" href=\"https:\/\/www.mariotti.it\/pt-pt\/empilhadores-serie\/\" \/>\n<meta property=\"og:locale\" content=\"pt_PT\" \/>\n<meta property=\"og:type\" content=\"article\" \/>\n<meta property=\"og:title\" content=\"Produtos | Mariotti\" \/>\n<meta property=\"og:description\" content=\"OS NOSSOS EMPILHADORES DE S\u00c9RIE A gama de empilhadores contrabalan\u00e7ados el\u00e9tricos Mariotti de 3 rodas \u00e9 a mais robusta e completa do mundo para as pequenas capacidades, dos 400 aos 1600 kg. O seu ponto forte s\u00e3o as dimens\u00f5es reduzidas que permitem a operacionalidade em espa\u00e7os reduzidos, mesmo onde normalmente n\u00e3o \u00e9 poss\u00edvel usar um [&hellip;]\" \/>\n<meta property=\"og:url\" content=\"https:\/\/www.mariotti.it\/pt-pt\/empilhadores-serie\/\" \/>\n<meta property=\"og:site_name\" content=\"Mariotti\" \/>\n<meta property=\"article:modified_time\" content=\"2022-05-30T10:19:04+00:00\" \/>\n<meta name=\"twitter:card\" content=\"summary_large_image\" \/>\n<meta name=\"twitter:label1\" content=\"Tempo estimado de leitura\" \/>\n\t<meta name=\"twitter:data1\" content=\"1 minuto\" \/>\n<script type=\"application\/ld+json\" class=\"yoast-schema-graph\">{\"@context\":\"https:\/\/schema.org\",\"@graph\":[{\"@type\":\"WebPage\",\"@id\":\"https:\/\/www.mariotti.it\/pt-pt\/empilhadores-serie\/\",\"url\":\"https:\/\/www.mariotti.it\/pt-pt\/empilhadores-serie\/\",\"name\":\"Produtos | Mariotti\",\"isPartOf\":{\"@id\":\"https:\/\/www.mariotti.it\/#website\"},\"datePublished\":\"2015-07-06T12:00:00+00:00\",\"dateModified\":\"2022-05-30T10:19:04+00:00\",\"breadcrumb\":{\"@id\":\"https:\/\/www.mariotti.it\/pt-pt\/empilhadores-serie\/#breadcrumb\"},\"inLanguage\":\"pt-PT\",\"potentialAction\":[{\"@type\":\"ReadAction\",\"target\":[\"https:\/\/www.mariotti.it\/pt-pt\/empilhadores-serie\/\"]}]},{\"@type\":\"BreadcrumbList\",\"@id\":\"https:\/\/www.mariotti.it\/pt-pt\/empilhadores-serie\/#breadcrumb\",\"itemListElement\":[{\"@type\":\"ListItem\",\"position\":1,\"name\":\"Home\",\"item\":\"https:\/\/www.mariotti.it\/pt-pt\/\"},{\"@type\":\"ListItem\",\"position\":2,\"name\":\"Produtos\"}]},{\"@type\":\"WebSite\",\"@id\":\"https:\/\/www.mariotti.it\/#website\",\"url\":\"https:\/\/www.mariotti.it\/\",\"name\":\"Mariotti\",\"description\":\"Compact Forklift Solutions\",\"potentialAction\":[{\"@type\":\"SearchAction\",\"target\":{\"@type\":\"EntryPoint\",\"urlTemplate\":\"https:\/\/www.mariotti.it\/?s={search_term_string}\"},\"query-input\":\"required name=search_term_string\"}],\"inLanguage\":\"pt-PT\"}]}<\/script>\n<!-- \/ Yoast SEO plugin. -->","yoast_head_json":{"title":"Produtos | Mariotti","robots":{"index":"index","follow":"follow","max-snippet":"max-snippet:-1","max-image-preview":"max-image-preview:large","max-video-preview":"max-video-preview:-1"},"canonical":"https:\/\/www.mariotti.it\/pt-pt\/empilhadores-serie\/","og_locale":"pt_PT","og_type":"article","og_title":"Produtos | Mariotti","og_description":"OS NOSSOS EMPILHADORES DE S\u00c9RIE A gama de empilhadores contrabalan\u00e7ados el\u00e9tricos Mariotti de 3 rodas \u00e9 a mais robusta e completa do mundo para as pequenas capacidades, dos 400 aos 1600 kg. O seu ponto forte s\u00e3o as dimens\u00f5es reduzidas que permitem a operacionalidade em espa\u00e7os reduzidos, mesmo onde normalmente n\u00e3o \u00e9 poss\u00edvel usar um [&hellip;]","og_url":"https:\/\/www.mariotti.it\/pt-pt\/empilhadores-serie\/","og_site_name":"Mariotti","article_modified_time":"2022-05-30T10:19:04+00:00","twitter_card":"summary_large_image","twitter_misc":{"Tempo estimado de leitura":"1 minuto"},"schema":{"@context":"https:\/\/schema.org","@graph":[{"@type":"WebPage","@id":"https:\/\/www.mariotti.it\/pt-pt\/empilhadores-serie\/","url":"https:\/\/www.mariotti.it\/pt-pt\/empilhadores-serie\/","name":"Produtos | Mariotti","isPartOf":{"@id":"https:\/\/www.mariotti.it\/#website"},"datePublished":"2015-07-06T12:00:00+00:00","dateModified":"2022-05-30T10:19:04+00:00","breadcrumb":{"@id":"https:\/\/www.mariotti.it\/pt-pt\/empilhadores-serie\/#breadcrumb"},"inLanguage":"pt-PT","potentialAction":[{"@type":"ReadAction","target":["https:\/\/www.mariotti.it\/pt-pt\/empilhadores-serie\/"]}]},{"@type":"BreadcrumbList","@id":"https:\/\/www.mariotti.it\/pt-pt\/empilhadores-serie\/#breadcrumb","itemListElement":[{"@type":"ListItem","position":1,"name":"Home","item":"https:\/\/www.mariotti.it\/pt-pt\/"},{"@type":"ListItem","position":2,"name":"Produtos"}]},{"@type":"WebSite","@id":"https:\/\/www.mariotti.it\/#website","url":"https:\/\/www.mariotti.it\/","name":"Mariotti","description":"Compact Forklift Solutions","potentialAction":[{"@type":"SearchAction","target":{"@type":"EntryPoint","urlTemplate":"https:\/\/www.mariotti.it\/?s={search_term_string}"},"query-input":"required name=search_term_string"}],"inLanguage":"pt-PT"}]}},"_links":{"self":[{"href":"https:\/\/www.mariotti.it\/pt-pt\/wp-json\/wp\/v2\/pages\/1149"}],"collection":[{"href":"https:\/\/www.mariotti.it\/pt-pt\/wp-json\/wp\/v2\/pages"}],"about":[{"href":"https:\/\/www.mariotti.it\/pt-pt\/wp-json\/wp\/v2\/types\/page"}],"author":[{"embeddable":true,"href":"https:\/\/www.mariotti.it\/pt-pt\/wp-json\/wp\/v2\/users\/1"}],"replies":[{"embeddable":true,"href":"https:\/\/www.mariotti.it\/pt-pt\/wp-json\/wp\/v2\/comments?post=1149"}],"version-history":[{"count":0,"href":"https:\/\/www.mariotti.it\/pt-pt\/wp-json\/wp\/v2\/pages\/1149\/revisions"}],"wp:attachment":[{"href":"https:\/\/www.mariotti.it\/pt-pt\/wp-json\/wp\/v2\/media?parent=1149"}],"curies":[{"name":"wp","href":"https:\/\/api.w.org\/{rel}","templated":true}]}}