{"id":1173,"date":"2015-07-06T16:35:29","date_gmt":"2015-07-06T14:35:29","guid":{"rendered":"https:\/\/www.mariotti.it\/pt-pt\/rete-vendita\/"},"modified":"2018-09-11T09:48:07","modified_gmt":"2018-09-11T09:48:07","slug":"rede-vendas","status":"publish","type":"page","link":"https:\/\/www.mariotti.it\/pt-pt\/rede-vendas\/","title":{"rendered":"Rede de vendas"},"content":{"rendered":"<h1>REDE DE VENDAS E ASSIST\u00caNCIA<\/h1>\n<p>A nossa empresa est\u00e1 presente em muitos pa\u00edses do mundo, gra\u00e7as a uma rede de distribui\u00e7\u00e3o e vendas sempre em expans\u00e3o que garante aos nossos clientes um \u00f3timo servi\u00e7o comercial e um eficaz servi\u00e7o de ap\u00f3s-venda.<\/p>\n<p>A rede \u00e9 composta por uma sele\u00e7\u00e3o de\u00a0<strong>distribuidores <\/strong>por \u00e1rea geogr\u00e1fica (que t\u00eam tamb\u00e9m as fun\u00e7\u00f5es de hub para as pe\u00e7as na sua \u00e1rea de compet\u00eancia) e por um vasto n\u00famero de\u00a0<strong>concession\u00e1rios<\/strong>\u00a0dispersos da forma mais capilar no territ\u00f3rio.<\/p>\n<p>A Mariotti est\u00e1 presente nos seguintes pa\u00edses:<\/p>\n<p>Alemanha, Azerbaij\u00e3o, Argentina, \u00c1ustria, B\u00e9lgica, Canada, Chile, China, Coreia do Sul, Cro\u00e1cia, Dinamarca, Eslov\u00e9nia, Espanha, Estados Unidos, Finl\u00e2ndia, Fran\u00e7a, Gr\u00e3-Bretanha, Gr\u00e9cia, Indon\u00e9sia, Israel, It\u00e1lia, L\u00edbano, Luxemburgo, Mal\u00e1sia, Malta, Nova Zel\u00e2ndia, Holanda, Panam\u00e1, Portugal, Rep\u00fablica Checa, Rom\u00e9nia, R\u00fassia, Singapura, Su\u00e9cia, \u00c1frica do Sul, Su\u00ed\u00e7a, Taiwan, Turquia.<\/p>\n<p><strong>Preencha o formul\u00e1rio ao lado para conhecer o concession\u00e1rio mais pr\u00f3ximo de si.<\/strong><\/p>\n","protected":false},"excerpt":{"rendered":"<p>REDE DE VENDAS E ASSIST\u00caNCIA A nossa empresa est\u00e1 presente em muitos pa\u00edses do mundo, gra\u00e7as a uma rede de distribui\u00e7\u00e3o e vendas sempre em expans\u00e3o que garante aos nossos clientes um \u00f3timo servi\u00e7o comercial e um eficaz servi\u00e7o de ap\u00f3s-venda. A rede \u00e9 composta por uma sele\u00e7\u00e3o de\u00a0distribuidores por \u00e1rea geogr\u00e1fica (que t\u00eam tamb\u00e9m [&hellip;]<\/p>\n","protected":false},"author":1,"featured_media":0,"parent":0,"menu_order":0,"comment_status":"closed","ping_status":"closed","template":"page-half.php","meta":[],"acf":[],"yoast_head":"<!-- This site is optimized with the Yoast SEO plugin v20.4 - https:\/\/yoast.com\/wordpress\/plugins\/seo\/ -->\n<title>Rede de vendas | Mariotti<\/title>\n<meta name=\"robots\" content=\"index, follow, max-snippet:-1, max-image-preview:large, max-video-preview:-1\" \/>\n<link rel=\"canonical\" href=\"https:\/\/www.mariotti.it\/pt-pt\/rede-vendas\/\" \/>\n<meta property=\"og:locale\" content=\"pt_PT\" \/>\n<meta property=\"og:type\" content=\"article\" \/>\n<meta property=\"og:title\" content=\"Rede de vendas | Mariotti\" \/>\n<meta property=\"og:description\" content=\"REDE DE VENDAS E ASSIST\u00caNCIA A nossa empresa est\u00e1 presente em muitos pa\u00edses do mundo, gra\u00e7as a uma rede de distribui\u00e7\u00e3o e vendas sempre em expans\u00e3o que garante aos nossos clientes um \u00f3timo servi\u00e7o comercial e um eficaz servi\u00e7o de ap\u00f3s-venda. A rede \u00e9 composta por uma sele\u00e7\u00e3o de\u00a0distribuidores por \u00e1rea geogr\u00e1fica (que t\u00eam tamb\u00e9m [&hellip;]\" \/>\n<meta property=\"og:url\" content=\"https:\/\/www.mariotti.it\/pt-pt\/rede-vendas\/\" \/>\n<meta property=\"og:site_name\" content=\"Mariotti\" \/>\n<meta property=\"article:modified_time\" content=\"2018-09-11T09:48:07+00:00\" \/>\n<meta name=\"twitter:card\" content=\"summary_large_image\" \/>\n<meta name=\"twitter:label1\" content=\"Tempo estimado de leitura\" \/>\n\t<meta name=\"twitter:data1\" content=\"1 minuto\" \/>\n<script type=\"application\/ld+json\" class=\"yoast-schema-graph\">{\"@context\":\"https:\/\/schema.org\",\"@graph\":[{\"@type\":\"WebPage\",\"@id\":\"https:\/\/www.mariotti.it\/pt-pt\/rede-vendas\/\",\"url\":\"https:\/\/www.mariotti.it\/pt-pt\/rede-vendas\/\",\"name\":\"Rede de vendas | Mariotti\",\"isPartOf\":{\"@id\":\"https:\/\/www.mariotti.it\/#website\"},\"datePublished\":\"2015-07-06T14:35:29+00:00\",\"dateModified\":\"2018-09-11T09:48:07+00:00\",\"breadcrumb\":{\"@id\":\"https:\/\/www.mariotti.it\/pt-pt\/rede-vendas\/#breadcrumb\"},\"inLanguage\":\"pt-PT\",\"potentialAction\":[{\"@type\":\"ReadAction\",\"target\":[\"https:\/\/www.mariotti.it\/pt-pt\/rede-vendas\/\"]}]},{\"@type\":\"BreadcrumbList\",\"@id\":\"https:\/\/www.mariotti.it\/pt-pt\/rede-vendas\/#breadcrumb\",\"itemListElement\":[{\"@type\":\"ListItem\",\"position\":1,\"name\":\"Home\",\"item\":\"https:\/\/www.mariotti.it\/pt-pt\/\"},{\"@type\":\"ListItem\",\"position\":2,\"name\":\"Rede de vendas\"}]},{\"@type\":\"WebSite\",\"@id\":\"https:\/\/www.mariotti.it\/#website\",\"url\":\"https:\/\/www.mariotti.it\/\",\"name\":\"Mariotti\",\"description\":\"Compact Forklift Solutions\",\"potentialAction\":[{\"@type\":\"SearchAction\",\"target\":{\"@type\":\"EntryPoint\",\"urlTemplate\":\"https:\/\/www.mariotti.it\/?s={search_term_string}\"},\"query-input\":\"required name=search_term_string\"}],\"inLanguage\":\"pt-PT\"}]}<\/script>\n<!-- \/ Yoast SEO plugin. -->","yoast_head_json":{"title":"Rede de vendas | Mariotti","robots":{"index":"index","follow":"follow","max-snippet":"max-snippet:-1","max-image-preview":"max-image-preview:large","max-video-preview":"max-video-preview:-1"},"canonical":"https:\/\/www.mariotti.it\/pt-pt\/rede-vendas\/","og_locale":"pt_PT","og_type":"article","og_title":"Rede de vendas | Mariotti","og_description":"REDE DE VENDAS E ASSIST\u00caNCIA A nossa empresa est\u00e1 presente em muitos pa\u00edses do mundo, gra\u00e7as a uma rede de distribui\u00e7\u00e3o e vendas sempre em expans\u00e3o que garante aos nossos clientes um \u00f3timo servi\u00e7o comercial e um eficaz servi\u00e7o de ap\u00f3s-venda. A rede \u00e9 composta por uma sele\u00e7\u00e3o de\u00a0distribuidores por \u00e1rea geogr\u00e1fica (que t\u00eam tamb\u00e9m [&hellip;]","og_url":"https:\/\/www.mariotti.it\/pt-pt\/rede-vendas\/","og_site_name":"Mariotti","article_modified_time":"2018-09-11T09:48:07+00:00","twitter_card":"summary_large_image","twitter_misc":{"Tempo estimado de leitura":"1 minuto"},"schema":{"@context":"https:\/\/schema.org","@graph":[{"@type":"WebPage","@id":"https:\/\/www.mariotti.it\/pt-pt\/rede-vendas\/","url":"https:\/\/www.mariotti.it\/pt-pt\/rede-vendas\/","name":"Rede de vendas | Mariotti","isPartOf":{"@id":"https:\/\/www.mariotti.it\/#website"},"datePublished":"2015-07-06T14:35:29+00:00","dateModified":"2018-09-11T09:48:07+00:00","breadcrumb":{"@id":"https:\/\/www.mariotti.it\/pt-pt\/rede-vendas\/#breadcrumb"},"inLanguage":"pt-PT","potentialAction":[{"@type":"ReadAction","target":["https:\/\/www.mariotti.it\/pt-pt\/rede-vendas\/"]}]},{"@type":"BreadcrumbList","@id":"https:\/\/www.mariotti.it\/pt-pt\/rede-vendas\/#breadcrumb","itemListElement":[{"@type":"ListItem","position":1,"name":"Home","item":"https:\/\/www.mariotti.it\/pt-pt\/"},{"@type":"ListItem","position":2,"name":"Rede de vendas"}]},{"@type":"WebSite","@id":"https:\/\/www.mariotti.it\/#website","url":"https:\/\/www.mariotti.it\/","name":"Mariotti","description":"Compact Forklift Solutions","potentialAction":[{"@type":"SearchAction","target":{"@type":"EntryPoint","urlTemplate":"https:\/\/www.mariotti.it\/?s={search_term_string}"},"query-input":"required name=search_term_string"}],"inLanguage":"pt-PT"}]}},"_links":{"self":[{"href":"https:\/\/www.mariotti.it\/pt-pt\/wp-json\/wp\/v2\/pages\/1173"}],"collection":[{"href":"https:\/\/www.mariotti.it\/pt-pt\/wp-json\/wp\/v2\/pages"}],"about":[{"href":"https:\/\/www.mariotti.it\/pt-pt\/wp-json\/wp\/v2\/types\/page"}],"author":[{"embeddable":true,"href":"https:\/\/www.mariotti.it\/pt-pt\/wp-json\/wp\/v2\/users\/1"}],"replies":[{"embeddable":true,"href":"https:\/\/www.mariotti.it\/pt-pt\/wp-json\/wp\/v2\/comments?post=1173"}],"version-history":[{"count":0,"href":"https:\/\/www.mariotti.it\/pt-pt\/wp-json\/wp\/v2\/pages\/1173\/revisions"}],"wp:attachment":[{"href":"https:\/\/www.mariotti.it\/pt-pt\/wp-json\/wp\/v2\/media?parent=1173"}],"curies":[{"name":"wp","href":"https:\/\/api.w.org\/{rel}","templated":true}]}}