{"id":1185,"date":"2015-06-04T16:17:39","date_gmt":"2015-06-04T14:17:39","guid":{"rendered":"https:\/\/www.mariotti.it\/pt-pt\/servizi\/"},"modified":"2023-10-11T14:19:02","modified_gmt":"2023-10-11T12:19:02","slug":"servicos","status":"publish","type":"page","link":"https:\/\/www.mariotti.it\/pt-pt\/servicos\/","title":{"rendered":"Servi\u00e7os"},"content":{"rendered":"<h1>Os servi\u00e7os<\/h1>\n<p>A nossa empresa n\u00e3o produz simplesmente empilhadores elevadores el\u00e9tricos, mas\u00a0<strong>elabora e realiza solu\u00e7\u00f5es e produtos inspirados nas necessidades dos clientes<\/strong>. Por este motivo, o setor dos servi\u00e7os reveste-se para n\u00f3s de uma import\u00e2ncia crucial.<\/p>\n<h2>Consultoria<\/h2>\n<p>A experi\u00eancia acumulada em quase <strong>cem anos de atividade est\u00e1 \u00e0 sua disposi\u00e7\u00e3o<\/strong>, para ajudar a esclarecer e resolver qualquer problema seu de movimenta\u00e7\u00e3o, especialmente se tiver de operar em ambientes de trabalho particulares e em espa\u00e7os restritos.<\/p>\n<p>Uma equipa de pessoas competentes saber\u00e1 escutar e avaliar as suas exig\u00eancias, para o levar, no perfil t\u00e9cnico-comercial, a escolher a m\u00e1quina mais adequada. Ser\u00e3o capazes de estudar e propor-lhe solu\u00e7\u00f5es especiais feitas \u00e0 medida para si que sejam vantajosas em termos de operacionalidade, tempo e custos.<\/p>\n<p>S\u00e3o muitos os exemplos de empresas ilustres que confiaram na compet\u00eancia do nosso servi\u00e7o de consultoria para otimizar a gest\u00e3o da log\u00edstica e do armazenamento.<\/p>\n<h2>Assist\u00eancia e pe\u00e7as<\/h2>\n<p>A assist\u00eancia \u00e9 gerida em total colabora\u00e7\u00e3o com os nossos concession\u00e1rios locais, selecionados devidamente para garantirem o melhor servi\u00e7o aos clientes. Da casa m\u00e3e podemos monitorar diretamente de forma remota os empilhadores junto do concession\u00e1rio para efetuar diagn\u00f3sticos, verificar eventuais anomalias e modificar as configura\u00e7\u00f5es da m\u00e1quina. Estamos, pois, em condi\u00e7\u00f5es de agilizar e orientar as interven\u00e7\u00f5es de assist\u00eancia em todos os casos que o requeiram.<\/p>\n<p>Mesmo sendo muito compactos, os nossos empilhadores foram projetados tendo em aten\u00e7\u00e3o agilizar o acesso a cada componente, facilitando e melhorando os tempos de montagem e desmontagem. Todos os nossos empilhadores s\u00e3o constru\u00eddos com componentes de primeir\u00edssima qualidade testados e verificados na fase de montagem. A efic\u00e1cia desse sistema \u00e9 demonstrada pelo reduzido n\u00famero de interven\u00e7\u00f5es requeridas e pelo tempo reduzido de paragem da m\u00e1quina, mesmo quando se apresente um problema.<\/p>\n<p>A atenta escolha dos componentes permite al\u00e9m disso que seja substitu\u00edda uma \u00fanica pe\u00e7a defeituosa e n\u00e3o todo o bloco implicado no defeito, o que frequentemente permite uma not\u00e1vel poupan\u00e7a econ\u00f3mica para o cliente, bem como ambiental em termos de res\u00edduos de produtos.<\/p>\n<p>As nossas pe\u00e7as de substitui\u00e7\u00e3o est\u00e3o em stock nos distribuidores, por forma a reduzir ao m\u00ednimo os tempos de espera do cliente. No caso de uma pe\u00e7a n\u00e3o estar no distribuidor da \u00e1rea em causa, \u00e9 expedida em um dia do nosso servi\u00e7o ap\u00f3s-venda.<\/p>\n<p>A Mariotti \u00e9 uma empresa certificada para projeto e produ\u00e7\u00e3o de empilhadores elevadores e para a venda de pe\u00e7as\u00a0<b>(<\/b><a href=\"\/wp-content\/uploads\/2018\/06\/2023-V.-MARIOTTI-certificato-it-CQY.pdf\" target=\"_blank\" rel=\"noopener\"><b>UNI EN ISO 9001<\/b><\/a><b>).<\/b><\/p>\n","protected":false},"excerpt":{"rendered":"<p>Os servi\u00e7os A nossa empresa n\u00e3o produz simplesmente empilhadores elevadores el\u00e9tricos, mas\u00a0elabora e realiza solu\u00e7\u00f5es e produtos inspirados nas necessidades dos clientes. Por este motivo, o setor dos servi\u00e7os reveste-se para n\u00f3s de uma import\u00e2ncia crucial. Consultoria A experi\u00eancia acumulada em quase cem anos de atividade est\u00e1 \u00e0 sua disposi\u00e7\u00e3o, para ajudar a esclarecer e [&hellip;]<\/p>\n","protected":false},"author":1,"featured_media":0,"parent":0,"menu_order":0,"comment_status":"closed","ping_status":"closed","template":"page-sidebar-right.php","meta":[],"acf":[],"yoast_head":"<!-- This site is optimized with the Yoast SEO plugin v20.4 - https:\/\/yoast.com\/wordpress\/plugins\/seo\/ -->\n<title>Servi\u00e7os | Mariotti<\/title>\n<meta name=\"robots\" content=\"index, follow, max-snippet:-1, max-image-preview:large, max-video-preview:-1\" \/>\n<link rel=\"canonical\" href=\"https:\/\/www.mariotti.it\/pt-pt\/servicos\/\" \/>\n<meta property=\"og:locale\" content=\"pt_PT\" \/>\n<meta property=\"og:type\" content=\"article\" \/>\n<meta property=\"og:title\" content=\"Servi\u00e7os | Mariotti\" \/>\n<meta property=\"og:description\" content=\"Os servi\u00e7os A nossa empresa n\u00e3o produz simplesmente empilhadores elevadores el\u00e9tricos, mas\u00a0elabora e realiza solu\u00e7\u00f5es e produtos inspirados nas necessidades dos clientes. Por este motivo, o setor dos servi\u00e7os reveste-se para n\u00f3s de uma import\u00e2ncia crucial. Consultoria A experi\u00eancia acumulada em quase cem anos de atividade est\u00e1 \u00e0 sua disposi\u00e7\u00e3o, para ajudar a esclarecer e [&hellip;]\" \/>\n<meta property=\"og:url\" content=\"https:\/\/www.mariotti.it\/pt-pt\/servicos\/\" \/>\n<meta property=\"og:site_name\" content=\"Mariotti\" \/>\n<meta property=\"article:modified_time\" content=\"2023-10-11T12:19:02+00:00\" \/>\n<meta name=\"twitter:card\" content=\"summary_large_image\" \/>\n<meta name=\"twitter:label1\" content=\"Tempo estimado de leitura\" \/>\n\t<meta name=\"twitter:data1\" content=\"2 minutos\" \/>\n<script type=\"application\/ld+json\" class=\"yoast-schema-graph\">{\"@context\":\"https:\/\/schema.org\",\"@graph\":[{\"@type\":\"WebPage\",\"@id\":\"https:\/\/www.mariotti.it\/pt-pt\/servicos\/\",\"url\":\"https:\/\/www.mariotti.it\/pt-pt\/servicos\/\",\"name\":\"Servi\u00e7os | Mariotti\",\"isPartOf\":{\"@id\":\"https:\/\/www.mariotti.it\/#website\"},\"datePublished\":\"2015-06-04T14:17:39+00:00\",\"dateModified\":\"2023-10-11T12:19:02+00:00\",\"breadcrumb\":{\"@id\":\"https:\/\/www.mariotti.it\/pt-pt\/servicos\/#breadcrumb\"},\"inLanguage\":\"pt-PT\",\"potentialAction\":[{\"@type\":\"ReadAction\",\"target\":[\"https:\/\/www.mariotti.it\/pt-pt\/servicos\/\"]}]},{\"@type\":\"BreadcrumbList\",\"@id\":\"https:\/\/www.mariotti.it\/pt-pt\/servicos\/#breadcrumb\",\"itemListElement\":[{\"@type\":\"ListItem\",\"position\":1,\"name\":\"Home\",\"item\":\"https:\/\/www.mariotti.it\/pt-pt\/\"},{\"@type\":\"ListItem\",\"position\":2,\"name\":\"Servi\u00e7os\"}]},{\"@type\":\"WebSite\",\"@id\":\"https:\/\/www.mariotti.it\/#website\",\"url\":\"https:\/\/www.mariotti.it\/\",\"name\":\"Mariotti\",\"description\":\"Compact Forklift Solutions\",\"potentialAction\":[{\"@type\":\"SearchAction\",\"target\":{\"@type\":\"EntryPoint\",\"urlTemplate\":\"https:\/\/www.mariotti.it\/?s={search_term_string}\"},\"query-input\":\"required name=search_term_string\"}],\"inLanguage\":\"pt-PT\"}]}<\/script>\n<!-- \/ Yoast SEO plugin. -->","yoast_head_json":{"title":"Servi\u00e7os | Mariotti","robots":{"index":"index","follow":"follow","max-snippet":"max-snippet:-1","max-image-preview":"max-image-preview:large","max-video-preview":"max-video-preview:-1"},"canonical":"https:\/\/www.mariotti.it\/pt-pt\/servicos\/","og_locale":"pt_PT","og_type":"article","og_title":"Servi\u00e7os | Mariotti","og_description":"Os servi\u00e7os A nossa empresa n\u00e3o produz simplesmente empilhadores elevadores el\u00e9tricos, mas\u00a0elabora e realiza solu\u00e7\u00f5es e produtos inspirados nas necessidades dos clientes. Por este motivo, o setor dos servi\u00e7os reveste-se para n\u00f3s de uma import\u00e2ncia crucial. Consultoria A experi\u00eancia acumulada em quase cem anos de atividade est\u00e1 \u00e0 sua disposi\u00e7\u00e3o, para ajudar a esclarecer e [&hellip;]","og_url":"https:\/\/www.mariotti.it\/pt-pt\/servicos\/","og_site_name":"Mariotti","article_modified_time":"2023-10-11T12:19:02+00:00","twitter_card":"summary_large_image","twitter_misc":{"Tempo estimado de leitura":"2 minutos"},"schema":{"@context":"https:\/\/schema.org","@graph":[{"@type":"WebPage","@id":"https:\/\/www.mariotti.it\/pt-pt\/servicos\/","url":"https:\/\/www.mariotti.it\/pt-pt\/servicos\/","name":"Servi\u00e7os | Mariotti","isPartOf":{"@id":"https:\/\/www.mariotti.it\/#website"},"datePublished":"2015-06-04T14:17:39+00:00","dateModified":"2023-10-11T12:19:02+00:00","breadcrumb":{"@id":"https:\/\/www.mariotti.it\/pt-pt\/servicos\/#breadcrumb"},"inLanguage":"pt-PT","potentialAction":[{"@type":"ReadAction","target":["https:\/\/www.mariotti.it\/pt-pt\/servicos\/"]}]},{"@type":"BreadcrumbList","@id":"https:\/\/www.mariotti.it\/pt-pt\/servicos\/#breadcrumb","itemListElement":[{"@type":"ListItem","position":1,"name":"Home","item":"https:\/\/www.mariotti.it\/pt-pt\/"},{"@type":"ListItem","position":2,"name":"Servi\u00e7os"}]},{"@type":"WebSite","@id":"https:\/\/www.mariotti.it\/#website","url":"https:\/\/www.mariotti.it\/","name":"Mariotti","description":"Compact Forklift Solutions","potentialAction":[{"@type":"SearchAction","target":{"@type":"EntryPoint","urlTemplate":"https:\/\/www.mariotti.it\/?s={search_term_string}"},"query-input":"required name=search_term_string"}],"inLanguage":"pt-PT"}]}},"_links":{"self":[{"href":"https:\/\/www.mariotti.it\/pt-pt\/wp-json\/wp\/v2\/pages\/1185"}],"collection":[{"href":"https:\/\/www.mariotti.it\/pt-pt\/wp-json\/wp\/v2\/pages"}],"about":[{"href":"https:\/\/www.mariotti.it\/pt-pt\/wp-json\/wp\/v2\/types\/page"}],"author":[{"embeddable":true,"href":"https:\/\/www.mariotti.it\/pt-pt\/wp-json\/wp\/v2\/users\/1"}],"replies":[{"embeddable":true,"href":"https:\/\/www.mariotti.it\/pt-pt\/wp-json\/wp\/v2\/comments?post=1185"}],"version-history":[{"count":0,"href":"https:\/\/www.mariotti.it\/pt-pt\/wp-json\/wp\/v2\/pages\/1185\/revisions"}],"wp:attachment":[{"href":"https:\/\/www.mariotti.it\/pt-pt\/wp-json\/wp\/v2\/media?parent=1185"}],"curies":[{"name":"wp","href":"https:\/\/api.w.org\/{rel}","templated":true}]}}