{"id":1197,"date":"2015-06-02T09:45:04","date_gmt":"2015-06-02T07:45:04","guid":{"rendered":"https:\/\/www.mariotti.it\/pt-pt\/vantaggi\/"},"modified":"2021-01-06T23:24:38","modified_gmt":"2021-01-06T21:24:38","slug":"vantagens","status":"publish","type":"page","link":"https:\/\/www.mariotti.it\/pt-pt\/vantagens\/","title":{"rendered":"Vantagens"},"content":{"rendered":"<h1>As vantagens de escolher Mariotti<\/h1>\n<p>Produzimos a <b>gama de empilhadores el\u00e9tricos frontais mais pequenos do mundo:<\/b>\u00a0a melhor solu\u00e7\u00e3o de movimenta\u00e7\u00e3o entre os 400 e os 1600 kg.<\/p>\n<h2>Caracter\u00edsticas \u00fanicas<\/h2>\n<p>Os empilhadores el\u00e9tricos Mariotti s\u00e3o \u00fanicos pela forma compacta e qualidade, caracter\u00edsticas que permitem a utiliza\u00e7\u00e3o em situa\u00e7\u00f5es particulares sempre com a m\u00e1xima seguran\u00e7a e conforto, mesmo em substitui\u00e7\u00e3o de porta-paletes, elevadores de manivela ou elevadores com pedais.<\/p>\n<ul class=\"accordion\" data-accordion role=\"tablist\"><li class=\"accordion-navigation\"><a href=\"#caratteristiche-uniche0\" role=\"tab\"\n                    id=\"caratteristiche-uniche0-heading\"\n                    aria-controls=\"caratteristiche-uniche0\"\n                    class=\"even\">\n                    <span>+<\/span>&nbsp;Os mais pequenos e manej\u00e1veis\n                <\/a>\n                <div id=\"caratteristiche-uniche0\"\n                     class=\"row content \"\n                     role=\"tabpanel\"\n                     aria-labelledby=\"caratteristiche-uniche0-heading\">\n                  Deixemos falar os n\u00fameros: largura reduzida at\u00e9 805 mm, espa\u00e7o em altura abaixo de 2 m, comprimento L2 de 1095 a 1615 mm, dire\u00e7\u00e3o assistida, passo vari\u00e1vel e translator lateral de s\u00e9rie em todos os nossos empilhadores.<\/div><\/li><li class=\"accordion-navigation\"><a href=\"#caratteristiche-uniche1\" role=\"tab\"\n                    id=\"caratteristiche-uniche1-heading\"\n                    aria-controls=\"caratteristiche-uniche1\"\n                    class=\"odd\">\n                    <span>+<\/span>&nbsp;Multifuncionais\n                <\/a>\n                <div id=\"caratteristiche-uniche1\"\n                     class=\"row content \"\n                     role=\"tabpanel\"\n                     aria-labelledby=\"caratteristiche-uniche1-heading\">\n                  Adequados a uma utiliza\u00e7\u00e3o polivalente, os empilhadores el\u00e9tricos Mariotti permitem carga e descarga de mercadorias de cami\u00f5es, reboques e contentores, movimenta\u00e7\u00e3o a arruma\u00e7\u00e3o em armaz\u00e9m, bem como tr\u00e2nsito e transporte dentro das \u00e1reas de produ\u00e7\u00e3o e labora\u00e7\u00e3o. Muitas vezes, um \u00fanico Mariotti assume v\u00e1rias fun\u00e7\u00f5es, com not\u00e1veis economias de tempo e de dinheiro.<\/div><\/li><li class=\"accordion-navigation\"><a href=\"#caratteristiche-uniche2\" role=\"tab\"\n                    id=\"caratteristiche-uniche2-heading\"\n                    aria-controls=\"caratteristiche-uniche2\"\n                    class=\"even\">\n                    <span>+<\/span>&nbsp;Potentes\n                <\/a>\n                <div id=\"caratteristiche-uniche2\"\n                     class=\"row content \"\n                     role=\"tabpanel\"\n                     aria-labelledby=\"caratteristiche-uniche2-heading\">\n                  Efici\u00eancia e pot\u00eancia dos nossos motores de corrente alterna (AC) e escolha - na S\u00e9rie Mycros - da tra\u00e7\u00e3o mais adequada \u00e0s suas exig\u00eancias: atr\u00e1s\u00a0(1 roda), \u00e0 frente (2 rodas) ou integral (3 rodas).<\/div><\/li><li class=\"accordion-navigation\"><a href=\"#caratteristiche-uniche3\" role=\"tab\"\n                    id=\"caratteristiche-uniche3-heading\"\n                    aria-controls=\"caratteristiche-uniche3\"\n                    class=\"odd\">\n                    <span>+<\/span>&nbsp;Precisos\n                <\/a>\n                <div id=\"caratteristiche-uniche3\"\n                     class=\"row content \"\n                     role=\"tabpanel\"\n                     aria-labelledby=\"caratteristiche-uniche3-heading\">\n                  A dire\u00e7\u00e3o de cremalheira, que a Mariotti introduziu pela primeira vez em empilhadores el\u00e9tricos destas dimens\u00f5es, \u00e9 compacta, fi\u00e1vel e assegura a m\u00e1xima precis\u00e3o de condu\u00e7\u00e3o. Garfos, pin\u00e7as e outros equipamentos de movimenta\u00e7\u00e3o realizados de acordo com as exig\u00eancias espec\u00edficas do cliente fazem dos nossos empilhadores el\u00e9tricos ferramentas ideais para as situa\u00e7\u00f5es que exijam especial exatid\u00e3o e aten\u00e7\u00e3o.<\/div><\/li><li class=\"accordion-navigation\"><a href=\"#caratteristiche-uniche4\" role=\"tab\"\n                    id=\"caratteristiche-uniche4-heading\"\n                    aria-controls=\"caratteristiche-uniche4\"\n                    class=\"even\">\n                    <span>+<\/span>&nbsp;Leves quando \u00e9 necess\u00e1rio\n                <\/a>\n                <div id=\"caratteristiche-uniche4\"\n                     class=\"row content \"\n                     role=\"tabpanel\"\n                     aria-labelledby=\"caratteristiche-uniche4-heading\">\n                  Ser ligeiro em certas situa\u00e7\u00f5es \u00e9 uma vantagem not\u00e1vel, por exemplo quando se opera em plataformas industriais ou montacargas. A Mariotti pode fornecer solu\u00e7\u00f5es que otimizam a capacidade de carga e a leveza do empilhador para trabalhar da melhor forma na situa\u00e7\u00e3o espec\u00edfica.<\/div><\/li><li class=\"accordion-navigation\"><a href=\"#caratteristiche-uniche5\" role=\"tab\"\n                    id=\"caratteristiche-uniche5-heading\"\n                    aria-controls=\"caratteristiche-uniche5\"\n                    class=\"odd\">\n                    <span>+<\/span>&nbsp;Ecologici\n                <\/a>\n                <div id=\"caratteristiche-uniche5\"\n                     class=\"row content \"\n                     role=\"tabpanel\"\n                     aria-labelledby=\"caratteristiche-uniche5-heading\">\n                  <strong>Emissioni zero<\/strong> per i lavoratori e gli ambienti di lavoro grazie a un motore elettrico capace di affrontare con il singolo carico della batteria un turno di lavoro da 8 ore con prestazioni analoghe ai carrelli a motore termico. Inoltre i nostri carrelli elevatori elettrici sono dotati di frenata con recupero dell\u2019energia, e alcuni modelli prevedono la modalit\u00e0 di guida economy.<\/div><\/li><li class=\"accordion-navigation\"><a href=\"#caratteristiche-uniche6\" role=\"tab\"\n                    id=\"caratteristiche-uniche6-heading\"\n                    aria-controls=\"caratteristiche-uniche6\"\n                    class=\"even\">\n                    <span>+<\/span>&nbsp;\u00c0 medida para si\n                <\/a>\n                <div id=\"caratteristiche-uniche6\"\n                     class=\"row content \"\n                     role=\"tabpanel\"\n                     aria-labelledby=\"caratteristiche-uniche6-heading\">\n                  Cada produto de s\u00e9rie pode ser personalizado de acordo com as suas exig\u00eancias, desde modifica\u00e7\u00f5es de estrutura e mastros \u00e0 realiza\u00e7\u00e3o de garfos e acess\u00f3rios especiais sob medida. Para seber mais, visite a nossa sec\u00e7\u00e3o\u00a0<a href=\"https:\/\/www.mariotti.it\/pt-pt\/maquinas-especiais\/\">m\u00e1quinas especiais<\/a>.<\/div><\/li><\/ul>\n<figure><a href=\"https:\/\/www.mariotti.it\/wp-content\/uploads\/2015\/06\/mariotti-advantages.png\"><img loading=\"lazy\" class=\"alignnone wp-image-2712 size-full\" src=\"https:\/\/www.mariotti.it\/wp-content\/uploads\/2015\/06\/mariotti-advantages.png\" alt=\"\" width=\"770\" height=\"270\" srcset=\"https:\/\/www.mariotti.it\/wp-content\/uploads\/2015\/06\/mariotti-advantages.png 770w, https:\/\/www.mariotti.it\/wp-content\/uploads\/2015\/06\/mariotti-advantages-300x105.png 300w\" sizes=\"(max-width: 770px) 100vw, 770px\" \/><\/a><\/figure>\n<h2>Agilidade de utiliza\u00e7\u00e3o<\/h2>\n<p>Os empilhadores el\u00e9tricos Mariotti permitem uma grande versatilidade de aplica\u00e7\u00e3o, tanto indoor como outdoor, em espa\u00e7os apertados e locais que exigem a m\u00e1xima precis\u00e3o e fiabilidade.<\/p>\n<ul class=\"accordion\" data-accordion role=\"tablist\"><li class=\"accordion-navigation\"><a href=\"#agilita0\" role=\"tab\"\n                    id=\"agilita0-heading\"\n                    aria-controls=\"agilita0\"\n                    class=\"even\">\n                    <span>+<\/span>&nbsp;Portas, port\u00f5es, passagens estreitas\n                <\/a>\n                <div id=\"agilita0\"\n                     class=\"row content \"\n                     role=\"tabpanel\"\n                     aria-labelledby=\"agilita0-heading\">\n                  Gra\u00e7as \u00e0 largura muito contida (at\u00e9 um m\u00ednimo de 805 mm) os nossos empilhadores s\u00e3o capazes de passar mesmo onde n\u00e3o se imaginaria e de se mover com agilidade em espa\u00e7os restritos e dentro de \u00e1reas de trabalho, entre equipamentos e materiais.<\/div><\/li><li class=\"accordion-navigation\"><a href=\"#agilita1\" role=\"tab\"\n                    id=\"agilita1-heading\"\n                    aria-controls=\"agilita1\"\n                    class=\"odd\">\n                    <span>+<\/span>&nbsp;Corridoi di lavoro limitati\n                <\/a>\n                <div id=\"agilita1\"\n                     class=\"row content \"\n                     role=\"tabpanel\"\n                     aria-labelledby=\"agilita1-heading\">\n                  La <strong>compattezza<\/strong> dei carrelli Mariotti permette lo stoccaggio delle merci in corridoi di lavoro con una larghezza ridotta fino a 2,5 m con euro pallet. Alcuni nostri clienti hanno ridotto i corridoi e aumentato lo spazio di stoccaggio grazie ai nostri carrelli elevatori elettrici.<\/div><\/li><li class=\"accordion-navigation\"><a href=\"#agilita2\" role=\"tab\"\n                    id=\"agilita2-heading\"\n                    aria-controls=\"agilita2\"\n                    class=\"even\">\n                    <span>+<\/span>&nbsp;Rampas\n                <\/a>\n                <div id=\"agilita2\"\n                     class=\"row content \"\n                     role=\"tabpanel\"\n                     aria-labelledby=\"agilita2-heading\">\n                  A possibilidade de escolher a tra\u00e7\u00e3o integral e a pot\u00eancia dos nossos motores permitem trabalhar tranquilamente em rampas e subidas com inclina\u00e7\u00f5es de 25%.<\/div><\/li><li class=\"accordion-navigation\"><a href=\"#agilita3\" role=\"tab\"\n                    id=\"agilita3-heading\"\n                    aria-controls=\"agilita3\"\n                    class=\"odd\">\n                    <span>+<\/span>&nbsp;Plataformas elevat\u00f3rias, elevadores Industriais, mezanino metalico\n                <\/a>\n                <div id=\"agilita3\"\n                     class=\"row content \"\n                     role=\"tabpanel\"\n                     aria-labelledby=\"agilita3-heading\">\n                  <span id=\"result_box\" class=\"\" lang=\"pt\"><span class=\"hps\">Alguns empilhadeiras<\/span> <span class=\"hps\">podem operar em<\/span> <span class=\"hps\">plataformas elevat\u00f3rias<\/span>, <span class=\"hps\">em<\/span>\u00a0elevadores industriais <span class=\"hps\">ou<\/span> <span class=\"hps\">em<\/span> mezanino metalico. <span class=\"hps\">Mariotti<\/span> <span class=\"hps\">pode<\/span> <span class=\"hps\">fornecer solu\u00e7\u00f5es personalizadas<\/span> <span class=\"hps\">que combinam<\/span> <span class=\"hps\">seguran\u00e7a<\/span> <span class=\"hps\">e efici\u00eancia com<\/span> <span class=\"hps\">luz adequada<\/span> <span class=\"hps\">para trabalhar<\/span> <span class=\"hps\">nessas situa\u00e7\u00f5es.<\/span><\/span><\/div><\/li><li class=\"accordion-navigation\"><a href=\"#agilita4\" role=\"tab\"\n                    id=\"agilita4-heading\"\n                    aria-controls=\"agilita4\"\n                    class=\"even\">\n                    <span>+<\/span>&nbsp;C\u00e2maras frigor\u00edficas, caves, cofres\n                <\/a>\n                <div id=\"agilita4\"\n                     class=\"row content \"\n                     role=\"tabpanel\"\n                     aria-labelledby=\"agilita4-heading\">\n                  Mesmo onde o teto \u00e9 particularmente baixo, todos os nossos empilhadores, gra\u00e7as \u00e0 sua dimens\u00e3o em altura reduzida (inferior a 2 m), s\u00e3o capazes de operar, na maior parte dos casos, sem requerer modifica\u00e7\u00f5es de estrutura e mastros. Podem ser equipados, como estes ambientes muitas vezes exigem, com op\u00e7\u00f5es especiais\u00a0\u2013 c\u00e2maras frigor\u00edficas (-20\u00b0C), antiexplos\u00e3o, anticorros\u00e3o \u2013 e configurados para respeitar os padr\u00f5es de higiene exigidos pelo setor alimentar.<\/div><\/li><li class=\"accordion-navigation\"><a href=\"#agilita5\" role=\"tab\"\n                    id=\"agilita5-heading\"\n                    aria-controls=\"agilita5\"\n                    class=\"odd\">\n                    <span>+<\/span>&nbsp;Pavimentos delicados\n                <\/a>\n                <div id=\"agilita5\"\n                     class=\"row content \"\n                     role=\"tabpanel\"\n                     aria-labelledby=\"agilita5-heading\">\n                  Os empilhadores Mariotti prestam-se a ser usados mesmos nos locais com pavimentos que exijam especial delicadeza, como teatros e museus. Podem ser dotados de rodas antimarcas e fornecidos em configura\u00e7\u00f5es especialmente leves.<\/div><\/li><li class=\"accordion-navigation\"><a href=\"#agilita6\" role=\"tab\"\n                    id=\"agilita6-heading\"\n                    aria-controls=\"agilita6\"\n                    class=\"even\">\n                    <span>+<\/span>&nbsp;Contentores, vag\u00f5es, cami\u00f5es\n                <\/a>\n                <div id=\"agilita6\"\n                     class=\"row content \"\n                     role=\"tabpanel\"\n                     aria-labelledby=\"agilita6-heading\">\n                  Dimens\u00f5es e agilidade tornam os Mariotti ideais para carga e descarga de mercadorias, mesmo onde for necess\u00e1rio entrar em contentores, reboques ou vag\u00f5es ferrovi\u00e1rios.<\/div><\/li><\/ul>\n<figure><img loading=\"lazy\" class=\"alignnone wp-image-5518 size-full\" src=\"https:\/\/www.mariotti.it\/wp-content\/uploads\/2020\/10\/vantaggi-agilita\u0300-utilizzo.png\" alt=\"\" width=\"770\" height=\"270\" srcset=\"https:\/\/www.mariotti.it\/wp-content\/uploads\/2020\/10\/vantaggi-agilita\u0300-utilizzo.png 770w, https:\/\/www.mariotti.it\/wp-content\/uploads\/2020\/10\/vantaggi-agilita\u0300-utilizzo-300x105.png 300w, https:\/\/www.mariotti.it\/wp-content\/uploads\/2020\/10\/vantaggi-agilita\u0300-utilizzo-768x269.png 768w\" sizes=\"(max-width: 770px) 100vw, 770px\" \/><\/figure>\n<h2>Poupan\u00e7a de tempo e dinheiro<\/h2>\n<p>Um empilhador el\u00e9trico Mariotti garante uma poupan\u00e7a not\u00e1vel: cada particularidade \u00e9 estudada para a maximiza\u00e7\u00e3o da efici\u00eancia energ\u00e9tica e redu\u00e7\u00e3o dos consumos. Al\u00e9m disso, a elevada fiabilidade garante pouqu\u00edssimas paragens de m\u00e1quina e a versatilidade permite a utiliza\u00e7\u00e3o do mesmo empilhador para v\u00e1rias fun\u00e7\u00f5es, reduzindo os custos do parque de m\u00e1quinas e dos tempos de labora\u00e7\u00e3o.<\/p>\n<ul class=\"accordion\" data-accordion role=\"tablist\"><li class=\"accordion-navigation\"><a href=\"#risparmio0\" role=\"tab\"\n                    id=\"risparmio0-heading\"\n                    aria-controls=\"risparmio0\"\n                    class=\"even\">\n                    <span>+<\/span>&nbsp;Bom investimento\n                <\/a>\n                <div id=\"risparmio0\"\n                     class=\"row content \"\n                     role=\"tabpanel\"\n                     aria-labelledby=\"risparmio0-heading\">\n                  A aquisi\u00e7\u00e3o de um empilhador Mariotti \u00e9 amplamente paga pela qualidade do produto, que significa - gra\u00e7as ao desenho cuidado - seguran\u00e7a, rapidez e conforto de opera\u00e7\u00e3o, facilidade de interven\u00e7\u00e3o e assist\u00eancia, mas tamb\u00e9m manuten\u00e7\u00e3o e consumos reduzidos, presta\u00e7\u00f5es a par das de motores t\u00e9rmicos e turnos de 8 horas com uma \u00fanica carga de bateria.<\/div><\/li><li class=\"accordion-navigation\"><a href=\"#risparmio1\" role=\"tab\"\n                    id=\"risparmio1-heading\"\n                    aria-controls=\"risparmio1\"\n                    class=\"odd\">\n                    <span>+<\/span>&nbsp;Consumos reduzidos\n                <\/a>\n                <div id=\"risparmio1\"\n                     class=\"row content \"\n                     role=\"tabpanel\"\n                     aria-labelledby=\"risparmio1-heading\">\n                  Num dos nossos empilhadores, tudo est\u00e1 estudado para reduzir os consumos e desperd\u00edcios de energia. Desde a dire\u00e7\u00e3o de cremalheira que a Mariotti introduziu pela primeira \u00a0vez em empilhadores destas dimens\u00f5es, \u00e0 travagem el\u00e9trica com recupera\u00e7\u00e3o de energia ao tirar o p\u00e9 do acelerador, ou \u00e0 escolha do modo de condu\u00e7\u00e3o economy (n\u00e3o em todos os modelos)<\/div><\/li><li class=\"accordion-navigation\"><a href=\"#risparmio2\" role=\"tab\"\n                    id=\"risparmio2-heading\"\n                    aria-controls=\"risparmio2\"\n                    class=\"even\">\n                    <span>+<\/span>&nbsp;Economia de espa\u00e7o\n                <\/a>\n                <div id=\"risparmio2\"\n                     class=\"row content \"\n                     role=\"tabpanel\"\n                     aria-labelledby=\"risparmio2-heading\">\n                  A forma compacta dos nossos empilhadores permite reduzir os espa\u00e7os de tr\u00e2nsito e os corredores de trabalho (at\u00e9 uma largura de 2,5 m com europalete), aumentando as \u00e1reas dedicadas ao armazenamento de mercadorias. Uma not\u00e1vel poupan\u00e7a d espa\u00e7o que se traduz, muitas vezes, tamb\u00e9m numa poupan\u00e7a econ\u00f3mica significativa.<\/div><\/li><li class=\"accordion-navigation\"><a href=\"#risparmio3\" role=\"tab\"\n                    id=\"risparmio3-heading\"\n                    aria-controls=\"risparmio3\"\n                    class=\"odd\">\n                    <span>+<\/span>&nbsp;Custos e tempos de labora\u00e7\u00e3o\n                <\/a>\n                <div id=\"risparmio3\"\n                     class=\"row content \"\n                     role=\"tabpanel\"\n                     aria-labelledby=\"risparmio3-heading\">\n                  A versatilidade dos Mariotti permite, em muitos casos, tornar mais flu\u00edda e r\u00e1pida a sequ\u00eancia de labora\u00e7\u00e3o, operando indoor e outdoor e garantindo todas as fun\u00e7\u00f5es de carga\/descarga, de transporte mesmo em espa\u00e7os restritos, de arruma\u00e7\u00e3o em armaz\u00e9m. Um facto que anula a necessidade de tempos de passagens de uma m\u00e1quina para outra e permite reduzir o parque de m\u00e1quinas.<\/div><\/li><\/ul>\n<figure><a href=\"https:\/\/www.mariotti.it\/wp-content\/uploads\/2015\/06\/vantaggi-risparmio.png\"><img loading=\"lazy\" width=\"196\" height=\"154\" class=\"alignnone size-full wp-image-625\" src=\"https:\/\/www.mariotti.it\/wp-content\/uploads\/2015\/06\/vantaggi-risparmio.png\" alt=\"vantaggi-risparmio\" \/><\/a><\/figure>\n","protected":false},"excerpt":{"rendered":"<p>As vantagens de escolher Mariotti Produzimos a gama de empilhadores el\u00e9tricos frontais mais pequenos do mundo:\u00a0a melhor solu\u00e7\u00e3o de movimenta\u00e7\u00e3o entre os 400 e os 1600 kg. Caracter\u00edsticas \u00fanicas Os empilhadores el\u00e9tricos Mariotti s\u00e3o \u00fanicos pela forma compacta e qualidade, caracter\u00edsticas que permitem a utiliza\u00e7\u00e3o em situa\u00e7\u00f5es particulares sempre com a m\u00e1xima seguran\u00e7a e conforto, [&hellip;]<\/p>\n","protected":false},"author":1,"featured_media":0,"parent":0,"menu_order":0,"comment_status":"closed","ping_status":"closed","template":"page-sidebar-right.php","meta":[],"acf":[],"yoast_head":"<!-- This site is optimized with the Yoast SEO plugin v20.4 - https:\/\/yoast.com\/wordpress\/plugins\/seo\/ -->\n<title>Vantagens | Mariotti<\/title>\n<meta name=\"robots\" content=\"index, follow, max-snippet:-1, max-image-preview:large, max-video-preview:-1\" \/>\n<link rel=\"canonical\" href=\"https:\/\/www.mariotti.it\/pt-pt\/vantagens\/\" \/>\n<meta property=\"og:locale\" content=\"pt_PT\" \/>\n<meta property=\"og:type\" content=\"article\" \/>\n<meta property=\"og:title\" content=\"Vantagens | Mariotti\" \/>\n<meta property=\"og:description\" content=\"As vantagens de escolher Mariotti Produzimos a gama de empilhadores el\u00e9tricos frontais mais pequenos do mundo:\u00a0a melhor solu\u00e7\u00e3o de movimenta\u00e7\u00e3o entre os 400 e os 1600 kg. Caracter\u00edsticas \u00fanicas Os empilhadores el\u00e9tricos Mariotti s\u00e3o \u00fanicos pela forma compacta e qualidade, caracter\u00edsticas que permitem a utiliza\u00e7\u00e3o em situa\u00e7\u00f5es particulares sempre com a m\u00e1xima seguran\u00e7a e conforto, [&hellip;]\" \/>\n<meta property=\"og:url\" content=\"https:\/\/www.mariotti.it\/pt-pt\/vantagens\/\" \/>\n<meta property=\"og:site_name\" content=\"Mariotti\" \/>\n<meta property=\"article:modified_time\" content=\"2021-01-06T21:24:38+00:00\" \/>\n<meta property=\"og:image\" content=\"https:\/\/www.mariotti.it\/wp-content\/uploads\/2015\/06\/mariotti-advantages.png\" \/>\n<meta name=\"twitter:card\" content=\"summary_large_image\" \/>\n<meta name=\"twitter:label1\" content=\"Tempo estimado de leitura\" \/>\n\t<meta name=\"twitter:data1\" content=\"1 minuto\" \/>\n<script type=\"application\/ld+json\" class=\"yoast-schema-graph\">{\"@context\":\"https:\/\/schema.org\",\"@graph\":[{\"@type\":\"WebPage\",\"@id\":\"https:\/\/www.mariotti.it\/pt-pt\/vantagens\/\",\"url\":\"https:\/\/www.mariotti.it\/pt-pt\/vantagens\/\",\"name\":\"Vantagens | Mariotti\",\"isPartOf\":{\"@id\":\"https:\/\/www.mariotti.it\/#website\"},\"datePublished\":\"2015-06-02T07:45:04+00:00\",\"dateModified\":\"2021-01-06T21:24:38+00:00\",\"breadcrumb\":{\"@id\":\"https:\/\/www.mariotti.it\/pt-pt\/vantagens\/#breadcrumb\"},\"inLanguage\":\"pt-PT\",\"potentialAction\":[{\"@type\":\"ReadAction\",\"target\":[\"https:\/\/www.mariotti.it\/pt-pt\/vantagens\/\"]}]},{\"@type\":\"BreadcrumbList\",\"@id\":\"https:\/\/www.mariotti.it\/pt-pt\/vantagens\/#breadcrumb\",\"itemListElement\":[{\"@type\":\"ListItem\",\"position\":1,\"name\":\"Home\",\"item\":\"https:\/\/www.mariotti.it\/pt-pt\/\"},{\"@type\":\"ListItem\",\"position\":2,\"name\":\"Vantagens\"}]},{\"@type\":\"WebSite\",\"@id\":\"https:\/\/www.mariotti.it\/#website\",\"url\":\"https:\/\/www.mariotti.it\/\",\"name\":\"Mariotti\",\"description\":\"Compact Forklift Solutions\",\"potentialAction\":[{\"@type\":\"SearchAction\",\"target\":{\"@type\":\"EntryPoint\",\"urlTemplate\":\"https:\/\/www.mariotti.it\/?s={search_term_string}\"},\"query-input\":\"required name=search_term_string\"}],\"inLanguage\":\"pt-PT\"}]}<\/script>\n<!-- \/ Yoast SEO plugin. -->","yoast_head_json":{"title":"Vantagens | Mariotti","robots":{"index":"index","follow":"follow","max-snippet":"max-snippet:-1","max-image-preview":"max-image-preview:large","max-video-preview":"max-video-preview:-1"},"canonical":"https:\/\/www.mariotti.it\/pt-pt\/vantagens\/","og_locale":"pt_PT","og_type":"article","og_title":"Vantagens | Mariotti","og_description":"As vantagens de escolher Mariotti Produzimos a gama de empilhadores el\u00e9tricos frontais mais pequenos do mundo:\u00a0a melhor solu\u00e7\u00e3o de movimenta\u00e7\u00e3o entre os 400 e os 1600 kg. Caracter\u00edsticas \u00fanicas Os empilhadores el\u00e9tricos Mariotti s\u00e3o \u00fanicos pela forma compacta e qualidade, caracter\u00edsticas que permitem a utiliza\u00e7\u00e3o em situa\u00e7\u00f5es particulares sempre com a m\u00e1xima seguran\u00e7a e conforto, [&hellip;]","og_url":"https:\/\/www.mariotti.it\/pt-pt\/vantagens\/","og_site_name":"Mariotti","article_modified_time":"2021-01-06T21:24:38+00:00","og_image":[{"url":"https:\/\/www.mariotti.it\/wp-content\/uploads\/2015\/06\/mariotti-advantages.png"}],"twitter_card":"summary_large_image","twitter_misc":{"Tempo estimado de leitura":"1 minuto"},"schema":{"@context":"https:\/\/schema.org","@graph":[{"@type":"WebPage","@id":"https:\/\/www.mariotti.it\/pt-pt\/vantagens\/","url":"https:\/\/www.mariotti.it\/pt-pt\/vantagens\/","name":"Vantagens | Mariotti","isPartOf":{"@id":"https:\/\/www.mariotti.it\/#website"},"datePublished":"2015-06-02T07:45:04+00:00","dateModified":"2021-01-06T21:24:38+00:00","breadcrumb":{"@id":"https:\/\/www.mariotti.it\/pt-pt\/vantagens\/#breadcrumb"},"inLanguage":"pt-PT","potentialAction":[{"@type":"ReadAction","target":["https:\/\/www.mariotti.it\/pt-pt\/vantagens\/"]}]},{"@type":"BreadcrumbList","@id":"https:\/\/www.mariotti.it\/pt-pt\/vantagens\/#breadcrumb","itemListElement":[{"@type":"ListItem","position":1,"name":"Home","item":"https:\/\/www.mariotti.it\/pt-pt\/"},{"@type":"ListItem","position":2,"name":"Vantagens"}]},{"@type":"WebSite","@id":"https:\/\/www.mariotti.it\/#website","url":"https:\/\/www.mariotti.it\/","name":"Mariotti","description":"Compact Forklift Solutions","potentialAction":[{"@type":"SearchAction","target":{"@type":"EntryPoint","urlTemplate":"https:\/\/www.mariotti.it\/?s={search_term_string}"},"query-input":"required name=search_term_string"}],"inLanguage":"pt-PT"}]}},"_links":{"self":[{"href":"https:\/\/www.mariotti.it\/pt-pt\/wp-json\/wp\/v2\/pages\/1197"}],"collection":[{"href":"https:\/\/www.mariotti.it\/pt-pt\/wp-json\/wp\/v2\/pages"}],"about":[{"href":"https:\/\/www.mariotti.it\/pt-pt\/wp-json\/wp\/v2\/types\/page"}],"author":[{"embeddable":true,"href":"https:\/\/www.mariotti.it\/pt-pt\/wp-json\/wp\/v2\/users\/1"}],"replies":[{"embeddable":true,"href":"https:\/\/www.mariotti.it\/pt-pt\/wp-json\/wp\/v2\/comments?post=1197"}],"version-history":[{"count":0,"href":"https:\/\/www.mariotti.it\/pt-pt\/wp-json\/wp\/v2\/pages\/1197\/revisions"}],"wp:attachment":[{"href":"https:\/\/www.mariotti.it\/pt-pt\/wp-json\/wp\/v2\/media?parent=1197"}],"curies":[{"name":"wp","href":"https:\/\/api.w.org\/{rel}","templated":true}]}}