{"id":4764,"date":"2019-02-11T12:39:19","date_gmt":"2019-02-11T10:39:19","guid":{"rendered":"https:\/\/www.mariotti.it\/batterie-agli-ioni-di-litio\/"},"modified":"2019-04-16T11:45:54","modified_gmt":"2019-04-16T11:45:54","slug":"baterias-de-ioes-de-litio","status":"publish","type":"page","link":"https:\/\/www.mariotti.it\/pt-pt\/baterias-de-ioes-de-litio\/","title":{"rendered":"Baterias de i\u00f5es de L\u00edtio"},"content":{"rendered":"<h1>DESCUBRA AS VANTAGENS<\/h1>\n<p>As baterias de i\u00f5es de L\u00edtio s\u00e3o uma solu\u00e7\u00e3o energ\u00e9tica de vanguarda que pode fornecer vantagens preciosas e, \u00e0s vezes, cruciais para otimizar o uso dos nossos carros.<br \/>\nAssim, temos o orgulho de introduzir como opcional em boa parte do nosso parque de ve\u00edculos a possibilidade de montar baterias de i\u00f5es de L\u00edtio.<br \/>\nEm algumas situa\u00e7\u00f5es de trabalho, as vantagens desta solu\u00e7\u00e3o \u2013 cujo resumo pode ser encontrado nesta p\u00e1gina \u2013 podem realmente fazer a diferen\u00e7a.<br \/>\nAl\u00e9m disso, a possibilidade de escolha vai no sentido de personalizar os nossos carros cada vez mais e melhor, de acordo com as exig\u00eancias do cliente.<\/p>\n<figure><img class=\" aligncenter\" style=\"max-width: 150px\" src=\"https:\/\/www.mariotti.it\/wp-content\/uploads\/2019\/01\/ESEC-MARIOTTI-LiION_icon-e1548924023903.png\" \/><\/figure>\n<p>&nbsp;<\/p>\n<hr>\n","protected":false},"excerpt":{"rendered":"<p>DESCUBRA AS VANTAGENS As baterias de i\u00f5es de L\u00edtio s\u00e3o uma solu\u00e7\u00e3o energ\u00e9tica de vanguarda que pode fornecer vantagens preciosas e, \u00e0s vezes, cruciais para otimizar o uso dos nossos carros. Assim, temos o orgulho de introduzir como opcional em boa parte do nosso parque de ve\u00edculos a possibilidade de montar baterias de i\u00f5es de [&hellip;]<\/p>\n","protected":false},"author":1,"featured_media":0,"parent":0,"menu_order":0,"comment_status":"closed","ping_status":"closed","template":"page-batteries.php","meta":[],"acf":[],"yoast_head":"<!-- This site is optimized with the Yoast SEO plugin v20.4 - https:\/\/yoast.com\/wordpress\/plugins\/seo\/ -->\n<title>Baterias de i\u00f5es de L\u00edtio | Mariotti<\/title>\n<meta name=\"robots\" content=\"index, follow, max-snippet:-1, max-image-preview:large, max-video-preview:-1\" \/>\n<link rel=\"canonical\" href=\"https:\/\/www.mariotti.it\/pt-pt\/baterias-de-ioes-de-litio\/\" \/>\n<meta property=\"og:locale\" content=\"pt_PT\" \/>\n<meta property=\"og:type\" content=\"article\" \/>\n<meta property=\"og:title\" content=\"Baterias de i\u00f5es de L\u00edtio | Mariotti\" \/>\n<meta property=\"og:description\" content=\"DESCUBRA AS VANTAGENS As baterias de i\u00f5es de L\u00edtio s\u00e3o uma solu\u00e7\u00e3o energ\u00e9tica de vanguarda que pode fornecer vantagens preciosas e, \u00e0s vezes, cruciais para otimizar o uso dos nossos carros. Assim, temos o orgulho de introduzir como opcional em boa parte do nosso parque de ve\u00edculos a possibilidade de montar baterias de i\u00f5es de [&hellip;]\" \/>\n<meta property=\"og:url\" content=\"https:\/\/www.mariotti.it\/pt-pt\/baterias-de-ioes-de-litio\/\" \/>\n<meta property=\"og:site_name\" content=\"Mariotti\" \/>\n<meta property=\"article:modified_time\" content=\"2019-04-16T11:45:54+00:00\" \/>\n<meta property=\"og:image\" content=\"https:\/\/www.mariotti.it\/wp-content\/uploads\/2019\/01\/ESEC-MARIOTTI-LiION_icon-e1548924023903.png\" \/>\n<meta name=\"twitter:card\" content=\"summary_large_image\" \/>\n<meta name=\"twitter:label1\" content=\"Tempo estimado de leitura\" \/>\n\t<meta name=\"twitter:data1\" content=\"1 minuto\" \/>\n<script type=\"application\/ld+json\" class=\"yoast-schema-graph\">{\"@context\":\"https:\/\/schema.org\",\"@graph\":[{\"@type\":\"WebPage\",\"@id\":\"https:\/\/www.mariotti.it\/pt-pt\/baterias-de-ioes-de-litio\/\",\"url\":\"https:\/\/www.mariotti.it\/pt-pt\/baterias-de-ioes-de-litio\/\",\"name\":\"Baterias de i\u00f5es de L\u00edtio | Mariotti\",\"isPartOf\":{\"@id\":\"https:\/\/www.mariotti.it\/#website\"},\"datePublished\":\"2019-02-11T10:39:19+00:00\",\"dateModified\":\"2019-04-16T11:45:54+00:00\",\"breadcrumb\":{\"@id\":\"https:\/\/www.mariotti.it\/pt-pt\/baterias-de-ioes-de-litio\/#breadcrumb\"},\"inLanguage\":\"pt-PT\",\"potentialAction\":[{\"@type\":\"ReadAction\",\"target\":[\"https:\/\/www.mariotti.it\/pt-pt\/baterias-de-ioes-de-litio\/\"]}]},{\"@type\":\"BreadcrumbList\",\"@id\":\"https:\/\/www.mariotti.it\/pt-pt\/baterias-de-ioes-de-litio\/#breadcrumb\",\"itemListElement\":[{\"@type\":\"ListItem\",\"position\":1,\"name\":\"Home\",\"item\":\"https:\/\/www.mariotti.it\/pt-pt\/\"},{\"@type\":\"ListItem\",\"position\":2,\"name\":\"Baterias de i\u00f5es de L\u00edtio\"}]},{\"@type\":\"WebSite\",\"@id\":\"https:\/\/www.mariotti.it\/#website\",\"url\":\"https:\/\/www.mariotti.it\/\",\"name\":\"Mariotti\",\"description\":\"Compact Forklift Solutions\",\"potentialAction\":[{\"@type\":\"SearchAction\",\"target\":{\"@type\":\"EntryPoint\",\"urlTemplate\":\"https:\/\/www.mariotti.it\/?s={search_term_string}\"},\"query-input\":\"required name=search_term_string\"}],\"inLanguage\":\"pt-PT\"}]}<\/script>\n<!-- \/ Yoast SEO plugin. -->","yoast_head_json":{"title":"Baterias de i\u00f5es de L\u00edtio | Mariotti","robots":{"index":"index","follow":"follow","max-snippet":"max-snippet:-1","max-image-preview":"max-image-preview:large","max-video-preview":"max-video-preview:-1"},"canonical":"https:\/\/www.mariotti.it\/pt-pt\/baterias-de-ioes-de-litio\/","og_locale":"pt_PT","og_type":"article","og_title":"Baterias de i\u00f5es de L\u00edtio | Mariotti","og_description":"DESCUBRA AS VANTAGENS As baterias de i\u00f5es de L\u00edtio s\u00e3o uma solu\u00e7\u00e3o energ\u00e9tica de vanguarda que pode fornecer vantagens preciosas e, \u00e0s vezes, cruciais para otimizar o uso dos nossos carros. Assim, temos o orgulho de introduzir como opcional em boa parte do nosso parque de ve\u00edculos a possibilidade de montar baterias de i\u00f5es de [&hellip;]","og_url":"https:\/\/www.mariotti.it\/pt-pt\/baterias-de-ioes-de-litio\/","og_site_name":"Mariotti","article_modified_time":"2019-04-16T11:45:54+00:00","og_image":[{"url":"https:\/\/www.mariotti.it\/wp-content\/uploads\/2019\/01\/ESEC-MARIOTTI-LiION_icon-e1548924023903.png"}],"twitter_card":"summary_large_image","twitter_misc":{"Tempo estimado de leitura":"1 minuto"},"schema":{"@context":"https:\/\/schema.org","@graph":[{"@type":"WebPage","@id":"https:\/\/www.mariotti.it\/pt-pt\/baterias-de-ioes-de-litio\/","url":"https:\/\/www.mariotti.it\/pt-pt\/baterias-de-ioes-de-litio\/","name":"Baterias de i\u00f5es de L\u00edtio | Mariotti","isPartOf":{"@id":"https:\/\/www.mariotti.it\/#website"},"datePublished":"2019-02-11T10:39:19+00:00","dateModified":"2019-04-16T11:45:54+00:00","breadcrumb":{"@id":"https:\/\/www.mariotti.it\/pt-pt\/baterias-de-ioes-de-litio\/#breadcrumb"},"inLanguage":"pt-PT","potentialAction":[{"@type":"ReadAction","target":["https:\/\/www.mariotti.it\/pt-pt\/baterias-de-ioes-de-litio\/"]}]},{"@type":"BreadcrumbList","@id":"https:\/\/www.mariotti.it\/pt-pt\/baterias-de-ioes-de-litio\/#breadcrumb","itemListElement":[{"@type":"ListItem","position":1,"name":"Home","item":"https:\/\/www.mariotti.it\/pt-pt\/"},{"@type":"ListItem","position":2,"name":"Baterias de i\u00f5es de L\u00edtio"}]},{"@type":"WebSite","@id":"https:\/\/www.mariotti.it\/#website","url":"https:\/\/www.mariotti.it\/","name":"Mariotti","description":"Compact Forklift Solutions","potentialAction":[{"@type":"SearchAction","target":{"@type":"EntryPoint","urlTemplate":"https:\/\/www.mariotti.it\/?s={search_term_string}"},"query-input":"required name=search_term_string"}],"inLanguage":"pt-PT"}]}},"_links":{"self":[{"href":"https:\/\/www.mariotti.it\/pt-pt\/wp-json\/wp\/v2\/pages\/4764"}],"collection":[{"href":"https:\/\/www.mariotti.it\/pt-pt\/wp-json\/wp\/v2\/pages"}],"about":[{"href":"https:\/\/www.mariotti.it\/pt-pt\/wp-json\/wp\/v2\/types\/page"}],"author":[{"embeddable":true,"href":"https:\/\/www.mariotti.it\/pt-pt\/wp-json\/wp\/v2\/users\/1"}],"replies":[{"embeddable":true,"href":"https:\/\/www.mariotti.it\/pt-pt\/wp-json\/wp\/v2\/comments?post=4764"}],"version-history":[{"count":0,"href":"https:\/\/www.mariotti.it\/pt-pt\/wp-json\/wp\/v2\/pages\/4764\/revisions"}],"wp:attachment":[{"href":"https:\/\/www.mariotti.it\/pt-pt\/wp-json\/wp\/v2\/media?parent=4764"}],"curies":[{"name":"wp","href":"https:\/\/api.w.org\/{rel}","templated":true}]}}